{"id":1527,"date":"2017-12-06T12:10:00","date_gmt":"2017-12-06T12:10:00","guid":{"rendered":"http:\/\/oso.edu.pl\/?page_id=1527"},"modified":"2022-09-20T10:40:49","modified_gmt":"2022-09-20T10:40:49","slug":"typy-mostovych-jerabu","status":"publish","type":"page","link":"https:\/\/oso.edu.pl\/cs\/szkolenia\/uprawnienia-udt-wdt-tdt\/szkolenia-na-suwnice\/rodzaje-suwnic\/","title":{"rendered":"Druhy mostov\u00fdch je\u0159\u00e1b\u016f - rozd\u011blen\u00ed"},"content":{"rendered":"<h2><strong>Typy mostov\u00fdch je\u0159\u00e1b\u016f - plo\u0161inov\u00e9, z\u00e1v\u011bsn\u00e9, port\u00e1lov\u00e9<\/strong><\/h2>\n<p><a href=\"https:\/\/oso.edu.pl\/wp-content\/uploads\/2017\/12\/dscf1492_deb.jpg\"><img decoding=\"async\" class=\"size-medium wp-image-1610 alignright\" src=\"https:\/\/oso.edu.pl\/wp-content\/uploads\/2017\/12\/dscf1492_deb-300x225.jpg\" alt=\"\" width=\"300\" height=\"225\" srcset=\"https:\/\/oso.edu.pl\/wp-content\/uploads\/2017\/12\/dscf1492_deb-300x225.jpg 300w, https:\/\/oso.edu.pl\/wp-content\/uploads\/2017\/12\/dscf1492_deb-135x100.jpg 135w, https:\/\/oso.edu.pl\/wp-content\/uploads\/2017\/12\/dscf1492_deb-400x300.jpg 400w, https:\/\/oso.edu.pl\/wp-content\/uploads\/2017\/12\/dscf1492_deb.jpg 534w\" sizes=\"(max-width: 300px) 100vw, 300px\" \/><\/a>Mostov\u00e9 je\u0159\u00e1by jsou ur\u010deny pro vertik\u00e1ln\u00ed \/ horizont\u00e1ln\u00ed pohyb b\u0159emen. Jedn\u00e1 se o je\u0159\u00e1by pracuj\u00edc\u00ed v p\u0159eru\u0161ovan\u00e9m pohybu a umo\u017e\u0148uj\u00ed p\u0159epravu b\u0159emen po d\u00e9lce dr\u00e1hy a jej\u00ed konstrukce.<\/p>\n<p>Pou\u017e\u00edvaj\u00ed se r\u016fzn\u00e9 typy mostov\u00fdch je\u0159\u00e1b\u016f. Vol\u00ed se individu\u00e1ln\u011b v z\u00e1vislosti na m\u00edst\u011b instalace a zam\u00fd\u0161len\u00e9m pou\u017eit\u00ed za\u0159\u00edzen\u00ed. Je\u0159\u00e1by m\u016f\u017eeme rozd\u011blit podle n\u011bkolika parametr\u016f, a to ovl\u00e1d\u00e1n\u00ed, typu pohonu, nosn\u00e9 konstrukce a \u00fa\u010delu.<\/p>\n<h3><strong>Rozd\u011blen\u00ed mostov\u00fdch je\u0159\u00e1b\u016f z d\u016fvodu ovl\u00e1d\u00e1n\u00ed: <\/strong><\/h3>\n<ul>\n<li>ovl\u00e1dan\u00e9 z pracovn\u00ed \u00farovn\u011b<\/li>\n<li>d\u00e1lkov\u011b ovl\u00e1dan\u00fd<\/li>\n<li>ovl\u00e1dan\u00e9 z pracovn\u00ed \u00farovn\u011b nebo d\u00e1lkov\u011b<\/li>\n<li>ovl\u00e1dan\u00e9 z kabiny<\/li>\n<li>ovl\u00e1dat z kabiny nebo d\u00e1lkov\u011b<\/li>\n<\/ul>\n<div class=\"filmw\">\n<div class=\"responsive-youtube\" style=\"text-align: center;\"><iframe title=\"P\u0159ehr\u00e1va\u010d vide\u00ed YouTube\" src=\"https:\/\/www.youtube.com\/embed\/rbY29I4mKCw\" width=\"560\" height=\"315\" frameborder=\"0\" allowfullscreen=\"allowfullscreen\"><\/iframe><\/div>\n<\/div>\n<h3><strong>Klasifikace mostov\u00fdch je\u0159\u00e1b\u016f podle typu pohonu: <\/strong><\/h3>\n<ul>\n<li>mostov\u00e9 je\u0159\u00e1by s ru\u010dn\u00edm pohonem,<\/li>\n<li>port\u00e1lov\u00e9 je\u0159\u00e1by s elektrick\u00fdm pohonem<\/li>\n<li>je\u0159\u00e1by s hydraulick\u00fdm pohonem<\/li>\n<li>port\u00e1lov\u00e9 je\u0159\u00e1by s pneumatick\u00fdm pohonem<\/li>\n<li>je\u0159\u00e1by se sm\u00ed\u0161en\u00fdm pohonem<\/li>\n<\/ul>\n<h3><strong>Rozd\u011blen\u00ed mostov\u00fdch je\u0159\u00e1b\u016f z d\u016fvodu konstrukce nosn\u00e9 konstrukce <\/strong><\/h3>\n<ul>\n<li>most<\/li>\n<li>port\u00e1l<\/li>\n<li>pozastaveno<\/li>\n<\/ul>\n<h3><strong>Rozd\u011blen\u00ed mostov\u00fdch je\u0159\u00e1b\u016f podle \u00fa\u010delu: <\/strong><\/h3>\n<ul>\n<li>univerz\u00e1ln\u00ed h\u00e1kov\u00e9 zved\u00e1ky<\/li>\n<li>speci\u00e1ln\u00ed<\/li>\n<\/ul>\n<p>Proto se mostov\u00e9 je\u0159\u00e1by vyb\u00edraj\u00ed podle toho, jak\u00fd je jejich \u00fa\u010del. V pr\u016fmyslov\u00fdch hal\u00e1ch se pou\u017e\u00edvaj\u00ed nap\u0159. mostov\u00e9 nebo z\u00e1v\u011bsn\u00e9 je\u0159\u00e1by, s elektrick\u00fdm pohonem a d\u00e1lkov\u011b nebo pracovn\u011b \u0159\u00edzen\u00e9 je\u0159\u00e1by. Port\u00e1lov\u00e9 je\u0159\u00e1by se zase nej\u010dast\u011bji pou\u017e\u00edvaj\u00ed na \u017eelezni\u010dn\u00edch vle\u010dk\u00e1ch nebo v lod\u011bnic\u00edch.<\/p>\n<p>Lid\u00e9 obsluhuj\u00edc\u00ed mostov\u00e9 je\u0159\u00e1by mus\u00ed m\u00edt odpov\u00eddaj\u00edc\u00ed <a href=\"https:\/\/oso.edu.pl\/cs\/szkolenia\/uprawnienia-udt-wdt-tdt\/szkolenia-na-suwnice\/egzamin\/\">Kvalifikace UDT<\/a>. K tomuto \u00fa\u010delu jsou poskytov\u00e1ny vzd\u011bl\u00e1vac\u00ed kurzy UDT, po nich\u017e se skl\u00e1d\u00e1 zkou\u0161ka.<\/p>\n<p>Zveme v\u00e1s na kurzy UDT pro mostov\u00e9 je\u0159\u00e1by k n\u00e1m <a href=\"https:\/\/oso.edu.pl\/cs\/o-firmie\/\">\u0160kolic\u00ed st\u0159edisko provozovatel\u016f SPA<\/a>!<\/p>","protected":false},"excerpt":{"rendered":"<p>Rodzaje suwnic \u2013 pomostowa, podwieszona, bramowa Suwnice przeznaczone s\u0105 do pionowego\/poziomego przemieszczania \u0142adunk\u00f3w. S\u0105 to d\u017awignice pracuj\u0105ce w ruchu przerywanym i pozwalaj\u0105 na transportowanie \u0142adunk\u00f3w na przestrzeni odpowiadaj\u0105cej d\u0142ugo\u015bci toru jazdy i jego konstrukcji. W u\u017cyciu znajduj\u0105 si\u0119 r\u00f3\u017cne rodzaje suwnic. S\u0105 one dobierane indywidualnie w zale\u017cno\u015bci od miejsca monta\u017cu oraz przeznaczenia urz\u0105dzenia. Suwnice mo\u017cemy [&hellip;]<\/p>\n","protected":false},"author":3,"featured_media":1610,"parent":1523,"menu_order":0,"comment_status":"closed","ping_status":"closed","template":"","meta":{"footnotes":""},"class_list":["post-1527","page","type-page","status-publish","has-post-thumbnail","hentry"],"aioseo_notices":[],"_links":{"self":[{"href":"https:\/\/oso.edu.pl\/cs\/wp-json\/wp\/v2\/pages\/1527","targetHints":{"allow":["GET"]}}],"collection":[{"href":"https:\/\/oso.edu.pl\/cs\/wp-json\/wp\/v2\/pages"}],"about":[{"href":"https:\/\/oso.edu.pl\/cs\/wp-json\/wp\/v2\/types\/page"}],"author":[{"embeddable":true,"href":"https:\/\/oso.edu.pl\/cs\/wp-json\/wp\/v2\/users\/3"}],"replies":[{"embeddable":true,"href":"https:\/\/oso.edu.pl\/cs\/wp-json\/wp\/v2\/comments?post=1527"}],"version-history":[{"count":4,"href":"https:\/\/oso.edu.pl\/cs\/wp-json\/wp\/v2\/pages\/1527\/revisions"}],"predecessor-version":[{"id":2557,"href":"https:\/\/oso.edu.pl\/cs\/wp-json\/wp\/v2\/pages\/1527\/revisions\/2557"}],"up":[{"embeddable":true,"href":"https:\/\/oso.edu.pl\/cs\/wp-json\/wp\/v2\/pages\/1523"}],"wp:featuredmedia":[{"embeddable":true,"href":"https:\/\/oso.edu.pl\/cs\/wp-json\/wp\/v2\/media\/1610"}],"wp:attachment":[{"href":"https:\/\/oso.edu.pl\/cs\/wp-json\/wp\/v2\/media?parent=1527"}],"curies":[{"name":"wp","href":"https:\/\/api.w.org\/{rel}","templated":true}]}}