{"id":1139,"date":"2014-11-12T15:03:26","date_gmt":"2014-11-12T15:03:26","guid":{"rendered":"http:\/\/oso.edu.pl\/?page_id=1139"},"modified":"2014-11-20T05:54:40","modified_gmt":"2014-11-20T05:54:40","slug":"sikkerhedstjenester","status":"publish","type":"page","link":"https:\/\/oso.edu.pl\/da\/uslugi-bhp\/","title":{"rendered":"Sundheds- og sikkerhedstjenester"},"content":{"rendered":"<div style=\"float: left; padding-right: 10px;\"><div id=\"metaslider-id-1357\" style=\"max-width: 300px;\" class=\"ml-slider-3-109-0 metaslider metaslider-flex metaslider-1357 ml-slider ms-theme-default nav-hidden\" role=\"region\" aria-label=\"sundheds- og sikkerhedstjenester\" data-height=\"225\" data-width=\"300\">\n    <div id=\"metaslider_container_1357\">\n        <div id=\"metaslider_1357\">\n            <ul class='slides'>\n                <li style=\"display: block; width: 100%;\" class=\"slide-1396 ms-image\" aria-roledescription=\"slide\" data-date=\"2014-11-20 06:38:10\" data-filename=\"bhp55.jpg\" data-slide-type=\"image\"><img decoding=\"async\" src=\"https:\/\/oso.edu.pl\/wp-content\/uploads\/2014\/11\/bhp55.jpg\" height=\"225\" width=\"300\" alt=\"\" class=\"slider-1357 slide-1396 msDefaultImage\" \/><\/li>\n                <li style=\"display: none; width: 100%;\" class=\"slide-1399 ms-image\" aria-roledescription=\"slide\" data-date=\"2014-11-20 06:38:11\" data-filename=\"bhp88.jpg\" data-slide-type=\"image\"><img decoding=\"async\" src=\"https:\/\/oso.edu.pl\/wp-content\/uploads\/2014\/11\/bhp88.jpg\" height=\"225\" width=\"300\" alt=\"\" class=\"slider-1357 slide-1399 msDefaultImage\" \/><\/li>\n                <li style=\"display: none; width: 100%;\" class=\"slide-1398 ms-image\" aria-roledescription=\"slide\" data-date=\"2014-11-20 06:38:11\" data-filename=\"bhp77.jpg\" data-slide-type=\"image\"><img decoding=\"async\" src=\"https:\/\/oso.edu.pl\/wp-content\/uploads\/2014\/11\/bhp77.jpg\" height=\"225\" width=\"300\" alt=\"\" class=\"slider-1357 slide-1398 msDefaultImage\" \/><\/li>\n                <li style=\"display: none; width: 100%;\" class=\"slide-1393 ms-image\" aria-roledescription=\"slide\" data-date=\"2014-11-20 06:27:31\" data-filename=\"hak5.jpg\" data-slide-type=\"image\"><img decoding=\"async\" src=\"https:\/\/oso.edu.pl\/wp-content\/uploads\/2014\/11\/hak5.jpg\" height=\"225\" width=\"300\" alt=\"\" class=\"slider-1357 slide-1393 msDefaultImage\" \/><\/li>\n                <li style=\"display: none; width: 100%;\" class=\"slide-1401 ms-image\" aria-roledescription=\"slide\" data-date=\"2014-11-20 06:38:12\" data-filename=\"bhp100.jpg\" data-slide-type=\"image\"><img decoding=\"async\" src=\"https:\/\/oso.edu.pl\/wp-content\/uploads\/2014\/11\/bhp100.jpg\" height=\"225\" width=\"300\" alt=\"\" class=\"slider-1357 slide-1401 msDefaultImage\" \/><\/li>\n            <\/ul>\n        <\/div>\n        \n    <\/div>\n<\/div><\/div>\n<div class=\"wyjustuj\">\n<p>Vi tilbyder service til erhvervskunder inden for arbejdsmilj\u00f8 og sikkerhed. Vi ved, hvor vigtig professionel og omfattende sundheds- og sikkerhedsservice er, og derfor leverer vi kun tjenester p\u00e5 et h\u00f8jt niveau, samtidig med at vi sikrer deres mest overkommelige priser.<\/p>\n<p>Vi opererer p\u00e5 basis af outsourcing og leverer vores ydelser til kunder i hele landet. Takket v\u00e6re os beh\u00f8ver du ikke l\u00e6ngere ans\u00e6tte dine egne specialister, for vi st\u00e5r helt til din r\u00e5dighed. Du kan v\u00e6re sikker p\u00e5, at sundhed og sikkerhed p\u00e5 arbejdspladsen i dit anl\u00e6g bliver passet ordentligt p\u00e5.<\/p>\n<p><strong>Vores tilbud<\/strong><br \/>\nVi giver adgang til omfattende sundheds- og sikkerhedstjenester. Takket v\u00e6re, at fagfolk inden for dette felt arbejder for os, kan vi levere ydelser p\u00e5 h\u00f8jeste niveau, altid skr\u00e6ddersyet til kundens behov, og samtidig uden at betale for meget. Vi leverer tjenester til b\u00e5de sm\u00e5 virksomheder, herunder selvst\u00e6ndige, og store virksomheder, som vi leverer et komplet udvalg af tjenester til.<\/p>\n<p><strong>Sundheds- og sikkerhedstjenester p\u00e5 vores center omfatter is\u00e6r:<\/strong><br \/>\n\u2022 fuld arbejdsmilj\u00f8service for virksomheder - arbejdsmilj\u00f8tilsyn, indledende og periodisk tr\u00e6ning, journalf\u00f8ring<br \/>\n\u2022 udvikling af erhvervsm\u00e6ssige risikovurderinger ved hj\u00e6lp af forskellige metoder<br \/>\n\u2022 at f\u00f8re sager efter ulykken<br \/>\n\u2022 sundheds- og sikkerhedsrevision i <a href=\"https:\/\/oso.edu.pl\/da\/szkolenia\/ppoz\/\">BRAND<\/a><br \/>\n\u2022 arbejdsmilj\u00f8ledelse i henhold til PN-N-18001 og OHSAS 18001 standarder<br \/>\n\u2022 milj\u00f8test - m\u00e5linger p\u00e5 arbejdspladsen<br \/>\n\u2022 bed\u00f8mmelse <a href=\"https:\/\/oso.edu.pl\/da\/uslugi-bhp\/ocena-zagrozen-psychospolecznych\/\">psykosociale risici<\/a><br \/>\n\u2022 jobevaluering for mennesker med handicap<br \/>\n\u2022 <a href=\"https:\/\/oso.edu.pl\/da\/uslugi-bhp\/ocena-ergonomiczna\/\">ergonomisk vurdering<\/a><br \/>\n\u2022 maskincertificering<\/p>\n<p><strong>Hvorfor v\u00e6lge outsourcing?<\/strong><br \/>\nI vores Center tilbyder vi OHS-outsourcing - det er i \u00f8jeblikket den mest popul\u00e6re m\u00e5de at levere tjenester til virksomheder inden for dette omr\u00e5de. Vores arbejdsmilj\u00f8specialist vil sikre, at arbejdsmilj\u00f8et i din virksomhed er p\u00e5 et passende niveau. I dag er arbejdsmilj\u00f8virksomheder, s\u00e5som vores Center, i stand til at give deres kunder omfattende l\u00f8sninger uden at skulle ans\u00e6tte en ansvarlig person.<\/p>\n<p>Vi vil gerne minde om, at forpligtelsen til at tr\u00e6ne, vedligeholde korrekt dokumentation og andre n\u00f8dvendige aktiviteter g\u00e6lder for enhver, der driver en virksomhed. Vores arbejdsmilj\u00f8virksomhed, som leverer outsourcing-tjenester, reducerer omkostningerne og sikrer, at alle arbejder bliver udf\u00f8rt til tiden og korrekt.<\/p>\n<p><strong>Eksperter til din tjeneste<\/strong><br \/>\nI SPA Centeret st\u00e5r en specialist til din r\u00e5dighed og <a href=\"https:\/\/oso.edu.pl\/da\/baza-wiedzy\/specjalista-bhp\/\">sundheds- og sikkerhedsinspekt\u00f8r<\/a>. Vi har over 20 \u00e5rs erfaring inden for serviceomr\u00e5det i denne branche, hvilket betyder, at vi yder vores kunder professionel og individuelt udvalgt support. Vi har de n\u00f8dvendige arbejdsmilj\u00f8kvalifikationer, og vi uddanner os l\u00f8bende - vi f\u00f8lger lov\u00e6ndringer, deltager i konferencer og seminarer, fordi vi ved, hvor vigtigt det er med kundetilfredshed og vores tilfredshed med den.<\/p>\n<p><strong>Hvor vi arbejder<\/strong><br \/>\nDu kan v\u00e6lge vores sundheds- og sikkerhedstjenester i f\u00f8lgende byer: Warszawa, Krak\u00f3w, Katowice og Bielsko-Bia\u0142a. Vores afdelinger er placeret disse steder, s\u00e5 vi kan n\u00e5 dig direkte. Vi betjener ogs\u00e5 kunder fra n\u00e6rliggende byer og over hele Polen - kontakt os venligst for at f\u00e5 information om udg\u00e5ende tjenester.<\/p>\n<p><strong>Prisliste<\/strong><br \/>\nEnhver, der s\u00e6tter pris p\u00e5 lave gebyrer, vil helt sikkert v\u00e6re tilfredse med vores prisliste. Prisen p\u00e5 ydelsen v\u00e6lges altid individuelt afh\u00e6ngig af aktiviteternes omfang, s\u00e5 kontakt os venligst via vurderingsformularen. Vores medarbejdere udarbejder et tilbud og sender det hurtigst muligt. Du betaler ikke hos os for ydelser, som du ikke har bestilt!<\/p>\n<p>En ordentlig sundhed og sikkerhed p\u00e5 arbejdspladsen b\u00f8r v\u00e6re en prioritet for enhver arbejdsgiver. At reducere antallet af farer og arbejdsulykker betyder bedre arbejdskomfort og h\u00f8jere medarbejderproduktivitet. Hos os kan du v\u00e6re sikker p\u00e5, at alle dokumenter bliver korrekt udfyldt, dine medarbejdere bliver uddannet, og du kan glemme alt om formaliteter og fokusere p\u00e5 at udvikle din forretning.<\/p>\n<p>Omfattende og professionelle arbejdsmilj\u00f8tjenester: Warszawa, Krak\u00f3w, Katowice og Bielsko-Bia\u0142a - vi opfordrer dig til at samarbejde med os!<\/p>\n<\/div>","protected":false},"excerpt":{"rendered":"<p>Oferujemy obs\u0142ug\u0119 klient\u00f3w biznesowych w ramach bezpiecze\u0144stwa i higieny pracy. Wiemy, jak wa\u017cna jest profesjonalna i kompleksowa obs\u0142uga BHP, dlatego dostarczamy us\u0142ugi tylko na wysokim poziomie, dbaj\u0105c przy tym o ich jak najbardziej przyst\u0119pne ceny. Dzia\u0142amy na zasadzie outsourcingu, dostarczaj\u0105c nasze us\u0142ugi klientom na terenie ca\u0142ego kraju. Dzi\u0119ki nam nie musisz ju\u017c zatrudnia\u0107 w\u0142asnych specjalist\u00f3w, [&hellip;]<\/p>\n","protected":false},"author":3,"featured_media":0,"parent":0,"menu_order":3,"comment_status":"closed","ping_status":"closed","template":"","meta":{"footnotes":""},"class_list":["post-1139","page","type-page","status-publish","hentry"],"aioseo_notices":[],"_links":{"self":[{"href":"https:\/\/oso.edu.pl\/da\/wp-json\/wp\/v2\/pages\/1139","targetHints":{"allow":["GET"]}}],"collection":[{"href":"https:\/\/oso.edu.pl\/da\/wp-json\/wp\/v2\/pages"}],"about":[{"href":"https:\/\/oso.edu.pl\/da\/wp-json\/wp\/v2\/types\/page"}],"author":[{"embeddable":true,"href":"https:\/\/oso.edu.pl\/da\/wp-json\/wp\/v2\/users\/3"}],"replies":[{"embeddable":true,"href":"https:\/\/oso.edu.pl\/da\/wp-json\/wp\/v2\/comments?post=1139"}],"version-history":[{"count":0,"href":"https:\/\/oso.edu.pl\/da\/wp-json\/wp\/v2\/pages\/1139\/revisions"}],"wp:attachment":[{"href":"https:\/\/oso.edu.pl\/da\/wp-json\/wp\/v2\/media?parent=1139"}],"curies":[{"name":"wp","href":"https:\/\/api.w.org\/{rel}","templated":true}]}}