{"id":1267,"date":"2014-11-19T18:22:30","date_gmt":"2014-11-19T18:22:30","guid":{"rendered":"http:\/\/oso.edu.pl\/?page_id=1267"},"modified":"2021-07-04T23:52:12","modified_gmt":"2021-07-04T23:52:12","slug":"osh-tilladelser","status":"publish","type":"page","link":"https:\/\/oso.edu.pl\/da\/baza-wiedzy\/uprawnienia-bhp\/","title":{"rendered":"Sundheds- og sikkerhedsbef\u00f8jelser"},"content":{"rendered":"<div style=\"float: left; padding-right: 10px;\"><div id=\"metaslider-id-1341\" style=\"max-width: 300px;\" class=\"ml-slider-3-108-0 metaslider metaslider-flex metaslider-1341 ml-slider ms-theme-default nav-hidden\" role=\"region\" aria-label=\"kvalifikationer inden for sundhed og sikkerhed\" data-height=\"225\" data-width=\"300\">\n    <div id=\"metaslider_container_1341\">\n        <div id=\"metaslider_1341\">\n            <ul class='slides'>\n                <li style=\"display: block; width: 100%;\" class=\"slide-1396 ms-image\" aria-roledescription=\"slide\" data-date=\"2014-11-20 06:38:10\" data-filename=\"bhp55.jpg\" data-slide-type=\"image\"><img decoding=\"async\" src=\"https:\/\/oso.edu.pl\/wp-content\/uploads\/2014\/11\/bhp55.jpg\" height=\"225\" width=\"300\" alt=\"\" class=\"slider-1341 slide-1396 msDefaultImage\" \/><\/li>\n            <\/ul>\n        <\/div>\n        \n    <\/div>\n<\/div><\/div>\n<div class=\"wyjustuj\">\n<p>Arbejdet inden for arbejdsmilj\u00f8 og sikkerhed udf\u00f8res af personer, der har passende uddannelse og autorisation til dette form\u00e5l. Personer, der arbejder i faget som inspekt\u00f8r el <a href=\"https:\/\/oso.edu.pl\/da\/baza-wiedzy\/specjalista-bhp\/\">en sundheds- og sikkerhedsspecialist<\/a> til dette form\u00e5l skal de gennemf\u00f8re et studie, studie eller kursus, samt f\u00e5 erfaring med at arbejde i stillingen. I \u00f8jeblikket kan uddannelse opn\u00e5s p\u00e5 mange institutioner, hvorfor valget af virksomheder inden for arbejdsmilj\u00f8 ogs\u00e5 er ret stort.<\/p>\n<p><strong>N\u00f8dvendige krav for at arbejde i stillinger relateret til sundhed og sikkerhed:<\/strong><\/p>\n<ul>\n<li>inspekt\u00f8r - erhvervet som sundheds- og sikkerhedstekniker<\/li>\n<li>seniorinspekt\u00f8r - faget som en tekniker og mindst 3 \u00e5rs erhvervserfaring, videreg\u00e5ende uddannelse eller postgraduate studier<\/li>\n<li>specialist - videreg\u00e5ende uddannelse inden for omr\u00e5det eller efteruddannelse, mindst 1 \u00e5rs praktik i sundheds- og sikkerhedstjenesten<\/li>\n<li>senior specialist - mindst videreg\u00e5ende uddannelse eller postgraduate studier, mindst 3 \u00e5rs praksis i faget<\/li>\n<li>hovedspecialist - videreg\u00e5ende uddannelse inden for en given studieretning eller specialisering, postgraduate studier og mindst 5 \u00e5rs erfaring i faget<\/li>\n<\/ul>\n<p>I \u00f8jeblikket er der ikke behov for at ans\u00e6tte personer med ansvar for sundhed og sikkerhed i virksomheden. Til dette form\u00e5l kan eksterne outsourcing-tjenester leveret af kompetente virksomheder anvendes.<\/p>\n<p>N\u00e5r du v\u00e6lger en virksomhed af denne type, som skal levere OHS-tjenester, er det v\u00e6rd at v\u00e6re opm\u00e6rksom p\u00e5, om dets medarbejdere har de passende tilladelser. Det er ogs\u00e5 v\u00e6rd at v\u00e6re opm\u00e6rksom p\u00e5 erfaring og referencer, n\u00e5r du v\u00e6lger det.<\/p>\n<\/div>","protected":false},"excerpt":{"rendered":"<p>Prace w zakresie bezpiecze\u0144stwa i higieny pracy realizuj\u0105 osoby posiadaj\u0105ce do tego celu odpowiednie przeszkolenie oraz uprawnienia. Osoby, kt\u00f3re pracuj\u0105 w zawodzie inspektora lub specjalisty BHP musz\u0105 odby\u0107 w tym celu studia, studium lub kurs, a tak\u017ce uzyska\u0107 do\u015bwiadczenie w pracy na stanowisku. Aktualnie wykszta\u0142cenie zdoby\u0107 mo\u017cna w wielu plac\u00f3wkach, dlatego wyb\u00f3r firm w dziedzinie [&hellip;]<\/p>\n","protected":false},"author":3,"featured_media":0,"parent":1253,"menu_order":0,"comment_status":"closed","ping_status":"closed","template":"","meta":{"footnotes":""},"class_list":["post-1267","page","type-page","status-publish","hentry"],"aioseo_notices":[],"_links":{"self":[{"href":"https:\/\/oso.edu.pl\/da\/wp-json\/wp\/v2\/pages\/1267","targetHints":{"allow":["GET"]}}],"collection":[{"href":"https:\/\/oso.edu.pl\/da\/wp-json\/wp\/v2\/pages"}],"about":[{"href":"https:\/\/oso.edu.pl\/da\/wp-json\/wp\/v2\/types\/page"}],"author":[{"embeddable":true,"href":"https:\/\/oso.edu.pl\/da\/wp-json\/wp\/v2\/users\/3"}],"replies":[{"embeddable":true,"href":"https:\/\/oso.edu.pl\/da\/wp-json\/wp\/v2\/comments?post=1267"}],"version-history":[{"count":2,"href":"https:\/\/oso.edu.pl\/da\/wp-json\/wp\/v2\/pages\/1267\/revisions"}],"predecessor-version":[{"id":1880,"href":"https:\/\/oso.edu.pl\/da\/wp-json\/wp\/v2\/pages\/1267\/revisions\/1880"}],"up":[{"embeddable":true,"href":"https:\/\/oso.edu.pl\/da\/wp-json\/wp\/v2\/pages\/1253"}],"wp:attachment":[{"href":"https:\/\/oso.edu.pl\/da\/wp-json\/wp\/v2\/media?parent=1267"}],"curies":[{"name":"wp","href":"https:\/\/api.w.org\/{rel}","templated":true}]}}