{"id":1527,"date":"2017-12-06T12:10:00","date_gmt":"2017-12-06T12:10:00","guid":{"rendered":"http:\/\/oso.edu.pl\/?page_id=1527"},"modified":"2022-09-20T10:40:49","modified_gmt":"2022-09-20T10:40:49","slug":"typer-traverskraner","status":"publish","type":"page","link":"https:\/\/oso.edu.pl\/da\/szkolenia\/uprawnienia-udt-wdt-tdt\/szkolenia-na-suwnice\/rodzaje-suwnic\/","title":{"rendered":"Typer af traverskraner - opdeling"},"content":{"rendered":"<h2><strong>Typer af traverskraner - platform, oph\u00e6ngt, portal<\/strong><\/h2>\n<p><a href=\"https:\/\/oso.edu.pl\/wp-content\/uploads\/2017\/12\/dscf1492_deb.jpg\"><img decoding=\"async\" class=\"size-medium wp-image-1610 alignright\" src=\"https:\/\/oso.edu.pl\/wp-content\/uploads\/2017\/12\/dscf1492_deb-300x225.jpg\" alt=\"\" width=\"300\" height=\"225\" srcset=\"https:\/\/oso.edu.pl\/wp-content\/uploads\/2017\/12\/dscf1492_deb-300x225.jpg 300w, https:\/\/oso.edu.pl\/wp-content\/uploads\/2017\/12\/dscf1492_deb-135x100.jpg 135w, https:\/\/oso.edu.pl\/wp-content\/uploads\/2017\/12\/dscf1492_deb-400x300.jpg 400w, https:\/\/oso.edu.pl\/wp-content\/uploads\/2017\/12\/dscf1492_deb.jpg 534w\" sizes=\"(max-width: 300px) 100vw, 300px\" \/><\/a>Trafikkraner er designet til lodret\/vandret bev\u00e6gelse af byrder. Disse er kraner, der arbejder i periodisk bev\u00e6gelse og tillader transport af byrder langs sporets l\u00e6ngde og dens struktur.<\/p>\n<p>Forskellige typer traverskraner er i brug. De v\u00e6lges individuelt afh\u00e6ngigt af installationsstedet og den tilsigtede brug af enheden. Vi kan opdele kranerne i forhold til flere parametre, nemlig styring, type drev, b\u00e6rende struktur og form\u00e5l.<\/p>\n<h3><strong>Opdeling af kraner p\u00e5 grund af kontrol: <\/strong><\/h3>\n<ul>\n<li>styret fra arbejdsniveau<\/li>\n<li>fjernstyret<\/li>\n<li>styres fra arbejdsniveau eller fjernstyret<\/li>\n<li>styret fra kabinen<\/li>\n<li>styres fra kabinen eller fjernstyres<\/li>\n<\/ul>\n<div class=\"filmw\">\n<div class=\"responsive-youtube\" style=\"text-align: center;\"><iframe title=\"YouTube-videoafspiller\" src=\"https:\/\/www.youtube.com\/embed\/rbY29I4mKCw\" width=\"560\" height=\"315\" frameborder=\"0\" allowfullscreen=\"allowfullscreen\"><\/iframe><\/div>\n<\/div>\n<h3><strong>Klassificering af traverskraner i henhold til drevtypen: <\/strong><\/h3>\n<ul>\n<li>kraner med manuelt drev,<\/li>\n<li>portalkraner med elektrisk tr\u00e6k<\/li>\n<li>kraner med hydraulisk drev<\/li>\n<li>portalkraner med pneumatisk drev<\/li>\n<li>blandet drevne kraner<\/li>\n<\/ul>\n<h3><strong>Opdeling af traverskraner p\u00e5 grund af konstruktionen af den b\u00e6rende konstruktion <\/strong><\/h3>\n<ul>\n<li>bro<\/li>\n<li>portal<\/li>\n<li>suspenderet<\/li>\n<\/ul>\n<h3><strong>Opdeling af traverskraner efter deres form\u00e5l: <\/strong><\/h3>\n<ul>\n<li>kroghejse til generelle form\u00e5l<\/li>\n<li>s\u00e6rlig<\/li>\n<\/ul>\n<p>Derfor v\u00e6lges traverskraner alt efter hvad deres form\u00e5l er. For eksempel bruges bro- eller h\u00e6ngekraner med elektrisk drev og fjern- eller arbejdsniveaustyrede kraner i industrihaller. P\u00e5 den anden side bruges portalkraner oftest p\u00e5 jernbanesidespor eller p\u00e5 skibsv\u00e6rfter.<\/p>\n<p>Personer, der betjener traverskraner, skal have passende <a href=\"https:\/\/oso.edu.pl\/da\/szkolenia\/uprawnienia-udt-wdt-tdt\/szkolenia-na-suwnice\/egzamin\/\">UDT-kvalifikationer<\/a>. Til dette form\u00e5l tilbydes UDT-uddannelseskurser, hvorefter der afl\u00e6gges en eksamen.<\/p>\n<p>Vi inviterer til UDT kurser for traverskraner til vores <a href=\"https:\/\/oso.edu.pl\/da\/o-firmie\/\">SPA Operators Training Center<\/a>!<\/p>","protected":false},"excerpt":{"rendered":"<p>Rodzaje suwnic \u2013 pomostowa, podwieszona, bramowa Suwnice przeznaczone s\u0105 do pionowego\/poziomego przemieszczania \u0142adunk\u00f3w. S\u0105 to d\u017awignice pracuj\u0105ce w ruchu przerywanym i pozwalaj\u0105 na transportowanie \u0142adunk\u00f3w na przestrzeni odpowiadaj\u0105cej d\u0142ugo\u015bci toru jazdy i jego konstrukcji. W u\u017cyciu znajduj\u0105 si\u0119 r\u00f3\u017cne rodzaje suwnic. S\u0105 one dobierane indywidualnie w zale\u017cno\u015bci od miejsca monta\u017cu oraz przeznaczenia urz\u0105dzenia. Suwnice mo\u017cemy [&hellip;]<\/p>\n","protected":false},"author":3,"featured_media":1610,"parent":1523,"menu_order":0,"comment_status":"closed","ping_status":"closed","template":"","meta":{"footnotes":""},"class_list":["post-1527","page","type-page","status-publish","has-post-thumbnail","hentry"],"aioseo_notices":[],"_links":{"self":[{"href":"https:\/\/oso.edu.pl\/da\/wp-json\/wp\/v2\/pages\/1527","targetHints":{"allow":["GET"]}}],"collection":[{"href":"https:\/\/oso.edu.pl\/da\/wp-json\/wp\/v2\/pages"}],"about":[{"href":"https:\/\/oso.edu.pl\/da\/wp-json\/wp\/v2\/types\/page"}],"author":[{"embeddable":true,"href":"https:\/\/oso.edu.pl\/da\/wp-json\/wp\/v2\/users\/3"}],"replies":[{"embeddable":true,"href":"https:\/\/oso.edu.pl\/da\/wp-json\/wp\/v2\/comments?post=1527"}],"version-history":[{"count":4,"href":"https:\/\/oso.edu.pl\/da\/wp-json\/wp\/v2\/pages\/1527\/revisions"}],"predecessor-version":[{"id":2557,"href":"https:\/\/oso.edu.pl\/da\/wp-json\/wp\/v2\/pages\/1527\/revisions\/2557"}],"up":[{"embeddable":true,"href":"https:\/\/oso.edu.pl\/da\/wp-json\/wp\/v2\/pages\/1523"}],"wp:featuredmedia":[{"embeddable":true,"href":"https:\/\/oso.edu.pl\/da\/wp-json\/wp\/v2\/media\/1610"}],"wp:attachment":[{"href":"https:\/\/oso.edu.pl\/da\/wp-json\/wp\/v2\/media?parent=1527"}],"curies":[{"name":"wp","href":"https:\/\/api.w.org\/{rel}","templated":true}]}}