{"id":1561,"date":"2017-12-06T16:22:40","date_gmt":"2017-12-06T16:22:40","guid":{"rendered":"http:\/\/oso.edu.pl\/?page_id=1561"},"modified":"2022-10-24T08:41:20","modified_gmt":"2022-10-24T08:41:20","slug":"perm-sep","status":"publish","type":"page","link":"https:\/\/oso.edu.pl\/da\/szkolenia\/sep-g1-g2-g3\/uprawnienia-sep\/","title":{"rendered":"Tilladelser G1-G2-G3 - overv\u00e5gning og drift"},"content":{"rendered":"<h2><strong>Drift og overv\u00e5gning i drift af enheder, installationer og netv\u00e6rk<\/strong><\/h2>\n<p><a href=\"https:\/\/oso.edu.pl\/wp-content\/uploads\/2017\/12\/g3-5-e1628067732282.jpg\"><img decoding=\"async\" class=\"size-medium wp-image-1684 alignleft\" src=\"https:\/\/oso.edu.pl\/wp-content\/uploads\/2017\/12\/g3-5-190x300.jpg\" alt=\"\" width=\"190\" height=\"300\" \/><\/a>\u00d8konomi-, arbejds- og socialministerens bekendtg\u00f8relse af 28. april 2003 om de n\u00e6rmere regler for bekr\u00e6ftelse af kvalifikationer for personer, der er involveret i driften af apparater, installationer og netv\u00e6rk, definerer bl.a. typer af arbejder, stillinger og anordninger installationer og energinet, som driften udf\u00f8res for, passende kvalifikationer p\u00e5kr\u00e6vet.<\/p>\n<p><strong>I henhold til forskrifterne kan udf\u00f8relse af arbejder p\u00e5 el-, varme- og gasudstyr, installationer og netv\u00e6rk opdeles i to kategorier: drift og tilsyn: <\/strong><\/p>\n<ul>\n<li>udnyttelsesstationer - omfatter arbejder inden for drift, vedligeholdelse, reparationer, montage samt kontrol- og m\u00e5learbejder<\/li>\n<li>tilsynsstillinger - refererer til stillinger for medarbejdere, der leder aktiviteterne for personer, der udf\u00f8rer arbejde inden for driftsomr\u00e5det og stillinger for tekniske medarbejdere, der overv\u00e5ger driften af enheder, installationer og netv\u00e6rk<\/li>\n<\/ul>\n<p>Derfor adskiller G1-G2-G3-uddannelserne sig ogs\u00e5 i forhold til det tematiske omfang - du kan v\u00e6lge et kursus til drift- eller supervisionsstillinger, eller til dem begge.<\/p>\n<h3><strong>Personer i driftsstillinger skal have kendskab til: <\/strong><\/h3>\n<ul>\n<li>konstruktion, drift og tekniske forhold for drift af apparater, installationer og netv\u00e6rk<\/li>\n<li>instruktioner og regler for drift af enheder, installationer og netv\u00e6rk<\/li>\n<li>regler og betingelser for udf\u00f8relse af kontrol-, m\u00e5le- og montagearbejder<\/li>\n<li>principper og krav til sundhed og sikkerhed <a href=\"https:\/\/oso.edu.pl\/da\/szkolenia\/ppoz\/\">BRAND<\/a> og f\u00f8rstehj\u00e6lpsf\u00e6rdigheder<\/li>\n<li>instruktioner, der skal f\u00f8lges i tilf\u00e6lde af svigt, brand eller anden sikkerhedsrisiko for driften af enheder eller en trussel mod liv, sundhed og milj\u00f8et<\/li>\n<\/ul>\n<h3><strong>Personer i driftsstillinger skal have kendskab til: <\/strong><\/h3>\n<ul>\n<li>regler for tilslutning af udstyr og anl\u00e6g til nettet, for levering af br\u00e6ndsel og energi samt for drift og vedligeholdelse af <a href=\"https:\/\/oso.edu.pl\/wp-content\/uploads\/2022\/10\/mnnmnmnm.jpeg\"><img decoding=\"async\" class=\"size-medium wp-image-2625 alignright\" src=\"https:\/\/oso.edu.pl\/wp-content\/uploads\/2022\/10\/mnnmnmnm-300x200.jpeg\" alt=\"\" width=\"300\" height=\"200\" srcset=\"https:\/\/oso.edu.pl\/wp-content\/uploads\/2022\/10\/mnnmnmnm-300x200.jpeg 300w, https:\/\/oso.edu.pl\/wp-content\/uploads\/2022\/10\/mnnmnmnm-1024x683.jpeg 1024w, https:\/\/oso.edu.pl\/wp-content\/uploads\/2022\/10\/mnnmnmnm-768x512.jpeg 768w, https:\/\/oso.edu.pl\/wp-content\/uploads\/2022\/10\/mnnmnmnm-1536x1024.jpeg 1536w, https:\/\/oso.edu.pl\/wp-content\/uploads\/2022\/10\/mnnmnmnm-18x12.jpeg 18w, https:\/\/oso.edu.pl\/wp-content\/uploads\/2022\/10\/mnnmnmnm.jpeg 1600w\" sizes=\"(max-width: 300px) 100vw, 300px\" \/><\/a>udstyr, installationer og netv\u00e6rk<\/li>\n<li>regler og adf\u00e6rdsregler ved programmering af driften af enheder, installationer og netv\u00e6rk under hensyntagen til principperne for rationel brug af br\u00e6ndstoffer og energi<\/li>\n<li>forskrifter om drift, krav til vedligeholdelse af teknisk og driftsm\u00e6ssig dokumentation og anvendelse af driftsvejledningen<\/li>\n<li>de regler, der g\u00e6lder for konstruktion af anordninger, installationer og netv\u00e6rk samt de standarder og tekniske betingelser, som de skal overholde<\/li>\n<li>regler vedr\u00f8rende sundhed og sikkerhed og brandbeskyttelse, herunder krav til f\u00f8rstehj\u00e6lp og milj\u00f8beskyttelse<\/li>\n<li>adf\u00e6rdsregler i tilf\u00e6lde af fejl, brand eller anden trussel mod sikkerheden ved driften af enheder tilsluttet netv\u00e6rket<\/li>\n<li>principper for str\u00f8mstyring af enheder tilsluttet netv\u00e6rket<\/li>\n<li>regler og betingelser for udf\u00f8relse af kontrol-, m\u00e5le- og montagearbejder<\/li>\n<\/ul>\n<p>Hvis du ogs\u00e5 er interesseret i G1-G2-G3-kvalifikationerne, er Warszawa, Krak\u00f3w, Katowice, Bielsko-Bia\u0142a byerne, hvor du kan drage fordel af vores tr\u00e6ningskurser. Vi inviterer dig til at drage fordel af vores tilbud i SPA!<\/p>","protected":false},"excerpt":{"rendered":"<p>Eksploatacja i doz\u00f3r w eksploatacji urz\u0105dze\u0144, instalacji i sieci Rozporz\u0105dzenie ministra gospodarki, pracy i polityki spo\u0142ecznej z dnia 28 kwietnia 2003 roku w sprawie szczeg\u00f3\u0142owych zasad stwierdzania posiadania kwalifikacji przez osoby zajmuj\u0105ce si\u0119 eksploatacj\u0105 urz\u0105dze\u0144, instalacji i sieci okre\u015bla mi\u0119dzy innymi rodzaje prac, stanowisk oraz urz\u0105dze\u0144, instalacji i sieci energetycznych, przy kt\u00f3rych eksploatacji jest wymagane [&hellip;]<\/p>\n","protected":false},"author":3,"featured_media":2625,"parent":1550,"menu_order":0,"comment_status":"closed","ping_status":"closed","template":"","meta":{"footnotes":""},"class_list":["post-1561","page","type-page","status-publish","has-post-thumbnail","hentry"],"aioseo_notices":[],"_links":{"self":[{"href":"https:\/\/oso.edu.pl\/da\/wp-json\/wp\/v2\/pages\/1561","targetHints":{"allow":["GET"]}}],"collection":[{"href":"https:\/\/oso.edu.pl\/da\/wp-json\/wp\/v2\/pages"}],"about":[{"href":"https:\/\/oso.edu.pl\/da\/wp-json\/wp\/v2\/types\/page"}],"author":[{"embeddable":true,"href":"https:\/\/oso.edu.pl\/da\/wp-json\/wp\/v2\/users\/3"}],"replies":[{"embeddable":true,"href":"https:\/\/oso.edu.pl\/da\/wp-json\/wp\/v2\/comments?post=1561"}],"version-history":[{"count":6,"href":"https:\/\/oso.edu.pl\/da\/wp-json\/wp\/v2\/pages\/1561\/revisions"}],"predecessor-version":[{"id":2627,"href":"https:\/\/oso.edu.pl\/da\/wp-json\/wp\/v2\/pages\/1561\/revisions\/2627"}],"up":[{"embeddable":true,"href":"https:\/\/oso.edu.pl\/da\/wp-json\/wp\/v2\/pages\/1550"}],"wp:featuredmedia":[{"embeddable":true,"href":"https:\/\/oso.edu.pl\/da\/wp-json\/wp\/v2\/media\/2625"}],"wp:attachment":[{"href":"https:\/\/oso.edu.pl\/da\/wp-json\/wp\/v2\/media?parent=1561"}],"curies":[{"name":"wp","href":"https:\/\/api.w.org\/{rel}","templated":true}]}}