{"id":1973,"date":"2021-08-18T12:21:21","date_gmt":"2021-08-18T12:21:21","guid":{"rendered":"https:\/\/oso.edu.pl\/?page_id=1973"},"modified":"2023-03-15T00:30:44","modified_gmt":"2023-03-14T23:30:44","slug":"mobile-stationaere-platforme","status":"publish","type":"page","link":"https:\/\/oso.edu.pl\/da\/szkolenia\/uprawnienia-udt-wdt-tdt\/podesty-ruchome-stacjonarne\/","title":{"rendered":"Station\u00e6re mobile platforme - et kursus for operat\u00f8rer"},"content":{"rendered":"<p>En station\u00e6r mobil platform er efter bestemmelserne om teknisk eftersyn et materialeh\u00e5ndteringsapparat, der er undergivet teknisk eftersyn. En s\u00e5dan bestemmelse indeb\u00e6rer en r\u00e6kke forpligtelser for operat\u00f8rerne, herunder behovet for at opbevare passende dokumentation og foretage regelm\u00e6ssige tekniske eftersyn. Mest af alt er det dog et krav at have UDT-kvalifikationer for at betjene platformene.<\/p>\n<p>Det station\u00e6re mobilliftoperat\u00f8rkursus er en m\u00e5de at f\u00e5 ikke kun den n\u00f8dvendige viden p\u00e5 arbejdet, men ogs\u00e5 selve kvalifikationerne. Som en del af timerne tilrettel\u00e6gges en statseksamen foran UDT-kommissionen, og omkostningerne ved at g\u00e5 til eksamen er inkluderet i kursusprisen.<\/p>\n<div class=\"filmw\">\n<div class=\"responsive-youtube\" style=\"text-align: center;\"><iframe title=\"YouTube-videoafspiller\" src=\"https:\/\/www.youtube.com\/embed\/MRm9OZ8kDhU\" width=\"560\" height=\"315\" frameborder=\"0\" allowfullscreen=\"allowfullscreen\"><\/iframe><\/div>\n<\/div>\n<h2>Station\u00e6r landing: konstruktion, drift, applikationer<\/h2>\n<p>S\u00e5danne platforme indg\u00e5r sammen med oph\u00e6ngte platforme i kategori II P - i henhold til UDT-klassifikationen. I mods\u00e6tning til for eksempel mobile eller selvk\u00f8rende arbejdsplatforme er de ikke udstyret med et chassis p\u00e5 hjul. De er placeret \u00e9t sted permanent eller i lang tid, s\u00e5 de er perfekte til byggearbejder, komplekse renoveringsarbejder samt i fabrikshaller eller lagerbygninger.<\/p>\n<p>En typisk station\u00e6r platform er udstyret med en kurv\/platform til transport af medarbejdere, v\u00e6rkt\u00f8j eller materialer og en teleskop- eller saksebom. Alt er placeret p\u00e5 en stabil platform. F\u00f8reren styrer bommen med det automatiske styresystem.<\/p>\n<div style=\"width: 640px;\" class=\"wp-video\"><video id=\"video-1973-1\" width=\"640\" height=\"360\" poster=\"https:\/\/oso.edu.pl\/wp-content\/uploads\/2023\/03\/okladka-podnosnik-OSO.jpg\" preload=\"metadata\" controls=\"controls\"><source type=\"video\/mp4\" src=\"https:\/\/oso.edu.pl\/wp-content\/uploads\/2023\/03\/podnosnik-OSO.EDU_.PL-OSO-1-1.mp4?_=1\" \/><a href=\"https:\/\/oso.edu.pl\/wp-content\/uploads\/2023\/03\/podnosnik-OSO.EDU_.PL-OSO-1-1.mp4\">https:\/\/oso.edu.pl\/wp-content\/uploads\/2023\/03\/podnosnik-OSO.EDU_.PL-OSO-1-1.mp4<\/a><\/video><\/div>\n<h2>Kursus p\u00e5 station\u00e6re mobile platforme - detaljer<\/h2>\n<p>Klasserne er beregnet til personer, der \u00f8nsker at kvalificere sig som operat\u00f8r. At gennemf\u00f8re kurset og best\u00e5 eksamen er tilstr\u00e6kkeligt til at opn\u00e5 de kvalifikationer, der kr\u00e6ves af Office of Technical Inspection og passende forberedelse til arbejdet. Vi kr\u00e6ver ikke erfaring eller viden inden for driftsomr\u00e5det af studerende. Der kan dog deltage i undervisningen af erfarne personer, der fx har arbejdet som operat\u00f8rassistent - i grupper for s\u00e5danne personer kan materialets omfang v\u00e6re reduceret af un\u00f8dvendige elementer.<\/p>\n<p>Den tid, der kr\u00e6ves for at opn\u00e5 kvalifikationer, er fra omkring 8 timer (erfarne personer) til omkring 20-35 timer (begynderelever).<\/p>\n<p>Kurset &quot;Station\u00e6re Mobile Arbejdsplatforme&quot; er som f\u00f8lger:<\/p>\n<ul>\n<li>Teoretiske klasser - station\u00e6re eller online: information om sikkerhedsregler, tekniske inspektionsforskrifter, enhedskonstruktion, applikationer, operat\u00f8rens pligter under arbejdet<\/li>\n<li>Praktiske klasser - l\u00e6re at bruge udstyret p\u00e5 man\u00f8vreg\u00e5rd\/hal<\/li>\n<li><a href=\"https:\/\/oso.edu.pl\/da\/szkolenia\/uprawnienia-udt-wdt-tdt\/szkolenia-na-suwnice\/egzamin\/\">UDT eksamen<\/a> - uddannelserne afsluttes med en statseksamen, som udf\u00f8res af UDT-inspekt\u00f8rer (fra Warszawa eller en af filialerne i hele Polen). En kandidat, der best\u00e5r eksamen, opn\u00e5r kvalifikationer til II P kategori mobile platforme: station\u00e6re og h\u00e6ngende.<\/li>\n<\/ul>\n<p>For at v\u00e6lge dato og sted for tr\u00e6ning for mobile platforme (Warszawa, Katowice, Krakow og andre store byer), g\u00e5 til hjemmesiden for vores bookingsystem: <a href=\"http:\/\/www.platformaedukacji.pl\">www.platformaedukacji.pl<\/a>. Tr\u00e6ningspladsen reserveres efter tilf\u00f8jelse af produktet i kurven og betaling.<\/p>\n<p>Hvis du har yderligere sp\u00f8rgsm\u00e5l: er interesseret i andre kurser (til stigninger, langsomtk\u00f8rende mobile elevatorer osv.), vil du gerne arrangere tr\u00e6ning for virksomhedens medarbejdere, <a href=\"https:\/\/oso.edu.pl\/da\/kontakt\/\">kontakt os venligst<\/a> p\u00e5 telefon eller e-mail.<\/p>\n<p>&nbsp;<\/p>","protected":false},"excerpt":{"rendered":"<p>Zgodnie z przepisami o dozorze technicznym, podest ruchomy stacjonarny jest urz\u0105dzeniem transportu bliskiego, kt\u00f3ry obj\u0119ty jest dozorem technicznym. Taki zapis oznacza szereg obowi\u0105zk\u00f3w dla operator\u00f3w, w tym konieczno\u015b\u0107 prowadzenia odpowiedniej dokumentacji, dokonywania regularnych przegl\u0105d\u00f3w technicznych. Przede wszystkim jednak \u2013 to wym\u00f3g posiadania uprawnie\u0144 UDT do obs\u0142ugi podest\u00f3w. Kurs operatora podest\u00f3w ruchomych stacjonarnych to spos\u00f3b na [&hellip;]<\/p>\n","protected":false},"author":3,"featured_media":2628,"parent":1739,"menu_order":0,"comment_status":"closed","ping_status":"closed","template":"","meta":{"footnotes":""},"class_list":["post-1973","page","type-page","status-publish","has-post-thumbnail","hentry"],"aioseo_notices":[],"_links":{"self":[{"href":"https:\/\/oso.edu.pl\/da\/wp-json\/wp\/v2\/pages\/1973","targetHints":{"allow":["GET"]}}],"collection":[{"href":"https:\/\/oso.edu.pl\/da\/wp-json\/wp\/v2\/pages"}],"about":[{"href":"https:\/\/oso.edu.pl\/da\/wp-json\/wp\/v2\/types\/page"}],"author":[{"embeddable":true,"href":"https:\/\/oso.edu.pl\/da\/wp-json\/wp\/v2\/users\/3"}],"replies":[{"embeddable":true,"href":"https:\/\/oso.edu.pl\/da\/wp-json\/wp\/v2\/comments?post=1973"}],"version-history":[{"count":7,"href":"https:\/\/oso.edu.pl\/da\/wp-json\/wp\/v2\/pages\/1973\/revisions"}],"predecessor-version":[{"id":2935,"href":"https:\/\/oso.edu.pl\/da\/wp-json\/wp\/v2\/pages\/1973\/revisions\/2935"}],"up":[{"embeddable":true,"href":"https:\/\/oso.edu.pl\/da\/wp-json\/wp\/v2\/pages\/1739"}],"wp:featuredmedia":[{"embeddable":true,"href":"https:\/\/oso.edu.pl\/da\/wp-json\/wp\/v2\/media\/2628"}],"wp:attachment":[{"href":"https:\/\/oso.edu.pl\/da\/wp-json\/wp\/v2\/media?parent=1973"}],"curies":[{"name":"wp","href":"https:\/\/api.w.org\/{rel}","templated":true}]}}