{"id":1986,"date":"2021-08-18T13:25:35","date_gmt":"2021-08-18T13:25:35","guid":{"rendered":"https:\/\/oso.edu.pl\/?page_id=1986"},"modified":"2022-09-20T10:56:03","modified_gmt":"2022-09-20T10:56:03","slug":"handtering-af-et-sakseloft","status":"publish","type":"page","link":"https:\/\/oso.edu.pl\/da\/szkolenia\/uprawnienia-udt-wdt-tdt\/obsluga-zwyzek-nozycowych\/","title":{"rendered":"Sakselifteservice - kursus for operat\u00f8rer"},"content":{"rendered":"<p><a href=\"https:\/\/oso.edu.pl\/wp-content\/uploads\/2021\/08\/oso.edu_.pl-opublikowane-v2.jpg\"><img decoding=\"async\" class=\"paddingleft10 wp-image-2018 size-medium alignleft\" src=\"https:\/\/oso.edu.pl\/wp-content\/uploads\/2021\/08\/oso.edu_.pl-opublikowane-v2-300x221.jpg\" alt=\"Sakselifte - enheder omfattet af UDT teknisk tilsyn, der kr\u00e6ver kvalifikationer\" width=\"300\" height=\"221\" srcset=\"https:\/\/oso.edu.pl\/wp-content\/uploads\/2021\/08\/oso.edu_.pl-opublikowane-v2-300x221.jpg 300w, https:\/\/oso.edu.pl\/wp-content\/uploads\/2021\/08\/oso.edu_.pl-opublikowane-v2-1024x754.jpg 1024w, https:\/\/oso.edu.pl\/wp-content\/uploads\/2021\/08\/oso.edu_.pl-opublikowane-v2-768x565.jpg 768w, https:\/\/oso.edu.pl\/wp-content\/uploads\/2021\/08\/oso.edu_.pl-opublikowane-v2-1536x1130.jpg 1536w, https:\/\/oso.edu.pl\/wp-content\/uploads\/2021\/08\/oso.edu_.pl-opublikowane-v2-135x100.jpg 135w, https:\/\/oso.edu.pl\/wp-content\/uploads\/2021\/08\/oso.edu_.pl-opublikowane-v2.jpg 2000w\" sizes=\"(max-width: 300px) 100vw, 300px\" \/><\/a>Saksel\u00f8ftkurset forbereder dig grundigt til at arbejde som operat\u00f8r. F\u00f8rst og fremmest g\u00f8r det det lettere at best\u00e5 den UDT-eksamen, der er n\u00f8dvendig for at opn\u00e5 kvalifikationer. Studieordningen er fleksibel og er designet til b\u00e5de dem uden erfaring og dem, der \u00f8nsker at f\u00e6rdigg\u00f8re deres kvalifikationer. Giver teoretisk og praktisk forberedelse.<\/p>\n<h2>Tr\u00e6ningskurser forberedelse til UDT-eksamener<\/h2>\n<p>Autorisationerne givet af Kontoret for Teknisk Tilsyn (UDT) muligg\u00f8r udf\u00f8relse af arbejder p\u00e5 alle typer platforme, der er omfattet af teknisk tilsyn. For mobile platforme (herunder sakselifte) gives disse kvalifikationer for 5 \u00e5r.<\/p>\n<div class=\"filmw\">\n<div class=\"responsive-youtube\" style=\"text-align: center;\"><iframe title=\"YouTube-videoafspiller\" src=\"https:\/\/www.youtube.com\/embed\/MRm9OZ8kDhU\" width=\"560\" height=\"315\" frameborder=\"0\" allowfullscreen=\"allowfullscreen\"><\/iframe><\/div>\n<\/div>\n<p>Saksel\u00f8ft kursusprogrammet er designet til at forberede sig til eksamen. Den teoretiske og praktiske uddannelse (UDT gennemf\u00f8rer eksamen i denne form) omfatter bl.a.<\/p>\n<ul>\n<li>Oplysninger om maskinkonstruktion, sikker betjening og brug af manualen<\/li>\n<li>Driftsregler<\/li>\n<li>Teknisk inspektion af enheder<\/li>\n<li>Praktiske \u00f8velser i brug af saksel\u00f8ft<\/li>\n<\/ul>\n<p>Detaljer om prisstigningsforl\u00f8bet (pris, antal timer, uddannelsessted) fastl\u00e6gges ved individuel kontakt med klienten. Centret arrangerer \u00e5bne uddannelser, som alle interesserede kan deltage i, og lukkede uddannelser - i dette tilf\u00e6lde deltager kun medarbejdere ansat i en given virksomhed.<\/p>\n<p>Undervisningen kan ogs\u00e5 deltage af personer uden tidligere erfaring med betjening af sakselifte. I deres tilf\u00e6lde er kursets varighed l\u00e6ngere, men de f\u00e5r fuld viden, der er n\u00f8dvendig for at best\u00e5 UDT-eksamenen. Erfarne personer kan deltage i en forkortet version af uddannelsen for at udfylde den n\u00f8dvendige information. Onlinekurser er ogs\u00e5 tilg\u00e6ngelige for s\u00e5danne mennesker.<\/p>\n<h2>Kvalifikationer til elevatorer - besk\u00e6ftigelsesmuligheder<\/h2>\n<p>Uddannelse gennemf\u00f8rt og optjent <a href=\"https:\/\/oso.edu.pl\/da\/szkolenia\/uprawnienia-udt-wdt-tdt\/szkolenia-na-suwnice\/egzamin\/\">UDT-kvalifikationer<\/a> giver dig mulighed for hurtigt at finde besk\u00e6ftigelse i faget. Riser-operat\u00f8rer efterlyses blandt andet i:<\/p>\n<ul>\n<li>Bygge- og renoveringsfirmaer<\/li>\n<li>Kraftv\u00e6rker - i teams, der besk\u00e6ftiger sig med reparation og udskiftning af belysning<\/li>\n<li>Virksomheder, der besk\u00e6ftiger sig med bevarelse af monumenter, reng\u00f8ring af glasoverflader i bygninger<\/li>\n<li>Anl\u00e6g med egne h\u00f8jlagre og fabrikshaller<\/li>\n<li>Reklamefirmaer - i arbejder relateret til montering af bannere og reklametavler, samt i opf\u00f8relse af stande p\u00e5 messer<\/li>\n<\/ul>\n<p>Ved at investere i dit eget udstyr kan du ogs\u00e5 levere liftudlejning og udf\u00f8re dit eget arbejde.<\/p>\n<p><a href=\"https:\/\/oso.edu.pl\/wp-content\/uploads\/2021\/08\/oso.edu_.pl-0014-Zwyzki-nozycowe-i-wysiegnikowe.jpg\"><img decoding=\"async\" class=\"alignnone wp-image-1989 size-large\" src=\"https:\/\/oso.edu.pl\/wp-content\/uploads\/2021\/08\/oso.edu_.pl-0014-Zwyzki-nozycowe-i-wysiegnikowe-1024x853.jpg\" alt=\"Drift af sakselifte kr\u00e6ver en licens bekr\u00e6ftet af Kontoret for Teknisk Inspektion\" width=\"750\" height=\"625\" srcset=\"https:\/\/oso.edu.pl\/wp-content\/uploads\/2021\/08\/oso.edu_.pl-0014-Zwyzki-nozycowe-i-wysiegnikowe-1024x853.jpg 1024w, https:\/\/oso.edu.pl\/wp-content\/uploads\/2021\/08\/oso.edu_.pl-0014-Zwyzki-nozycowe-i-wysiegnikowe-300x250.jpg 300w, https:\/\/oso.edu.pl\/wp-content\/uploads\/2021\/08\/oso.edu_.pl-0014-Zwyzki-nozycowe-i-wysiegnikowe-768x640.jpg 768w, https:\/\/oso.edu.pl\/wp-content\/uploads\/2021\/08\/oso.edu_.pl-0014-Zwyzki-nozycowe-i-wysiegnikowe.jpg 1200w\" sizes=\"(max-width: 750px) 100vw, 750px\" \/><\/a><\/p>","protected":false},"excerpt":{"rendered":"<p>Kurs na podno\u015bnik no\u017cycowy kompleksowo przygotowuje do pracy w zawodzie operatora. Przede wszystkim u\u0142atwia zdanie egzaminu UDT niezb\u0119dnego do otrzymania uprawnie\u0144. Program zaj\u0119\u0107 jest elastyczny i zosta\u0142 stworzony z my\u015bl\u0105 zar\u00f3wno o osobach bez do\u015bwiadczenia, jak i tych, kt\u00f3re chc\u0105 uzupe\u0142ni\u0107 kwalifikacje. Zapewnia przygotowanie teoretyczne oraz praktyczne. Szkolenia przygotowuj\u0105ce do egzamin\u00f3w UDT Uprawnienia przyznawane przez [&hellip;]<\/p>\n","protected":false},"author":3,"featured_media":2018,"parent":1739,"menu_order":0,"comment_status":"closed","ping_status":"closed","template":"","meta":{"footnotes":""},"class_list":["post-1986","page","type-page","status-publish","has-post-thumbnail","hentry"],"aioseo_notices":[],"_links":{"self":[{"href":"https:\/\/oso.edu.pl\/da\/wp-json\/wp\/v2\/pages\/1986","targetHints":{"allow":["GET"]}}],"collection":[{"href":"https:\/\/oso.edu.pl\/da\/wp-json\/wp\/v2\/pages"}],"about":[{"href":"https:\/\/oso.edu.pl\/da\/wp-json\/wp\/v2\/types\/page"}],"author":[{"embeddable":true,"href":"https:\/\/oso.edu.pl\/da\/wp-json\/wp\/v2\/users\/3"}],"replies":[{"embeddable":true,"href":"https:\/\/oso.edu.pl\/da\/wp-json\/wp\/v2\/comments?post=1986"}],"version-history":[{"count":3,"href":"https:\/\/oso.edu.pl\/da\/wp-json\/wp\/v2\/pages\/1986\/revisions"}],"predecessor-version":[{"id":2578,"href":"https:\/\/oso.edu.pl\/da\/wp-json\/wp\/v2\/pages\/1986\/revisions\/2578"}],"up":[{"embeddable":true,"href":"https:\/\/oso.edu.pl\/da\/wp-json\/wp\/v2\/pages\/1739"}],"wp:featuredmedia":[{"embeddable":true,"href":"https:\/\/oso.edu.pl\/da\/wp-json\/wp\/v2\/media\/2018"}],"wp:attachment":[{"href":"https:\/\/oso.edu.pl\/da\/wp-json\/wp\/v2\/media?parent=1986"}],"curies":[{"name":"wp","href":"https:\/\/api.w.org\/{rel}","templated":true}]}}