{"id":2327,"date":"2022-06-28T10:01:56","date_gmt":"2022-06-28T10:01:56","guid":{"rendered":"https:\/\/oso.edu.pl\/?page_id=2327"},"modified":"2023-03-15T00:28:49","modified_gmt":"2023-03-14T23:28:49","slug":"udt-tilladelser","status":"publish","type":"page","link":"https:\/\/oso.edu.pl\/da\/szkolenia\/uprawnienia-udt-wdt-tdt\/uprawnienia-udt\/","title":{"rendered":"Kursus for mobile platforme - f\u00e5 UDT-kvalifikationer!"},"content":{"rendered":"<div class=\"wp-block-image\">\n<figure class=\"alignright size-large is-resized\"><img decoding=\"async\" src=\"https:\/\/oso.edu.pl\/wp-content\/uploads\/2022\/06\/100_0196-1024x768-1.jpg\" alt=\"Arbejder p\u00e5 butiksgulvet\" width=\"353\" height=\"265\"\/><\/figure>\n<\/div>\n\n\n<p>Bliv certificeret liftf\u00f8rer, og udvid dine faglige kvalifikationer.&nbsp;<\/p>\n\n\n\n<h2 class=\"wp-block-heading\"><strong>Hvad vil jeg l\u00e6re i l\u00f8bet af kurset?<\/strong>&nbsp;<\/h2>\n\n\n\n<ul class=\"wp-block-list\">\n<li>Hvad er mobile platforme egentlig, og hvor kan de bruges?&nbsp;<\/li>\n\n\n\n<li>Rulletrapper og deres typer,&nbsp;<\/li>\n\n\n\n<li>Nyheder om den tekniske overv\u00e5gning af enheden,&nbsp;<\/li>\n\n\n\n<li>Operat\u00f8rens opgaver p\u00e5 jobbet - f\u00f8r, under og efter arbejdet,&nbsp;<\/li>\n\n\n\n<li>Principper for sundhed og sikkerhed.&nbsp;<\/li>\n<\/ul>\n\n\n\n<h2 class=\"wp-block-heading\"><strong>Hvorfor er det v\u00e6rd at v\u00e6lge os?<\/strong>&nbsp;<\/h2>\n\n\n\n<ul class=\"wp-block-list\">\n<li>Vi giver dig mulighed for at tilegne dig den n\u00f8dvendige viden og de n\u00f8dvendige kvalifikationer,&nbsp;<\/li>\n\n\n\n<li>Vi underviser i brugen af flere enheder,&nbsp;<\/li>\n\n\n\n<li>Vi kombinerer teori og praksis,&nbsp;<\/li>\n\n\n\n<li>Vi har kun professionelle medarbejdere.&nbsp;<\/li>\n<\/ul>\n\n\n\n<figure class=\"wp-block-embed is-type-video is-provider-youtube wp-block-embed-youtube wp-embed-aspect-16-9 wp-has-aspect-ratio\"><div class=\"wp-block-embed__wrapper\">\n<iframe title=\"UDT-OPERAT\u00d8RKURSUS TIL MOBILE PLATFORME\" width=\"750\" height=\"422\" src=\"https:\/\/www.youtube.com\/embed\/MRm9OZ8kDhU?feature=oembed\" frameborder=\"0\" allow=\"accelerometer; autoplay; clipboard-write; encrypted-media; gyroscope; picture-in-picture; web-share\" allowfullscreen><\/iframe>\n<\/div><\/figure>\n\n\n\n<h2 class=\"wp-block-heading\"><strong>Hvor finder kurset for mobile platforme sted?<\/strong>&nbsp;<\/h2>\n\n\n\n<p>Som en del af vores kursus tilbyder vi dig at l\u00e6re den teoretiske del ogs\u00e5 i tilstanden <strong>FJERN<\/strong>! L\u00e6r hvor og hvorn\u00e5r du vil! Derudover f\u00e5r du adgang til live webinarer p\u00e5 vores e-learning-platform med mulighed for at afspille dem igen og igen. Til den praktiske del inviterer vi dig til tr\u00e6ningslokalet i vores virksomhed, som ligger i Warszawa. Vi tilbyder ogs\u00e5 rejser til kunden, s\u00e5 vi tr\u00e6ner fagfolk over hele Polen.&nbsp;<\/p>\n\n\n\n<figure class=\"wp-block-image size-large is-resized\"><img decoding=\"async\" src=\"https:\/\/oso.edu.pl\/wp-content\/uploads\/2022\/06\/operatorzy.edu_.pl-0013-skyjack-4632-electric-scissor-lift.jpg\" alt=\"UDT-certifikat\" width=\"840\" height=\"421\"\/><\/figure>\n\n\n\n<h2 class=\"wp-block-heading\"><strong>Typer af mobile platforme<\/strong>&nbsp;<\/h2>\n\n\n\n<p>Rulletrapper er l\u00f8fteanordninger, der bruges under bygge- og installationsarbejde i h\u00f8jden. De bruges hovedsageligt til at l\u00f8fte personer og materialer til en bestemt arbejdsstation, b\u00e5de vertikalt og horisontalt. De grundl\u00e6ggende elementer er bommen og arbejdsplatformen. Med hensyn til designfunktioner kan disse enheder opdeles i tre grupper:&nbsp;<\/p>\n\n\n\n<figure class=\"wp-block-table\"><table><tbody><tr><td><strong>&nbsp;<\/strong>&nbsp;<\/td><td><strong>Mast klatreplatforme<\/strong>&nbsp;<\/td><td><strong>H\u00e6ngende mobile platforme<\/strong>&nbsp;<\/td><td><strong>Mobile mobile platforme<\/strong>&nbsp;<\/td><\/tr><tr><td><strong>Sk\u00e6bne<\/strong>&nbsp;<\/td><td>at flytte mennesker p\u00e5 en platform, der er h\u00e6vet p\u00e5 en mast monteret p\u00e5 et chassis, der g\u00f8r det muligt for enheden at passere.&nbsp;<\/td><td>forflytning af personer ved hj\u00e6lp af arbejdsplatforme (kurve) s\u00e6nket ned i reb og oph\u00e6ngt i s\u00e6rlige bj\u00e6lker placeret p\u00e5 bygningens tag.&nbsp;<\/td><td>bev\u00e6gelsen af personer, der udf\u00f8rer arbejde fra arbejdsplatformen, forudsat at personerne g\u00e5r ind og ud af platformen ved dens ene definerede adgangsposition.&nbsp;<\/td><\/tr><\/tbody><\/table><\/figure>\n\n\n<div style=\"width: 640px;\" class=\"wp-video\"><video id=\"video-2327-1\" width=\"640\" height=\"360\" poster=\"https:\/\/oso.edu.pl\/wp-content\/uploads\/2023\/03\/okladka-podnosnik-OSO.jpg\" preload=\"metadata\" controls=\"controls\"><source type=\"video\/mp4\" src=\"https:\/\/oso.edu.pl\/wp-content\/uploads\/2023\/03\/podnosnik-OSO.EDU_.PL-OSO-1-1.mp4?_=1\" \/><a href=\"https:\/\/oso.edu.pl\/wp-content\/uploads\/2023\/03\/podnosnik-OSO.EDU_.PL-OSO-1-1.mp4\">https:\/\/oso.edu.pl\/wp-content\/uploads\/2023\/03\/podnosnik-OSO.EDU_.PL-OSO-1-1.mp4<\/a><\/video><\/div>\n\n\n<h2 class=\"wp-block-heading\"><strong>Hvad koster kurset?<\/strong>&nbsp;<\/h2>\n\n\n\n<p>For at tjekke kursusprisen bedes du kontakte os, enten pr. telefon eller via foresp\u00f8rgselsformularen.&nbsp;&nbsp;<\/p>\n\n\n\n<figure class=\"wp-block-image size-large is-resized\"><img decoding=\"async\" src=\"https:\/\/oso.edu.pl\/wp-content\/uploads\/2022\/06\/DSC01004.png\" alt=\"inspektioner med forskellige typer mobile platforme med signatur\" width=\"830\" height=\"516\"\/><\/figure>\n\n\n\n<h2 class=\"wp-block-heading\"><strong>Om os<\/strong>&nbsp;<\/h2>\n\n\n\n<p>I mere end 15 \u00e5r har vi leveret omfattende tr\u00e6ningstjenester til forskellige faggrupper. Vi bruger moderne tr\u00e6ningsteknikker og raffinerede l\u00e6seplaner. Vores tilbud omfatter kurser som f.eks: UDT, energi - G1, termisk G2, gas G3, HDS, samt. <a href=\"https:\/\/oso.edu.pl\/da\/szkolenia\/bhp\/\">sikkerhedstr\u00e6ning<\/a>, <a href=\"https:\/\/oso.edu.pl\/da\/szkolenia\/ppoz\/\">BRAND<\/a> og f\u00f8rstehj\u00e6lp, h\u00f8jde, svejsning og mange flere.&nbsp;&nbsp;&nbsp;<\/p>\n\n\n\n<p><strong>Har du flere sp\u00f8rgsm\u00e5l? <a href=\"https:\/\/oso.edu.pl\/da\/kontakt\/\">Du er velkommen til at ringe til os!<\/a><\/strong><\/p>\n\n\n\n<figure class=\"wp-block-image size-large is-resized\"><img decoding=\"async\" src=\"https:\/\/oso.edu.pl\/wp-content\/uploads\/2022\/06\/oso.edu_.pl-0013-opublikowany-Podesty-ruchome-konserwacja.jpg\" alt=\"Mobile platforme\" width=\"823\" height=\"686\"\/><\/figure>","protected":false},"excerpt":{"rendered":"<p>Zosta\u0144 certyfikowanym operatorem podest\u00f3w ruchomych i rozszerz swoje kwalifikacje zawodowe.&nbsp; Czego dowiem si\u0119 w trakcie kursu?&nbsp; Dlaczego warto wybra\u0107 w\u0142a\u015bnie nas?&nbsp; Gdzie odb\u0119dzie si\u0119 kurs na podesty ruchome?&nbsp; W ramach naszego kursu proponujemy Ci nauk\u0119 cz\u0119\u015bci teoretycznej r\u00f3wnie\u017c w trybie ZDALNYM! Ucz si\u0119, gdzie i kiedy chcesz! Dodatkowo, na naszej platformie e\u2013learningowej otrzymasz dost\u0119p do [&hellip;]<\/p>\n","protected":false},"author":3,"featured_media":2330,"parent":1739,"menu_order":0,"comment_status":"closed","ping_status":"closed","template":"","meta":{"footnotes":""},"class_list":["post-2327","page","type-page","status-publish","has-post-thumbnail","hentry"],"aioseo_notices":[],"_links":{"self":[{"href":"https:\/\/oso.edu.pl\/da\/wp-json\/wp\/v2\/pages\/2327","targetHints":{"allow":["GET"]}}],"collection":[{"href":"https:\/\/oso.edu.pl\/da\/wp-json\/wp\/v2\/pages"}],"about":[{"href":"https:\/\/oso.edu.pl\/da\/wp-json\/wp\/v2\/types\/page"}],"author":[{"embeddable":true,"href":"https:\/\/oso.edu.pl\/da\/wp-json\/wp\/v2\/users\/3"}],"replies":[{"embeddable":true,"href":"https:\/\/oso.edu.pl\/da\/wp-json\/wp\/v2\/comments?post=2327"}],"version-history":[{"count":5,"href":"https:\/\/oso.edu.pl\/da\/wp-json\/wp\/v2\/pages\/2327\/revisions"}],"predecessor-version":[{"id":2933,"href":"https:\/\/oso.edu.pl\/da\/wp-json\/wp\/v2\/pages\/2327\/revisions\/2933"}],"up":[{"embeddable":true,"href":"https:\/\/oso.edu.pl\/da\/wp-json\/wp\/v2\/pages\/1739"}],"wp:featuredmedia":[{"embeddable":true,"href":"https:\/\/oso.edu.pl\/da\/wp-json\/wp\/v2\/media\/2330"}],"wp:attachment":[{"href":"https:\/\/oso.edu.pl\/da\/wp-json\/wp\/v2\/media?parent=2327"}],"curies":[{"name":"wp","href":"https:\/\/api.w.org\/{rel}","templated":true}]}}