{"id":2435,"date":"2022-08-11T11:43:51","date_gmt":"2022-08-11T11:43:51","guid":{"rendered":"https:\/\/oso.edu.pl\/?page_id=2435"},"modified":"2023-03-14T15:18:01","modified_gmt":"2023-03-14T14:18:01","slug":"tanke-overforbare","status":"publish","type":"page","link":"https:\/\/oso.edu.pl\/da\/szkolenia\/sep-g1-g2-g3\/sprezarki\/zbiorniki-przenosne\/","title":{"rendered":"P\u00e5fyldningsuddannelse for transportable tanke"},"content":{"rendered":"<div class=\"wp-block-image\">\n<figure class=\"alignright size-large is-resized\"><img decoding=\"async\" src=\"https:\/\/oso.edu.pl\/wp-content\/uploads\/2022\/08\/2-4.jpeg\" alt=\"UDT-kvalifikationer\" width=\"400\" height=\"267\"\/><\/figure>\n<\/div>\n\n\n<p>De personer, der er ansvarlige for vedligeholdelse og p\u00e5fyldning af transportable beholdere med flydende, komprimerede og opl\u00f8ste gasser, skal v\u00e6re kvalificerede og autoriserede til at udf\u00f8re dette. Derfor kan du finde kurser i p\u00e5fyldning og vedligeholdelse af transportable tanke i vores tilbud.&nbsp;&nbsp;<\/p>\n\n\n\n<p>Uddannelsen er designet til at forberede dig b\u00e5de teoretisk og praktisk til selv at betjene tankene.&nbsp;&nbsp;<\/p>\n\n\n\n<h2 class=\"wp-block-heading\"><strong>Hvordan ser uddannelsen ud?\u00a0<\/strong><\/h2>\n\n\n\n<p>Den teoretiske del er helliget konstruktionen af udstyret, teknisk overv\u00e5gning samt p\u00e5fyldning af tanke i henhold til sundheds- og sikkerhedsretningslinjer. I den praktiske del oms\u00e6tter kursisterne deres erhvervede viden til praksis. I slutningen af kurset er deltagerne ogs\u00e5 forberedt p\u00e5 at tage en eksamen hos den tekniske inspektionsmyndighed. Vi har veluddannede og erfarne instrukt\u00f8rer, som altid er til r\u00e5dighed og villige til at hj\u00e6lpe. Vi stiller ogs\u00e5 masser af undervisningsmateriale til r\u00e5dighed, s\u00e5 du effektivt kan absorbere den information, du har tilegnet dig. Vi har en individuel tilgang til vores kursister, og timingen og omfanget af kurset er skr\u00e6ddersyet til deres behov.&nbsp;&nbsp;<\/p>\n\n\n\n<h2 class=\"wp-block-heading\"><strong>For at deltage i uddannelsen skal du opfylde f\u00f8lgende krav:\u00a0\u00a0<\/strong><\/h2>\n\n\n\n<ul class=\"wp-block-list\">\n<li>v\u00e6re mindst 18 \u00e5r gammel,&nbsp;&nbsp;<\/li>\n\n\n\n<li>have mindst en grundskoleuddannelse,&nbsp;<\/li>\n\n\n\n<li>har ingen sundhedsm\u00e6ssige kontraindikationer.&nbsp;&nbsp;<\/li>\n<\/ul>\n\n\n\n<h2 class=\"wp-block-heading\"><strong>Hvor meget koster kurset?\u00a0<\/strong><\/h2>\n\n\n\n<p>Prisen for tr\u00e6ning fasts\u00e6ttes individuelt afh\u00e6ngigt af antallet af personer, for st\u00f8rre grupper er der mulighed for attraktive rabatter. Detaljerede oplysninger om kurset kan findes p\u00e5 vores hjemmeside. Hvis du har sp\u00f8rgsm\u00e5l, er du velkommen til at kontakte os.&nbsp;<\/p>\n\n\n<div class=\"wp-block-image\">\n<figure class=\"alignright size-large is-resized\"><img decoding=\"async\" src=\"https:\/\/oso.edu.pl\/wp-content\/uploads\/2022\/08\/3-1.jpeg\" alt=\"b\u00e6rbare tanke\" width=\"322\" height=\"213\"\/><\/figure>\n<\/div>\n\n\n<h2 class=\"wp-block-heading\"><strong>Hvad er b\u00e6rbare tanke?\u00a0<\/strong><\/h2>\n\n\n\n<p>Transportable tanke defineres i henhold til bestemmelserne som tanke, der skifter placering mellem p\u00e5fyldning og t\u00f8mning, og k\u00f8ret\u00f8jstanke. Transportable tanke omfatter, men er ikke begr\u00e6nset til:&nbsp;<\/p>\n\n\n\n<ul class=\"wp-block-list\">\n<li>slukningstank,&nbsp;&nbsp;<\/li>\n\n\n\n<li>\u00e5ndedr\u00e6tsv\u00e6rnets bagagerum,&nbsp;&nbsp;<\/li>\n\n\n\n<li>flaske til dykkerudstyr,&nbsp;<\/li>\n\n\n\n<li>tanken i en s\u00e6rlig anordning.&nbsp;&nbsp;<\/li>\n<\/ul>\n\n\n\n<p>I det f\u00f8lgende beskrives de enkelte tanke kort.&nbsp;<\/p>\n\n\n\n<h2 class=\"wp-block-heading\"><strong>Beholdere til brandslukkere\u00a0<\/strong><\/h2>\n\n\n\n<p>Det er en anordning, som normalt er b\u00e6rbar, og som bruges til at slukke brande. Sm\u00e5 brandslukkere anvendes i biler, st\u00f8rre i offentlige og industrielle anl\u00e6g. Brandslukkeren er et vigtigt redskab i tilf\u00e6lde af brand. Det er en b\u00e6rbar eller transportabel r\u00f8d cylinder med et r\u00f8r eller en dyse, hvorigennem slukningsmidlet udledes. De er kendetegnet ved deres lette v\u00e6gt og brugervenlighed. Derfor kan alle bruge dette udstyr, selv personer uden erfaring. Afh\u00e6ngigt af anvendelsesform\u00e5let og den type anl\u00e6g, der skal beskyttes, kan der skelnes mellem flere typer af slukningsbeholdere:&nbsp;<\/p>\n\n\n<div class=\"wp-block-image\">\n<figure class=\"alignright size-large is-resized\"><img decoding=\"async\" src=\"https:\/\/oso.edu.pl\/wp-content\/uploads\/2022\/08\/1-3.jpeg\" alt=\"\u00e5ndedr\u00e6tsudstyr\" width=\"400\" height=\"267\"\/><\/figure>\n<\/div>\n\n\n<ul class=\"wp-block-list\">\n<li>Pulver - slukningsmidlet er pulver, der udledes ved hj\u00e6lp af en komprimeret gas (luft, nitrogen, kuldioxid) ved et tryk p\u00e5 16 atm. Det kan anvendes til faste stoffer, v\u00e6sker og gasser; slukningsapparatet vil v\u00e6re nyttigt til st\u00f8rre brande og sm\u00e5 brandkilder; det best\u00e5r af en cylinder, hvori gassen er anbragt. Driftsomr\u00e5det er -40\u00b0C til +50\u00b0C ; slukkere skal genopfyldes hvert 5. \u00e5r.&nbsp;<\/li>\n\n\n\n<li>Skum - slukningsmidlet er skum, der er skabt af et koncentrat af skumdannende middel og vand, som udst\u00f8des under p\u00e5virkning af komprimeret gas. Det bruges til at slukke organiske faste stoffer, br\u00e6ndbare v\u00e6sker, olier og fedtstoffer.&nbsp;<\/li>\n\n\n\n<li>Sne - slukkeren er fyldt med flydende kuldioxid, som udvider sig ved \u00e5bning og har en temperatur p\u00e5 -80 \u00b0C , danner en form for t\u00f8ris p\u00e5 overfladen og efterlader ingen rester. Slukkeren best\u00e5r af en tykv\u00e6gget cylinder, en fleksibel slange og et r\u00f8r og bruges normalt ved slukning af brandfarlige v\u00e6sker;\u00a0<\/li>\n\n\n\n<li>T\u00e5ge - slukningsmidlet er vandt\u00e5ge eller demineraliseret vand. Den st\u00f8rste fordel ved denne type slukker er, at der ikke sker nogen skade p\u00e5 ejendom, slukkere anvendes p\u00e5 hoteller, i lagerbygninger, garager, butikker osv.&nbsp;<\/li>\n<\/ul>\n\n\n\n<h2 class=\"wp-block-heading\"><strong>Flasker til \u00e5ndedr\u00e6tsudstyr\u00a0<\/strong><\/h2>\n\n\n\n<p>Et \u00e5ndedr\u00e6tsv\u00e6rn er et personligt beskyttelsesudstyr, der anvendes i en luftb\u00e5ren milj\u00f8m\u00e6ssig n\u00f8dsituation. Der kan skelnes mellem to typer beskyttelsesudstyr: isolationsudstyr, som har sin egen ilt- eller luftforsyning, og udstyr, hvortil der tilf\u00f8res luft udefra. En vigtig del af beskyttelsesudstyret er trykluftflasken. Der kan skelnes mellem to typer cylindere:&nbsp;&nbsp;&nbsp;&nbsp;&nbsp;<\/p>\n\n\n\n<figure class=\"wp-block-table\"><table><tbody><tr><td><strong>Type<\/strong>&nbsp;<\/td><td><strong>Definition<\/strong>&nbsp;<\/td><\/tr><tr><td>St\u00e5l&nbsp;<\/td><td>anvendes som supplement til luftudstyr, anvendes som beholder til en standardluftblanding med et tilladt arbejdstryk p\u00e5 300 bar; de er fremstillet af krom-nikkel-molybd\u00e6n-st\u00e5l og vejer ca. 10 kg.&nbsp;<\/td><\/tr><tr><td>Komposit&nbsp;<\/td><td>til brug i forbindelse med \u00e5ndedr\u00e6tsapparater med \u00e5ben kredsl\u00f8b, fremstillet af kulfiber, glasfiber eller epoxyharpiks, patron af aluminium&nbsp;<\/td><\/tr><\/tbody><\/table><\/figure>\n\n\n\n<h2 class=\"wp-block-heading\"><strong>Dykkerflasker\u00a0<\/strong><\/h2>\n\n\n\n<p>En dykkerflaske er en af de vigtigste dele af en dykkers udstyr og er en vigtig del af ethvert \u00e5ndedr\u00e6tsudstyr. Det er en beholder, der er beregnet til at opbevare komprimeret gas. Normalt er s\u00e5danne flasker fremstillet af st\u00e5l eller aluminium. St\u00e5lflasker er ideelle til dykning i ferskvand. Sammenlignet med aluminiumsflasker er de lettere og mere j\u00e6vnt afbalancerede. Desv\u00e6rre korroderer st\u00e5lflasker meget hurtigt og er mere udsat for rustdannelse, is\u00e6r i havvand. N\u00e5r du dykker i saltvand, er en aluminiumsflaske en bedre l\u00f8sning. Den er mere modstandsdygtig over for rust, og saltvandet er ikke s\u00e5 skadeligt. Hver flaske har en hals, en kop, en kappe og en bund. Halsen er placeret \u00f8verst p\u00e5 flasken, og det er her, ventilen er placeret. P\u00e5 koppen er der alle de oplysninger, der er forbundet med den p\u00e5g\u00e6ldende type flaske. Bunden er lavet af det tykkeste lag materiale, st\u00e5lflasker har normalt en rund bund, s\u00e5 de kan st\u00e5 op.  Dykkerflasker har forskellige driftstryk, fra 150 at til 300 at, og varierer i kapacitet fra 1 L til 18 L.&nbsp;&nbsp;<\/p>\n\n\n\n<p>Med venlig hilsen <a href=\"https:\/\/oso.edu.pl\/da\/kontakt\/\">kontakt os venligst<\/a> og udnyt vores tilbud!\u00a0<\/p>\n\n\n\n<figure class=\"wp-block-image size-large is-resized\"><img decoding=\"async\" src=\"https:\/\/oso.edu.pl\/wp-content\/uploads\/2022\/08\/051-Urzadzenia-do-napelniania-i-oprozniania-zbiornikow-transportowych-do-materialow-niebezpiecznych-.jpg\" alt=\"UNO-operat\u00f8r\" width=\"825\" height=\"688\"\/><\/figure>","protected":false},"excerpt":{"rendered":"<p>Osoby, kt\u00f3re s\u0105 odpowiedzialne za konserwacje i nape\u0142nianie zbiornik\u00f3w przeno\u015bnych gazami skroplonymi, spr\u0119\u017conymi i rozpuszczonymi musz\u0105 posiada\u0107 odpowiednie do tego kwalifikacje i uprawnienia. W zwi\u0105zku z tym, w naszej ofercie mog\u0105 Pa\u0144stwo znale\u017a\u0107 kursy z nape\u0142niania oraz obs\u0142ugi zbiornik\u00f3w przeno\u015bnych.&nbsp;&nbsp; Szkolenie ma na celu przygotowa\u0107 w teorii jak i w praktyce do samodzielnej obs\u0142ugi&nbsp; zbiornik\u00f3w.&nbsp;&nbsp; [&hellip;]<\/p>\n","protected":false},"author":3,"featured_media":2437,"parent":2218,"menu_order":0,"comment_status":"closed","ping_status":"closed","template":"","meta":{"footnotes":""},"class_list":["post-2435","page","type-page","status-publish","has-post-thumbnail","hentry"],"aioseo_notices":[],"_links":{"self":[{"href":"https:\/\/oso.edu.pl\/da\/wp-json\/wp\/v2\/pages\/2435","targetHints":{"allow":["GET"]}}],"collection":[{"href":"https:\/\/oso.edu.pl\/da\/wp-json\/wp\/v2\/pages"}],"about":[{"href":"https:\/\/oso.edu.pl\/da\/wp-json\/wp\/v2\/types\/page"}],"author":[{"embeddable":true,"href":"https:\/\/oso.edu.pl\/da\/wp-json\/wp\/v2\/users\/3"}],"replies":[{"embeddable":true,"href":"https:\/\/oso.edu.pl\/da\/wp-json\/wp\/v2\/comments?post=2435"}],"version-history":[{"count":7,"href":"https:\/\/oso.edu.pl\/da\/wp-json\/wp\/v2\/pages\/2435\/revisions"}],"predecessor-version":[{"id":2887,"href":"https:\/\/oso.edu.pl\/da\/wp-json\/wp\/v2\/pages\/2435\/revisions\/2887"}],"up":[{"embeddable":true,"href":"https:\/\/oso.edu.pl\/da\/wp-json\/wp\/v2\/pages\/2218"}],"wp:featuredmedia":[{"embeddable":true,"href":"https:\/\/oso.edu.pl\/da\/wp-json\/wp\/v2\/media\/2437"}],"wp:attachment":[{"href":"https:\/\/oso.edu.pl\/da\/wp-json\/wp\/v2\/media?parent=2435"}],"curies":[{"name":"wp","href":"https:\/\/api.w.org\/{rel}","templated":true}]}}