{"id":2948,"date":"2023-03-15T10:56:53","date_gmt":"2023-03-15T09:56:53","guid":{"rendered":"https:\/\/oso.edu.pl\/?page_id=2948"},"modified":"2023-04-25T19:40:28","modified_gmt":"2023-04-25T17:40:28","slug":"kraner-skinne","status":"publish","type":"page","link":"https:\/\/oso.edu.pl\/da\/szkolenia\/uprawnienia-udt-wdt-tdt\/zurawie-szynowe\/","title":{"rendered":"Kvalifikationer til togkraner - bliv operat\u00f8r eller vedligeholder"},"content":{"rendered":"<p>\u017buraw szynowy, inaczej zwany r\u00f3wnie\u017c wie\u017cowy lub portowy, to d\u017awignica wykorzystywana w portach do za\u0142adunku oraz wy\u0142adunku towar\u00f3w.<\/p>\r\n<p><a href=\"https:\/\/oso.edu.pl\/wp-content\/uploads\/2023\/03\/tfy.jpeg\"><img decoding=\"async\" class=\"aligncenter wp-image-2954 size-large\" src=\"https:\/\/oso.edu.pl\/wp-content\/uploads\/2023\/03\/tfy-1024x576.jpeg\" alt=\"szkolenie na \u017curawia szynowego\" width=\"750\" height=\"422\" srcset=\"https:\/\/oso.edu.pl\/wp-content\/uploads\/2023\/03\/tfy-1024x576.jpeg 1024w, https:\/\/oso.edu.pl\/wp-content\/uploads\/2023\/03\/tfy-300x169.jpeg 300w, https:\/\/oso.edu.pl\/wp-content\/uploads\/2023\/03\/tfy-768x432.jpeg 768w, https:\/\/oso.edu.pl\/wp-content\/uploads\/2023\/03\/tfy-1536x864.jpeg 1536w, https:\/\/oso.edu.pl\/wp-content\/uploads\/2023\/03\/tfy-18x10.jpeg 18w, https:\/\/oso.edu.pl\/wp-content\/uploads\/2023\/03\/tfy.jpeg 1600w\" sizes=\"(max-width: 750px) 100vw, 750px\" \/><\/a><\/p>\r\n<p>Zar\u00f3wno ten typ \u017curawi, jak i ka\u017cdy inny podlega pod doz\u00f3r techniczny, co oznacza, \u017ce aby m\u00f3c by\u0107 operatorem czy konserwatorem, trzeba zda\u0107 egzamin przed komisj\u0105 UDT celem zdobycia uprawnie\u0144. Zanim jednak do niego podejdziesz niezb\u0119dne jest wzi\u0119cie udzia\u0142u w szkoleniu, gdzie zdob\u0119dziesz teoretyczn\u0105 wiedz\u0119, a nast\u0119pnie wykorzystasz j\u0105 podczas praktycznych \u0107wicze\u0144 z maszyn\u0105, poznaj\u0105c jej obs\u0142ug\u0119.<br \/>Nasz o\u015brodek oferuje kursy tak dla przysz\u0142ych operator\u00f3w, jak i konserwator\u00f3w (jedna osoba mo\u017ce zrobi\u0107 oba kursy i stara\u0107 si\u0119 o uprawnienia dla obu stanowisk).<\/p>\r\n<p>Zapraszamy klient\u00f3w indywidualnych, grupy oraz firmy. Na \u017cyczenie klienta kurs mo\u017ce odbywa\u0107 si\u0119 we wskazanym miejscu.<\/p>\r\n<h3><a href=\"https:\/\/oso.edu.pl\/wp-content\/uploads\/2023\/03\/dfx.jpeg\"><img decoding=\"async\" class=\"size-medium wp-image-2952 alignright\" src=\"https:\/\/oso.edu.pl\/wp-content\/uploads\/2023\/03\/dfx-199x300.jpeg\" alt=\"\u017curaw szynowy podczas pracy w porcie\" width=\"199\" height=\"300\" srcset=\"https:\/\/oso.edu.pl\/wp-content\/uploads\/2023\/03\/dfx-199x300.jpeg 199w, https:\/\/oso.edu.pl\/wp-content\/uploads\/2023\/03\/dfx-680x1024.jpeg 680w, https:\/\/oso.edu.pl\/wp-content\/uploads\/2023\/03\/dfx-768x1156.jpeg 768w, https:\/\/oso.edu.pl\/wp-content\/uploads\/2023\/03\/dfx-1020x1536.jpeg 1020w, https:\/\/oso.edu.pl\/wp-content\/uploads\/2023\/03\/dfx-8x12.jpeg 8w, https:\/\/oso.edu.pl\/wp-content\/uploads\/2023\/03\/dfx.jpeg 1063w\" sizes=\"(max-width: 199px) 100vw, 199px\" \/><\/a>Podczas wyk\u0142ad\u00f3w teoretycznych dowiesz si\u0119:<\/h3>\r\n<ul>\r\n<li>czym jest doz\u00f3r techniczny i dlaczego jest tak wa\u017cny,<\/li>\r\n<li>poznasz w\u0142a\u015bciwo\u015bci, funkcj\u0119 i budow\u0119 \u017curawi szynowych,<\/li>\r\n<li>zapoznasz si\u0119 z dokumentacj\u0105 techniczn\u0105 \u017curawi,<\/li>\r\n<li>poznasz prawa i obowi\u0105zki w pracy operatora i\/lub konserwatora,<\/li>\r\n<li>wyst\u0119powanie sytuacji niebezpiecznych &#8211; jak sobie z nimi radzi\u0107 i jak im zapobiega\u0107,<\/li>\r\n<li>eksploatacja, jak w\u0142a\u015bciwie u\u017cywa\u0107\/kontrolowa\u0107 urz\u0105dzenia,<\/li>\r\n<li>bezpieczna obs\u0142uga \u017curawi szynowych,<\/li>\r\n<li>przepisy BHP,<\/li>\r\n<li>ocena stanu technicznego,<\/li>\r\n<li>w\u0142a\u015bciwa konserwacja,<\/li>\r\n<li>naprawa awarii i zapobieganie im.<\/li>\r\n<\/ul>\r\n<p>Nast\u0119pnie ka\u017cdy uczestnik odb\u0119dzie kurs praktyczny, gdzie ca\u0142\u0105 zdobyt\u0105 wiedz\u0119 b\u0119dzie wykorzystywa\u0142 podczas pracy z \u017curawiami i uczy\u0142 si\u0119 bezpiecznej obs\u0142ugi. Konserwatorzy natomiast naucz\u0105 si\u0119 utrzymania maszyn w dobrym stanie i bezpiecznych do u\u017cytkowania przez operatora.<\/p>\r\n<p>Ca\u0142o\u015b\u0107 ko\u0144czy si\u0119 egzaminem zdawanym przed komisj\u0105 UDT, na docelowej maszynie. Pozytywny wynik jest r\u00f3wnoznaczny z otrzymaniem uprawnie\u0144, pozwalaj\u0105cych na prac\u0119 z \u017curawiami szynowymi. Uprawnienia takie wa\u017cne s\u0105 5 lat od daty zdania egzaminu z mo\u017cliwo\u015bci\u0105 ich przed\u0142u\u017cenia. Warunkiem ku temu, jest minimum 3 letnia praca w tym czasie i z\u0142o\u017cenie wniosku, nie p\u00f3\u017aniej ni\u017c 3 miesi\u0105ce przed dat\u0105 ich wyga\u015bni\u0119cia.<\/p>\r\n<h3>Aby wzi\u0105\u0107 udzia\u0142 w szkoleniu, nale\u017cy spe\u0142ni\u0107 nast\u0119puj\u0105ce wymogi:<\/h3>\r\n<ul>\r\n<li>by\u0107 pe\u0142noletnim,<\/li>\r\n<li>mie\u0107 minimum podstawowe wykszta\u0142cenie,<\/li>\r\n<li>brak zdrowotnych przeciwwskaza\u0144 (udokumentowany),<\/li>\r\n<li>odpowiedni stan psychiczny (udokumentowany),<\/li>\r\n<li>znajomo\u015b\u0107 j\u0119zyka polskiego umo\u017cliwiaj\u0105ca swobodn\u0105 komunikacj\u0119 i podej\u015bcie do egzaminu. W przypadku jej braku, konieczna obecno\u015b\u0107 t\u0142umacza przysi\u0119g\u0142ego.<\/li>\r\n<\/ul>\r\n<h2><strong>Mo\u017cliwo\u015bci zawodowe <\/strong><\/h2>\r\n<p><a href=\"https:\/\/oso.edu.pl\/wp-content\/uploads\/2023\/03\/gvh.jpeg\"><img decoding=\"async\" class=\"alignleft wp-image-2953\" src=\"https:\/\/oso.edu.pl\/wp-content\/uploads\/2023\/03\/gvh-300x200.jpeg\" alt=\"szkolenie na \u017curawia szynowego\" width=\"330\" height=\"220\" srcset=\"https:\/\/oso.edu.pl\/wp-content\/uploads\/2023\/03\/gvh-300x200.jpeg 300w, https:\/\/oso.edu.pl\/wp-content\/uploads\/2023\/03\/gvh-1024x683.jpeg 1024w, https:\/\/oso.edu.pl\/wp-content\/uploads\/2023\/03\/gvh-768x512.jpeg 768w, https:\/\/oso.edu.pl\/wp-content\/uploads\/2023\/03\/gvh-1536x1024.jpeg 1536w, https:\/\/oso.edu.pl\/wp-content\/uploads\/2023\/03\/gvh-18x12.jpeg 18w, https:\/\/oso.edu.pl\/wp-content\/uploads\/2023\/03\/gvh.jpeg 1600w\" sizes=\"(max-width: 330px) 100vw, 330px\" \/><\/a>Nasz o\u015brodek zatrudnia osoby z wieloletnim do\u015bwiadczeniem zar\u00f3wno w byciu operatorami i konserwatorami, jak i w przekazywaniu wiedzy. Znamy najnowsze informacje i przepisy zwi\u0105zane z prac\u0105 \u017curawiami. Ucz\u0105c si\u0119 u nas masz pewno\u015b\u0107, \u017ce zdobyta wiedza przyda Ci si\u0119 w przysz\u0142ej pracy. Co wi\u0119cej, maj\u0105c <a href=\"https:\/\/oso.edu.pl\/da\/szkolenia\/uprawnienia-udt-wdt-tdt\/szkolenia-na-suwnice\/egzamin\/\">uprawnienia UDT<\/a> mo\u017cesz pracowa\u0107 nie tylko w Polsce, ale i ca\u0142ej Unii Europejskiej, co zdecydowanie pomaga w zdobyciu dobrze p\u0142atnej pracy, gdy\u017c operatorzy urz\u0105dze\u0144 d\u017awigowych to bardzo potrzebny zaw\u00f3d na rynku pracy. Ponadto, mo\u017cesz te\u017c za\u0142o\u017cy\u0107 w\u0142asn\u0105 firm\u0119. Jedno szkolenie daje Ci wiele mo\u017cliwo\u015bci.<\/p>\r\n<p>A w razie dalszych pyta\u0144 <a href=\"https:\/\/oso.edu.pl\/da\/kontakt\/\">zapraszamy do kontaktu<\/a>.<\/p>\r\n<h2>Pytania i odpowiedzi<\/h2>\r\n\t\t<details\t\thelp class=\"sc_fs_faq sc_card    \"\n\t\t\t\t>\n\t\t\t\t\t<summary>\n\t\t\t\t<h3>Czy ka\u017cdy mo\u017ce wzi\u0105\u0107 udzia\u0142 w szkoleniu?<\/h3>\t\t\t\t\t<\/summary>\n\t\t\t\t<div>\n\t\t\t\t\t\t<div class=\"sc_fs_faq__content\">\n\t\t\t\t\r\n\r\n\r\n<p>Szkolenia s\u0105 zar\u00f3wno dla klient\u00f3w indywidualnych, jak i firm. Uczestnicy kursu musz\u0105 spe\u0142ni\u0107 tylko kilka wymaga\u0144: mie\u0107 18 lat, podstawowe wykszta\u0142cenie, dobre zdrowie fizyczne i psychiczne oraz zna\u0107 j\u0119zyk polski lub mie\u0107 t\u0142umacza przysi\u0119g\u0142ego.\u00a0<\/p>\r\n\t\t\t<\/div>\n\t\t<\/div>\n\t\t<\/details>\n\t\t\t\t<details\t\thelp class=\"sc_fs_faq sc_card    \"\n\t\t\t\t>\n\t\t\t\t\t<summary>\n\t\t\t\t<h3>Czy operator mo\u017ce by\u0107 jednocze\u015bnie konserwatorem?<\/h3>\t\t\t\t\t<\/summary>\n\t\t\t\t<div>\n\t\t\t\t\t\t<div class=\"sc_fs_faq__content\">\n\t\t\t\t\r\n\r\n\r\n<p>Operator mo\u017ce pracowa\u0107 r\u00f3wnie\u017c jako konserwator, pod warunkiem, \u017ce odb\u0119dzie szkolenie i zda egzamin na oba stanowiska.<\/p>\r\n\t\t\t<\/div>\n\t\t<\/div>\n\t\t<\/details>\n\t\t\t\t<details\t\thelp class=\"sc_fs_faq sc_card    \"\n\t\t\t\t>\n\t\t\t\t\t<summary>\n\t\t\t\t<h3>Czy uprawnienia s\u0105 wa\u017cne za granic\u0105?<\/h3>\t\t\t\t\t<\/summary>\n\t\t\t\t<div>\n\t\t\t\t\t\t<div class=\"sc_fs_faq__content\">\n\t\t\t\t\r\n\r\n\r\n<p>Tak, uprawnienia s\u0105 wa\u017cne w Polsce oraz ca\u0142ej Unii Europejskiej.\u00a0<\/p>\r\n\t\t\t<\/div>\n\t\t<\/div>\n\t\t<\/details>\n\t\t\n<script type=\"application\/ld+json\">\n\t{\n\t\t\"@context\": \"https:\/\/schema.org\",\n\t\t\"@type\": \"FAQPage\",\n\t\t\"mainEntity\": [\n\t\t\t\t\t{\n\t\t\t\t\"@type\": \"Question\",\n\t\t\t\t\"name\": \"Czy ka\u017cdy mo\u017ce wzi\u0105\u0107 udzia\u0142 w szkoleniu?\",\n\t\t\t\t\"acceptedAnswer\": {\n\t\t\t\t\t\"@type\": \"Answer\",\n\t\t\t\t\t\"text\": \"<p>Szkolenia s\u0105 zar\u00f3wno dla klient\u00f3w indywidualnych, jak i firm. Uczestnicy kursu musz\u0105 spe\u0142ni\u0107 tylko kilka wymaga\u0144: mie\u0107 18 lat, podstawowe wykszta\u0142cenie, dobre zdrowie fizyczne i psychiczne oraz zna\u0107 j\u0119zyk polski lub mie\u0107 t\u0142umacza przysi\u0119g\u0142ego.\u00a0<\/p>\"\n\t\t\t\t\t\t\t\t\t}\n\t\t\t}\n\t\t\t,\t\t\t\t{\n\t\t\t\t\"@type\": \"Question\",\n\t\t\t\t\"name\": \"Czy operator mo\u017ce by\u0107 jednocze\u015bnie konserwatorem?\",\n\t\t\t\t\"acceptedAnswer\": {\n\t\t\t\t\t\"@type\": \"Answer\",\n\t\t\t\t\t\"text\": \"<p>Operator mo\u017ce pracowa\u0107 r\u00f3wnie\u017c jako konserwator, pod warunkiem, \u017ce odb\u0119dzie szkolenie i zda egzamin na oba stanowiska.<\/p>\"\n\t\t\t\t\t\t\t\t\t}\n\t\t\t}\n\t\t\t,\t\t\t\t{\n\t\t\t\t\"@type\": \"Question\",\n\t\t\t\t\"name\": \"Czy uprawnienia s\u0105 wa\u017cne za granic\u0105?\",\n\t\t\t\t\"acceptedAnswer\": {\n\t\t\t\t\t\"@type\": \"Answer\",\n\t\t\t\t\t\"text\": \"<p>Tak, uprawnienia s\u0105 wa\u017cne w Polsce oraz ca\u0142ej Unii Europejskiej.\u00a0<\/p>\"\n\t\t\t\t\t\t\t\t\t}\n\t\t\t}\n\t\t\t\t\t\t]\n\t}\n<\/script>\n","protected":false},"excerpt":{"rendered":"<p>\u017buraw szynowy, inaczej zwany r\u00f3wnie\u017c wie\u017cowy lub portowy, to d\u017awignica wykorzystywana w portach do za\u0142adunku oraz wy\u0142adunku towar\u00f3w. Zar\u00f3wno ten typ \u017curawi, jak i ka\u017cdy inny podlega pod doz\u00f3r techniczny, co oznacza, \u017ce aby m\u00f3c by\u0107 operatorem czy konserwatorem, trzeba zda\u0107 egzamin przed komisj\u0105 UDT celem zdobycia uprawnie\u0144. Zanim jednak do niego podejdziesz niezb\u0119dne jest [&hellip;]<\/p>\n","protected":false},"author":5,"featured_media":2954,"parent":1739,"menu_order":0,"comment_status":"closed","ping_status":"closed","template":"","meta":{"footnotes":""},"class_list":["post-2948","page","type-page","status-publish","has-post-thumbnail","hentry"],"aioseo_notices":[],"_links":{"self":[{"href":"https:\/\/oso.edu.pl\/da\/wp-json\/wp\/v2\/pages\/2948","targetHints":{"allow":["GET"]}}],"collection":[{"href":"https:\/\/oso.edu.pl\/da\/wp-json\/wp\/v2\/pages"}],"about":[{"href":"https:\/\/oso.edu.pl\/da\/wp-json\/wp\/v2\/types\/page"}],"author":[{"embeddable":true,"href":"https:\/\/oso.edu.pl\/da\/wp-json\/wp\/v2\/users\/5"}],"replies":[{"embeddable":true,"href":"https:\/\/oso.edu.pl\/da\/wp-json\/wp\/v2\/comments?post=2948"}],"version-history":[{"count":4,"href":"https:\/\/oso.edu.pl\/da\/wp-json\/wp\/v2\/pages\/2948\/revisions"}],"predecessor-version":[{"id":2955,"href":"https:\/\/oso.edu.pl\/da\/wp-json\/wp\/v2\/pages\/2948\/revisions\/2955"}],"up":[{"embeddable":true,"href":"https:\/\/oso.edu.pl\/da\/wp-json\/wp\/v2\/pages\/1739"}],"wp:featuredmedia":[{"embeddable":true,"href":"https:\/\/oso.edu.pl\/da\/wp-json\/wp\/v2\/media\/2954"}],"wp:attachment":[{"href":"https:\/\/oso.edu.pl\/da\/wp-json\/wp\/v2\/media?parent=2948"}],"curies":[{"name":"wp","href":"https:\/\/api.w.org\/{rel}","templated":true}]}}