{"id":1231,"date":"2014-11-19T18:04:43","date_gmt":"2014-11-19T18:04:43","guid":{"rendered":"http:\/\/oso.edu.pl\/?page_id=1231"},"modified":"2021-07-04T23:27:25","modified_gmt":"2021-07-04T23:27:25","slug":"risikoabschatzung","status":"publish","type":"page","link":"https:\/\/oso.edu.pl\/de\/uslugi-bhp\/ocena-ryzyka-zawodowego\/","title":{"rendered":"Risikobewertung"},"content":{"rendered":"<div style=\"float: left; padding-right: 10px;\"><div id=\"metaslider-id-629\" style=\"max-width: 300px;\" class=\"ml-slider-3-108-0 metaslider metaslider-flex metaslider-629 ml-slider ms-theme-default nav-hidden\" role=\"region\" aria-label=\"Risikoabsch\u00e4tzung\" data-height=\"225\" data-width=\"300\">\n    <div id=\"metaslider_container_629\">\n        <div id=\"metaslider_629\">\n            <ul class='slides'>\n                <li style=\"display: block; width: 100%;\" class=\"slide-1439 ms-image\" aria-roledescription=\"slide\" data-date=\"2014-11-20 09:10:27\" data-filename=\"ryzyko2.jpg\" data-slide-type=\"image\"><img decoding=\"async\" src=\"https:\/\/oso.edu.pl\/wp-content\/uploads\/2014\/11\/ryzyko2.jpg\" height=\"225\" width=\"300\" alt=\"\" class=\"slider-629 slide-1439 msDefaultImage\" \/><\/li>\n                <li style=\"display: none; width: 100%;\" class=\"slide-1441 ms-image\" aria-roledescription=\"slide\" data-date=\"2014-11-20 09:10:28\" data-filename=\"ryzyko4.jpg\" data-slide-type=\"image\"><img decoding=\"async\" src=\"https:\/\/oso.edu.pl\/wp-content\/uploads\/2014\/11\/ryzyko4.jpg\" height=\"225\" width=\"300\" alt=\"\" class=\"slider-629 slide-1441 msDefaultImage\" \/><\/li>\n                <li style=\"display: none; width: 100%;\" class=\"slide-1438 ms-image\" aria-roledescription=\"slide\" data-date=\"2014-11-20 09:10:26\" data-filename=\"ryzyko1.jpg\" data-slide-type=\"image\"><img decoding=\"async\" src=\"https:\/\/oso.edu.pl\/wp-content\/uploads\/2014\/11\/ryzyko1.jpg\" height=\"225\" width=\"300\" alt=\"\" class=\"slider-629 slide-1438 msDefaultImage\" \/><\/li>\n                <li style=\"display: none; width: 100%;\" class=\"slide-1440 ms-image\" aria-roledescription=\"slide\" data-date=\"2014-11-20 09:10:27\" data-filename=\"ryzyko3.jpg\" data-slide-type=\"image\"><img decoding=\"async\" src=\"https:\/\/oso.edu.pl\/wp-content\/uploads\/2014\/11\/ryzyko3.jpg\" height=\"225\" width=\"300\" alt=\"\" class=\"slider-629 slide-1440 msDefaultImage\" \/><\/li>\n                <li style=\"display: none; width: 100%;\" class=\"slide-1437 ms-image\" aria-roledescription=\"slide\" data-date=\"2014-11-20 09:08:31\" data-filename=\"podesty3a.jpg\" data-slide-type=\"image\"><img decoding=\"async\" src=\"https:\/\/oso.edu.pl\/wp-content\/uploads\/2014\/11\/podesty3a.jpg\" height=\"225\" width=\"300\" alt=\"\" class=\"slider-629 slide-1437 msDefaultImage\" \/><\/li>\n            <\/ul>\n        <\/div>\n        \n    <\/div>\n<\/div><\/div>\n<div class=\"wyjustuj\">\n<p>Berufsrisiko ist anders die Wahrscheinlichkeit des Auftretens von Bedrohungen - unerw\u00fcnschte Ereignisse. Sie k\u00f6nnen Besch\u00e4ftigte in Form von Unf\u00e4llen oder Berufskrankheiten bis hin zum Leben betreffen. Gem\u00e4\u00df den Vorschriften muss der Arbeitgeber f\u00fcr alle Arbeitspl\u00e4tze eine Gef\u00e4hrdungsbeurteilung erstellen und die Arbeitnehmer \u00fcber diese Gef\u00e4hrdung informieren.<\/p>\n<p>Wir leisten umfassende Hilfestellung im Bereich Arbeitssicherheit und Gesundheitsschutz \u2013 eines unserer Spezialgebiete in diesem Bereich ist die Entwicklung von Gef\u00e4hrdungsbeurteilungen am Arbeitsplatz, f\u00fcr die wir verschiedene Methoden einsetzen. Durch die entsprechend gew\u00e4hlte Methodik ist es m\u00f6glich, die Gef\u00e4hrdungen am Arbeitsplatz effektiv und pr\u00e4zise zu ermitteln.<\/p>\n<p><strong>In unserer Arbeit verwenden wir die folgenden Methoden:<\/strong><\/p>\n<ul>\n<li>PHA \u2013 Preliminary Hazard Analysis \u2013 eine Methode zur vorl\u00e4ufigen Gefahrenanalyse<\/li>\n<li>Risikomatrix nach der Norm PN-N-18002 auf einer F\u00fcnf-Punkte-Skala<\/li>\n<li>RISK SCORE - Risikoindikator - qualitative Methode der beruflichen Risikobewertung<\/li>\n<li>KIM - For Hand Leverage - Key Indicators Method<\/li>\n<li>FMEA - Failure Mode and Effect Analysis - Analyse der Arten und Auswirkungen m\u00f6glicher Fehler<\/li>\n<li>REBA - Rapid Entire Body Assessment - schnelle Beurteilung der gesamten K\u00f6rperhaltung w\u00e4hrend der Arbeit<\/li>\n<li>HAZOP - Hazard and Operability Study - Analyse von Bedrohungen und Einsatzm\u00f6glichkeiten<\/li>\n<li>OWAS - Ovako Working Posture Analysis System - ein Verfahren zur statischen Belastungsanalyse<\/li>\n<li>andere Methoden f\u00fcr die sch\u00e4dlichen Faktoren, f\u00fcr die die Messungen durchgef\u00fchrt wurden<\/li>\n<\/ul>\n<p>Wenn Sie m\u00f6chten, dass die Arbeitssicherheit und der Gesundheitsschutz an Ihrem Arbeitsplatz einen hohen Standard haben, w\u00e4hlen Sie <a href=\"https:\/\/oso.edu.pl\/de\/szkolenia\/\">Unsere Leistungen<\/a>!<\/p>\n<\/div>","protected":false},"excerpt":{"rendered":"<p>Ryzyko zawodowe jest inaczej prawdopodobie\u0144stwem wyst\u0119powania zagro\u017ce\u0144 \u2013 zdarze\u0144 niepo\u017c\u0105danych. Mog\u0105 one oddzia\u0142ywa\u0107 na pracownik\u00f3w, w tym na ich \u017cycie w postaci wypadk\u00f3w czy chor\u00f3b zawodowych. Zgodnie z przepisami pracodawca musi przygotowa\u0107 ocen\u0119 ryzyka dla wszystkich stanowisk pracy i poinformowa\u0107 o tym ryzyku pracownik\u00f3w. S\u0142u\u017cymy kompleksow\u0105 pomoc\u0105 w zakresie bezpiecze\u0144stwa i higieny pracy \u2013 jedn\u0105 [&hellip;]<\/p>\n","protected":false},"author":3,"featured_media":0,"parent":1139,"menu_order":0,"comment_status":"closed","ping_status":"closed","template":"","meta":{"footnotes":""},"class_list":["post-1231","page","type-page","status-publish","hentry"],"aioseo_notices":[],"_links":{"self":[{"href":"https:\/\/oso.edu.pl\/de\/wp-json\/wp\/v2\/pages\/1231","targetHints":{"allow":["GET"]}}],"collection":[{"href":"https:\/\/oso.edu.pl\/de\/wp-json\/wp\/v2\/pages"}],"about":[{"href":"https:\/\/oso.edu.pl\/de\/wp-json\/wp\/v2\/types\/page"}],"author":[{"embeddable":true,"href":"https:\/\/oso.edu.pl\/de\/wp-json\/wp\/v2\/users\/3"}],"replies":[{"embeddable":true,"href":"https:\/\/oso.edu.pl\/de\/wp-json\/wp\/v2\/comments?post=1231"}],"version-history":[{"count":1,"href":"https:\/\/oso.edu.pl\/de\/wp-json\/wp\/v2\/pages\/1231\/revisions"}],"predecessor-version":[{"id":1856,"href":"https:\/\/oso.edu.pl\/de\/wp-json\/wp\/v2\/pages\/1231\/revisions\/1856"}],"up":[{"embeddable":true,"href":"https:\/\/oso.edu.pl\/de\/wp-json\/wp\/v2\/pages\/1139"}],"wp:attachment":[{"href":"https:\/\/oso.edu.pl\/de\/wp-json\/wp\/v2\/media?parent=1231"}],"curies":[{"name":"wp","href":"https:\/\/api.w.org\/{rel}","templated":true}]}}