{"id":2061,"date":"2021-10-28T10:01:16","date_gmt":"2021-10-28T10:01:16","guid":{"rendered":"https:\/\/oso.edu.pl\/?page_id=2061"},"modified":"2021-10-28T14:02:41","modified_gmt":"2021-10-28T14:02:41","slug":"ein-staplerfahrer","status":"publish","type":"page","link":"https:\/\/oso.edu.pl\/de\/operator-wozka-widlowego\/","title":{"rendered":"Gabelstaplerkurs mit UDT-Pr\u00fcfung in Warschau"},"content":{"rendered":"<p><strong><a href=\"https:\/\/oso.edu.pl\/wp-content\/uploads\/2021\/10\/wozek-widlowy.jpg\"><img decoding=\"async\" class=\"paddingleft10 alignleft wp-image-2063 size-medium\" src=\"https:\/\/oso.edu.pl\/wp-content\/uploads\/2021\/10\/wozek-widlowy-300x200.jpg\" alt=\"\" width=\"300\" height=\"200\" srcset=\"https:\/\/oso.edu.pl\/wp-content\/uploads\/2021\/10\/wozek-widlowy-300x200.jpg 300w, https:\/\/oso.edu.pl\/wp-content\/uploads\/2021\/10\/wozek-widlowy-1024x683.jpg 1024w, https:\/\/oso.edu.pl\/wp-content\/uploads\/2021\/10\/wozek-widlowy-768x512.jpg 768w, https:\/\/oso.edu.pl\/wp-content\/uploads\/2021\/10\/wozek-widlowy-1536x1024.jpg 1536w, https:\/\/oso.edu.pl\/wp-content\/uploads\/2021\/10\/wozek-widlowy.jpg 1600w\" sizes=\"(max-width: 300px) 100vw, 300px\" \/><\/a>Schulung f\u00fcr Gabelstapler <\/strong>findet in unserer Schulungshalle in Warschau auf unseren Gabelstaplern oder in den R\u00e4umlichkeiten des Kundenunternehmens statt. Der von unserem Zentrum organisierte Kurs besteht aus Teilen:<\/p>\n<ul style=\"position: relative; left: 20px;\">\n<li>Theoretisch<\/li>\n<li>Praktisch<\/li>\n<li>UDT-Pr\u00fcfung<\/li>\n<\/ul>\n<p>Alle Kursteile finden in unserer Schulungshalle in Warschau oder beim Kunden vor Ort statt - freie Fahrt zum Kunden. Der Gabelstapler, auf dem die UDT-Pr\u00fcfung durchgef\u00fchrt wird, muss \u00fcber eine g\u00fcltige UDT-Entscheidung verf\u00fcgen. Die Ausbildung zum Bediener und zum Staplerwartungstechniker endet immer mit einer Staatspr\u00fcfung. Unsere Trainer bereiten sich sowohl in theoretischen als auch in praktischen Teilen gr\u00fcndlich auf das Bestehen der UDT-Pr\u00fcfung vor.<\/p>\n<h2>Wer braucht einen Staplerschein?<\/h2>\n<p class=\"big\">Der Studiengang richtet sich an Menschen, die sich pers\u00f6nlich weiterentwickeln, besser verdienen und einen interessanten Job haben wollen. Wenn Sie Fachkraft f\u00fcr die Wartung eines mit UDT-Berechtigung best\u00e4tigten Gabelstaplers werden m\u00f6chten, laden wir Sie zu unserer Schulung ein.<a href=\"https:\/\/szkolenia-udt.pl\/wp-content\/uploads\/2021\/09\/UDT-ERGON1-e1632345371420.jpg\"><img decoding=\"async\" class=\"aligncenter wp-image-2555 size-large\" src=\"https:\/\/szkolenia-udt.pl\/wp-content\/uploads\/2021\/09\/UDT-ERGON1-e1632345371420-1024x310.jpg\" alt=\"\" width=\"750\" height=\"227\" \/><\/a><\/p>\n<h2>Preis der Schulung f\u00fcr einen Gabelstapler<\/h2>\n<div>Der aktuelle Preis der Staplerschulung wird telefonisch ermittelt.<\/div>\n<div>Bitte kontaktieren Sie uns unter:<\/div>\n<div style=\"text-align: center;\"><a style=\"font-size: 28px; font-weight: bold;\" href=\"Tel:+48504477077\">+48 504 477 077<\/a><\/div>\n<h2 class=\"boldnagl\"><a href=\"https:\/\/oso.edu.pl\/wp-content\/uploads\/2021\/10\/wozek-widlowy_2.jpg\"><img decoding=\"async\" class=\"paddingleft10 alignright wp-image-2064 size-medium\" src=\"https:\/\/oso.edu.pl\/wp-content\/uploads\/2021\/10\/wozek-widlowy_2-200x300.jpg\" alt=\"\" width=\"200\" height=\"300\" srcset=\"https:\/\/oso.edu.pl\/wp-content\/uploads\/2021\/10\/wozek-widlowy_2-200x300.jpg 200w, https:\/\/oso.edu.pl\/wp-content\/uploads\/2021\/10\/wozek-widlowy_2-683x1024.jpg 683w, https:\/\/oso.edu.pl\/wp-content\/uploads\/2021\/10\/wozek-widlowy_2-768x1152.jpg 768w, https:\/\/oso.edu.pl\/wp-content\/uploads\/2021\/10\/wozek-widlowy_2-1024x1536.jpg 1024w, https:\/\/oso.edu.pl\/wp-content\/uploads\/2021\/10\/wozek-widlowy_2.jpg 1067w\" sizes=\"(max-width: 200px) 100vw, 200px\" \/><\/a>Jeder Gabelstaplerkurs enth\u00e4lt die folgenden Informationen f\u00fcr die Position des Bedieners:<\/h2>\n<ul>\n<li>\u00dcberwachung von technischen Ger\u00e4ten<\/li>\n<li>Bau und Betrieb von Ger\u00e4ten<\/li>\n<li>Betreiberpflichten am Arbeitsplatz<\/li>\n<li>Grunds\u00e4tze des Arbeits- und Gesundheitsschutzes<\/li>\n<li>praktische \u00dcbungen<\/li>\n<\/ul>\n<p>Wenn es um Gabelstapler geht, ist unser Kurs nicht nur reich an Theorie, sondern auch an Unterricht mit dem Einsatz von Ger\u00e4ten als Teil praktischer \u00dcbungen. Dabei k\u00f6nnen die Teilnehmer das erworbene Wissen anwenden und lernen, die Ger\u00e4te am Arbeitsplatz richtig und sicher zu bedienen. Nach dem Abschluss legen die Teilnehmer die Pr\u00fcfung ab, erhalten ein Zertifikat \u00fcber die abgeschlossene Ausbildung zum Gabelstapler und die vom T\u00dcV ausgestellte Berechtigung zum Bedienen der Ger\u00e4te.<\/p>\n<h2 class=\"boldnagl\">Anforderungen<\/h2>\n<p>Der Staplerkurs richtet sich an Personen, die folgende Voraussetzungen erf\u00fcllen:<\/p>\n<ul>\n<li>18 Jahre oder \u00e4lter sind<\/li>\n<li>mindestens die Grundschule abgeschlossen haben<\/li>\n<li>keine medizinischen Kontraindikationen haben, um als Bediener zu arbeiten<\/li>\n<\/ul>\n<h2 class=\"boldnagl\">Wo sind wir t\u00e4tig?<\/h2>\n<p>Wir f\u00fchren Gabelstaplerkurse in Polen und an jedem von unseren Kunden angegebenen Ort durch - wir reisen zu Orten im ganzen Land. Der Hauptsitz unseres Zentrums ist Warschau.<\/p>\n<p><a href=\"https:\/\/oso.edu.pl\/wp-content\/uploads\/2021\/10\/Kopia-007-Wozki-widlowe-podnosnikowe.jpg\"><img decoding=\"async\" class=\"alignnone wp-image-2073 size-large\" src=\"https:\/\/oso.edu.pl\/wp-content\/uploads\/2021\/10\/Kopia-007-Wozki-widlowe-podnosnikowe-1024x853.jpg\" alt=\"\" width=\"750\" height=\"625\" srcset=\"https:\/\/oso.edu.pl\/wp-content\/uploads\/2021\/10\/Kopia-007-Wozki-widlowe-podnosnikowe-1024x853.jpg 1024w, https:\/\/oso.edu.pl\/wp-content\/uploads\/2021\/10\/Kopia-007-Wozki-widlowe-podnosnikowe-300x250.jpg 300w, https:\/\/oso.edu.pl\/wp-content\/uploads\/2021\/10\/Kopia-007-Wozki-widlowe-podnosnikowe-768x640.jpg 768w, https:\/\/oso.edu.pl\/wp-content\/uploads\/2021\/10\/Kopia-007-Wozki-widlowe-podnosnikowe.jpg 1200w\" sizes=\"(max-width: 750px) 100vw, 750px\" \/><\/a><\/p>","protected":false},"excerpt":{"rendered":"<p>Szkolenie na w\u00f3zki wid\u0142owe odbywa si\u0119 na naszej hali szkoleniowej w Warszawie na naszych w\u00f3zkach wid\u0142owych lub na terenie firmy klienta. Organizowany przez nasz o\u015brodek kurs sk\u0142ada si\u0119 z cz\u0119\u015bci: Teoretycznej Praktycznej Egzaminu UDT Wszystkie cz\u0119\u015bci kursu odbywaj\u0105 si\u0119 na naszej hali szkoleniowej w Warszawie lub w firmie klienta \u2013 dojazd do klienta gratis. W\u00f3zek [&hellip;]<\/p>\n","protected":false},"author":3,"featured_media":0,"parent":0,"menu_order":0,"comment_status":"closed","ping_status":"closed","template":"","meta":{"footnotes":""},"class_list":["post-2061","page","type-page","status-publish","hentry"],"aioseo_notices":[],"_links":{"self":[{"href":"https:\/\/oso.edu.pl\/de\/wp-json\/wp\/v2\/pages\/2061","targetHints":{"allow":["GET"]}}],"collection":[{"href":"https:\/\/oso.edu.pl\/de\/wp-json\/wp\/v2\/pages"}],"about":[{"href":"https:\/\/oso.edu.pl\/de\/wp-json\/wp\/v2\/types\/page"}],"author":[{"embeddable":true,"href":"https:\/\/oso.edu.pl\/de\/wp-json\/wp\/v2\/users\/3"}],"replies":[{"embeddable":true,"href":"https:\/\/oso.edu.pl\/de\/wp-json\/wp\/v2\/comments?post=2061"}],"version-history":[{"count":9,"href":"https:\/\/oso.edu.pl\/de\/wp-json\/wp\/v2\/pages\/2061\/revisions"}],"predecessor-version":[{"id":2074,"href":"https:\/\/oso.edu.pl\/de\/wp-json\/wp\/v2\/pages\/2061\/revisions\/2074"}],"wp:attachment":[{"href":"https:\/\/oso.edu.pl\/de\/wp-json\/wp\/v2\/media?parent=2061"}],"curies":[{"name":"wp","href":"https:\/\/api.w.org\/{rel}","templated":true}]}}