{"id":2126,"date":"2022-04-09T20:29:14","date_gmt":"2022-04-09T20:29:14","guid":{"rendered":"https:\/\/oso.edu.pl\/?page_id=2126"},"modified":"2023-03-15T00:23:40","modified_gmt":"2023-03-14T23:23:40","slug":"schweisen-von-optischen-fasern-3","status":"publish","type":"page","link":"https:\/\/oso.edu.pl\/de\/szkolenia\/spawanie\/spawanie-swiatlowodow\/","title":{"rendered":"Qualifizieren Sie sich zum Schwei\u00dfen von Glasfasern"},"content":{"rendered":"<figure class=\"wp-block-image size-large is-resized\"><img decoding=\"async\" src=\"https:\/\/oso.edu.pl\/wp-content\/uploads\/2022\/04\/fiber-optic-internet-slow-e1649535967498.jpg\" alt=\"Schwei\u00dfer bei der Arbeit\" width=\"885\" height=\"440\"\/><\/figure>\n\n\n\n<h2 class=\"wp-block-heading\"><strong>Kurs zum Schwei\u00dfen von Lichtwellenleitern<\/strong><\/h2>\n\n\n\n<p>Der Glasfaserschwei\u00dfer ist derzeit einer der gefragtesten und am meisten gesch\u00e4tzten Berufe, sowohl in Polen als auch weltweit. Die Nachfrage nach Schwei\u00dfern ist in fast allen Bereichen der Wirtschaft zu beobachten. F\u00fcr den Beruf muss ein Schwei\u00dferschein erworben werden. Es sind keine Vorkenntnisse in der Glasfasertechnik erforderlich. Wir geben Ihnen die M\u00f6glichkeit, die Anwendung neuer, aber auch die Verbesserung bestehender Technologien kennen zu lernen. Unser Kurs vermittelt Ihnen ein umfassendes Wissen \u00fcber das Messen von Lichtwellenleitern, die Bedienung von Schwei\u00dfger\u00e4ten und das Herstellen von Schwei\u00dfn\u00e4hten.&nbsp;<\/p>\n\n\n\n<h2 class=\"wp-block-heading\"><strong>Was wirst du lernen?&nbsp;<\/strong><\/h2>\n\n\n\n<ul class=\"wp-block-list\">\n<li><a href=\"https:\/\/oso.edu.pl\/de\/szkolenia\/bhp\/\">Gesundheits- und Sicherheitsvorschriften<\/a>,&nbsp;&nbsp;<\/li>\n\n\n\n<li>Kontrollmessungen,&nbsp;<\/li>\n\n\n\n<li>Lichtwellenleiterschwei\u00dfen,&nbsp;<\/li>\n\n\n\n<li>Arten von Glasfasern,&nbsp;<\/li>\n\n\n\n<li>Betrieb einer Lichtwellenleiter-Schwei\u00dfmaschine,&nbsp;<\/li>\n\n\n\n<li>die Hauptbestandteile eines Glasfaserkabels,&nbsp;<\/li>\n\n\n\n<li>Vorbereitung von Kabeln und Schwei\u00dfger\u00e4ten.&nbsp;<\/li>\n<\/ul>\n\n\n\n<figure class=\"wp-block-embed is-type-video is-provider-youtube wp-block-embed-youtube wp-embed-aspect-16-9 wp-has-aspect-ratio\"><div class=\"wp-block-embed__wrapper\">\n<iframe title=\"SCHWEISSKURS\" width=\"750\" height=\"422\" src=\"https:\/\/www.youtube.com\/embed\/fbhrpIbdT0k?feature=oembed\" frameborder=\"0\" allow=\"accelerometer; autoplay; clipboard-write; encrypted-media; gyroscope; picture-in-picture; web-share\" allowfullscreen><\/iframe>\n<\/div><\/figure>\n\n\n\n<p>Nach Abschluss der Schulung erhalten Sie ein Zertifikat.&nbsp;<\/p>\n\n\n\n<p>Wenn Sie neugierig sind, ob die Stelle Ihren Erwartungen entspricht und ob Sie ohne Probleme eine Stelle finden k\u00f6nnen, haben wir einige wertvolle Informationen f\u00fcr Sie.&nbsp;&nbsp;<\/p>\n\n\n\n<p>Wir bieten einen Kurs f\u00fcr Glasfaserschwei\u00dfer an, der von Ausbildern mit langj\u00e4hriger Erfahrung in der Branche geleitet wird. Die Glasfasertechnologie wird immer h\u00e4ufiger eingesetzt. Es gibt keine Anzeichen daf\u00fcr, dass die Glasfasertechnologie in absehbarer Zeit nachl\u00e4sst, und mit der kontinuierlichen Weiterentwicklung ist sie zu einer Standardmethode f\u00fcr die Verbindung von Endnutzern und Netzwerken sowie f\u00fcr die Bereitstellung von Breitband-Internet und verwandten Diensten f\u00fcr Haushalte und Unternehmen geworden.&nbsp;&nbsp;<\/p>\n\n\n\n<h2 class=\"wp-block-heading\"><strong>FTTH-Technologie&nbsp;<\/strong><\/h2>\n\n\n<div class=\"wp-block-image\">\n<figure class=\"alignright size-full is-resized\"><a href=\"https:\/\/oso.edu.pl\/wp-content\/uploads\/2023\/03\/image.jpeg\"><img decoding=\"async\" src=\"https:\/\/oso.edu.pl\/wp-content\/uploads\/2023\/03\/image.jpeg\" alt=\"Welche Themen werden behandelt und was kann gelernt werden?\" class=\"wp-image-2880\" width=\"512\" height=\"357\" srcset=\"https:\/\/oso.edu.pl\/wp-content\/uploads\/2023\/03\/image.jpeg 1024w, https:\/\/oso.edu.pl\/wp-content\/uploads\/2023\/03\/image-300x209.jpeg 300w, https:\/\/oso.edu.pl\/wp-content\/uploads\/2023\/03\/image-768x535.jpeg 768w, https:\/\/oso.edu.pl\/wp-content\/uploads\/2023\/03\/image-18x12.jpeg 18w, https:\/\/oso.edu.pl\/wp-content\/uploads\/2023\/03\/image-350x245.jpeg 350w\" sizes=\"(max-width: 512px) 100vw, 512px\" \/><\/a><\/figure>\n<\/div>\n\n\n<p>Dank der \u00e4u\u00dferst effizienten FTTH-Technologie (Fiber To The Home) hat die zunehmende Beliebtheit von FTTH-Netzen zu einem weiteren Anstieg der Nachfrage nach Glasfaserschwei\u00dfspezialisten gef\u00fchrt. In unserem Kurs lernen Sie alles, was Sie wissen m\u00fcssen, um eine Karriere in einer Branche zu starten, die in den letzten Jahren ein stetiges und exponentielles Wachstum verzeichnet hat. Wir werden Ihnen helfen, in diesem \u00e4u\u00dferst beliebten Bereich erfolgreich zu sein.&nbsp;&nbsp;&nbsp;<\/p>\n\n\n\n<h2 class=\"wp-block-heading\"><strong>F\u00fcr wen ist dieser Kurs?&nbsp;<\/strong><\/h2>\n\n\n\n<p>Dieser Kurs wurde f\u00fcr ein breites Publikum konzipiert. Vom Techniker, der neu in die Branche einsteigt, bis hin zum versierten und erfahrenen Netzwerkadministrator. Die Schulung richtet sich an diejenigen, die ihre Kenntnisse erweitern m\u00f6chten, und an diejenigen, die ein besseres Verst\u00e4ndnis f\u00fcr die Technologie hinter der Glasfaseroptik suchen.&nbsp;<\/p>\n\n\n\n<figure class=\"wp-block-table\"><table><tbody><tr><td><strong>Praktische Themen<\/strong> <br>Entdecken Sie den wachsenden Markt f\u00fcr Glasfaserinfrastruktur und seine Anwendungen.&nbsp;<\/td><td><strong>Erfahrung <\/strong><br>Es sind keine Vorkenntnisse erforderlich. Dieser Kurs richtet sich an alle, die an der Arbeit mit Glasfasern interessiert sind.&nbsp;<\/td><\/tr><tr><td><strong>Langj\u00e4hrige Erfahrung<\/strong> <br>Wir arbeiten mit den besten Experten der Branche zusammen.&nbsp;<\/td><td><strong>Wissenschaft <\/strong><br>Zeit f\u00fcr Theorie, praktische Anweisungen und Unterst\u00fctzung.&nbsp;<\/td><\/tr><tr><td><strong>Bessere Aussichten<\/strong> <br>Training zur Vorbereitung auf eine weitere Karriere im \u00f6ffentlichen und privaten Sektor.&nbsp;<\/td><td><strong>Zertifikat <\/strong><br>Schwei\u00dfqualifikationen best\u00e4tigt durch ein entsprechendes Zertifikat.&nbsp;<\/td><\/tr><\/tbody><\/table><\/figure>\n\n\n<div style=\"width: 640px;\" class=\"wp-video\"><video id=\"video-2126-1\" width=\"640\" height=\"360\" poster=\"https:\/\/oso.edu.pl\/wp-content\/uploads\/2023\/03\/okladka-spawacz-swiatlowodow-OSO.jpg\" preload=\"metadata\" controls=\"controls\"><source type=\"video\/mp4\" src=\"https:\/\/oso.edu.pl\/wp-content\/uploads\/2023\/03\/spawacz-swiatlowodow-OSO.EDU_.PL-OSO-1.mp4?_=1\" \/><a href=\"https:\/\/oso.edu.pl\/wp-content\/uploads\/2023\/03\/spawacz-swiatlowodow-OSO.EDU_.PL-OSO-1.mp4\">https:\/\/oso.edu.pl\/wp-content\/uploads\/2023\/03\/spawacz-swiatlowodow-OSO.EDU_.PL-OSO-1.mp4<\/a><\/video><\/div>\n\n\n<h2 class=\"wp-block-heading\"><strong>Was kostet die Ausbildung?&nbsp;<\/strong><\/h2>\n\n\n\n<p>Die Preise werden individuell festgelegt, abh\u00e4ngig von der Anzahl der Teilnehmer und dem Datum der Schulung. Wir bieten sehr attraktive Preise und Rabatte f\u00fcr Gruppen. Um die Kosten f\u00fcr eine Schulung zu erfahren, <a href=\"https:\/\/oso.edu.pl\/de\/kontakt\/\">bitte kontaktieren Sie uns<\/a> Telefon.&nbsp;<\/p>\n\n\n<div class=\"wp-block-image\">\n<figure class=\"alignright size-large is-resized\"><img decoding=\"async\" src=\"https:\/\/oso.edu.pl\/wp-content\/uploads\/2022\/04\/csm_0M5A6742-min_63f087a638.jpg\" alt=\"Kursbeschreibung\" width=\"383\" height=\"256\"\/><\/figure>\n<\/div>\n\n\n<h2 class=\"wp-block-heading\"><strong>Ergebnis&nbsp;<\/strong><\/h2>\n\n\n\n<p>Diejenigen, die diesen Beruf ergreifen, m\u00fcssen sich keine Sorgen um Arbeitspl\u00e4tze oder L\u00f6hne machen. Das Gehalt h\u00e4ngt von der Erfahrung, den F\u00e4higkeiten und den Zertifikaten ab, so dass der Kurs eine gute Investition in die Zukunft ist.&nbsp;<\/p>\n\n\n\n<h2 class=\"wp-block-heading\"><strong>Wo findet der Kurs statt?&nbsp;<\/strong><\/h2>\n\n\n\n<p>Unsere Zentren sind \u00fcber das ganze Land verteilt. F\u00fcr geschlossene Schulungen k\u00f6nnen wir auch zu Ihnen kommen. Wenn Sie weitere Fragen haben, stehen Ihnen unsere Experten zur Verf\u00fcgung. Arbeitgeber suchen nach qualifizierten Fachkr\u00e4ften. Warten Sie also nicht und lassen Sie sich zertifizieren, um Ihren Platz auf dem Arbeitsmarkt zu finden.&nbsp;&nbsp;<\/p>\n\n\n\n<figure class=\"wp-block-image size-large is-resized\"><img decoding=\"async\" src=\"https:\/\/oso.edu.pl\/wp-content\/uploads\/2022\/04\/074-Spawanie-swiatlowodow.jpg\" alt=\"Schwei\u00dfen von optischen Fasern\" width=\"801\" height=\"668\"\/><\/figure>","protected":false},"excerpt":{"rendered":"<p>Kurs spawania \u015bwiat\u0142owod\u00f3w Spawacz \u015bwiat\u0142owod\u00f3w jest aktualnie jednym z najbardziej poszukiwanych oraz cenionych zawod\u00f3w, zar\u00f3wno w Polsce jak i na ca\u0142ym \u015bwiecie. Zapotrzebowanie na spawaczy mo\u017cna dostrzec w niemal ka\u017cdej dziedzinie gospodarki. Zdob\u0105d\u017a uprawnienia spawalnicze na wykonywanie zawodu. Nie jest wymagana wcze\u015bniejsza wiedza na temat \u015bwiat\u0142owod\u00f3w. Dajemy Ci mo\u017cliwo\u015b\u0107 poznania zastosowania nowych technologii, ale tak\u017ce [&hellip;]<\/p>\n","protected":false},"author":3,"featured_media":2130,"parent":2104,"menu_order":0,"comment_status":"closed","ping_status":"closed","template":"","meta":{"footnotes":""},"class_list":["post-2126","page","type-page","status-publish","has-post-thumbnail","hentry"],"aioseo_notices":[],"_links":{"self":[{"href":"https:\/\/oso.edu.pl\/de\/wp-json\/wp\/v2\/pages\/2126","targetHints":{"allow":["GET"]}}],"collection":[{"href":"https:\/\/oso.edu.pl\/de\/wp-json\/wp\/v2\/pages"}],"about":[{"href":"https:\/\/oso.edu.pl\/de\/wp-json\/wp\/v2\/types\/page"}],"author":[{"embeddable":true,"href":"https:\/\/oso.edu.pl\/de\/wp-json\/wp\/v2\/users\/3"}],"replies":[{"embeddable":true,"href":"https:\/\/oso.edu.pl\/de\/wp-json\/wp\/v2\/comments?post=2126"}],"version-history":[{"count":7,"href":"https:\/\/oso.edu.pl\/de\/wp-json\/wp\/v2\/pages\/2126\/revisions"}],"predecessor-version":[{"id":2926,"href":"https:\/\/oso.edu.pl\/de\/wp-json\/wp\/v2\/pages\/2126\/revisions\/2926"}],"up":[{"embeddable":true,"href":"https:\/\/oso.edu.pl\/de\/wp-json\/wp\/v2\/pages\/2104"}],"wp:featuredmedia":[{"embeddable":true,"href":"https:\/\/oso.edu.pl\/de\/wp-json\/wp\/v2\/media\/2130"}],"wp:attachment":[{"href":"https:\/\/oso.edu.pl\/de\/wp-json\/wp\/v2\/media?parent=2126"}],"curies":[{"name":"wp","href":"https:\/\/api.w.org\/{rel}","templated":true}]}}