{"id":2201,"date":"2022-05-06T08:24:44","date_gmt":"2022-05-06T08:24:44","guid":{"rendered":"https:\/\/oso.edu.pl\/?page_id=2201"},"modified":"2023-03-14T19:19:08","modified_gmt":"2023-03-14T18:19:08","slug":"flanschverbindungen","status":"publish","type":"page","link":"https:\/\/oso.edu.pl\/de\/szkolenia\/uprawnienia-udt-wdt-tdt\/polaczenia-kolnierzowe\/","title":{"rendered":"MONTAGE VON FLANSCHVERBINDUNGEN - Wir bilden von Grund auf aus"},"content":{"rendered":"<div class=\"wp-block-image\">\n<figure class=\"alignright size-large is-resized\"><img decoding=\"async\" src=\"https:\/\/oso.edu.pl\/wp-content\/uploads\/2022\/08\/5.jpeg\" alt=\"Kursprogramm\" width=\"391\" height=\"400\"\/><\/figure>\n<\/div>\n\n\n<h2 class=\"wp-block-heading\"><strong>Verlauf der Flanschmontage<\/strong><\/h2>\n\n\n\n<p>Die aktuellen Vorschriften und die Anforderungen der europ\u00e4ischen Druckrichtlinie sehen vor, dass f\u00fcr die Montage von Flanschverbindungen eine spezielle Zertifizierung erforderlich ist. Aus diesem Grund l\u00e4dt das Operator Training Centre nun alle Interessierten ein, einen Kurs zur Flanschmontage zu besuchen.&nbsp;&nbsp;&nbsp;<\/p>\n\n\n\n<h2 class=\"wp-block-heading\"><strong>An wen richten wir unser Angebot?<\/strong>&nbsp;<\/h2>\n\n\n\n<p>Sie k\u00f6nnen unabh\u00e4ngig von Ihrer Erfahrung oder Ihrer Arbeitssituation einen Kurs f\u00fcr Flanschmontage beginnen. Wir bieten auch Schulungen f\u00fcr organisierte Gruppen an. Wenn Sie also Ihre Mitarbeiter schulen wollen, k\u00f6nnen wir Ihnen helfen.<\/p>\n\n\n\n<h2 class=\"wp-block-heading\"><strong>Trainingsprogramm\u00a0<\/strong><\/h2>\n\n\n\n<p>Das Operators' Training Centre hat ein Programm entwickelt, das die Teilnehmer auf die Montage von Flanschverbindungen gem\u00e4\u00df EN 1591-4 vorbereitet. Das Programm umfasst Themen wie:\u00a0<\/p>\n\n\n\n<figure class=\"wp-block-table\"><table><tbody><tr><td>Theoretischer Teil<\/td><td>Praktischer Teil<\/td><\/tr><tr><td>\n<ul>\n<li>Arten von Flanschverbindungen<\/li>\n<li>Arten, Merkmale und Funktionsweise von Siegeln<\/li>\n<li>Aufgebrachte Lasten und deren Verlust<\/li>\n<li>Was die Schraubenverl\u00e4ngerung und -last mit der Fl\u00e4chenpressung verbindet<\/li>\n<li>Arten von Fehlern und Fehlern<\/li>\n<li>Demontage der Anlage<\/li>\n<li>Vorbereitung der Dichtfl\u00e4che<\/li>\n<li>Grunds\u00e4tze des Arbeits- und Gesundheitsschutzes<\/li>\n<\/ul>\n<\/td><td>\n<ul>\n<li>Lernen, Flanschverbindungen zu montieren<\/li>\n<li>Praktische Auswahl an Dichtungen<\/li>\n<li>Phasen der Montage und Demontage<\/li>\n<li>Dichtigkeitstest der Installation<\/li>\n<li>Kennenlernen der Auswahl geeigneter pers\u00f6nlicher Schutzausr\u00fcstung<\/li>\n<li>Praktische \u00dcbungen<\/li>\n<\/ul>\n<\/td><\/tr><\/tbody><\/table><\/figure>\n\n\n\n<h2 class=\"wp-block-heading\"><strong>Preis der Ausbildung<\/strong>&nbsp;<\/h2>\n\n\n\n<p>Die Gesamtkosten der Schulung werden individuell festgelegt. Bitte kontaktieren Sie uns telefonisch f\u00fcr Details.&nbsp;<\/p>\n\n\n\n<p>Das SPA im Preis des Trainings bietet:&nbsp;<\/p>\n\n\n\n<ul class=\"wp-block-list\">\n<li>eine bestimmte Anzahl von Stunden theoretischen Unterrichts&nbsp;<\/li>\n\n\n\n<li>eine bestimmte Anzahl von Stunden praktischer Ausbildung&nbsp;<\/li>\n\n\n\n<li>Zugang zu Online-Schulungsmaterialien&nbsp;<\/li>\n\n\n\n<li>f\u00fcr den praktischen Unterricht ben\u00f6tigte Ausr\u00fcstung&nbsp;<\/li>\n\n\n\n<li>station\u00e4re Untersuchung&nbsp;<\/li>\n\n\n\n<li>Zertifikat nach Abschluss des Kurses und Erwerb von Qualifikationen.&nbsp;<\/li>\n<\/ul>\n\n\n\n<h2 class=\"wp-block-heading\"><strong>Wo f\u00fchren wir Schulungen durch?<\/strong>&nbsp;<\/h2>\n\n\n<div class=\"wp-block-image\">\n<figure class=\"alignright size-large is-resized\"><img decoding=\"async\" src=\"https:\/\/oso.edu.pl\/wp-content\/uploads\/2022\/05\/module-kunststof-flensverbindingen-2-1280x852-1.jpg\" alt=\"korrekte Montage\" width=\"320\" height=\"213\"\/><\/figure>\n<\/div>\n\n\n<p>Das Operator Training Centre verf\u00fcgt \u00fcber Schulungseinrichtungen in ganz Polen, und wir bieten auch Reisen zum Kunden unter der angegebenen Adresse an.\u00a0\u00a0<\/p>\n\n\n\n<h2 class=\"wp-block-heading\"><strong>Aufzeichnungen<\/strong>&nbsp;<\/h2>\n\n\n\n<p>Die Anmeldung erfolgt telefonisch; w\u00e4hrend des Gespr\u00e4chs w\u00e4hlt der Teilnehmer eine Gruppe aus, die sich nach dem verf\u00fcgbaren Termin und dem gew\u00e4hlten Ort richtet.&nbsp;&nbsp;&nbsp;<\/p>\n\n\n\n<h2 class=\"wp-block-heading\"><strong>Was sind Flanschverbindungen?<\/strong>&nbsp;<\/h2>\n\n\n\n<p>Flanschverbindungen sind die gebr\u00e4uchlichste Art von mechanischen Verbindungen, die bei der Herstellung von Industrieanlagen verwendet werden. Sie werden haupts\u00e4chlich in der Sanit\u00e4rindustrie bei der Herstellung von Wasserleitungen und Abwassersystemen verwendet. Die Montage einer mechanischen Verbindung ist nichts anderes als das Zusammenf\u00fcgen von zwei Bauteilen mit Hilfe eines Befestigungselements, z. B. einer Schraube.&nbsp;&nbsp;<\/p>\n\n\n\n<p>Jede Flanschverbindung besteht aus mehreren Grundkomponenten: zwei Stahlflansche, eine Dichtung und Verbindungselemente. Flanschverbindungen haben viele Vorteile, weshalb sie auch so beliebt sind. Sie tragen zur Dichtheit der gesamten Anlage bei, die uns \u00fcber viele Jahre hinweg dienen kann. Diese au\u00dfergew\u00f6hnliche Dichtheit wird durch die Verwendung von Gummi- oder Stahldichtungen erreicht. Diese Methode gew\u00e4hrleistet eine strukturelle Steifigkeit, die den Schutz vor Besch\u00e4digungen erh\u00f6ht. Die Konstruktion der Fuge erm\u00f6glicht au\u00dferdem eine schnelle Demontage der Anlage im Falle einer St\u00f6rung oder bei Wartungsarbeiten.&nbsp;&nbsp;<\/p>\n\n\n\n<p>Wir verwenden Flanschverbindungen mit Rohren:&nbsp;<\/p>\n\n\n\n<ul class=\"wp-block-list\">\n<li>Gusseisen mit Beschl\u00e4gen,&nbsp;<\/li>\n\n\n\n<li>Stahl mit Beschl\u00e4gen,&nbsp;<\/li>\n\n\n\n<li>PVC mit Beschl\u00e4gen,&nbsp;<\/li>\n\n\n\n<li>PEHD mit Armaturen.<\/li>\n<\/ul>\n\n\n\n<figure class=\"wp-block-image size-large is-resized\"><img decoding=\"async\" src=\"https:\/\/oso.edu.pl\/wp-content\/uploads\/2022\/05\/siemens004-field-service-03.jpg\" alt=\"Mitarbeiter tragen Helme\" width=\"821\" height=\"462\"\/><\/figure>\n\n\n\n<h2 class=\"wp-block-heading\"><strong>Die einzigen Anforderungen, die wir an die Teilnehmer stellen, sind:\u00a0<\/strong><\/h2>\n\n\n\n<ul class=\"wp-block-list\">\n<li>Vollendung des achtzehnten Lebensjahres,&nbsp;<\/li>\n\n\n\n<li>Grundausbildung,&nbsp;<\/li>\n\n\n\n<li>keine gesundheitlichen Kontraindikationen (vor Kursbeginn \u00fcberweisen wir den Studenten zu einer \u00e4rztlichen Untersuchung).&nbsp;<\/li>\n<\/ul>\n\n\n\n<p>Wenn Sie die oben genannten Voraussetzungen erf\u00fcllen, ist dieser Kurs genau das Richtige f\u00fcr Sie!&nbsp;&nbsp;&nbsp;<\/p>\n\n\n\n<h2 class=\"wp-block-heading\"><strong>Warum ein SPA-Kurs?<\/strong>&nbsp;<\/h2>\n\n\n\n<p>OSO ist seit mehr als 15 Jahren auf dem Markt. Unser Dozententeam besteht aus engagierten Menschen. W\u00e4hrend des Unterrichts gehen die Lehrkr\u00e4fte individuell auf jeden Sch\u00fcler ein. OSO ist bestrebt, die Erwartungen seiner Kunden zu erf\u00fcllen, weshalb wir das Angebot unserer Dienstleistungen st\u00e4ndig verbessern und die Preise f\u00fcr die Ausbildung wettbewerbsf\u00e4hig sind. <a href=\"https:\/\/oso.edu.pl\/de\/kontakt\/\">Bitte z\u00f6gern Sie nicht uns zu kontaktieren<\/a>!\u00a0<\/p>\n\n\n\n<figure class=\"wp-block-image size-large is-resized\"><img decoding=\"async\" src=\"https:\/\/oso.edu.pl\/wp-content\/uploads\/2022\/08\/Nowy-szablon-szablon-nie-kasowac.jpg\" alt=\"Flanschverbindungen\" width=\"827\" height=\"689\"\/><\/figure>","protected":false},"excerpt":{"rendered":"<p>Kurs montowania po\u0142\u0105cze\u0144 ko\u0142nierzowych Obowi\u0105zuj\u0105ce przepisy oraz wymogi Europejskiej Dyrektywy Ci\u015bnieniowej opisuj\u0105, i\u017c do monta\u017cu po\u0142\u0105cze\u0144 ko\u0142nierzowych wymagane s\u0105 specjalne uprawnienia poparte certyfikatem. Dlatego ju\u017c teraz O\u015brodek Szkolenia Operator\u00f3w zaprasza wszystkich ch\u0119tnych na kurs z zakresu monta\u017cu po\u0142\u0105cze\u0144 ko\u0142nierzowych.&nbsp;&nbsp;&nbsp; Do kogo kierujemy nasza ofert\u0119?&nbsp; Kurs monta\u017cu po\u0142\u0105cze\u0144 ko\u0142nierzowych mo\u017cna rozpocz\u0105\u0107, niezale\u017cnie od posiadanego do\u015bwiadczenia czy [&hellip;]<\/p>\n","protected":false},"author":3,"featured_media":2203,"parent":1739,"menu_order":0,"comment_status":"closed","ping_status":"closed","template":"","meta":{"footnotes":""},"class_list":["post-2201","page","type-page","status-publish","has-post-thumbnail","hentry"],"aioseo_notices":[],"_links":{"self":[{"href":"https:\/\/oso.edu.pl\/de\/wp-json\/wp\/v2\/pages\/2201","targetHints":{"allow":["GET"]}}],"collection":[{"href":"https:\/\/oso.edu.pl\/de\/wp-json\/wp\/v2\/pages"}],"about":[{"href":"https:\/\/oso.edu.pl\/de\/wp-json\/wp\/v2\/types\/page"}],"author":[{"embeddable":true,"href":"https:\/\/oso.edu.pl\/de\/wp-json\/wp\/v2\/users\/3"}],"replies":[{"embeddable":true,"href":"https:\/\/oso.edu.pl\/de\/wp-json\/wp\/v2\/comments?post=2201"}],"version-history":[{"count":7,"href":"https:\/\/oso.edu.pl\/de\/wp-json\/wp\/v2\/pages\/2201\/revisions"}],"predecessor-version":[{"id":2897,"href":"https:\/\/oso.edu.pl\/de\/wp-json\/wp\/v2\/pages\/2201\/revisions\/2897"}],"up":[{"embeddable":true,"href":"https:\/\/oso.edu.pl\/de\/wp-json\/wp\/v2\/pages\/1739"}],"wp:featuredmedia":[{"embeddable":true,"href":"https:\/\/oso.edu.pl\/de\/wp-json\/wp\/v2\/media\/2203"}],"wp:attachment":[{"href":"https:\/\/oso.edu.pl\/de\/wp-json\/wp\/v2\/media?parent=2201"}],"curies":[{"name":"wp","href":"https:\/\/api.w.org\/{rel}","templated":true}]}}