{"id":2690,"date":"2023-03-21T16:25:13","date_gmt":"2023-03-21T15:25:13","guid":{"rendered":"https:\/\/oso.edu.pl\/?page_id=2690"},"modified":"2023-03-22T15:18:24","modified_gmt":"2023-03-22T14:18:24","slug":"kranfuhrer-kurs","status":"publish","type":"page","link":"https:\/\/oso.edu.pl\/de\/szkolenia\/uprawnienia-udt-wdt-tdt\/zurawie-samojezdne-kurs-z-obslugi\/","title":{"rendered":"MOBILKRANE - UDT-KURS F\u00dcR DIE HANDHABUNG"},"content":{"rendered":"\n<h2 class=\"wp-block-heading\">Operator \u017curawia samojezdnego&nbsp;<\/h2>\n\n\n\n<p>Zajmujemy si\u0119 szkoleniami operator\u00f3w \u017curawi samojezdnych. Posiadamy bogat\u0105 ofert\u0119 zaj\u0119ciow\u0105 i oferujemy us\u0142ugi na wysokim poziomie. Wiedza nabyta na naszym kursie na pewno przyda si\u0119 w ka\u017cdej bran\u017cy przemys\u0142owej i usprawni prac\u0119 twojego zak\u0142adu.&nbsp;<\/p>\n\n\n<div class=\"wp-block-image\">\n<figure class=\"alignright size-large is-resized\"><a href=\"https:\/\/oso.edu.pl\/wp-content\/uploads\/2023\/03\/s2-3.jpg\"><img decoding=\"async\" src=\"https:\/\/oso.edu.pl\/wp-content\/uploads\/2023\/03\/s2-3-1024x768.jpg\" alt=\"d\u017awig samochodowy na placu budowy\" class=\"wp-image-2698\" width=\"512\" height=\"384\" srcset=\"https:\/\/oso.edu.pl\/wp-content\/uploads\/2023\/03\/s2-3-1024x768.jpg 1024w, https:\/\/oso.edu.pl\/wp-content\/uploads\/2023\/03\/s2-3-300x225.jpg 300w, https:\/\/oso.edu.pl\/wp-content\/uploads\/2023\/03\/s2-3-768x576.jpg 768w, https:\/\/oso.edu.pl\/wp-content\/uploads\/2023\/03\/s2-3-1536x1152.jpg 1536w, https:\/\/oso.edu.pl\/wp-content\/uploads\/2023\/03\/s2-3-16x12.jpg 16w, https:\/\/oso.edu.pl\/wp-content\/uploads\/2023\/03\/s2-3-135x100.jpg 135w, https:\/\/oso.edu.pl\/wp-content\/uploads\/2023\/03\/s2-3.jpg 1600w\" sizes=\"(max-width: 512px) 100vw, 512px\" \/><\/a><\/figure>\n<\/div>\n\n\n<h2 class=\"wp-block-heading\">Jak wygl\u0105da kurs?&nbsp;&nbsp;<\/h2>\n\n\n\n<p>Nasze zaj\u0119cia podzielone s\u0105 na dwie g\u0142\u00f3wne cz\u0119\u015bci: teoretyczn\u0105 i praktyczn\u0105. W praktyce uczymy si\u0119 wykorzystywa\u0107 wszystkie systemy d\u017awig\u00f3w samojezdnych na urz\u0105dzeniach \u0107wiczeniowych. Teoria z kolei wymaga ucz\u0119szczania na wyk\u0142ady, kt\u00f3re wprowadzaj\u0105 wszystko, co trzeba wiedzie\u0107 o sprz\u0119cie, na kt\u00f3rym pracuje kursant.&nbsp;&nbsp;<\/p>\n\n\n\n<p><strong>Na naszych zaj\u0119ciach uczymy:&nbsp;<\/strong>&nbsp;&nbsp;<\/p>\n\n\n\n<ul class=\"wp-block-list\">\n<li>hydrauliki i elektroniki urz\u0105dze\u0144,&nbsp;&nbsp;<\/li>\n\n\n\n<li>prawid\u0142owej i oszcz\u0119dnej obs\u0142ugi sprz\u0119tu na stanowisku pracy,&nbsp;&nbsp;<\/li>\n\n\n\n<li>przygotowania stanowiska pracy,&nbsp;&nbsp;<\/li>\n\n\n\n<li>przegl\u0105du sprz\u0119tu,&nbsp;&nbsp;<\/li>\n\n\n\n<li>pracy w r\u00f3\u017cnych warunkach,&nbsp;&nbsp;<\/li>\n\n\n\n<li>wszystkiego co zwi\u0105zane z UDT,&nbsp;&nbsp;<\/li>\n\n\n\n<li>kategorii sprz\u0119tu,&nbsp;&nbsp;<\/li>\n\n\n\n<li>wymaganych formalno\u015bci,&nbsp;&nbsp;<\/li>\n\n\n\n<li>BHP.&nbsp;&nbsp;<\/li>\n<\/ul>\n\n\n\n<h2 class=\"wp-block-heading\">Egzamin ko\u0144cowy&nbsp;<\/h2>\n\n\n\n<p>Uko\u0144czenie naszego kursu nie oznacza uzyskania kwalifikacji i zdolno\u015bci do pracy. Najpierw nale\u017cy jeszcze zda\u0107 pa\u0144stwowy egzamin przed Komisj\u0105 Dozoru Technicznego. Egzamin, podobnie jak szkolenie, sk\u0142ada si\u0119 z cz\u0119\u015bci teoretycznej i praktycznej. Nasze szkolenie zawsze uwzgl\u0119dnia wszystkie obowi\u0105zuj\u0105ce wymagania dotycz\u0105ce jego uko\u0144czenia.&nbsp;&nbsp;<\/p>\n\n\n\n<h2 class=\"wp-block-heading\">Kursy \u2013 lokalizacja&nbsp;&nbsp;<\/h2>\n\n\n\n<p>Wszystkie kursy odbywaj\u0105 si\u0119 w siedzibie firmy w Warszawie oraz biurach regionalnych w ca\u0142ej Polsce. Uwzgl\u0119dniamy mo\u017cliwo\u015b\u0107 prowadzenia zaj\u0119\u0107 u klienta. Kurs mo\u017ce by\u0107 zamkni\u0119ty lub otwarty. Cena i termin uzale\u017cnione s\u0105 od zainteresowania konkretnym szkoleniem. Wi\u0119cej informacji znajduje si\u0119 na naszej stronie.&nbsp;&nbsp;<\/p>\n\n\n<div class=\"wp-block-image\">\n<figure class=\"alignleft size-large is-resized\"><a href=\"https:\/\/oso.edu.pl\/wp-content\/uploads\/2023\/03\/s2-68.jpg\"><img decoding=\"async\" src=\"https:\/\/oso.edu.pl\/wp-content\/uploads\/2023\/03\/s2-68-1024x687.jpg\" alt=\"\u017curaw samojezdny na drodze\" class=\"wp-image-2693\" width=\"512\" height=\"344\" srcset=\"https:\/\/oso.edu.pl\/wp-content\/uploads\/2023\/03\/s2-68-1024x687.jpg 1024w, https:\/\/oso.edu.pl\/wp-content\/uploads\/2023\/03\/s2-68-300x201.jpg 300w, https:\/\/oso.edu.pl\/wp-content\/uploads\/2023\/03\/s2-68-768x516.jpg 768w, https:\/\/oso.edu.pl\/wp-content\/uploads\/2023\/03\/s2-68-1536x1031.jpg 1536w, https:\/\/oso.edu.pl\/wp-content\/uploads\/2023\/03\/s2-68-18x12.jpg 18w, https:\/\/oso.edu.pl\/wp-content\/uploads\/2023\/03\/s2-68.jpg 1600w\" sizes=\"(max-width: 512px) 100vw, 512px\" \/><\/a><\/figure>\n<\/div>\n\n\n<h2 class=\"wp-block-heading\">Uko\u0144czenie kursu<\/h2>\n\n\n\n<p>Uko\u0144czenie szkolenia zapewnia nabycie wszystkich umiej\u0119tno\u015bci niezb\u0119dnych do pos\u0142ugiwania si\u0119 \u017curawiami samojezdnymi. Absolwent musi umie\u0107 bez problemu radzi\u0107 sobie z prac\u0105 w r\u00f3\u017cnych warunkach, zna\u0107 budow\u0119 i parametry techniczne urz\u0105dzenia, umie\u0107 wykrywa\u0107 i usuwa\u0107 proste usterki oraz umie\u0107 bezpiecznie korzysta\u0107 z urz\u0105dze\u0144. Umiej\u0119tno\u015bci te powinny u\u0142atwi\u0107 mu znalezienie pracy jako operator d\u017awigu samojezdnego w wielu r\u00f3\u017cnych bran\u017cach.&nbsp;<\/p>\n\n\n\n<h2 class=\"wp-block-heading\">Wymagania dotycz\u0105ce kursant\u00f3w&nbsp;<\/h2>\n\n\n\n<p>Kandydaci na kurs musz\u0105:&nbsp;&nbsp;<\/p>\n\n\n\n<ul class=\"wp-block-list\">\n<li>mie\u0107 uko\u0144czone 18 lat,&nbsp;&nbsp;<\/li>\n\n\n\n<li>otrzyma\u0107 za\u015bwiadczenie lekarskie, kt\u00f3re potwierdzi, \u017ce mo\u017cna wykonywa\u0107 dany zaw\u00f3d,&nbsp;&nbsp;<\/li>\n\n\n\n<li>posiada\u0107 wykszta\u0142cenie co najmniej podstawowe.&nbsp;<\/li>\n<\/ul>\n\n\n\n<h2 class=\"wp-block-heading\">D\u017awigi samojezdne \u2013 definicja&nbsp;<\/h2>\n\n\n\n<p>D\u017awig samojezdny to \u017curaw zbudowany na typowym, odpowiednio wzmocnionym podwoziu samochodu ci\u0119\u017carowego lub specjalnie zaprojektowanym podwoziu samojezdnym, nap\u0119dzany jednym lub dwoma silnikami, z kt\u00f3rych tylko jeden jest tzw. silnikiem nap\u0119du jazdy. D\u017awigi samojezdne s\u0105 stosowane g\u0142\u00f3wnie w budownictwie do monta\u017cu przedsi\u0119biorstw przemys\u0142owych, s\u0142u\u017c\u0105 do prac transportowych i za\u0142adunkowych w warsztatach, portach, magazynach, bazach transportowych itp.&nbsp;&nbsp;<\/p>\n\n\n\n<h2 class=\"wp-block-heading\">Konstrukcja d\u017awig\u00f3w samojezdnych&nbsp;<\/h2>\n\n\n\n<p>D\u017awig samochodowy sk\u0142ada si\u0119 z wci\u0105garek i wysi\u0119gnika uchylnego, zamocowanego do obrotowej podstawy (kolumny), co umo\u017cliwia podnoszenie i opuszczanie \u0142adunku oraz jego przenoszenie poprzez obracanie podstawy i sterowanie ramieniem. Maszyna mo\u017ce pracowa\u0107 na dwa sposoby: transportowy i d\u017awigowy. W drugim z tych tryb\u00f3w rama jest zwykle podnoszona na wysuwanych wspornikach, do\u0142\u0105czonych do urz\u0105dzenia w celu zapewnienia stabilno\u015bci.&nbsp;<\/p>\n\n\n<div class=\"wp-block-image\">\n<figure class=\"alignright size-large is-resized\"><a href=\"https:\/\/oso.edu.pl\/wp-content\/uploads\/2023\/03\/s2-70.jpg\"><img decoding=\"async\" src=\"https:\/\/oso.edu.pl\/wp-content\/uploads\/2023\/03\/s2-70-1024x680.jpg\" alt=\"d\u017awig samojezdny podnosi \u0142adunek\" class=\"wp-image-2694\" width=\"512\" height=\"340\" srcset=\"https:\/\/oso.edu.pl\/wp-content\/uploads\/2023\/03\/s2-70-1024x680.jpg 1024w, https:\/\/oso.edu.pl\/wp-content\/uploads\/2023\/03\/s2-70-300x199.jpg 300w, https:\/\/oso.edu.pl\/wp-content\/uploads\/2023\/03\/s2-70-768x510.jpg 768w, https:\/\/oso.edu.pl\/wp-content\/uploads\/2023\/03\/s2-70-1536x1020.jpg 1536w, https:\/\/oso.edu.pl\/wp-content\/uploads\/2023\/03\/s2-70-18x12.jpg 18w, https:\/\/oso.edu.pl\/wp-content\/uploads\/2023\/03\/s2-70.jpg 1600w\" sizes=\"(max-width: 512px) 100vw, 512px\" \/><\/a><\/figure>\n<\/div>\n\n\n<h2 class=\"wp-block-heading\">Podzia\u0142&nbsp;&nbsp;<\/h2>\n\n\n\n<p>D\u017awigi samojezdne rozr\u00f3\u017cnia si\u0119 w zale\u017cno\u015bci od rodzaju nap\u0119du:&nbsp;&nbsp;<\/p>\n\n\n\n<ul class=\"wp-block-list\">\n<li>nap\u0119d spalinowo \u2013 mechaniczny,&nbsp;&nbsp;<\/li>\n\n\n\n<li>nap\u0119d spalinowo \u2013 elektryczny,&nbsp;&nbsp;<\/li>\n\n\n\n<li>nap\u0119d spalinowo \u2013 hydrauliczny.&nbsp;<\/li>\n<\/ul>\n\n\n\n<p>Z kolei w zale\u017cno\u015bci od rodzaju platformy, na kt\u00f3rej zainstalowany jest \u017curaw, wyr\u00f3\u017cniamy:&nbsp;&nbsp;<\/p>\n\n\n\n<ul class=\"wp-block-list\">\n<li>\u017curaw ko\u0142owy,&nbsp;<\/li>\n\n\n\n<li>\u017curaw terenowy,&nbsp;&nbsp;<\/li>\n\n\n\n<li>\u017curaw samojezdny,&nbsp;<\/li>\n\n\n\n<li>\u017curaw g\u0105sienicowy.&nbsp;<\/li>\n<\/ul>\n\n\n\n<h2 class=\"wp-block-heading\">Zalety \u017curawi samojezdnych&nbsp;<\/h2>\n\n\n\n<p>\u017buraw samojezdny to urz\u0105dzenie najlepiej sprawdzaj\u0105ce si\u0119 podczas prac na wysoko\u015bciach, wymagaj\u0105cych transportu ci\u0119\u017ckich \u0142adunk\u00f3w. Dzi\u0119ki urz\u0105dzeniom takim, jak d\u017awigi samojezdne, mo\u017cna w \u0142atwy spos\u00f3b przetransportowa\u0107, za\u0142adowa\u0107 i roz\u0142adowa\u0107 wszystkie elementy niezb\u0119dne do pracy. Samojezdny d\u017awig o zastosowaniu budowlanym, posiadaj\u0105cy odpowiedni zakres wysi\u0119gu, mo\u017cna r\u00f3wnie\u017c wykorzysta\u0107 przy monta\u017cu wymagaj\u0105cych konstrukcji i podczas prac remontowych. D\u0142ugie wysi\u0119gniki, du\u017cy ud\u017awig oraz szeroka gama wyposa\u017cenia i zabezpiecze\u0144 zapewniaj\u0105 du\u017c\u0105 elastyczno\u015b\u0107 i ekonomiczno\u015b\u0107, czego nie daje sprz\u0119t innego typu.&nbsp;<\/p>\n\n\n\n<h2 class=\"wp-block-heading\">Specyfikacje techniczne&nbsp;<\/h2>\n\n\n<div class=\"wp-block-image\">\n<figure class=\"alignright size-large is-resized\"><a href=\"https:\/\/oso.edu.pl\/wp-content\/uploads\/2023\/03\/screen_2x-100.jpg\"><img decoding=\"async\" src=\"https:\/\/oso.edu.pl\/wp-content\/uploads\/2023\/03\/screen_2x-100-683x1024.jpg\" alt=\"operator \u017curawia podczas pracy\" class=\"wp-image-2696\" width=\"342\" height=\"512\" srcset=\"https:\/\/oso.edu.pl\/wp-content\/uploads\/2023\/03\/screen_2x-100-683x1024.jpg 683w, https:\/\/oso.edu.pl\/wp-content\/uploads\/2023\/03\/screen_2x-100-200x300.jpg 200w, https:\/\/oso.edu.pl\/wp-content\/uploads\/2023\/03\/screen_2x-100-768x1152.jpg 768w, https:\/\/oso.edu.pl\/wp-content\/uploads\/2023\/03\/screen_2x-100-1024x1536.jpg 1024w, https:\/\/oso.edu.pl\/wp-content\/uploads\/2023\/03\/screen_2x-100-8x12.jpg 8w, https:\/\/oso.edu.pl\/wp-content\/uploads\/2023\/03\/screen_2x-100.jpg 1067w\" sizes=\"(max-width: 342px) 100vw, 342px\" \/><\/a><\/figure>\n<\/div>\n\n\n<p>Masa \u017curawia \u2013 ci\u0119\u017car w\u0142asny \u017curawia z przeciwwag\u0105 i wysi\u0119gnikiem g\u0142\u00f3wnym.&nbsp;<\/p>\n\n\n\n<p><strong>Zasi\u0119g&nbsp;<\/strong>\u2013 pozioma odleg\u0142o\u015b\u0107 od osi obrotu obracaj\u0105cej si\u0119 cz\u0119\u015bci \u017curawia do pionowej osi urz\u0105dzenia \u0142aduj\u0105cego.&nbsp;<\/p>\n\n\n\n<p><strong>Ud\u017awig \u017curawia<\/strong>&nbsp;\u2013 najwi\u0119ksza warto\u015b\u0107 obci\u0105\u017cenia, na jak\u0105 urz\u0105dzenie jest zaprojektowane i dla kt\u00f3rej producent gwarantuje jego prawid\u0142ow\u0105 prac\u0119. W przypadku \u017curawi przyjmuje si\u0119 maksymalny ud\u017awig przy najmniejszej dopuszczalnej d\u0142ugo\u015bci wysi\u0119gnika lub rozpi\u0119to\u015bci. Ud\u017awig nie obejmuje ci\u0119\u017caru podstawy i haka.&nbsp;<\/p>\n\n\n\n<p>Nale\u017cy zauwa\u017cy\u0107, \u017ce ud\u017awig \u017curawia zale\u017cy od:&nbsp;&nbsp;<\/p>\n\n\n\n<ul class=\"wp-block-list\">\n<li>d\u0142ugo\u015bci wysi\u0119gu,&nbsp;&nbsp;<\/li>\n\n\n\n<li>d\u0142ugo\u015bci wysi\u0119gnika,&nbsp;&nbsp;<\/li>\n\n\n\n<li>k\u0105ta nachylenia wysi\u0119gnika,&nbsp;&nbsp;<\/li>\n\n\n\n<li>rodzaju olinowania,&nbsp;&nbsp;<\/li>\n\n\n\n<li>podparcia d\u017awigu.&nbsp;&nbsp;<\/li>\n<\/ul>\n\n\n\n<p><strong>Wysoko\u015b\u0107 podnoszenia<\/strong>&nbsp;\u2013 pionowa odleg\u0142o\u015b\u0107 od osi u\u0142o\u017cenia \u017curawia do powierzchni podparcia \u0142adowarki znajduj\u0105cej si\u0119 w g\u00f3rnym po\u0142o\u017ceniu roboczym.&nbsp;<\/p>\n\n\n\n<p><strong>Moment podniesienia<\/strong>&nbsp;\u2013 warto\u015b\u0107 okre\u015blaj\u0105ca zdolno\u015b\u0107 \u017curawia do przenoszenia \u0142adunk\u00f3w o okre\u015blonej masie, z uwzgl\u0119dnieniem zmiany ud\u017awigu w zale\u017cno\u015bci od rozpi\u0119to\u015bci. Moment podnoszenia nale\u017cy rozumie\u0107 jako ci\u0119\u017car okre\u015blonego \u0142adunku, kt\u00f3ry wisi na okre\u015blonej rozpi\u0119to\u015bci \u017curawia.&nbsp;&nbsp;<\/p>\n\n\n\n<p><strong>G\u0142\u0119boko\u015b\u0107 opuszczania<\/strong>&nbsp;\u2013 pionowa odleg\u0142o\u015b\u0107 od p\u0142aszczyzny po\u0142o\u017cenia \u017curawia do \u0142adowarki w maksymalnie dolnym po\u0142o\u017ceniu. G\u0142\u0119boko\u015b\u0107 t\u0119 mo\u017cna zwi\u0119kszy\u0107 o wysoko\u015b\u0107 \u0142adunku i d\u0142ugo\u015b\u0107 zawieszenia.&nbsp;&nbsp;<\/p>\n\n\n\n<p><strong>K\u0105t obrotu<\/strong>&nbsp;\u2013 z regu\u0142y \u017curawie samochodowe maj\u0105 mo\u017cliwo\u015b\u0107 ca\u0142kowitego obr\u00f3cenia wysi\u0119gnika. Ogranicza\u0107 to mo\u017ce tylko dany \u0142adunek.&nbsp;<\/p>\n\n\n\n<h2 class=\"wp-block-heading\">PYTANIA KURSANT\u00d3W<\/h2>\n\n\n\t\t<details\t\thelp class=\"sc_fs_faq sc_card    \"\n\t\topen\t\t>\n\t\t\t\t\t<summary>\n\t\t\t\t<h3>Czym charakteryzuj\u0105 si\u0119 d\u017awigi samojezdne?<\/h3>\t\t\t\t\t<\/summary>\n\t\t\t\t<div>\n\t\t\t\t\t\t<div class=\"sc_fs_faq__content\">\n\t\t\t\t\n\n<p>D\u017awigi samojezdne to ci\u0119\u017cki sprz\u0119t przemys\u0142owy sk\u0142adaj\u0105cy si\u0119 z wysi\u0119gnika zako\u0144czonego hakiem, przymocowanego do samochodu ci\u0119\u017carowego. Wykorzystuje si\u0119 je do specjalistycznych prac transportowych w miejscach takich, jak place budowy.<\/p>\n\n\t\t\t<\/div>\n\t\t<\/div>\n\t\t<\/details>\n\t\t\t\t<details\t\thelp class=\"sc_fs_faq sc_card    \"\n\t\t\t\t>\n\t\t\t\t\t<summary>\n\t\t\t\t<h3>Czy musz\u0119 mie\u0107 wykszta\u0142cenie zawodowe, aby przyst\u0105pi\u0107 do kursu?<\/h3>\t\t\t\t\t<\/summary>\n\t\t\t\t<div>\n\t\t\t\t\t\t<div class=\"sc_fs_faq__content\">\n\t\t\t\t\n\n<p>Nie, aby wzi\u0105\u0107 udzia\u0142 w szkoleniu wystarczy mie\u0107 wykszta\u0142cenie przynajmniej podstawowe.<\/p>\n\n\t\t\t<\/div>\n\t\t<\/div>\n\t\t<\/details>\n\t\t\n<script type=\"application\/ld+json\">\n\t{\n\t\t\"@context\": \"https:\/\/schema.org\",\n\t\t\"@type\": \"FAQPage\",\n\t\t\"mainEntity\": [\n\t\t\t\t\t{\n\t\t\t\t\"@type\": \"Question\",\n\t\t\t\t\"name\": \"Czym charakteryzuj\u0105 si\u0119 d\u017awigi samojezdne?\",\n\t\t\t\t\"acceptedAnswer\": {\n\t\t\t\t\t\"@type\": \"Answer\",\n\t\t\t\t\t\"text\": \"<p>D\u017awigi samojezdne to ci\u0119\u017cki sprz\u0119t przemys\u0142owy sk\u0142adaj\u0105cy si\u0119 z wysi\u0119gnika zako\u0144czonego hakiem, przymocowanego do samochodu ci\u0119\u017carowego. Wykorzystuje si\u0119 je do specjalistycznych prac transportowych w miejscach takich, jak place budowy.<\/p>\"\n\t\t\t\t\t\t\t\t\t}\n\t\t\t}\n\t\t\t,\t\t\t\t{\n\t\t\t\t\"@type\": \"Question\",\n\t\t\t\t\"name\": \"Czy musz\u0119 mie\u0107 wykszta\u0142cenie zawodowe, aby przyst\u0105pi\u0107 do kursu?\",\n\t\t\t\t\"acceptedAnswer\": {\n\t\t\t\t\t\"@type\": \"Answer\",\n\t\t\t\t\t\"text\": \"<p>Nie, aby wzi\u0105\u0107 udzia\u0142 w szkoleniu wystarczy mie\u0107 wykszta\u0142cenie przynajmniej podstawowe.<\/p>\"\n\t\t\t\t\t\t\t\t\t}\n\t\t\t}\n\t\t\t\t\t\t]\n\t}\n<\/script>\n","protected":false},"excerpt":{"rendered":"<p>Operator \u017curawia samojezdnego&nbsp; Zajmujemy si\u0119 szkoleniami operator\u00f3w \u017curawi samojezdnych. Posiadamy bogat\u0105 ofert\u0119 zaj\u0119ciow\u0105 i oferujemy us\u0142ugi na wysokim poziomie. Wiedza nabyta na naszym kursie na pewno przyda si\u0119 w ka\u017cdej bran\u017cy przemys\u0142owej i usprawni prac\u0119 twojego zak\u0142adu.&nbsp; Jak wygl\u0105da kurs?&nbsp;&nbsp; Nasze zaj\u0119cia podzielone s\u0105 na dwie g\u0142\u00f3wne cz\u0119\u015bci: teoretyczn\u0105 i praktyczn\u0105. W praktyce uczymy si\u0119 [&hellip;]<\/p>\n","protected":false},"author":3,"featured_media":2693,"parent":1739,"menu_order":0,"comment_status":"closed","ping_status":"closed","template":"","meta":{"footnotes":""},"class_list":["post-2690","page","type-page","status-publish","has-post-thumbnail","hentry"],"aioseo_notices":[],"_links":{"self":[{"href":"https:\/\/oso.edu.pl\/de\/wp-json\/wp\/v2\/pages\/2690","targetHints":{"allow":["GET"]}}],"collection":[{"href":"https:\/\/oso.edu.pl\/de\/wp-json\/wp\/v2\/pages"}],"about":[{"href":"https:\/\/oso.edu.pl\/de\/wp-json\/wp\/v2\/types\/page"}],"author":[{"embeddable":true,"href":"https:\/\/oso.edu.pl\/de\/wp-json\/wp\/v2\/users\/3"}],"replies":[{"embeddable":true,"href":"https:\/\/oso.edu.pl\/de\/wp-json\/wp\/v2\/comments?post=2690"}],"version-history":[{"count":9,"href":"https:\/\/oso.edu.pl\/de\/wp-json\/wp\/v2\/pages\/2690\/revisions"}],"predecessor-version":[{"id":2994,"href":"https:\/\/oso.edu.pl\/de\/wp-json\/wp\/v2\/pages\/2690\/revisions\/2994"}],"up":[{"embeddable":true,"href":"https:\/\/oso.edu.pl\/de\/wp-json\/wp\/v2\/pages\/1739"}],"wp:featuredmedia":[{"embeddable":true,"href":"https:\/\/oso.edu.pl\/de\/wp-json\/wp\/v2\/media\/2693"}],"wp:attachment":[{"href":"https:\/\/oso.edu.pl\/de\/wp-json\/wp\/v2\/media?parent=2690"}],"curies":[{"name":"wp","href":"https:\/\/api.w.org\/{rel}","templated":true}]}}