{"id":1263,"date":"2014-11-19T18:21:07","date_gmt":"2014-11-19T18:21:07","guid":{"rendered":"http:\/\/oso.edu.pl\/?page_id=1263"},"modified":"2021-07-04T23:45:42","modified_gmt":"2021-07-04T23:45:42","slug":"fire-protection-regulations","status":"publish","type":"page","link":"https:\/\/oso.edu.pl\/en\/baza-wiedzy\/ppoz-przepisy\/","title":{"rendered":"Fire protection - regulations"},"content":{"rendered":"<div style=\"float: left; padding-right: 10px;\"><div id=\"metaslider-id-1333\" style=\"max-width: 300px;\" class=\"ml-slider-3-109-0 metaslider metaslider-flex metaslider-1333 ml-slider ms-theme-default nav-hidden\" role=\"region\" aria-label=\"ppoz regulations\" data-height=\"225\" data-width=\"300\">\n    <div id=\"metaslider_container_1333\">\n        <div id=\"metaslider_1333\">\n            <ul class='slides'>\n                <li style=\"display: block; width: 100%;\" class=\"slide-1424 ms-image\" aria-roledescription=\"slide\" data-date=\"2014-11-20 08:17:58\" data-filename=\"ppoz21.jpg\" data-slide-type=\"image\"><img decoding=\"async\" src=\"https:\/\/oso.edu.pl\/wp-content\/uploads\/2014\/11\/ppoz21.jpg\" height=\"225\" width=\"300\" alt=\"\" class=\"slider-1333 slide-1424 msDefaultImage\" \/><\/li>\n            <\/ul>\n        <\/div>\n        \n    <\/div>\n<\/div><\/div>\n<div class=\"wyjustuj\">\n<p>Compliance with fire regulations is crucial for the safety of facilities, buildings, sites and employees. Recipes <a href=\"https:\/\/oso.edu.pl\/en\/szkolenia\/ppoz\/\">Fire<\/a> they concern basic and specific issues related to work and employee safety.<\/p>\n<p><strong>The most important provisions of fire protection include:<\/strong><\/p>\n<ul>\n<li>Act of August 24, 1991 on fire protection. (Journal of Laws of 1991, No. 81, item 351, as amended)<\/li>\n<li>Regulation of the Minister of Internal Affairs and Administration of 7 June 2010 on fire protection of buildings, other structures and areas (Journal of Laws of 2010, No. 109, item 719)<\/li>\n<li>Regulation of the Minister of Internal Affairs and Administration of 24 July 2009 on fire-fighting water supply and fire roads. (Journal of Laws of 2009, No. 124, item 1030)<\/li>\n<li>Regulation of the Minister of Infrastructure of April 12, 2002 on technical conditions to be met by buildings and their location (Journal of Laws of 2002, No. 75, item 690, as amended)<\/li>\n<\/ul>\n<p><strong>Moreover, Polish Standards are applicable:<\/strong><\/p>\n<ul>\n<li>PN-N-01256-5 in the topic Safety signs. Rules for placing safety signs on escape routes and fire routes<\/li>\n<li>PN-B-02852: 2001 entitled Calculation of the fire load density and determination of the relative fire duration.<\/li>\n<li>PN-92 \/ N-01256\/02 on Safety signs. Evacuation<\/li>\n<li>PN-92\/N-01256\/01 on the subject Safety signs. <a href=\"https:\/\/oso.edu.pl\/en\/uslugi-ppoz\/ochrona-przeciwpozarowa\/\">Fire protection<\/a><\/li>\n<\/ul>\n<p>In enterprises, facilities, buildings and on premises, employers, managers and owners are required to implement fire protection solutions in accordance with the requirements of the regulations.<\/p>\n<\/div>","protected":false},"excerpt":{"rendered":"<p>Przestrzeganie przepis\u00f3w przeciwpo\u017carowych jest kluczowe dla bezpiecze\u0144stwa obiekt\u00f3w, budynk\u00f3w, teren\u00f3w oraz pracownik\u00f3w. Przepisy PPO\u017b dotycz\u0105 kwestii podstawowych i szczeg\u00f3\u0142owych zwi\u0105zanych z bezpiecze\u0144stwem pracy i pracownik\u00f3w. W\u015br\u00f3d najwa\u017cniejszych przepis\u00f3w w ramach PPO\u017b znajduj\u0105 si\u0119: ustawa z dnia 24 sierpnia 1991 r. o ochronie przeciwpo\u017carowej. (Dz. U. 1991 nr 81 poz. 351 ze. zm.) rozporz\u0105dzenie Ministra Spraw [&hellip;]<\/p>\n","protected":false},"author":3,"featured_media":0,"parent":1253,"menu_order":0,"comment_status":"closed","ping_status":"closed","template":"","meta":{"footnotes":""},"class_list":["post-1263","page","type-page","status-publish","hentry"],"aioseo_notices":[],"_links":{"self":[{"href":"https:\/\/oso.edu.pl\/en\/wp-json\/wp\/v2\/pages\/1263","targetHints":{"allow":["GET"]}}],"collection":[{"href":"https:\/\/oso.edu.pl\/en\/wp-json\/wp\/v2\/pages"}],"about":[{"href":"https:\/\/oso.edu.pl\/en\/wp-json\/wp\/v2\/types\/page"}],"author":[{"embeddable":true,"href":"https:\/\/oso.edu.pl\/en\/wp-json\/wp\/v2\/users\/3"}],"replies":[{"embeddable":true,"href":"https:\/\/oso.edu.pl\/en\/wp-json\/wp\/v2\/comments?post=1263"}],"version-history":[{"count":2,"href":"https:\/\/oso.edu.pl\/en\/wp-json\/wp\/v2\/pages\/1263\/revisions"}],"predecessor-version":[{"id":1869,"href":"https:\/\/oso.edu.pl\/en\/wp-json\/wp\/v2\/pages\/1263\/revisions\/1869"}],"up":[{"embeddable":true,"href":"https:\/\/oso.edu.pl\/en\/wp-json\/wp\/v2\/pages\/1253"}],"wp:attachment":[{"href":"https:\/\/oso.edu.pl\/en\/wp-json\/wp\/v2\/media?parent=1263"}],"curies":[{"name":"wp","href":"https:\/\/api.w.org\/{rel}","templated":true}]}}