{"id":2749,"date":"2023-03-21T17:27:55","date_gmt":"2023-03-21T16:27:55","guid":{"rendered":"https:\/\/oso.edu.pl\/?page_id=2749"},"modified":"2023-03-22T15:40:40","modified_gmt":"2023-03-22T14:40:40","slug":"course-operating-unloaders-warehouse","status":"publish","type":"page","link":"https:\/\/oso.edu.pl\/en\/szkolenia\/uprawnienia-udt-wdt-tdt\/kurs-obslugi-ukladnic-magazynowych\/","title":{"rendered":"UDT COURSE FOR WAREHOUSE STACKER CRANE OPERATORS"},"content":{"rendered":"\n<h2 class=\"wp-block-heading\">Szkolenie z obs\u0142ugi uk\u0142adnicy magazynowej&nbsp;<\/h2>\n\n\n\n<p>Nasz o\u015brodek szkoleniowy OSO oferujemy szkolenie przygotowuj\u0105ce do egzaminu Urz\u0119du Dozoru Technicznego i samodzielnej pracy jako operator uk\u0142adnic magazynowych.&nbsp;<\/p>\n\n\n<div class=\"wp-block-image\">\n<figure class=\"alignleft size-large is-resized\"><a href=\"https:\/\/oso.edu.pl\/wp-content\/uploads\/2023\/03\/screen_2x-2023-03-03T190000.079.jpg\"><img decoding=\"async\" src=\"https:\/\/oso.edu.pl\/wp-content\/uploads\/2023\/03\/screen_2x-2023-03-03T190000.079-1024x683.jpg\" alt=\"uk\u0142adnice magazynowe na hali\" class=\"wp-image-2750\" width=\"512\" height=\"342\" srcset=\"https:\/\/oso.edu.pl\/wp-content\/uploads\/2023\/03\/screen_2x-2023-03-03T190000.079-1024x683.jpg 1024w, https:\/\/oso.edu.pl\/wp-content\/uploads\/2023\/03\/screen_2x-2023-03-03T190000.079-300x200.jpg 300w, https:\/\/oso.edu.pl\/wp-content\/uploads\/2023\/03\/screen_2x-2023-03-03T190000.079-768x512.jpg 768w, https:\/\/oso.edu.pl\/wp-content\/uploads\/2023\/03\/screen_2x-2023-03-03T190000.079-1536x1024.jpg 1536w, https:\/\/oso.edu.pl\/wp-content\/uploads\/2023\/03\/screen_2x-2023-03-03T190000.079-18x12.jpg 18w, https:\/\/oso.edu.pl\/wp-content\/uploads\/2023\/03\/screen_2x-2023-03-03T190000.079.jpg 1600w\" sizes=\"(max-width: 512px) 100vw, 512px\" \/><\/a><\/figure>\n<\/div>\n\n\n<p>Coraz wi\u0119cej os\u00f3b szuka zatrudnienia w magazynach, dlatego rywalizacja na rynku pracy jest bardzo du\u017ca. W celu zwi\u0119kszenia swoich szans na znalezienie pracy lub uzyskanie podwy\u017cki, warto zwi\u0119ksza\u0107 swoje uprawnienia i kwalifikacje.&nbsp;<\/p>\n\n\n\n<h2 class=\"wp-block-heading\">Cel szkolenia&nbsp;<\/h2>\n\n\n\n<p>Przygotowanie do egzaminu Urz\u0119du Dozoru Technicznego na operatora uk\u0142adnic magazynowych. Wydanie za\u015bwiadczenia kwalifikacyjnego nast\u0119puje po uzyskaniu pozytywnego wyniku na egzaminie.&nbsp;<\/p>\n\n\n\n<h2 class=\"wp-block-heading\">Zakres tematyczny szkolenia&nbsp;<\/h2>\n\n\n\n<ul class=\"wp-block-list\">\n<li>przepisy i normy prawne dotycz\u0105ce obs\u0142ugi urz\u0105dze\u0144,&nbsp;<\/li>\n\n\n\n<li>rodzaje urz\u0105dze\u0144, kt\u00f3re s\u0105 obj\u0119te zakresem uprawnienia,&nbsp;<\/li>\n\n\n\n<li>budowa uk\u0142adnic magazynowych,&nbsp;<\/li>\n\n\n\n<li>organizacja i obszar dzia\u0142ania dozoru technicznego,&nbsp;<\/li>\n\n\n\n<li>termin stateczno\u015bci urz\u0105dzenia,&nbsp;<\/li>\n\n\n\n<li>konstrukcja i dzia\u0142anie mechanizm\u00f3w urz\u0105dzenia,&nbsp;<\/li>\n\n\n\n<li>zasady post\u0119powania w przypadku wyst\u0105pienia awarii lub nieszcz\u0119\u015bliwego wypadku,&nbsp;<\/li>\n\n\n\n<li>organizacja pracy w\u0142asnej,&nbsp;<\/li>\n\n\n\n<li>obowi\u0105zki operatora uk\u0142adnicy, kt\u00f3re musi wykona\u0107 przed prac\u0105, podczas pracy i po zako\u0144czeniu pracy,&nbsp;&nbsp;<\/li>\n\n\n\n<li>kategoryzacja i typologia uk\u0142adnic magazynowych,&nbsp;<\/li>\n\n\n\n<li>dzia\u0142anie hamulc\u00f3w i urz\u0105dze\u0144 zabezpieczaj\u0105cych,&nbsp;<\/li>\n\n\n\n<li>manewrowanie mechanizmami urz\u0105dze\u0144 og\u00f3lnego przeznaczenia,&nbsp;<\/li>\n\n\n\n<li>manewrowanie mechanizmami urz\u0105dze\u0144 specjalnego przeznaczenia,&nbsp;<\/li>\n\n\n\n<li><a href=\"https:\/\/oso.edu.pl\/en\/szkolenia\/bhp\/\">zasady BHP<\/a> przy obs\u0142udze uk\u0142adnic magazynowych,&nbsp;<\/li>\n\n\n\n<li>zasady dotycz\u0105ce pracy w wyj\u0105tkowych warunkach,&nbsp;<\/li>\n\n\n\n<li>wyposa\u017cenie hydrauliczne, elektryczne i pneumatyczne.&nbsp;<\/li>\n<\/ul>\n\n\n\n<h2 class=\"wp-block-heading\">Uk\u0142adnice magazynowe \u2013 charakterystyka&nbsp;<\/h2>\n\n\n<div class=\"wp-block-image\">\n<figure class=\"alignright size-large is-resized\"><a href=\"https:\/\/oso.edu.pl\/wp-content\/uploads\/2023\/03\/01-1.jpg\"><img decoding=\"async\" src=\"https:\/\/oso.edu.pl\/wp-content\/uploads\/2023\/03\/01-1-1024x683.jpg\" alt=\"uk\u0142adnica na magazynie\" class=\"wp-image-2751\" width=\"512\" height=\"342\" srcset=\"https:\/\/oso.edu.pl\/wp-content\/uploads\/2023\/03\/01-1-1024x683.jpg 1024w, https:\/\/oso.edu.pl\/wp-content\/uploads\/2023\/03\/01-1-300x200.jpg 300w, https:\/\/oso.edu.pl\/wp-content\/uploads\/2023\/03\/01-1-768x512.jpg 768w, https:\/\/oso.edu.pl\/wp-content\/uploads\/2023\/03\/01-1-18x12.jpg 18w, https:\/\/oso.edu.pl\/wp-content\/uploads\/2023\/03\/01-1.jpg 1500w\" sizes=\"(max-width: 512px) 100vw, 512px\" \/><\/a><\/figure>\n<\/div>\n\n\n<p>Uk\u0142adnice magazynowe s\u0105 zaliczane do UTB, czyli urz\u0105dze\u0144 transportu bliskiego. Do ich obs\u0142ugi niezb\u0119dne jest posiadanie za\u015bwiadczenia Urz\u0119du Dozoru Technicznego potwierdzaj\u0105cego posiadane uprawnienia.&nbsp;<\/p>\n\n\n\n<p>Uk\u0142adnice to urz\u0105dzenia przeznaczone do przemieszczania i uk\u0142adania \u0142adunk\u00f3w, kt\u00f3re s\u0105 sk\u0142adowane w magazynach. Wyr\u00f3\u017cni\u0107 mo\u017cemy nast\u0119puj\u0105ce rodzaje uk\u0142adnic magazynowych:&nbsp;<\/p>\n\n\n\n<ul class=\"wp-block-list\">\n<li>jednokolumnowe (s\u0142upowe),&nbsp;<\/li>\n\n\n\n<li>dwukolumnowe (ramowe),&nbsp;<\/li>\n\n\n\n<li>podwieszane,&nbsp;<\/li>\n\n\n\n<li>suwnicowe (przejezdne).&nbsp;<\/li>\n<\/ul>\n\n\n\n<p>Mo\u017cna je podzieli\u0107 tak\u017ce ze wzgl\u0119du na sterowno\u015b\u0107:&nbsp;<\/p>\n\n\n\n<ul class=\"wp-block-list\">\n<li>sterowane automatycznie,&nbsp;<\/li>\n\n\n\n<li>sterowane p\u00f3\u0142automatycznie,&nbsp;<\/li>\n\n\n\n<li>sterowane r\u0119cznie.&nbsp;<\/li>\n<\/ul>\n\n\n\n<p>Uk\u0142adnice mog\u0105 posiada\u0107 r\u00f3\u017cne mechanizmy pobieraj\u0105ce i podaj\u0105ce. Mo\u017ce by\u0107 zamontowany w urz\u0105dzeniu przeno\u015bnik, chwytak albo wid\u0142y.&nbsp;<\/p>\n\n\n\n<h2 class=\"wp-block-heading\"><strong>Cena kursu uwzgl\u0119dnia<\/strong>&nbsp;<\/h2>\n\n\n\n<ul class=\"wp-block-list\">\n<li>zaj\u0119cia teoretyczne,&nbsp;<\/li>\n\n\n\n<li>materia\u0142y szkoleniowe,&nbsp;<\/li>\n\n\n\n<li>zaj\u0119cia praktyczne, czyli nauka obs\u0142ugi urz\u0105dzenia,&nbsp;<\/li>\n\n\n\n<li>pomoc przy uzgadnianiu terminu egzaminu w UDT.&nbsp;<\/li>\n<\/ul>\n\n\n\n<h2 class=\"wp-block-heading\">Wymagania wobec kandydat\u00f3w&nbsp;<\/h2>\n\n\n<div class=\"wp-block-image\">\n<figure class=\"alignright size-large is-resized\"><a href=\"https:\/\/oso.edu.pl\/wp-content\/uploads\/2023\/03\/s2-78.jpg\"><img decoding=\"async\" src=\"https:\/\/oso.edu.pl\/wp-content\/uploads\/2023\/03\/s2-78-1024x683.jpg\" alt=\"operator uk\u0142adnicy magazynowej\" class=\"wp-image-2752\" width=\"512\" height=\"342\" srcset=\"https:\/\/oso.edu.pl\/wp-content\/uploads\/2023\/03\/s2-78-1024x683.jpg 1024w, https:\/\/oso.edu.pl\/wp-content\/uploads\/2023\/03\/s2-78-300x200.jpg 300w, https:\/\/oso.edu.pl\/wp-content\/uploads\/2023\/03\/s2-78-768x512.jpg 768w, https:\/\/oso.edu.pl\/wp-content\/uploads\/2023\/03\/s2-78-1536x1024.jpg 1536w, https:\/\/oso.edu.pl\/wp-content\/uploads\/2023\/03\/s2-78-18x12.jpg 18w, https:\/\/oso.edu.pl\/wp-content\/uploads\/2023\/03\/s2-78.jpg 1600w\" sizes=\"(max-width: 512px) 100vw, 512px\" \/><\/a><\/figure>\n<\/div>\n\n\n<ul class=\"wp-block-list\">\n<li>uko\u0144czone 18 lat,&nbsp;<\/li>\n\n\n\n<li>wykszta\u0142cenie minimum podstawowe\/gimnazjalne,&nbsp;<\/li>\n\n\n\n<li>za\u015bwiadczenie od lekarza medycyny pracy o braku przeszk\u00f3d do wykonywania obowi\u0105zk\u00f3w operatora uk\u0142adnic magazynowych.&nbsp;<\/li>\n<\/ul>\n\n\n\n<h2 class=\"wp-block-heading\">Kurs konserwatora&nbsp;<\/h2>\n\n\n\n<p>Prowadzimy r\u00f3wnie\u017c szkolenie z zakresu konserwacji uk\u0142adnic magazynowych. Zapraszamy do skorzystania z kursu wszystkie osoby, kt\u00f3rych celem jest zostanie konserwatorem tych urz\u0105dze\u0144. Nasi wykwalifikowani instruktorzy do\u0142o\u017c\u0105 wszelkich stara\u0144, by jak najlepiej przygotowa\u0107 Pa\u0144stwa do zdania egzaminu.&nbsp;<\/p>\n\n\n\n<h2 class=\"wp-block-heading\">PYTANIA KURSANT\u00d3W<\/h2>\n\n\n\t\t<details\t\thelp class=\"sc_fs_faq sc_card    \"\n\t\topen\t\t>\n\t\t\t\t\t<summary>\n\t\t\t\t<h3>Gdzie mog\u0119 pracowa\u0107 po tym kursie?<\/h3>\t\t\t\t\t<\/summary>\n\t\t\t\t<div>\n\t\t\t\t\t\t<div class=\"sc_fs_faq__content\">\n\t\t\t\t\n\n<p>Mo\u017cesz pracowa\u0107 w hali magazynowej jako operator uk\u0142adnic magazynowych.<\/p>\n\n\t\t\t<\/div>\n\t\t<\/div>\n\t\t<\/details>\n\t\t\t\t<details\t\thelp class=\"sc_fs_faq sc_card    \"\n\t\t\t\t>\n\t\t\t\t\t<summary>\n\t\t\t\t<h3>Czy macie te\u017c kurs konserwacji uk\u0142adnic magazynowych?<\/h3>\t\t\t\t\t<\/summary>\n\t\t\t\t<div>\n\t\t\t\t\t\t<div class=\"sc_fs_faq__content\">\n\t\t\t\t\n\n<p>Tak. <a href=\"https:\/\/oso.edu.pl\/en\/o-firmie\/\">Nasza firma<\/a> szkoleniowa oferuje kurs umo\u017cliwiaj\u0105cy zostanie konserwatorem tych urz\u0105dze\u0144.<\/p>\n\n\t\t\t<\/div>\n\t\t<\/div>\n\t\t<\/details>\n\t\t\t\t<details\t\thelp class=\"sc_fs_faq sc_card    \"\n\t\t\t\t>\n\t\t\t\t\t<summary>\n\t\t\t\t<h3>Czego naucz\u0119 si\u0119 podczas szkolenia?<\/h3>\t\t\t\t\t<\/summary>\n\t\t\t\t<div>\n\t\t\t\t\t\t<div class=\"sc_fs_faq__content\">\n\t\t\t\t\n\n<p>Program kursu jest bardzo szeroki i mo\u017cna dowiedzie\u0107 si\u0119 na nim m.in. jak prawid\u0142owo obs\u0142ugiwa\u0107 uk\u0142adnice magazynowe, jaka jest ich budowa i mechanizmy w nich dzia\u0142aj\u0105ce, jakie s\u0105 obowi\u0105zki operatora oraz zasady zapewniaj\u0105ce bezpiecze\u0144stwo podczas pracy.&nbsp;<\/p>\n\n\t\t\t<\/div>\n\t\t<\/div>\n\t\t<\/details>\n\t\t\t\t<details\t\thelp class=\"sc_fs_faq sc_card    \"\n\t\t\t\t>\n\t\t\t\t\t<summary>\n\t\t\t\t<h3>Jakie warunki trzeba spe\u0142nia\u0107, by wzi\u0105\u0107 udzia\u0142 w szkoleniu? <\/h3>\t\t\t\t\t<\/summary>\n\t\t\t\t<div>\n\t\t\t\t\t\t<div class=\"sc_fs_faq__content\">\n\t\t\t\t\n\n<p>S\u0105 trzy podstawowe warunki: pe\u0142noletno\u015b\u0107, uko\u0144czenie co najmniej szko\u0142y podstawowej lub gimnazjum oraz stan zdrowia pozwalaj\u0105cy na wykonywanie zawodu.&nbsp;<\/p>\n\n\t\t\t<\/div>\n\t\t<\/div>\n\t\t<\/details>\n\t\t\n<script type=\"application\/ld+json\">\n\t{\n\t\t\"@context\": \"https:\/\/schema.org\",\n\t\t\"@type\": \"FAQPage\",\n\t\t\"mainEntity\": [\n\t\t\t\t\t{\n\t\t\t\t\"@type\": \"Question\",\n\t\t\t\t\"name\": \"Gdzie mog\u0119 pracowa\u0107 po tym kursie?\",\n\t\t\t\t\"acceptedAnswer\": {\n\t\t\t\t\t\"@type\": \"Answer\",\n\t\t\t\t\t\"text\": \"<p>Mo\u017cesz pracowa\u0107 w hali magazynowej jako operator uk\u0142adnic magazynowych.<\/p>\"\n\t\t\t\t\t\t\t\t\t}\n\t\t\t}\n\t\t\t,\t\t\t\t{\n\t\t\t\t\"@type\": \"Question\",\n\t\t\t\t\"name\": \"Czy macie te\u017c kurs konserwacji uk\u0142adnic magazynowych?\",\n\t\t\t\t\"acceptedAnswer\": {\n\t\t\t\t\t\"@type\": \"Answer\",\n\t\t\t\t\t\"text\": \"<p>Tak. Nasza firma szkoleniowa oferuje kurs umo\u017cliwiaj\u0105cy zostanie konserwatorem tych urz\u0105dze\u0144.<\/p>\"\n\t\t\t\t\t\t\t\t\t}\n\t\t\t}\n\t\t\t,\t\t\t\t{\n\t\t\t\t\"@type\": \"Question\",\n\t\t\t\t\"name\": \"Czego naucz\u0119 si\u0119 podczas szkolenia?\",\n\t\t\t\t\"acceptedAnswer\": {\n\t\t\t\t\t\"@type\": \"Answer\",\n\t\t\t\t\t\"text\": \"<p>Program kursu jest bardzo szeroki i mo\u017cna dowiedzie\u0107 si\u0119 na nim m.in. jak prawid\u0142owo obs\u0142ugiwa\u0107 uk\u0142adnice magazynowe, jaka jest ich budowa i mechanizmy w nich dzia\u0142aj\u0105ce, jakie s\u0105 obowi\u0105zki operatora oraz zasady zapewniaj\u0105ce bezpiecze\u0144stwo podczas pracy.&nbsp;<\/p>\"\n\t\t\t\t\t\t\t\t\t}\n\t\t\t}\n\t\t\t,\t\t\t\t{\n\t\t\t\t\"@type\": \"Question\",\n\t\t\t\t\"name\": \"Jakie warunki trzeba spe\u0142nia\u0107, by wzi\u0105\u0107 udzia\u0142 w szkoleniu? \",\n\t\t\t\t\"acceptedAnswer\": {\n\t\t\t\t\t\"@type\": \"Answer\",\n\t\t\t\t\t\"text\": \"<p>S\u0105 trzy podstawowe warunki: pe\u0142noletno\u015b\u0107, uko\u0144czenie co najmniej szko\u0142y podstawowej lub gimnazjum oraz stan zdrowia pozwalaj\u0105cy na wykonywanie zawodu.&nbsp;<\/p>\"\n\t\t\t\t\t\t\t\t\t}\n\t\t\t}\n\t\t\t\t\t\t]\n\t}\n<\/script>\n","protected":false},"excerpt":{"rendered":"<p>Szkolenie z obs\u0142ugi uk\u0142adnicy magazynowej&nbsp; Nasz o\u015brodek szkoleniowy OSO oferujemy szkolenie przygotowuj\u0105ce do egzaminu Urz\u0119du Dozoru Technicznego i samodzielnej pracy jako operator uk\u0142adnic magazynowych.&nbsp; Coraz wi\u0119cej os\u00f3b szuka zatrudnienia w magazynach, dlatego rywalizacja na rynku pracy jest bardzo du\u017ca. W celu zwi\u0119kszenia swoich szans na znalezienie pracy lub uzyskanie podwy\u017cki, warto zwi\u0119ksza\u0107 swoje uprawnienia i [&hellip;]<\/p>\n","protected":false},"author":3,"featured_media":2752,"parent":1739,"menu_order":0,"comment_status":"closed","ping_status":"closed","template":"","meta":{"footnotes":""},"class_list":["post-2749","page","type-page","status-publish","has-post-thumbnail","hentry"],"aioseo_notices":[],"_links":{"self":[{"href":"https:\/\/oso.edu.pl\/en\/wp-json\/wp\/v2\/pages\/2749","targetHints":{"allow":["GET"]}}],"collection":[{"href":"https:\/\/oso.edu.pl\/en\/wp-json\/wp\/v2\/pages"}],"about":[{"href":"https:\/\/oso.edu.pl\/en\/wp-json\/wp\/v2\/types\/page"}],"author":[{"embeddable":true,"href":"https:\/\/oso.edu.pl\/en\/wp-json\/wp\/v2\/users\/3"}],"replies":[{"embeddable":true,"href":"https:\/\/oso.edu.pl\/en\/wp-json\/wp\/v2\/comments?post=2749"}],"version-history":[{"count":3,"href":"https:\/\/oso.edu.pl\/en\/wp-json\/wp\/v2\/pages\/2749\/revisions"}],"predecessor-version":[{"id":2812,"href":"https:\/\/oso.edu.pl\/en\/wp-json\/wp\/v2\/pages\/2749\/revisions\/2812"}],"up":[{"embeddable":true,"href":"https:\/\/oso.edu.pl\/en\/wp-json\/wp\/v2\/pages\/1739"}],"wp:featuredmedia":[{"embeddable":true,"href":"https:\/\/oso.edu.pl\/en\/wp-json\/wp\/v2\/media\/2752"}],"wp:attachment":[{"href":"https:\/\/oso.edu.pl\/en\/wp-json\/wp\/v2\/media?parent=2749"}],"curies":[{"name":"wp","href":"https:\/\/api.w.org\/{rel}","templated":true}]}}