{"id":2778,"date":"2023-03-21T17:39:03","date_gmt":"2023-03-21T16:39:03","guid":{"rendered":"https:\/\/oso.edu.pl\/?page_id=2778"},"modified":"2023-03-22T15:36:50","modified_gmt":"2023-03-22T14:36:50","slug":"course-udt-operating-vehicles-with-variable-extension","status":"publish","type":"page","link":"https:\/\/oso.edu.pl\/en\/szkolenia\/uprawnienia-udt-wdt-tdt\/kurs-udt-obslugi-wozkow-ze-zmiennym-wysiegiem\/","title":{"rendered":"UDT COURSE IN FORKLIFT TRUCK OPERATION"},"content":{"rendered":"\n<h2 class=\"wp-block-heading\">Szkolenie operatora w\u00f3zka wid\u0142owego ze zmiennym wysi\u0119giem&nbsp;<\/h2>\n\n\n\n<p>Zapraszamy na szkolenia na w\u00f3zki wid\u0142owe do&nbsp;O\u015brodka Szkolenia Operator\u00f3w. Mamy wieloletnie do\u015bwiadczenie w prowadzeniu kurs\u00f3w, a z naszych us\u0142ug skorzysta\u0142o ju\u017c tysi\u0105ce os\u00f3b na terenie ca\u0142ej Polski. \u0141adowarki teleskopowe ze wzgl\u0119du na swoje du\u017ce mo\u017cliwo\u015bci, s\u0105 obecnie stosowane w wielu bran\u017cach. Osoby z uprawnieniami operatora lub konserwatora s\u0105 poszukiwanymi pracownikami. Kurs na obs\u0142ug\u0119 lub konserwacje tych urz\u0105dze\u0144 jest dobr\u0105 inwestycj\u0105 w siebie, zwi\u0119kszaj\u0105c\u0105 nasz\u0105 atrakcyjno\u015b\u0107 na rynku pracy.&nbsp;<\/p>\n\n\n<div class=\"wp-block-image\">\n<figure class=\"alignright size-large is-resized\"><a href=\"https:\/\/oso.edu.pl\/wp-content\/uploads\/2023\/03\/xfarmlift_photo_2.jpg.pagespeed.ic_.RHHeLvLXOQ.jpg\"><img decoding=\"async\" src=\"https:\/\/oso.edu.pl\/wp-content\/uploads\/2023\/03\/xfarmlift_photo_2.jpg.pagespeed.ic_.RHHeLvLXOQ-1024x682.jpg\" alt=\"w\u00f3zek wid\u0142owy ze zmiennym wysi\u0119giem podczas pracy\" class=\"wp-image-2780\" width=\"512\" height=\"341\" srcset=\"https:\/\/oso.edu.pl\/wp-content\/uploads\/2023\/03\/xfarmlift_photo_2.jpg.pagespeed.ic_.RHHeLvLXOQ-1024x682.jpg 1024w, https:\/\/oso.edu.pl\/wp-content\/uploads\/2023\/03\/xfarmlift_photo_2.jpg.pagespeed.ic_.RHHeLvLXOQ-300x200.jpg 300w, https:\/\/oso.edu.pl\/wp-content\/uploads\/2023\/03\/xfarmlift_photo_2.jpg.pagespeed.ic_.RHHeLvLXOQ-768x511.jpg 768w, https:\/\/oso.edu.pl\/wp-content\/uploads\/2023\/03\/xfarmlift_photo_2.jpg.pagespeed.ic_.RHHeLvLXOQ-18x12.jpg 18w, https:\/\/oso.edu.pl\/wp-content\/uploads\/2023\/03\/xfarmlift_photo_2.jpg.pagespeed.ic_.RHHeLvLXOQ.jpg 1128w\" sizes=\"(max-width: 512px) 100vw, 512px\" \/><\/a><\/figure>\n<\/div>\n\n\n<p><strong>Oferujemy szkolenia z zakresu obs\u0142ugi i konserwacji \u0142adowarek teleskopowych, ale tak\u017ce innych rodzaj\u00f3w w\u00f3zk\u00f3w wid\u0142owych:<\/strong>&nbsp;<\/p>\n\n\n\n<ul class=\"wp-block-list\">\n<li>elektryczne\/wysokiego sk\u0142adowania,&nbsp;<\/li>\n\n\n\n<li>spalinowe z wymian\u0105 butli LPG&nbsp;<\/li>\n\n\n\n<li>podno\u015bnikowe,&nbsp;<\/li>\n\n\n\n<li>podnosz\u0105ce operatora razem z \u0142adunkiem,&nbsp;<\/li>\n\n\n\n<li>w\u00f3zki jezdniowe \u2013 wid\u0142owe.&nbsp;<\/li>\n<\/ul>\n\n\n\n<h2 class=\"wp-block-heading\">Kurs operatora<\/h2>\n\n\n\n<p>Tematyka omawiana na kursie obejmuje m.in.:&nbsp;<\/p>\n\n\n\n<ul class=\"wp-block-list\">\n<li>informacje o dozorze technicznym,&nbsp;<\/li>\n\n\n\n<li>u\u017cytkowanie w\u00f3zka specjalizowanego,&nbsp;<\/li>\n\n\n\n<li>aparatur\u0119 elektroniczn\u0105 urz\u0105dzenia,&nbsp;<\/li>\n\n\n\n<li>mechanik\u0119 \u0142adowarek teleskopowych,&nbsp;<\/li>\n\n\n\n<li>obowi\u0105zki operatora przed przyst\u0105pieniem do pracy,&nbsp;<\/li>\n\n\n\n<li>zadania operatora podczas pracy,&nbsp;<\/li>\n\n\n\n<li>czynno\u015bci, kt\u00f3re operator musi wykona\u0107 po zako\u0144czeniu pracy na urz\u0105dzeniu,&nbsp;<\/li>\n\n\n\n<li>zasady bezpiecze\u0144stwa i higieny pracy, obowi\u0105zuj\u0105ce podczas pracy z \u0142adowark\u0105 teleskopow\u0105,&nbsp;<\/li>\n\n\n\n<li>praca w warunkach specjalnych,&nbsp;<\/li>\n\n\n\n<li>klasyfikacja w\u00f3zk\u00f3w i rodzaje uprawnie\u0144.&nbsp;<\/li>\n<\/ul>\n\n\n\n<h2 class=\"wp-block-heading\">Przebieg szkolenia i egzamin&nbsp;<\/h2>\n\n\n\n<p>Obydwa rodzaje kurs\u00f3w sk\u0142adaj\u0105 si\u0119 z:&nbsp;<\/p>\n\n\n\n<ul class=\"wp-block-list\">\n<li>cz\u0119\u015bci teoretycznej,&nbsp;<\/li>\n\n\n\n<li>cz\u0119\u015bci praktycznej.&nbsp;<\/li>\n<\/ul>\n\n\n<div class=\"wp-block-image\">\n<figure class=\"alignleft size-large is-resized\"><a href=\"https:\/\/oso.edu.pl\/wp-content\/uploads\/2023\/03\/9383e221bf368894e8be036c49861fe1-scaled.jpg\"><img decoding=\"async\" src=\"https:\/\/oso.edu.pl\/wp-content\/uploads\/2023\/03\/9383e221bf368894e8be036c49861fe1-1024x683.jpg\" alt=\"w\u00f3zek wid\u0142owy specjalizowany z osprz\u0119tem\" class=\"wp-image-2781\" width=\"512\" height=\"342\" srcset=\"https:\/\/oso.edu.pl\/wp-content\/uploads\/2023\/03\/9383e221bf368894e8be036c49861fe1-1024x683.jpg 1024w, https:\/\/oso.edu.pl\/wp-content\/uploads\/2023\/03\/9383e221bf368894e8be036c49861fe1-300x200.jpg 300w, https:\/\/oso.edu.pl\/wp-content\/uploads\/2023\/03\/9383e221bf368894e8be036c49861fe1-768x512.jpg 768w, https:\/\/oso.edu.pl\/wp-content\/uploads\/2023\/03\/9383e221bf368894e8be036c49861fe1-1536x1024.jpg 1536w, https:\/\/oso.edu.pl\/wp-content\/uploads\/2023\/03\/9383e221bf368894e8be036c49861fe1-2048x1365.jpg 2048w, https:\/\/oso.edu.pl\/wp-content\/uploads\/2023\/03\/9383e221bf368894e8be036c49861fe1-18x12.jpg 18w\" sizes=\"(max-width: 512px) 100vw, 512px\" \/><\/a><\/figure>\n<\/div>\n\n\n<p>Kursant po zako\u0144czeniu szkolenia podchodzi do egzaminu przed komisj\u0105 Urz\u0119du Dozoru Technicznego.&nbsp;<\/p>\n\n\n\n<h2 class=\"wp-block-heading\">Uprawnienia&nbsp;<\/h2>\n\n\n\n<p>Po zako\u0144czonym szkoleniu i zaliczeniu egzaminu, uczestnik otrzymuje za\u015bwiadczenie kwalifikacyjne potwierdzaj\u0105ce uzyskane kwalifikacje. <a href=\"https:\/\/oso.edu.pl\/en\/szkolenia\/uprawnienia-udt-wdt-tdt\/szkolenia-na-suwnice\/egzamin\/\">Uprawnienia UDT<\/a> honorowane s\u0105 w ca\u0142ej Polsce i na terenie Unii Europejskiej.&nbsp;<\/p>\n\n\n\n<h2 class=\"wp-block-heading\">Kurs na konserwatora<\/h2>\n\n\n\n<p>Podczas szkolenia na konserwatora w\u00f3zk\u00f3w wid\u0142owych ze zmiennym wysi\u0119giem, kursanci zapoznaj\u0105 si\u0119 z:&nbsp;<\/p>\n\n\n\n<ul class=\"wp-block-list\">\n<li>dokumentacj\u0105 techniczn\u0105 i instrukcjami dotycz\u0105cymi w\u00f3zk\u00f3w wid\u0142owych,&nbsp;<\/li>\n\n\n\n<li>og\u00f3lnymi informacjami o dozorze technicznym,&nbsp;<\/li>\n\n\n\n<li>planem konserwacji,&nbsp;<\/li>\n\n\n\n<li>zasadami bezpiecze\u0144stwa i higieny pracy podczas pracy przy urz\u0105dzeniu,&nbsp;<\/li>\n\n\n\n<li>warunkami technicznymi dozoru technicznego,&nbsp;<\/li>\n\n\n\n<li>wszelkimi normami dotycz\u0105cymi w\u00f3zk\u00f3w wid\u0142owych\/\u0142adowarek teleskopowych,&nbsp;<\/li>\n\n\n\n<li>zasadami eksploatacji w\u00f3zk\u00f3w wid\u0142owych,&nbsp;<\/li>\n\n\n\n<li>metodami czyszczenia danych urz\u0105dze\u0144.&nbsp;<\/li>\n<\/ul>\n\n\n\n<h2 class=\"wp-block-heading\">\u0141adowarka teleskopowa \u2013 zastosowanie&nbsp;<\/h2>\n\n\n\n<p>\u0141adowarka teleskopowa nazywana jest inaczej w\u00f3zkiem wid\u0142owym specjalizowanym. Wykorzystywana jest w miejscach, w kt\u00f3rych trzeba w spos\u00f3b szybki i sprawny przetransportowa\u0107 okre\u015blony towar. Dlatego znajduje zastosowanie w przemy\u015ble, na budowach most\u00f3w, dr\u00f3g, konstrukcji stalowych, wiadukt\u00f3w, w pracach magazynowych i rolniczych.&nbsp;<\/p>\n\n\n\n<p><strong>Do najpowszechniej znanych producent\u00f3w w\u00f3zk\u00f3w wid\u0142owych nale\u017c\u0105:<\/strong>&nbsp;<\/p>\n\n\n\n<div class=\"wp-block-columns is-layout-flex wp-container-core-columns-is-layout-9d6595d7 wp-block-columns-is-layout-flex\">\n<div class=\"wp-block-column is-layout-flow wp-block-column-is-layout-flow\">\n<ul class=\"wp-block-list\">\n<li>OMV,&nbsp;<\/li>\n\n\n\n<li>Toyota,&nbsp;<\/li>\n\n\n\n<li>Manitou,&nbsp;<\/li>\n\n\n\n<li>Bauman,&nbsp;<\/li>\n\n\n\n<li>Hako,&nbsp;<\/li>\n\n\n\n<li>Yale,&nbsp;<\/li>\n\n\n\n<li>BT,&nbsp;<\/li>\n<\/ul>\n<\/div>\n\n\n\n<div class=\"wp-block-column is-layout-flow wp-block-column-is-layout-flow\">\n<ul class=\"wp-block-list\">\n<li>Hyundai,&nbsp;<\/li>\n\n\n\n<li>HC,&nbsp;<\/li>\n\n\n\n<li>Clark,&nbsp;<\/li>\n\n\n\n<li>Taski,&nbsp;<\/li>\n\n\n\n<li>OMG,&nbsp;<\/li>\n\n\n\n<li>Linde,&nbsp;<\/li>\n\n\n\n<li>Nissan,<\/li>\n<\/ul>\n<\/div>\n\n\n\n<div class=\"wp-block-column is-layout-flow wp-block-column-is-layout-flow\">\n<ul class=\"wp-block-list\">\n<li>Komatsu,&nbsp;<\/li>\n\n\n\n<li>Mitsubishi,&nbsp;<\/li>\n\n\n\n<li>Still,&nbsp;<\/li>\n\n\n\n<li>Jungheineich,&nbsp;<\/li>\n\n\n\n<li>Hyster,&nbsp;&nbsp;<\/li>\n\n\n\n<li>JCB,&nbsp;<\/li>\n\n\n\n<li>Merlo,&nbsp;<\/li>\n\n\n\n<li>Avent.&nbsp;<\/li>\n<\/ul>\n<\/div>\n<\/div>\n\n\n\n<p><\/p>\n\n\n\n<h2 class=\"wp-block-heading\">Wymagania&nbsp;<\/h2>\n\n\n\n<p>Osoby chc\u0105ce zosta\u0107 konserwatorem lub operatorem w\u00f3zk\u00f3w wid\u0142owych powinny spe\u0142nia\u0107 nast\u0119puj\u0105ce warunki:&nbsp;<\/p>\n\n\n<div class=\"wp-block-image\">\n<figure class=\"alignright size-large is-resized\"><a href=\"https:\/\/oso.edu.pl\/wp-content\/uploads\/2023\/03\/TL3070_4TLS_20170719_D503344_-scaled.jpg\"><img decoding=\"async\" src=\"https:\/\/oso.edu.pl\/wp-content\/uploads\/2023\/03\/TL3070_4TLS_20170719_D503344_-1024x599.jpg\" alt=\"\u0142adowarka teleskopowa na budowie\" class=\"wp-image-2782\" width=\"512\" height=\"300\" srcset=\"https:\/\/oso.edu.pl\/wp-content\/uploads\/2023\/03\/TL3070_4TLS_20170719_D503344_-1024x599.jpg 1024w, https:\/\/oso.edu.pl\/wp-content\/uploads\/2023\/03\/TL3070_4TLS_20170719_D503344_-300x176.jpg 300w, https:\/\/oso.edu.pl\/wp-content\/uploads\/2023\/03\/TL3070_4TLS_20170719_D503344_-768x450.jpg 768w, https:\/\/oso.edu.pl\/wp-content\/uploads\/2023\/03\/TL3070_4TLS_20170719_D503344_-1536x899.jpg 1536w, https:\/\/oso.edu.pl\/wp-content\/uploads\/2023\/03\/TL3070_4TLS_20170719_D503344_-2048x1199.jpg 2048w, https:\/\/oso.edu.pl\/wp-content\/uploads\/2023\/03\/TL3070_4TLS_20170719_D503344_-18x12.jpg 18w\" sizes=\"(max-width: 512px) 100vw, 512px\" \/><\/a><\/figure>\n<\/div>\n\n\n<ul class=\"wp-block-list\">\n<li>mie\u0107 co najmniej 18 lat,&nbsp;<\/li>\n\n\n\n<li>posiada\u0107 minimum wykszta\u0142cenie podstawowe,&nbsp;<\/li>\n\n\n\n<li>okaza\u0107 za\u015bwiadczenie lekarskie, potwierdzaj\u0105ce brak przeciwskaza\u0144 do wykonywania zada\u0144 na danym stanowisku.&nbsp;<\/li>\n<\/ul>\n\n\n\n<h2 class=\"wp-block-heading\">Warto nam zaufa\u0107&nbsp;<\/h2>\n\n\n\n<p>Decyduj\u0105c si\u0119 na skorzystanie z naszych kurs\u00f3w gwarantujemy:&nbsp;<\/p>\n\n\n\n<ul class=\"wp-block-list\">\n<li>atrakcyjne ceny,&nbsp;<\/li>\n\n\n\n<li>wiedz\u0119 przekazywan\u0105 przez sprawdzonych i praktykuj\u0105cych wyk\u0142adowc\u00f3w,&nbsp;<\/li>\n\n\n\n<li>komplet wymaganych dokument\u00f3w,&nbsp;<\/li>\n\n\n\n<li>solidne przygotowanie do egzaminu UDT,&nbsp;<\/li>\n\n\n\n<li>za\u0142atwienie wszystkich formalno\u015bci zwi\u0105zanych z egzaminem.&nbsp;<\/li>\n<\/ul>\n\n\n\n<h2 class=\"wp-block-heading\">Inne us\u0142ugi&nbsp;<\/h2>\n\n\n\n<p>&nbsp;\u015awiadczymy tak\u017ce dodatkowe us\u0142ugi, takie jak:&nbsp;<\/p>\n\n\n\n<ul class=\"wp-block-list\">\n<li>serwisowanie, naprawa i modernizacja urz\u0105dze\u0144,&nbsp;<\/li>\n\n\n\n<li>pomoc przy zakupie urz\u0105dze\u0144.&nbsp;<\/li>\n<\/ul>\n\n\n\n<h2 class=\"wp-block-heading\">PYTANIA KURSANT\u00d3W<\/h2>\n\n\n\t\t<details\t\thelp class=\"sc_fs_faq sc_card    \"\n\t\topen\t\t>\n\t\t\t\t\t<summary>\n\t\t\t\t<h3>Na jakie w\u00f3zki wid\u0142owe prowadzicie szkolenie?<\/h3>\t\t\t\t\t<\/summary>\n\t\t\t\t<div>\n\t\t\t\t\t\t<div class=\"sc_fs_faq__content\">\n\t\t\t\t\n\n<p>W swojej ofercie mamy kurs na konserwacje i obs\u0142ug\u0119 w\u00f3zk\u00f3w podno\u015bnikowych, \u0142adowarek teleskopowych, jezdniowo\u2013wid\u0142owych, spalinowych z butl\u0105 LPG, wysokiego sk\u0142adowania\/elektryczne, podnosz\u0105ce operatora razem z \u0142adunkiem.<\/p>\n\n\t\t\t<\/div>\n\t\t<\/div>\n\t\t<\/details>\n\t\t\t\t<details\t\thelp class=\"sc_fs_faq sc_card    \"\n\t\t\t\t>\n\t\t\t\t\t<summary>\n\t\t\t\t<h3>Czy szkolicie z obs\u0142ugi Manitou?<\/h3>\t\t\t\t\t<\/summary>\n\t\t\t\t<div>\n\t\t\t\t\t\t<div class=\"sc_fs_faq__content\">\n\t\t\t\t\n\n<p>Jak najbardziej. Po kursie b\u0119dziesz posiada\u0142 umiej\u0119tno\u015bci obs\u0142ugi w\u00f3zk\u00f3w wid\u0142owych produkowanych przez firm\u0119 Manitou.<\/p>\n\n\t\t\t<\/div>\n\t\t<\/div>\n\t\t<\/details>\n\t\t\t\t<details\t\thelp class=\"sc_fs_faq sc_card    \"\n\t\t\t\t>\n\t\t\t\t\t<summary>\n\t\t\t\t<h3>Kto mo\u017ce wzi\u0105\u0107 udzia\u0142 w szkoleniu?<\/h3>\t\t\t\t\t<\/summary>\n\t\t\t\t<div>\n\t\t\t\t\t\t<div class=\"sc_fs_faq__content\">\n\t\t\t\t\n\n<p>Wymagania przed przyst\u0105pieniem do kursu to: pe\u0142noletno\u015b\u0107, minimum podstawowe wykszta\u0142cenie, za\u015bwiadczenie od lekarza medycyny pracy.<\/p>\n\n\t\t\t<\/div>\n\t\t<\/div>\n\t\t<\/details>\n\t\t\t\t<details\t\thelp class=\"sc_fs_faq sc_card    \"\n\t\t\t\t>\n\t\t\t\t\t<summary>\n\t\t\t\t<h3>Czy kurs na operatora i konserwatora to dwa oddzielne kursy?<\/h3>\t\t\t\t\t<\/summary>\n\t\t\t\t<div>\n\t\t\t\t\t\t<div class=\"sc_fs_faq__content\">\n\t\t\t\t\n\n<p>Tak. S\u0105 to r\u00f3\u017cni\u0105ce si\u0119 od siebie kursy i po ka\u017cdym z nich trzeba podej\u015b\u0107 do egzaminu.<\/p>\n\n\t\t\t<\/div>\n\t\t<\/div>\n\t\t<\/details>\n\t\t\n<script type=\"application\/ld+json\">\n\t{\n\t\t\"@context\": \"https:\/\/schema.org\",\n\t\t\"@type\": \"FAQPage\",\n\t\t\"mainEntity\": [\n\t\t\t\t\t{\n\t\t\t\t\"@type\": \"Question\",\n\t\t\t\t\"name\": \"Na jakie w\u00f3zki wid\u0142owe prowadzicie szkolenie?\",\n\t\t\t\t\"acceptedAnswer\": {\n\t\t\t\t\t\"@type\": \"Answer\",\n\t\t\t\t\t\"text\": \"<p>W swojej ofercie mamy kurs na konserwacje i obs\u0142ug\u0119 w\u00f3zk\u00f3w podno\u015bnikowych, \u0142adowarek teleskopowych, jezdniowo\u2013wid\u0142owych, spalinowych z butl\u0105 LPG, wysokiego sk\u0142adowania\/elektryczne, podnosz\u0105ce operatora razem z \u0142adunkiem.<\/p>\"\n\t\t\t\t\t\t\t\t\t}\n\t\t\t}\n\t\t\t,\t\t\t\t{\n\t\t\t\t\"@type\": \"Question\",\n\t\t\t\t\"name\": \"Czy szkolicie z obs\u0142ugi Manitou?\",\n\t\t\t\t\"acceptedAnswer\": {\n\t\t\t\t\t\"@type\": \"Answer\",\n\t\t\t\t\t\"text\": \"<p>Jak najbardziej. Po kursie b\u0119dziesz posiada\u0142 umiej\u0119tno\u015bci obs\u0142ugi w\u00f3zk\u00f3w wid\u0142owych produkowanych przez firm\u0119 Manitou.<\/p>\"\n\t\t\t\t\t\t\t\t\t}\n\t\t\t}\n\t\t\t,\t\t\t\t{\n\t\t\t\t\"@type\": \"Question\",\n\t\t\t\t\"name\": \"Kto mo\u017ce wzi\u0105\u0107 udzia\u0142 w szkoleniu?\",\n\t\t\t\t\"acceptedAnswer\": {\n\t\t\t\t\t\"@type\": \"Answer\",\n\t\t\t\t\t\"text\": \"<p>Wymagania przed przyst\u0105pieniem do kursu to: pe\u0142noletno\u015b\u0107, minimum podstawowe wykszta\u0142cenie, za\u015bwiadczenie od lekarza medycyny pracy.<\/p>\"\n\t\t\t\t\t\t\t\t\t}\n\t\t\t}\n\t\t\t,\t\t\t\t{\n\t\t\t\t\"@type\": \"Question\",\n\t\t\t\t\"name\": \"Czy kurs na operatora i konserwatora to dwa oddzielne kursy?\",\n\t\t\t\t\"acceptedAnswer\": {\n\t\t\t\t\t\"@type\": \"Answer\",\n\t\t\t\t\t\"text\": \"<p>Tak. S\u0105 to r\u00f3\u017cni\u0105ce si\u0119 od siebie kursy i po ka\u017cdym z nich trzeba podej\u015b\u0107 do egzaminu.<\/p>\"\n\t\t\t\t\t\t\t\t\t}\n\t\t\t}\n\t\t\t\t\t\t]\n\t}\n<\/script>\n","protected":false},"excerpt":{"rendered":"<p>Szkolenie operatora w\u00f3zka wid\u0142owego ze zmiennym wysi\u0119giem&nbsp; Zapraszamy na szkolenia na w\u00f3zki wid\u0142owe do&nbsp;O\u015brodka Szkolenia Operator\u00f3w. Mamy wieloletnie do\u015bwiadczenie w prowadzeniu kurs\u00f3w, a z naszych us\u0142ug skorzysta\u0142o ju\u017c tysi\u0105ce os\u00f3b na terenie ca\u0142ej Polski. \u0141adowarki teleskopowe ze wzgl\u0119du na swoje du\u017ce mo\u017cliwo\u015bci, s\u0105 obecnie stosowane w wielu bran\u017cach. Osoby z uprawnieniami operatora lub konserwatora s\u0105 [&hellip;]<\/p>\n","protected":false},"author":3,"featured_media":2781,"parent":1739,"menu_order":0,"comment_status":"closed","ping_status":"closed","template":"","meta":{"footnotes":""},"class_list":["post-2778","page","type-page","status-publish","has-post-thumbnail","hentry"],"aioseo_notices":[],"_links":{"self":[{"href":"https:\/\/oso.edu.pl\/en\/wp-json\/wp\/v2\/pages\/2778","targetHints":{"allow":["GET"]}}],"collection":[{"href":"https:\/\/oso.edu.pl\/en\/wp-json\/wp\/v2\/pages"}],"about":[{"href":"https:\/\/oso.edu.pl\/en\/wp-json\/wp\/v2\/types\/page"}],"author":[{"embeddable":true,"href":"https:\/\/oso.edu.pl\/en\/wp-json\/wp\/v2\/users\/3"}],"replies":[{"embeddable":true,"href":"https:\/\/oso.edu.pl\/en\/wp-json\/wp\/v2\/comments?post=2778"}],"version-history":[{"count":6,"href":"https:\/\/oso.edu.pl\/en\/wp-json\/wp\/v2\/pages\/2778\/revisions"}],"predecessor-version":[{"id":2976,"href":"https:\/\/oso.edu.pl\/en\/wp-json\/wp\/v2\/pages\/2778\/revisions\/2976"}],"up":[{"embeddable":true,"href":"https:\/\/oso.edu.pl\/en\/wp-json\/wp\/v2\/pages\/1739"}],"wp:featuredmedia":[{"embeddable":true,"href":"https:\/\/oso.edu.pl\/en\/wp-json\/wp\/v2\/media\/2781"}],"wp:attachment":[{"href":"https:\/\/oso.edu.pl\/en\/wp-json\/wp\/v2\/media?parent=2778"}],"curies":[{"name":"wp","href":"https:\/\/api.w.org\/{rel}","templated":true}]}}