{"id":1231,"date":"2014-11-19T18:04:43","date_gmt":"2014-11-19T18:04:43","guid":{"rendered":"http:\/\/oso.edu.pl\/?page_id=1231"},"modified":"2021-07-04T23:27:25","modified_gmt":"2021-07-04T23:27:25","slug":"evaluacion-de-riesgos","status":"publish","type":"page","link":"https:\/\/oso.edu.pl\/es\/uslugi-bhp\/ocena-ryzyka-zawodowego\/","title":{"rendered":"Evaluaci\u00f3n de riesgos"},"content":{"rendered":"<div style=\"float: left; padding-right: 10px;\"><div id=\"metaslider-id-629\" style=\"max-width: 300px;\" class=\"ml-slider-3-108-0 metaslider metaslider-flex metaslider-629 ml-slider ms-theme-default nav-hidden\" role=\"region\" aria-label=\"Evaluaci\u00f3n de riesgos\" data-height=\"225\" data-width=\"300\">\n    <div id=\"metaslider_container_629\">\n        <div id=\"metaslider_629\">\n            <ul class='slides'>\n                <li style=\"display: block; width: 100%;\" class=\"slide-1439 ms-image\" aria-roledescription=\"slide\" data-date=\"2014-11-20 09:10:27\" data-filename=\"ryzyko2.jpg\" data-slide-type=\"image\"><img decoding=\"async\" src=\"https:\/\/oso.edu.pl\/wp-content\/uploads\/2014\/11\/ryzyko2.jpg\" height=\"225\" width=\"300\" alt=\"\" class=\"slider-629 slide-1439 msDefaultImage\" \/><\/li>\n                <li style=\"display: none; width: 100%;\" class=\"slide-1441 ms-image\" aria-roledescription=\"slide\" data-date=\"2014-11-20 09:10:28\" data-filename=\"ryzyko4.jpg\" data-slide-type=\"image\"><img decoding=\"async\" src=\"https:\/\/oso.edu.pl\/wp-content\/uploads\/2014\/11\/ryzyko4.jpg\" height=\"225\" width=\"300\" alt=\"\" class=\"slider-629 slide-1441 msDefaultImage\" \/><\/li>\n                <li style=\"display: none; width: 100%;\" class=\"slide-1438 ms-image\" aria-roledescription=\"slide\" data-date=\"2014-11-20 09:10:26\" data-filename=\"ryzyko1.jpg\" data-slide-type=\"image\"><img decoding=\"async\" src=\"https:\/\/oso.edu.pl\/wp-content\/uploads\/2014\/11\/ryzyko1.jpg\" height=\"225\" width=\"300\" alt=\"\" class=\"slider-629 slide-1438 msDefaultImage\" \/><\/li>\n                <li style=\"display: none; width: 100%;\" class=\"slide-1440 ms-image\" aria-roledescription=\"slide\" data-date=\"2014-11-20 09:10:27\" data-filename=\"ryzyko3.jpg\" data-slide-type=\"image\"><img decoding=\"async\" src=\"https:\/\/oso.edu.pl\/wp-content\/uploads\/2014\/11\/ryzyko3.jpg\" height=\"225\" width=\"300\" alt=\"\" class=\"slider-629 slide-1440 msDefaultImage\" \/><\/li>\n                <li style=\"display: none; width: 100%;\" class=\"slide-1437 ms-image\" aria-roledescription=\"slide\" data-date=\"2014-11-20 09:08:31\" data-filename=\"podesty3a.jpg\" data-slide-type=\"image\"><img decoding=\"async\" src=\"https:\/\/oso.edu.pl\/wp-content\/uploads\/2014\/11\/podesty3a.jpg\" height=\"225\" width=\"300\" alt=\"\" class=\"slider-629 slide-1437 msDefaultImage\" \/><\/li>\n            <\/ul>\n        <\/div>\n        \n    <\/div>\n<\/div><\/div>\n<div class=\"wyjustuj\">\n<p>El riesgo laboral es diferentemente la probabilidad de ocurrencia de amenazas - eventos adversos. Pueden afectar a los empleados, incluida su vida, en forma de accidentes o enfermedades profesionales. Seg\u00fan la normativa, el empleador debe preparar una evaluaci\u00f3n de riesgos para todos los lugares de trabajo e informar a los empleados sobre este riesgo.<\/p>\n<p>Brindamos asistencia integral en el campo de la seguridad y salud en el trabajo, una de nuestras especialidades en este campo es el desarrollo de evaluaciones de riesgos laborales, para lo cual utilizamos diversas metodolog\u00edas. Gracias a la metodolog\u00eda apropiadamente seleccionada, es posible determinar de manera efectiva y precisa los riesgos en el lugar de trabajo.<\/p>\n<p><strong>En nuestro trabajo utilizamos las siguientes metodolog\u00edas:<\/strong><\/p>\n<ul>\n<li>PHA - An\u00e1lisis Preliminar de Peligros - un m\u00e9todo de an\u00e1lisis preliminar de peligros<\/li>\n<li>matriz de riesgo seg\u00fan norma PN-N-18002 en escala de cinco puntos<\/li>\n<li>RISK SCORE - indicador de riesgo - m\u00e9todo cualitativo de evaluaci\u00f3n de riesgos laborales<\/li>\n<li>KIM - Para palanca manual - M\u00e9todo de indicadores clave<\/li>\n<li>FMEA - An\u00e1lisis de modo y efecto de falla - an\u00e1lisis de los tipos y efectos de posibles errores<\/li>\n<li>REBA - Evaluaci\u00f3n r\u00e1pida de todo el cuerpo: evaluaci\u00f3n r\u00e1pida de la postura corporal general durante el trabajo<\/li>\n<li>HAZOP - Hazard and Operability Study - an\u00e1lisis de amenazas y capacidades operativas<\/li>\n<li>OWAS - Sistema de an\u00e1lisis de postura de trabajo Ovako - un m\u00e9todo de an\u00e1lisis de carga est\u00e1tica<\/li>\n<li>otros m\u00e9todos para los factores nocivos para los cuales se realizaron las mediciones<\/li>\n<\/ul>\n<p>Si desea un alto nivel de seguridad y salud en el trabajo en su lugar de trabajo, elija <a href=\"https:\/\/oso.edu.pl\/es\/szkolenia\/\">Nuestros servicios<\/a>!<\/p>\n<\/div>","protected":false},"excerpt":{"rendered":"<p>Ryzyko zawodowe jest inaczej prawdopodobie\u0144stwem wyst\u0119powania zagro\u017ce\u0144 \u2013 zdarze\u0144 niepo\u017c\u0105danych. Mog\u0105 one oddzia\u0142ywa\u0107 na pracownik\u00f3w, w tym na ich \u017cycie w postaci wypadk\u00f3w czy chor\u00f3b zawodowych. Zgodnie z przepisami pracodawca musi przygotowa\u0107 ocen\u0119 ryzyka dla wszystkich stanowisk pracy i poinformowa\u0107 o tym ryzyku pracownik\u00f3w. S\u0142u\u017cymy kompleksow\u0105 pomoc\u0105 w zakresie bezpiecze\u0144stwa i higieny pracy \u2013 jedn\u0105 [&hellip;]<\/p>\n","protected":false},"author":3,"featured_media":0,"parent":1139,"menu_order":0,"comment_status":"closed","ping_status":"closed","template":"","meta":{"footnotes":""},"class_list":["post-1231","page","type-page","status-publish","hentry"],"aioseo_notices":[],"_links":{"self":[{"href":"https:\/\/oso.edu.pl\/es\/wp-json\/wp\/v2\/pages\/1231","targetHints":{"allow":["GET"]}}],"collection":[{"href":"https:\/\/oso.edu.pl\/es\/wp-json\/wp\/v2\/pages"}],"about":[{"href":"https:\/\/oso.edu.pl\/es\/wp-json\/wp\/v2\/types\/page"}],"author":[{"embeddable":true,"href":"https:\/\/oso.edu.pl\/es\/wp-json\/wp\/v2\/users\/3"}],"replies":[{"embeddable":true,"href":"https:\/\/oso.edu.pl\/es\/wp-json\/wp\/v2\/comments?post=1231"}],"version-history":[{"count":1,"href":"https:\/\/oso.edu.pl\/es\/wp-json\/wp\/v2\/pages\/1231\/revisions"}],"predecessor-version":[{"id":1856,"href":"https:\/\/oso.edu.pl\/es\/wp-json\/wp\/v2\/pages\/1231\/revisions\/1856"}],"up":[{"embeddable":true,"href":"https:\/\/oso.edu.pl\/es\/wp-json\/wp\/v2\/pages\/1139"}],"wp:attachment":[{"href":"https:\/\/oso.edu.pl\/es\/wp-json\/wp\/v2\/media?parent=1231"}],"curies":[{"name":"wp","href":"https:\/\/api.w.org\/{rel}","templated":true}]}}