{"id":1554,"date":"2017-12-06T16:17:32","date_gmt":"2017-12-06T16:17:32","guid":{"rendered":"http:\/\/oso.edu.pl\/?page_id=1554"},"modified":"2022-06-10T12:45:02","modified_gmt":"2022-06-10T12:45:02","slug":"g2","status":"publish","type":"page","link":"https:\/\/oso.edu.pl\/es\/szkolenia\/sep-g1-g2-g3\/g2\/","title":{"rendered":"Curso G2 - \u00a1inscr\u00edbete ahora!"},"content":{"rendered":"<h2><strong>cursos G2<\/strong><\/h2>\n<p><a href=\"https:\/\/oso.edu.pl\/wp-content\/uploads\/2017\/12\/SEP_G3_2-495x400.jpg\"><img decoding=\"async\" class=\"size-medium wp-image-1651 alignleft\" src=\"https:\/\/oso.edu.pl\/wp-content\/uploads\/2017\/12\/SEP_G3_2-495x400-300x242.jpg\" alt=\"\" width=\"300\" height=\"242\" srcset=\"https:\/\/oso.edu.pl\/wp-content\/uploads\/2017\/12\/SEP_G3_2-495x400-300x242.jpg 300w, https:\/\/oso.edu.pl\/wp-content\/uploads\/2017\/12\/SEP_G3_2-495x400.jpg 495w\" sizes=\"(max-width: 300px) 100vw, 300px\" \/><\/a>Te invitamos al curso G2 - t\u00e9rmico, dirigido a personas que trabajan con dispositivos, instalaciones y redes que generan, procesan, transmiten y consumen calor como parte de sus trabajos de operaci\u00f3n, mantenimiento, reparaci\u00f3n, montaje y control y medici\u00f3n.<\/p>\n<p>En nuestro Centro de Capacitaci\u00f3n de Operadores, ofrecemos un servicio integral y profesional a nuestros clientes, tenemos muchos a\u00f1os de experiencia en el campo de la capacitaci\u00f3n y esperamos que tambi\u00e9n podamos cumplir con sus requisitos.<\/p>\n<p>La formaci\u00f3n G2 tiene como objetivo proporcionar conocimientos sobre las normas y requisitos relacionados con la operaci\u00f3n y supervisi\u00f3n de dispositivos, instalaciones y redes de calor. Despu\u00e9s de formarse y aprobar el examen, puede obtener las llamadas cualificaciones, es decir, el certificado de cualificaci\u00f3n.<\/p>\n<h3><strong>Se necesitan permisos G2 para: <\/strong><\/h3>\n<ul>\n<li>Calderas de vapor y agua para combustibles s\u00f3lidos, l\u00edquidos y gaseosos, con una potencia superior a 50 kW, con equipos auxiliares<\/li>\n<li>hornos industriales con una potencia superior a 50 kW<\/li>\n<li>equipos de ventilaci\u00f3n, aire acondicionado y refrigeraci\u00f3n con una capacidad de m\u00e1s de 50 kW<\/li>\n<li>bombas, boquillas de aspiraci\u00f3n, ventiladores y sopladores con una potencia superior a 50 kW<\/li>\n<li>Dispositivos para almacenar, almacenar y descargar combustibles, con una capacidad de almacenamiento superior a 100 Mg<\/li>\n<li>turbinas de vapor y agua con una potencia superior a 50 kW con dispositivos auxiliares<\/li>\n<li>compresores de potencia superior a 20 kW e instalaciones de aire comprimido y gases t\u00e9cnicos<\/li>\n<li>redes de calor e instalaciones con dispositivos auxiliares, con transferencia de calor superior a 50 kW<\/li>\n<li>dispositivos industriales receptores de vapor y agua caliente con una potencia superior a 50 kW<\/li>\n<li>aparatos de control y medida, as\u00ed como dispositivos e instalaciones para la regulaci\u00f3n autom\u00e1tica, control y protecci\u00f3n de los dispositivos e instalaciones mencionados anteriormente<\/li>\n<\/ul>\n<p>Trabajamos de una manera moderna en nuestro Centro: utilizamos m\u00e9todos de ense\u00f1anza probados, material did\u00e1ctico y programas ricos e interesantes. Junto a nosotros, un examen o ante comit\u00e9s de la SEP, <a href=\"https:\/\/oso.edu.pl\/es\/szkolenia\/sep-g1-g2-g3\/lista-komisji\/\">PSE<\/a>, SIMP, SITPS es a\u00fan m\u00e1s f\u00e1cil, lo cual es confirmado por muchos de nuestros clientes.<\/p>\n<h3><strong>Requisitos de admisi\u00f3n: <\/strong><\/h3>\n<ul>\n<li>18 a\u00f1os de edad o m\u00e1s<\/li>\n<li>al menos educaci\u00f3n b\u00e1sica<\/li>\n<\/ul>\n<h3><strong>donde operamos<\/strong><\/h3>\n<p>Impartimos clases en las ciudades de Varsovia, Cracovia, Katowice y Bielsko-Bia\u0142a. Tambi\u00e9n podemos comunicarnos con nuestros clientes en otros lugares de Polonia; cont\u00e1ctenos para obtener informaci\u00f3n adicional.<\/p>\n<p><a href=\"https:\/\/oso.edu.pl\/es\/kontakt\/\">Le invitamos cordialmente<\/a> para elegir la formaci\u00f3n en el Centro de Formaci\u00f3n de Operadores de SPA!<\/p>","protected":false},"excerpt":{"rendered":"<p>Kursy G2 Zapraszamy na kurs G2 \u2013 cieplny skierowany do os\u00f3b pracuj\u0105cych z urz\u0105dzeniami, instalacjami i sieciami wytwarzaj\u0105cymi, przetwarzaj\u0105cymi, przesy\u0142aj\u0105cymi i zu\u017cywaj\u0105cymi ciep\u0142o w ramach ich obs\u0142ugi, konserwacji, remont\u00f3w, monta\u017cu oraz prac kontrolno-pomiarowych. W naszym O\u015brodku Szkolenia Operator\u00f3w oferujemy klientom kompleksow\u0105 i profesjonaln\u0105 obs\u0142ug\u0119 \u2013 posiadamy wieloletnie do\u015bwiadczenie w zakresie szkole\u0144 i mamy nadziej\u0119, \u017ce [&hellip;]<\/p>\n","protected":false},"author":3,"featured_media":1651,"parent":1550,"menu_order":0,"comment_status":"closed","ping_status":"closed","template":"","meta":{"footnotes":""},"class_list":["post-1554","page","type-page","status-publish","has-post-thumbnail","hentry"],"aioseo_notices":[],"_links":{"self":[{"href":"https:\/\/oso.edu.pl\/es\/wp-json\/wp\/v2\/pages\/1554","targetHints":{"allow":["GET"]}}],"collection":[{"href":"https:\/\/oso.edu.pl\/es\/wp-json\/wp\/v2\/pages"}],"about":[{"href":"https:\/\/oso.edu.pl\/es\/wp-json\/wp\/v2\/types\/page"}],"author":[{"embeddable":true,"href":"https:\/\/oso.edu.pl\/es\/wp-json\/wp\/v2\/users\/3"}],"replies":[{"embeddable":true,"href":"https:\/\/oso.edu.pl\/es\/wp-json\/wp\/v2\/comments?post=1554"}],"version-history":[{"count":2,"href":"https:\/\/oso.edu.pl\/es\/wp-json\/wp\/v2\/pages\/1554\/revisions"}],"predecessor-version":[{"id":2283,"href":"https:\/\/oso.edu.pl\/es\/wp-json\/wp\/v2\/pages\/1554\/revisions\/2283"}],"up":[{"embeddable":true,"href":"https:\/\/oso.edu.pl\/es\/wp-json\/wp\/v2\/pages\/1550"}],"wp:featuredmedia":[{"embeddable":true,"href":"https:\/\/oso.edu.pl\/es\/wp-json\/wp\/v2\/media\/1651"}],"wp:attachment":[{"href":"https:\/\/oso.edu.pl\/es\/wp-json\/wp\/v2\/media?parent=1554"}],"curies":[{"name":"wp","href":"https:\/\/api.w.org\/{rel}","templated":true}]}}