{"id":2208,"date":"2022-05-09T13:28:25","date_gmt":"2022-05-09T13:28:25","guid":{"rendered":"https:\/\/oso.edu.pl\/?page_id=2208"},"modified":"2023-03-14T16:13:54","modified_gmt":"2023-03-14T15:13:54","slug":"curso-montacargas","status":"publish","type":"page","link":"https:\/\/oso.edu.pl\/es\/szkolenia\/uprawnienia-udt-wdt-tdt\/wozki-widlowe-kurs\/","title":{"rendered":"Curso de montacargas"},"content":{"rendered":"<figure class=\"wp-block-image size-large\"><img decoding=\"async\" src=\"https:\/\/oso.edu.pl\/wp-content\/uploads\/2022\/05\/csm_RX-20-18_usecase_3_95195ee124.jpg\" alt=\"trabajo de almac\u00e9n\"\/><\/figure>\n\n\n\n<h2 class=\"wp-block-heading\"><strong>Curso de operador de carretillas elevadoras<\/strong>\u00a0<\/h2>\n\n\n\n<p>Las carretillas elevadoras son equipos utilizados en muchas industrias diferentes. No s\u00f3lo se encuentran en naves o almacenes, sino que tambi\u00e9n tienen su lugar en granjas o en la industria de la construcci\u00f3n. En Polonia, se consideran equipos sujetos a supervisi\u00f3n t\u00e9cnica. En vista de ello, para manejar una carretilla elevadora, primero es necesario obtener la competencia pertinente. <a href=\"https:\/\/oso.edu.pl\/es\/o-firmie\/\">Nuestra compa\u00f1\u00eda<\/a> organiza peri\u00f3dicamente cursos de formaci\u00f3n que ofrecen la oportunidad de obtener los correspondientes permisos de carretilla elevadora. Sin embargo, conviene saber algunas cosas antes de decidir si se inicia un curso.&nbsp;<\/p>\n\n\n\n<h2 class=\"wp-block-heading\"><strong>\u00bfCu\u00e1les son las categor\u00edas de permisos?<\/strong>&nbsp;<\/h2>\n\n\n\n<p>Podemos dividir las carretillas elevadoras en los siguientes tipos (categor\u00edas):&nbsp;<\/p>\n\n\n\n<ul class=\"wp-block-list\">\n<li>Carretillas apiladoras motorizadas y carretillas apiladoras motorizadas con el operador elev\u00e1ndose con la carga,&nbsp;<\/li>\n\n\n\n<li>Carretillas apiladoras motorizadas, excluidas las carretillas retr\u00e1ctiles y aquellas en las que se eleva a una persona junto con la carga.&nbsp;<\/li>\n<\/ul>\n\n\n\n<p>Los permisos de carretillas elevadoras tienen una validez de entre 5 y 10 a\u00f1os, dependiendo de su categor\u00eda. El certificado para el manejo de carretillas elevadoras mec\u00e1nicas con pluma elevadora con posibilidad de elevar al operador con carga, es v\u00e1lido por un periodo de 5 a\u00f1os. El certificado sin posibilidad de elevar al operador con carga, es v\u00e1lido por un periodo de 10 a\u00f1os.&nbsp;<\/p>\n\n\n\n<figure class=\"wp-block-embed is-type-video is-provider-youtube wp-block-embed-youtube wp-embed-aspect-16-9 wp-has-aspect-ratio\"><div class=\"wp-block-embed__wrapper\">\n<iframe title=\"CURSO DE OPERADOR DE CARRETILLAS ELEVADORAS UDT\" width=\"750\" height=\"422\" src=\"https:\/\/www.youtube.com\/embed\/Bb_1kl-Fu4s?feature=oembed\" frameborder=\"0\" allow=\"accelerometer; autoplay; clipboard-write; encrypted-media; gyroscope; picture-in-picture; web-share\" allowfullscreen><\/iframe>\n<\/div><\/figure>\n\n\n\n<h2 class=\"wp-block-heading\"><strong>\u00bfC\u00f3mo es el entrenamiento de montacargas?<\/strong>&nbsp;<\/h2>\n\n\n\n<p>Como el resto de cursos de OSO, <a href=\"https:\/\/oso.edu.pl\/es\/szkolenia\/uprawnienia-udt-wdt-tdt\/wozki-widlowe\/\">curso de montacargas<\/a> consta de una parte pr\u00e1ctica y otra te\u00f3rica. La parte te\u00f3rica cubre los siguientes temas:&nbsp;<\/p>\n\n\n\n<ul class=\"wp-block-list\">\n<li>Tipos y dise\u00f1o de carretillas elevadoras,&nbsp;<\/li>\n\n\n\n<li>Actividades de los operarios antes y despu\u00e9s del trabajo,&nbsp;<\/li>\n\n\n\n<li>Actividades del operador durante el funcionamiento,&nbsp;<\/li>\n\n\n\n<li>Mensajes de transporte de carga (tipo de carga, carga m\u00e1xima, etc.),&nbsp;<\/li>\n\n\n\n<li>Supervisi\u00f3n t\u00e9cnica de una carretilla elevadora,&nbsp;<\/li>\n\n\n\n<li>Normas para el cambio de cilindros en motores de gas.&nbsp;<\/li>\n<\/ul>\n\n\n\n<p>Adem\u00e1s de la parte te\u00f3rica, el curso tambi\u00e9n incluye formaci\u00f3n pr\u00e1ctica. Las clases se imparten en m\u00e1quinas espec\u00edficamente dise\u00f1adas para la formaci\u00f3n. El curso concluye con un examen ante un tribunal designado por la Oficina de Inspecci\u00f3n T\u00e9cnica. La superaci\u00f3n del examen otorga al alumno el permiso para conducir carretillas elevadoras de la categor\u00eda que elija.&nbsp;<\/p>\n\n\n\n<h2 class=\"wp-block-heading\"><strong>\u00bfQu\u00e9 distingue a la empresa OSO?<\/strong>&nbsp;<\/h2>\n\n\n\n<p>Nuestra empresa se caracteriza por un enfoque individualizado para cada cliente. Nuestros asesores de formaci\u00f3n ofrecen un servicio de primera clase. Para los clientes individuales, podemos ofrecer la participaci\u00f3n en nuestros cursos abiertos de carretillas elevadoras. Estos se organizan peri\u00f3dicamente y est\u00e1n abiertos a todo el mundo.&nbsp;&nbsp;<\/p>\n\n\n<div class=\"wp-block-image\">\n<figure class=\"alignright size-large is-resized\"><img decoding=\"async\" src=\"https:\/\/oso.edu.pl\/wp-content\/uploads\/2022\/05\/nowy-bhp_ergon-007_wozki_widlowe-podnosnikoweDSC_1940-scaled.jpg\" alt=\"hombre con casco\" width=\"476\" height=\"306\"\/><\/figure>\n<\/div>\n\n\n<h2 class=\"wp-block-heading\"><strong>Precios atractivos<\/strong>&nbsp;<\/h2>\n\n\n\n<p>Para quienes deseen inscribir a sus empleados, OSO ofrece paquetes de precios individuales para la formaci\u00f3n en grupo. El importe del descuento depende, entre otras cosas, de la categor\u00eda de la formaci\u00f3n, el n\u00famero de personas o el nivel de experiencia de los cursillistas.&nbsp;&nbsp;<\/p>\n\n\n\n<h2 class=\"wp-block-heading\"><strong>Plantilla de especialistas<\/strong>&nbsp;<\/h2>\n\n\n\n<p>Gracias a nuestra experiencia en el \u00e1mbito de la organizaci\u00f3n de formaci\u00f3n, puede estar seguro de que usted o sus empleados recibir\u00e1n una formaci\u00f3n de la m\u00e1xima calidad. Esto es importante para que su trabajo se desarrolle con fluidez y seguridad. Nuestros formadores son educadores experimentados y de alto nivel. Estamos preparados para formar a cualquier persona, independientemente de su experiencia con carretillas elevadoras.&nbsp;&nbsp;<\/p>\n\n\n\n<h2 class=\"wp-block-heading\"><strong>Condiciones de participaci\u00f3n<\/strong>&nbsp;<\/h2>\n\n\n\n<p>Para participar en el curso de montacargas realizado en OSO, se deben cumplir los siguientes requisitos:&nbsp;<\/p>\n\n\n\n<ul class=\"wp-block-list\">\n<li>tener al menos 18 a\u00f1os,&nbsp;<\/li>\n\n\n\n<li>tener como m\u00ednimo estudios primarios,&nbsp;<\/li>\n\n\n\n<li>ninguna contraindicaci\u00f3n m\u00e9dica para trabajar como operador de carretillas elevadoras.&nbsp;<\/li>\n<\/ul>\n\n\n\n<p>Cualquier persona que cumpla con todas las condiciones anteriores puede utilizar la oferta de OSO para ampliar sus competencias con la capacidad de conducir carretillas elevadoras.&nbsp;<\/p>\n\n\n\n<h2 class=\"wp-block-heading\"><strong>\u00bfD\u00f3nde se llevan a cabo los entrenamientos?<\/strong>&nbsp;<\/h2>\n\n\n\n<p>La sede de la empresa OSO se encuentra en Varsovia. Tambi\u00e9n tenemos sucursales en otras ciudades polacas, donde tambi\u00e9n se organizan capacitaciones. Adem\u00e1s, podemos llegar a los clientes y organizar capacitaciones para ellos en la empresa, si las condiciones lo permiten. Dependiendo de las necesidades individuales de los clientes, tambi\u00e9n es posible realizar la parte te\u00f3rica del curso de carretillas elevadoras en l\u00ednea.&nbsp;&nbsp;<\/p>\n\n\n<div class=\"wp-block-image\">\n<figure class=\"alignright size-large is-resized\"><img decoding=\"async\" src=\"https:\/\/oso.edu.pl\/wp-content\/uploads\/2022\/05\/adrkurs-007-wozki-widlowe-REO317.jpg\" alt=\"el operador controla la m\u00e1quina\" width=\"411\" height=\"265\"\/><\/figure>\n<\/div>\n\n\n<p>OSO tambi\u00e9n ofrece una amplia gama de posibles fechas de formaci\u00f3n. Adem\u00e1s de la formaci\u00f3n est\u00e1ndar durante el horario laboral, las personas que deseen ampliar sus competencias profesionales pueden ponerse en contacto con nuestros asesores para recibir formaci\u00f3n los fines de semana o por las tardes. Este tipo de fechas son especialmente convenientes para las personas que estudian o trabajan a tiempo completo. Nuestros asesores est\u00e1n dispuestos a preparar una oferta individual adaptada a las necesidades de cada uno.&nbsp;<\/p>\n\n\n\n<h2 class=\"wp-block-heading\"><strong>\u00bfQu\u00e9 est\u00e1 incluido en el precio del curso de carretillas elevadoras?<\/strong>&nbsp;<\/h2>\n\n\n\n<p>El precio de la formaci\u00f3n incluye un curso en el que se imparten los conocimientos te\u00f3ricos y pr\u00e1cticos necesarios, en funci\u00f3n de la cualificaci\u00f3n elegida. Adem\u00e1s de los conocimientos impartidos, OSO tambi\u00e9n ofrece a sus alumnos -como parte de cada curso de formaci\u00f3n- acceso a una serie de instalaciones como:<\/p>\n\n\n\n<ul class=\"wp-block-list\">\n<li>Una plataforma en l\u00ednea con una completa gama de materiales de formaci\u00f3n para ayudar a los alumnos a preparar el examen de carretillas elevadoras;&nbsp;<\/li>\n\n\n\n<li>Certificado de finalizaci\u00f3n de la formaci\u00f3n (tambi\u00e9n es posible preparar individualmente un documento con foto, necesario para trabajar en algunos pa\u00edses);&nbsp;<\/li>\n\n\n\n<li>Acceso al equipo necesario durante las clases pr\u00e1cticas;&nbsp;<\/li>\n\n\n\n<li>Refrescos adicionales para los participantes en el curso de carretillas elevadoras (caf\u00e9, t\u00e9, galletas);&nbsp;<\/li>\n\n\n\n<li>Ofrecemos ayuda para organizar el alojamiento de los empleados de la empresa que vayan a desplazarse a nuestras sucursales para recibir formaci\u00f3n.&nbsp;<\/li>\n<\/ul>\n\n\n\n<p>Nuestra empresa est\u00e1 lista para preparar una oferta atractiva a un precio competitivo para cualquier persona que necesite un curso para ellos o sus empleados. \u00a1Nuestros consultores preparar\u00e1n una oferta satisfactoria tambi\u00e9n para usted! <a href=\"https:\/\/oso.edu.pl\/es\/kontakt\/\">Por favor no dude en contactar con nosotros<\/a>!<\/p>\n\n\n\n<figure class=\"wp-block-image size-large\"><img decoding=\"async\" src=\"https:\/\/oso.edu.pl\/wp-content\/uploads\/2022\/05\/oso.edu_.pl-0012-Wozki-jezdniowe-widlowe.jpg\" alt=\"carretillas elevadoras\"\/><\/figure>","protected":false},"excerpt":{"rendered":"<p>Kurs na operatora w\u00f3zk\u00f3w wid\u0142owych\u00a0 W\u00f3zki wid\u0142owe to urz\u0105dzenia wykorzystywane w wielu r\u00f3\u017cnych ga\u0142\u0119ziach przemys\u0142u. Mo\u017cna je znale\u017a\u0107 nie tylko na halach czy w magazynach, ale maj\u0105 tak\u017ce swoje miejsce w gospodarstwach rolnych czy budownictwie. W Polsce kwalifikuj\u0105 si\u0119 one do urz\u0105dze\u0144 obj\u0119tych dozorem technicznym. Wobec tego, aby operowa\u0107 w\u00f3zkiem wid\u0142owym, trzeba najpierw zdoby\u0107 odpowiednie [&hellip;]<\/p>\n","protected":false},"author":3,"featured_media":2210,"parent":1739,"menu_order":0,"comment_status":"closed","ping_status":"closed","template":"","meta":{"footnotes":""},"class_list":["post-2208","page","type-page","status-publish","has-post-thumbnail","hentry"],"aioseo_notices":[],"_links":{"self":[{"href":"https:\/\/oso.edu.pl\/es\/wp-json\/wp\/v2\/pages\/2208","targetHints":{"allow":["GET"]}}],"collection":[{"href":"https:\/\/oso.edu.pl\/es\/wp-json\/wp\/v2\/pages"}],"about":[{"href":"https:\/\/oso.edu.pl\/es\/wp-json\/wp\/v2\/types\/page"}],"author":[{"embeddable":true,"href":"https:\/\/oso.edu.pl\/es\/wp-json\/wp\/v2\/users\/3"}],"replies":[{"embeddable":true,"href":"https:\/\/oso.edu.pl\/es\/wp-json\/wp\/v2\/comments?post=2208"}],"version-history":[{"count":7,"href":"https:\/\/oso.edu.pl\/es\/wp-json\/wp\/v2\/pages\/2208\/revisions"}],"predecessor-version":[{"id":2893,"href":"https:\/\/oso.edu.pl\/es\/wp-json\/wp\/v2\/pages\/2208\/revisions\/2893"}],"up":[{"embeddable":true,"href":"https:\/\/oso.edu.pl\/es\/wp-json\/wp\/v2\/pages\/1739"}],"wp:featuredmedia":[{"embeddable":true,"href":"https:\/\/oso.edu.pl\/es\/wp-json\/wp\/v2\/media\/2210"}],"wp:attachment":[{"href":"https:\/\/oso.edu.pl\/es\/wp-json\/wp\/v2\/media?parent=2208"}],"curies":[{"name":"wp","href":"https:\/\/api.w.org\/{rel}","templated":true}]}}