{"id":2402,"date":"2022-08-02T09:50:25","date_gmt":"2022-08-02T09:50:25","guid":{"rendered":"https:\/\/oso.edu.pl\/?page_id=2402"},"modified":"2026-05-07T14:49:05","modified_gmt":"2026-05-07T12:49:05","slug":"montaje-andamio","status":"publish","type":"page","link":"https:\/\/oso.edu.pl\/es\/szkolenia\/montowanie-rusztowan\/","title":{"rendered":"\u00bfQuieres aprender a montar andamios de forma eficiente y segura?"},"content":{"rendered":"<h2 class=\"wp-block-heading\"><strong>Hazte andamiero<\/strong><\/h2>\n\n\n\n<p>Trabajar en una obra de construcci\u00f3n no es, sin duda, el trabajo m\u00e1s f\u00e1cil. Requiere que los empleados no s\u00f3lo est\u00e9n en forma, sino que tambi\u00e9n sean competentes en el uso de equipos especializados. Invertir en un curso de cualificaci\u00f3n en andamiaje es, por tanto, una decisi\u00f3n muy acertada si est\u00e1s pensando en ampliar tus conocimientos en el sector de la construcci\u00f3n.&nbsp;<\/p>\n\n\n<div class=\"wp-block-image\">\n<figure class=\"alignright size-large is-resized\"><img decoding=\"async\" src=\"https:\/\/oso.edu.pl\/wp-content\/uploads\/2022\/08\/2.jpeg\" alt=\"el instalador desempe\u00f1a sus funciones\" style=\"width:400px;height:275px\"\/><\/figure>\n<\/div>\n\n\n<p>Durante el curso de montaje de andamios en OSO, obtendr\u00e1 los conocimientos te\u00f3ricos necesarios y las habilidades pr\u00e1cticas para realizar el trabajo de montaje de andamios de manera segura y eficiente. Durante nuestra capacitaci\u00f3n, no solo tendr\u00e1 la oportunidad de confirmar sus habilidades reci\u00e9n adquiridas, sino que tambi\u00e9n obtendr\u00e1 la valiosa experiencia que necesitar\u00e1 en su trabajo futuro. Bajo la atenta mirada de nuestros capacitadores experimentados, cualquier persona puede adquirir una licencia para instalar andamios.&nbsp;&nbsp;<\/p>\n\n\n\n<p>\u00bfQui\u00e9n puede participar en la formaci\u00f3n?&nbsp;<\/p>\n\n\n\n<p>Nuestros formadores son personal experimentado de alto nivel, preparados para formar a cualquier persona, independientemente del nivel de experiencia previa en el trabajo de montador de andamios.&nbsp;&nbsp;<\/p>\n\n\n\n<p>Para participar en el curso de instalaci\u00f3n impartido en el OSO, deber\u00e1 cumplir los siguientes requisitos:&nbsp;<\/p>\n\n\n\n<ul class=\"wp-block-list\">\n<li>18 a\u00f1os o m\u00e1s,&nbsp;<\/li>\n\n\n\n<li>Educaci\u00f3n al menos elemental,&nbsp;<\/li>\n\n\n\n<li>Ninguna contraindicaci\u00f3n m\u00e9dica para ejercer como andamista.&nbsp;<\/li>\n<\/ul>\n\n\n\n<p><strong>Cualquier persona que cumpla con todas las condiciones anteriores puede aprovechar la oferta de la empresa OSO para ampliar sus competencias con cualificaciones para el montaje de andamios.<\/strong>&nbsp;<\/p>\n\n\n\n<figure class=\"wp-block-video\"><video controls src=\"https:\/\/oso.edu.pl\/wp-content\/uploads\/2023\/03\/rusztowania-OSO.EDU_.PL-OSO-1.mp4\"><\/video><\/figure>\n\n\n\n<h2 class=\"wp-block-heading\">\u00bfEn qu\u00e9 consiste el curso de montador de andamios?&nbsp;<\/h2>\n\n\n\n<p>Como la mayor\u00eda de los cursos ofrecidos en OSO, el curso de instalador de andamios consta de tres partes: te\u00f3rica, pr\u00e1ctica y un examen final. <strong>Las cualificaciones obtenidas en el curso son ilimitadas,<\/strong> cualquier persona que complete el curso de formaci\u00f3n con un aprobado en el examen obtendr\u00e1 una licencia de andamiaje. C\u00f3mo son las diferentes partes de la formaci\u00f3n?&nbsp;<\/p>\n\n\n\n<p>La primera parte del curso de montador de andamios es la parte te\u00f3rica. En esta etapa, los alumnos aprender\u00e1n una serie de cuestiones b\u00e1sicas necesarias para trabajar como montador de andamios. El alcance de la informaci\u00f3n proporcionada en la parte te\u00f3rica incluye:&nbsp;<\/p>\n\n\n\n<ul class=\"wp-block-list\">\n<li>Normas de salud y seguridad aplicables al montaje y desmontaje de andamios,&nbsp;<\/li>\n\n\n\n<li>Formas de llevar registros t\u00e9cnicos adecuados,&nbsp;<\/li>\n\n\n\n<li>Normas de utilizaci\u00f3n de andamios,&nbsp;<\/li>\n\n\n\n<li>Tipos de tubos utilizados en el montaje de andamios,&nbsp;<\/li>\n\n\n\n<li>Formas de plegar correctamente el andamio,&nbsp;<\/li>\n\n\n\n<li>Actividades antes y despu\u00e9s de los trabajos de andamiaje.&nbsp;<\/li>\n<\/ul>\n\n\n<div class=\"wp-block-image\">\n<figure class=\"alignright size-large is-resized\"><img decoding=\"async\" src=\"https:\/\/oso.edu.pl\/wp-content\/uploads\/2022\/08\/1.jpeg\" alt=\"trabajadores en el andamio\" style=\"width:400px;height:267px\"\/><\/figure>\n<\/div>\n\n\n<p>En la parte te\u00f3rica, nuestro personal de formaci\u00f3n proporciona a los alumnos toda la informaci\u00f3n que necesitan para trabajar con seguridad en el andamio. Adem\u00e1s, <strong>las clases de la parte te\u00f3rica se pueden realizar de forma remota, a solicitud del cliente, a trav\u00e9s de nuestra plataforma de educaci\u00f3n en l\u00ednea.<\/strong> Tras una serie de conferencias sobre conocimientos te\u00f3ricos, llega el momento de la parte pr\u00e1ctica del curso. La parte pr\u00e1ctica consiste en ejercicios en instalaciones designadas.&nbsp;<\/p>\n\n\n\n<h2 class=\"wp-block-heading\">Examen final&nbsp;<\/h2>\n\n\n\n<p>Ka\u017cdy kursant na koniec podchodzi do egzaminu, sk\u0142adaj\u0105cego si\u0119 z dw\u00f3ch cz\u0119\u015bci. Kurs monta\u017cysty rusztowa\u0144 ko\u0144czy si\u0119 egzaminem z\u0142o\u017conym, podobnie jak kurs, z dw\u00f3ch cz\u0119\u015bci: teoretycznej i praktycznej. Egzamin odbywa si\u0119 przed Komisj\u0105 Egzaminacyjn\u0105 powo\u0142an\u0105 przez Sie\u0107 Badawcza \u0141ukasiewicz \u2013 Warszawski Instytut Technologiczny dawniej (Instytut Mechanizacji Budownictwa i G\u00f3rnictwa Skalnego z siedzib\u0105 w Warszawie). Pierwszym krokiem jest cz\u0119\u015b\u0107 teoretyczna. Sk\u0142ada si\u0119 ona z pisemnego egzaminu, na kt\u00f3rym mo\u017cna znale\u017a\u0107 zar\u00f3wno zamkni\u0119te jak i otwarte pytania. W nast\u0119pnej, praktycznej cz\u0119\u015bci egzaminu kursanci demonstruj\u0105 przed komisj\u0105 nabyte na szkoleniu zdolno\u015bci zwi\u0105zane z prac\u0105 przy rusztowaniu. Musz\u0105 oni mi\u0119dzy innymi samodzielnie zaprezentowa\u0107 monta\u017c i demonta\u017c rusztowania.\u00a0 Ka\u017cdy, kto uzyska wynik pozytywny z obu cz\u0119\u015bci egzaminu otrzymuje uprawnienia na monta\u017c rusztowa\u0144.\u00a0<\/p>\n\n\n\n<h2 class=\"wp-block-heading\">\u00bfCu\u00e1nto cuesta el curso de montador de andamios?&nbsp;<\/h2>\n\n\n\n<p>Nuestra empresa ofrece cursos tanto para particulares como para empresas que deseen ampliar las competencias profesionales de sus empleados. En el primer caso, un curso abierto es la mejor opci\u00f3n. <strong>Este tipo de clases se organizan con regularidad y en ellas puede participar cualquier persona que cumpla los requisitos b\u00e1sicos.<\/strong> Las fechas de formaci\u00f3n se publican regularmente en el calendario de nuestro sitio web, junto con los precios. Si est\u00e1 interesado en obtener la certificaci\u00f3n en montaje de andamios, no pierda de vista nuestro sitio web para obtener la informaci\u00f3n m\u00e1s reciente.&nbsp;<\/p>\n\n\n<div class=\"wp-block-image\">\n<figure class=\"alignleft size-large is-resized\"><a href=\"https:\/\/oso.edu.pl\/wp-content\/uploads\/2023\/05\/s2-2023-05-09T143328.763.jpg\"><img decoding=\"async\" width=\"1024\" height=\"683\" src=\"https:\/\/oso.edu.pl\/wp-content\/uploads\/2023\/05\/s2-2023-05-09T143328.763-1024x683.jpg\" alt=\"andamiaje en el bloque\" class=\"wp-image-3111\" style=\"width:512px;height:342px\" srcset=\"https:\/\/oso.edu.pl\/wp-content\/uploads\/2023\/05\/s2-2023-05-09T143328.763-1024x683.jpg 1024w, https:\/\/oso.edu.pl\/wp-content\/uploads\/2023\/05\/s2-2023-05-09T143328.763-300x200.jpg 300w, https:\/\/oso.edu.pl\/wp-content\/uploads\/2023\/05\/s2-2023-05-09T143328.763-768x512.jpg 768w, https:\/\/oso.edu.pl\/wp-content\/uploads\/2023\/05\/s2-2023-05-09T143328.763-1536x1024.jpg 1536w, https:\/\/oso.edu.pl\/wp-content\/uploads\/2023\/05\/s2-2023-05-09T143328.763-18x12.jpg 18w, https:\/\/oso.edu.pl\/wp-content\/uploads\/2023\/05\/s2-2023-05-09T143328.763.jpg 1600w\" sizes=\"(max-width: 1024px) 100vw, 1024px\" \/><\/a><\/figure>\n<\/div>\n\n\n<p>Las empresas que busquen cursos para sus empleados pueden llamar a nuestros asesores (tambi\u00e9n es posible dejar sus datos de contacto en nuestro sitio web). El precio de los cursos de formaci\u00f3n para empresas depende de muchos factores. Antes de ponerse en contacto con nuestra empresa, recomendamos a los clientes que preparen informaci\u00f3n como el n\u00famero de candidatos, su nivel de experiencia y las posibles fechas de formaci\u00f3n. Los cursos de montaje de andamios para empleados de empresas se imparten, como el resto de la formaci\u00f3n, en la sede central de OSO en Varsovia. Sin embargo, nuestra empresa tiene sucursales en todo el pa\u00eds donde tambi\u00e9n se pueden organizar cursos de formaci\u00f3n. Adem\u00e1s <strong>nuestros formadores pueden desplazarse a clientes particulares e impartir un curso de montaje de andamios en su empresa.<\/strong> Si desea inscribir a sus empleados en un curso de formaci\u00f3n para mejorar sus competencias, p\u00f3ngase en contacto con nuestros asesores para recibir una oferta individual. <strong>Podemos ofrecer a todos los clientes un precio competitivo; adem\u00e1s, las empresas que deseen establecer una cooperaci\u00f3n a largo plazo con OSO pueden contar con tarifas preferentes.<\/strong>&nbsp;<\/p>\n\n\n\n<h2 class=\"wp-block-heading\">\u00bfQu\u00e9 incluye el precio del curso de montador de andamios?&nbsp;<\/h2>\n\n\n\n<p>El precio de la formaci\u00f3n incluye principalmente el curso a tiempo completo. <strong>Adem\u00e1s de la transferencia de conocimientos en s\u00ed, OSO tambi\u00e9n ofrece a nuestros alumnos acceso a una serie de instalaciones como parte de cada curso de formaci\u00f3n:<\/strong>&nbsp;<\/p>\n\n\n\n<ul class=\"wp-block-list\">\n<li>Una plataforma en l\u00ednea con material did\u00e1ctico para ayudar a los estudiantes a preparar el examen final,&nbsp;<\/li>\n\n\n\n<li>Certificado de aprovechamiento del curso,&nbsp;&nbsp;<\/li>\n\n\n\n<li>Acceso a aparatos de ejercicio durante las clases pr\u00e1cticas,&nbsp;<\/li>\n\n\n\n<li>Refrescos adicionales para los participantes en el curso de instalador de andamios (caf\u00e9, t\u00e9, galletas),&nbsp;<\/li>\n\n\n\n<li>Organizacja i przeprowadzenie egzaminu ko\u0144cowego wraz z komisj\u0105 Sie\u0107 Badawcza \u0141ukasiewicz \u2013 Warszawski Instytut Technologiczny.\u00a0<\/li>\n<\/ul>\n\n\n\n<p>Adem\u00e1s, nuestra empresa puede ayudar a organizar el alojamiento de los empleados que se desplacen a la formaci\u00f3n desde lugares remotos. Animamos a los interesados a ponerse en contacto con nuestros asesores.&nbsp;<\/p>\n\n\n\n<figure class=\"wp-block-image size-large is-resized\"><img decoding=\"async\" src=\"https:\/\/oso.edu.pl\/wp-content\/uploads\/2022\/08\/076-Montazysta-rusztowan.jpg\" alt=\"andamio\" style=\"width:775px;height:646px\"\/><\/figure>","protected":false},"excerpt":{"rendered":"<p>Zosta\u0144 monta\u017cyst\u0105 rusztowa\u0144 Praca na budowie niew\u0105tpliwie nie jest do najprostszych. Wymaga ona od pracownik\u00f3w nie tylko dobrej kondycji, ale tak\u017ce odpowiednich kompetencji do obs\u0142ugi specjalistycznego sprz\u0119tu. Inwestycja w kurs zapewniaj\u0105cy uprawnienia na monta\u017c rusztowa\u0144 jest, wobec tego bardzo dobr\u0105 decyzj\u0105, je\u015bli kto\u015b rozwa\u017ca poszerzenie swoich kompetencji w pracy w obr\u0119bie sektora budowlanego.&nbsp; Na kursie [&hellip;]<\/p>\n","protected":false},"author":3,"featured_media":2405,"parent":22,"menu_order":0,"comment_status":"closed","ping_status":"closed","template":"","meta":{"footnotes":""},"class_list":["post-2402","page","type-page","status-publish","has-post-thumbnail","hentry"],"aioseo_notices":[],"_links":{"self":[{"href":"https:\/\/oso.edu.pl\/es\/wp-json\/wp\/v2\/pages\/2402","targetHints":{"allow":["GET"]}}],"collection":[{"href":"https:\/\/oso.edu.pl\/es\/wp-json\/wp\/v2\/pages"}],"about":[{"href":"https:\/\/oso.edu.pl\/es\/wp-json\/wp\/v2\/types\/page"}],"author":[{"embeddable":true,"href":"https:\/\/oso.edu.pl\/es\/wp-json\/wp\/v2\/users\/3"}],"replies":[{"embeddable":true,"href":"https:\/\/oso.edu.pl\/es\/wp-json\/wp\/v2\/comments?post=2402"}],"version-history":[{"count":17,"href":"https:\/\/oso.edu.pl\/es\/wp-json\/wp\/v2\/pages\/2402\/revisions"}],"predecessor-version":[{"id":3476,"href":"https:\/\/oso.edu.pl\/es\/wp-json\/wp\/v2\/pages\/2402\/revisions\/3476"}],"up":[{"embeddable":true,"href":"https:\/\/oso.edu.pl\/es\/wp-json\/wp\/v2\/pages\/22"}],"wp:featuredmedia":[{"embeddable":true,"href":"https:\/\/oso.edu.pl\/es\/wp-json\/wp\/v2\/media\/2405"}],"wp:attachment":[{"href":"https:\/\/oso.edu.pl\/es\/wp-json\/wp\/v2\/media?parent=2402"}],"curies":[{"name":"wp","href":"https:\/\/api.w.org\/{rel}","templated":true}]}}