{"id":2794,"date":"2023-03-21T17:40:22","date_gmt":"2023-03-21T16:40:22","guid":{"rendered":"https:\/\/oso.edu.pl\/?page_id=2794"},"modified":"2023-03-22T15:35:27","modified_gmt":"2023-03-22T14:35:27","slug":"servicio-de-carretillas-elevadoras-2","status":"publish","type":"page","link":"https:\/\/oso.edu.pl\/es\/uslugi\/naprawa-i-konserwacja-maszyn-udt\/serwis-wozkow-widlowych\/","title":{"rendered":"Servicio de carretillas elevadoras"},"content":{"rendered":"\n<h2 class=\"wp-block-heading\">Sprzeda\u017c u\u017cywanych oraz nowych w\u00f3zk\u00f3w wid\u0142owych UDT&nbsp;<\/h2>\n\n\n\n<p>Naprawa urz\u0105dze\u0144 typu w\u00f3zki wid\u0142owe to niezwykle odpowiedzialne zadanie, kt\u00f3re powinno by\u0107 powierzone profesjonalistom w dziedzinie serwisowania. \u015awiadczymy us\u0142ugi takie jak stacjonarna naprawa w\u00f3zk\u00f3w wid\u0142owych, kt\u00f3ra mo\u017cliwa jest r\u00f3wnie\u017c mobilnie w miejscu wskazanym przez zamawiaj\u0105cego. Zlecaj\u0105c nam napraw\u0119 swojego urz\u0105dzenia, mo\u017cesz mie\u0107 pewno\u015b\u0107 trafnie postawionej diagnozy, sprawnej pomocy fachowc\u00f3w oraz serwisu wszystkich uszkodzonych podzespo\u0142\u00f3w.&nbsp;<\/p>\n\n\n<div class=\"wp-block-image\">\n<figure class=\"alignright size-large is-resized\"><a href=\"https:\/\/oso.edu.pl\/wp-content\/uploads\/2023\/03\/screen_2x-2023-03-07T143045.537.jpg\"><img decoding=\"async\" src=\"https:\/\/oso.edu.pl\/wp-content\/uploads\/2023\/03\/screen_2x-2023-03-07T143045.537-1024x684.jpg\" alt=\"w\u00f3zek wid\u0142owy w warsztacie\" class=\"wp-image-2796\" width=\"512\" height=\"342\" srcset=\"https:\/\/oso.edu.pl\/wp-content\/uploads\/2023\/03\/screen_2x-2023-03-07T143045.537-1024x684.jpg 1024w, https:\/\/oso.edu.pl\/wp-content\/uploads\/2023\/03\/screen_2x-2023-03-07T143045.537-300x200.jpg 300w, https:\/\/oso.edu.pl\/wp-content\/uploads\/2023\/03\/screen_2x-2023-03-07T143045.537-768x513.jpg 768w, https:\/\/oso.edu.pl\/wp-content\/uploads\/2023\/03\/screen_2x-2023-03-07T143045.537-1536x1025.jpg 1536w, https:\/\/oso.edu.pl\/wp-content\/uploads\/2023\/03\/screen_2x-2023-03-07T143045.537-18x12.jpg 18w, https:\/\/oso.edu.pl\/wp-content\/uploads\/2023\/03\/screen_2x-2023-03-07T143045.537.jpg 1600w\" sizes=\"(max-width: 512px) 100vw, 512px\" \/><\/a><\/figure>\n<\/div>\n\n\n<h2 class=\"wp-block-heading\">Co zyskujesz korzystaj\u0105c z naszych us\u0142ug?&nbsp;<\/h2>\n\n\n\n<ul class=\"wp-block-list\">\n<li>oszcz\u0119dno\u015b\u0107 czasu i pieni\u0119dzy;&nbsp;<\/li>\n\n\n\n<li>niezawodny serwis;&nbsp;<\/li>\n\n\n\n<li>indywidualne podej\u015bcie;&nbsp;<\/li>\n\n\n\n<li>Tw\u00f3j komfort i wygod\u0119 profesjonalnego sprz\u0119tu;&nbsp;<\/li>\n\n\n\n<li>profesjonalne doradztwo naszych technik\u00f3w.&nbsp;<br><em><\/em>&nbsp;<br><strong><\/strong>&nbsp;<\/li>\n<\/ul>\n\n\n\n<h2 class=\"wp-block-heading\">Co obejmuje nasza oferta?&nbsp;<\/h2>\n\n\n\n<p>Opr\u00f3cz diagnostyki oraz serwisowania maszyn UDT, oferujemy tak\u017ce mo\u017cliwo\u015b\u0107 wynajmu, jak i zakupu urz\u0105dze\u0144. Bez w\u0105tpienia nasz szeroki asortyment umo\u017cliwia znalezienie odpowiedniego pojazdu, spe\u0142niaj\u0105cego wymagania stawiane przez kupuj\u0105cego. Wraz z szybkim rozwojem przemys\u0142u, na rynku pojawi\u0142y si\u0119 firmy charakteryzuj\u0105ce si\u0119 zaawansowanym nak\u0142adem produkcyjnym, kt\u00f3ry przyni\u00f3s\u0142 problem logistyczny wi\u0105\u017c\u0105cy si\u0119 ze sprawnym magazynowaniem oraz przenoszeniem towar\u00f3w. Aby temu zaradzi\u0107, zapewniaj\u0105c sprawny transport cz\u0119\u015bci wewn\u0105trz firmy oraz efektywnie je magazynuj\u0105c, powinni\u015bmy zainwestowa\u0107 w w\u00f3zek wid\u0142owy. Nasz zak\u0142ad odpowiada na rosn\u0105ce potrzeby klient\u00f3w \u015bwiadcz\u0105c gwarancj\u0119 zakupionych urz\u0105dze\u0144.&nbsp;<\/p>\n\n\n\n<h2 class=\"wp-block-heading\">Sprzeda\u017c w\u00f3zk\u00f3w wid\u0142owych&nbsp;<\/h2>\n\n\n\n<p>Udost\u0119pniany przez nas pakiet w\u00f3zk\u00f3w wid\u0142owych jest znakomicie przystosowany do transportowania palet. Te maszyny u\u017cytkowe s\u0105 projektowane w celu swobodnego przemieszczania si\u0119 po magazynach o r\u00f3\u017cnorakiej wielko\u015bci. Dysponujemy urz\u0105dzeniami w odmiennych klasach wagowych, posiadaj\u0105cych ud\u017awigi, dostosowywalne do indywidualnych potrzeb zainteresowanego. Zach\u0119camy do zdecydowania si\u0119 na zakup terenowych w\u00f3zk\u00f3w wid\u0142owych w przypadku pracy z za\u0142adunkiem ci\u0119\u017ckich towar\u00f3w oraz transportem po nieutwardzonych terenach. Wynika to z faktu, i\u017c s\u0105 one wyposa\u017cone w silniki diesla, posiadaj\u0105ce prze\u015bwit oraz du\u017ce ko\u0142a, pozwalaj\u0105ce na swobodne przemieszczanie terenowe. &nbsp;<br>&nbsp;<\/p>\n\n\n<div class=\"wp-block-image\">\n<figure class=\"alignleft size-large is-resized\"><a href=\"https:\/\/oso.edu.pl\/wp-content\/uploads\/2023\/03\/screen_2x-2023-03-07T143003.602.jpg\"><img decoding=\"async\" src=\"https:\/\/oso.edu.pl\/wp-content\/uploads\/2023\/03\/screen_2x-2023-03-07T143003.602-1024x683.jpg\" alt=\"w\u00f3zek wid\u0142owy podnosz\u0105cy \u0142adunek\" class=\"wp-image-2797\" width=\"512\" height=\"342\" srcset=\"https:\/\/oso.edu.pl\/wp-content\/uploads\/2023\/03\/screen_2x-2023-03-07T143003.602-1024x683.jpg 1024w, https:\/\/oso.edu.pl\/wp-content\/uploads\/2023\/03\/screen_2x-2023-03-07T143003.602-300x200.jpg 300w, https:\/\/oso.edu.pl\/wp-content\/uploads\/2023\/03\/screen_2x-2023-03-07T143003.602-768x512.jpg 768w, https:\/\/oso.edu.pl\/wp-content\/uploads\/2023\/03\/screen_2x-2023-03-07T143003.602-1536x1024.jpg 1536w, https:\/\/oso.edu.pl\/wp-content\/uploads\/2023\/03\/screen_2x-2023-03-07T143003.602-18x12.jpg 18w, https:\/\/oso.edu.pl\/wp-content\/uploads\/2023\/03\/screen_2x-2023-03-07T143003.602.jpg 1600w\" sizes=\"(max-width: 512px) 100vw, 512px\" \/><\/a><\/figure>\n<\/div>\n\n\n<h2 class=\"wp-block-heading\">Wynajem w\u00f3zk\u00f3w wid\u0142owych&nbsp;<\/h2>\n\n\n\n<p>W\u00f3zki wid\u0142owe bez w\u0105tpienia znajduj\u0105 si\u0119 na li\u015bcie potrzeb wielu firm, kt\u00f3re realizuj\u0105 zlecenia w r\u00f3\u017cnych sektorach pracy. Nasza wypo\u017cyczalnia od lat spe\u0142nia oczekiwania nawet najbardziej wymagaj\u0105cych klient\u00f3w. Jeste\u015bmy zaopatrzeni zar\u00f3wno w modele z nap\u0119dem gazowym LPG, jak te\u017c maszyny z silnikiem diesla oraz ich elektryczne odpowiedniki. Dzi\u0119ki mo\u017cliwo\u015bci wynajmu naszych w\u00f3zk\u00f3w wid\u0142owych mo\u017cesz b\u0142yskawicznie sprosta\u0107 wyzwaniom stawianym przez swoj\u0105 bran\u017c\u0119, zaopatrzaj\u0105c si\u0119 w konkretny rodzaj w\u00f3zka, kt\u00f3rego aktualnie potrzebujesz.&nbsp;<\/p>\n\n\n\n<h2 class=\"wp-block-heading\">&nbsp;Cena wynajmu urz\u0105dze\u0144 zale\u017cy od nast\u0119puj\u0105cych czynnik\u00f3w<\/h2>\n\n\n\n<ul class=\"wp-block-list\">\n<li>ud\u017awig;&nbsp;<\/li>\n\n\n\n<li>typ nap\u0119du;&nbsp;<\/li>\n\n\n\n<li>intensywno\u015b\u0107 pracy;&nbsp;<\/li>\n\n\n\n<li>okres wynajmu.&nbsp;&nbsp;<\/li>\n<\/ul>\n\n\n\n<p>Ka\u017cdorazowo dostosowujemy us\u0142ug\u0119 najmu do potrzeb klienta indywidualnego, proponuj\u0105c maszyn\u0119, kt\u00f3ra w pe\u0142ni zaspokoi wymagania zleceniodawcy. W podj\u0119ciu decyzji odno\u015bnie wyboru w\u00f3zka wid\u0142owego kluczowe znaczenie maj\u0105 czynniki takie, jak: warunki pracy, rodzaj nawierzchni, po kt\u00f3rej urz\u0105dzenie b\u0119dzie si\u0119 przemieszcza\u0142o, ukszta\u0142towanie terenu, maksymalna waga \u0142adunku oraz wysoko\u015b\u0107 i wymiary podnoszenia. Wybieraj\u0105c nasz\u0105 wypo\u017cyczalni\u0119 mo\u017cesz liczy\u0107 na pe\u0142ny profesjonalizm us\u0142ug, gdy\u017c skrupulatnie kontrolujemy stan techniczny naszego sprz\u0119tu, aby zagwarantowa\u0107 pe\u0142ne bezpiecze\u0144stwo kadrze wypo\u017cyczaj\u0105cego. &nbsp;<br>&nbsp;<\/p>\n\n\n\n<h2 class=\"wp-block-heading\">Konserwacja w\u00f3zk\u00f3w wid\u0142owych&nbsp;<\/h2>\n\n\n\n<p>Regularne sprawdzanie w\u00f3zka wid\u0142owego jest przede wszystkim wa\u017cn\u0105 profilaktyk\u0105 pozwalaj\u0105c\u0105 na wczesne zidentyfikowanie potencjalnych problem\u00f3w. Powy\u017csza kontrola zapewnia nas, i\u017c posiadane urz\u0105dzenie b\u0119dzie bezpieczne oraz komfortowe w u\u017cytkowaniu. Systematyczna konserwacja maszyn jest r\u00f3wnie\u017c doskona\u0142ym sposobem na zaoszcz\u0119dzenie czasu i pieni\u0119dzy w oczekiwaniu na serwis potencjalnych awarii. Doskona\u0142ym sposobem, by wdro\u017cy\u0107 w firmie regularne prace serwisowe jest stosowanie list kontrolnych, maj\u0105cych na celu upewnienie si\u0119, i\u017c ka\u017cdy z podzespo\u0142\u00f3w w\u00f3zka zosta\u0142 sprawdzony przed oddaniem urz\u0105dzenia do u\u017cytku.&nbsp;&nbsp;<\/p>\n\n\n<div class=\"wp-block-image\">\n<figure class=\"alignright size-large is-resized\"><a href=\"https:\/\/oso.edu.pl\/wp-content\/uploads\/2023\/03\/screen_2x-2023-03-07T142942.319.jpg\"><img decoding=\"async\" src=\"https:\/\/oso.edu.pl\/wp-content\/uploads\/2023\/03\/screen_2x-2023-03-07T142942.319-683x1024.jpg\" alt=\"w\u00f3zek wid\u0142owy w serwisie\" class=\"wp-image-2798\" width=\"342\" height=\"512\" srcset=\"https:\/\/oso.edu.pl\/wp-content\/uploads\/2023\/03\/screen_2x-2023-03-07T142942.319-683x1024.jpg 683w, https:\/\/oso.edu.pl\/wp-content\/uploads\/2023\/03\/screen_2x-2023-03-07T142942.319-200x300.jpg 200w, https:\/\/oso.edu.pl\/wp-content\/uploads\/2023\/03\/screen_2x-2023-03-07T142942.319-768x1152.jpg 768w, https:\/\/oso.edu.pl\/wp-content\/uploads\/2023\/03\/screen_2x-2023-03-07T142942.319-1024x1536.jpg 1024w, https:\/\/oso.edu.pl\/wp-content\/uploads\/2023\/03\/screen_2x-2023-03-07T142942.319-8x12.jpg 8w, https:\/\/oso.edu.pl\/wp-content\/uploads\/2023\/03\/screen_2x-2023-03-07T142942.319.jpg 1067w\" sizes=\"(max-width: 342px) 100vw, 342px\" \/><\/a><\/figure>\n<\/div>\n\n\n<h2 class=\"wp-block-heading\">Podstawowe elementy wymagaj\u0105ce diagnostyki<\/h2>\n\n\n\n<ul class=\"wp-block-list\">\n<li>w\u0119\u017ce hydrauliczne;&nbsp;<\/li>\n\n\n\n<li>poziom oleju;&nbsp;<\/li>\n\n\n\n<li>poziom p\u0142yn\u00f3w;&nbsp;<\/li>\n\n\n\n<li>stan wide\u0142;&nbsp;&nbsp;<\/li>\n\n\n\n<li>og\u00f3lny stan oraz prawid\u0142owo\u015b\u0107 dzia\u0142ania w\u00f3zka.&nbsp;<br>&nbsp;<\/li>\n<\/ul>\n\n\n\n<h2 class=\"wp-block-heading\">O nas&nbsp;<\/h2>\n\n\n\n<p>Nasze przedsi\u0119biorstwo specjalizuje si\u0119 w wynajmie oraz sprzeda\u017cy nowych i u\u017cywanych w\u00f3zk\u00f3w wid\u0142owych. Proponujemy urz\u0105dzenia wielu renomowanych marek, a ponadto zapewniamy profesjonalny serwis w\u00f3zk\u00f3w (m.in. spalinowych, elektrycznych).&nbsp;<\/p>\n\n\n\n<p>Skupiamy si\u0119 na tym, aby klienci znale\u017ali w ofercie naszego zak\u0142adu produkty w pe\u0142ni dostosowane do swoich potrzeb i oczekiwa\u0144. Warto tak\u017ce wspomnie\u0107, \u017ce zanim kt\u00f3rekolwiek z urz\u0105dze\u0144 trafi na list\u0119 naszej oferty, ka\u017cdorazowo przechodzi ono kompleksow\u0105 kontrol\u0119 techniczn\u0105 oraz ewentualny serwis.&nbsp;<\/p>\n\n\n\n<p><strong>Serdecznie <a href=\"https:\/\/oso.edu.pl\/es\/kontakt\/\">zapraszamy do kontaktu<\/a>, jeste\u015bmy w pe\u0142ni dyspozycyjni!&nbsp;<\/strong><\/p>\n\n\n\n<h2 class=\"wp-block-heading\">PYTANIA KURSANT\u00d3W<\/h2>\n\n\n\t\t<details\t\thelp class=\"sc_fs_faq sc_card    \"\n\t\topen\t\t>\n\t\t\t\t\t<summary>\n\t\t\t\t<h3>Cz\u0119\u015bci i maszyny jakich producent\u00f3w znajduj\u0105 si\u0119 w ofercie?<\/h3>\t\t\t\t\t<\/summary>\n\t\t\t\t<div>\n\t\t\t\t\t\t<div class=\"sc_fs_faq__content\">\n\t\t\t\t\n\n<p>\u015awiadczymy serwis maszyn UDT od r\u00f3\u017cnych producent\u00f3w, s\u0105 to m.in. Linde, Still, Jungheinrich oraz Toyota.<\/p>\n\n\t\t\t<\/div>\n\t\t<\/div>\n\t\t<\/details>\n\t\t\t\t<details\t\thelp class=\"sc_fs_faq sc_card    \"\n\t\t\t\t>\n\t\t\t\t\t<summary>\n\t\t\t\t<h3>Jakie us\u0142ugi wykonujecie?<\/h3>\t\t\t\t\t<\/summary>\n\t\t\t\t<div>\n\t\t\t\t\t\t<div class=\"sc_fs_faq__content\">\n\t\t\t\t\n\n<p>Nasza oferta, opr\u00f3cz diagnostyki oraz serwisowania maszyn UDT, zawiera tak\u017ce mo\u017cliwo\u015b\u0107 wynajmu, jak i zakupu urz\u0105dze\u0144 do u\u017cytku wewn\u0119trznego b\u0105d\u017a te\u017c zewn\u0119trznego.<\/p>\n\n\t\t\t<\/div>\n\t\t<\/div>\n\t\t<\/details>\n\t\t\n<script type=\"application\/ld+json\">\n\t{\n\t\t\"@context\": \"https:\/\/schema.org\",\n\t\t\"@type\": \"FAQPage\",\n\t\t\"mainEntity\": [\n\t\t\t\t\t{\n\t\t\t\t\"@type\": \"Question\",\n\t\t\t\t\"name\": \"Cz\u0119\u015bci i maszyny jakich producent\u00f3w znajduj\u0105 si\u0119 w ofercie?\",\n\t\t\t\t\"acceptedAnswer\": {\n\t\t\t\t\t\"@type\": \"Answer\",\n\t\t\t\t\t\"text\": \"<p>\u015awiadczymy serwis maszyn UDT od r\u00f3\u017cnych producent\u00f3w, s\u0105 to m.in. Linde, Still, Jungheinrich oraz Toyota.<\/p>\"\n\t\t\t\t\t\t\t\t\t}\n\t\t\t}\n\t\t\t,\t\t\t\t{\n\t\t\t\t\"@type\": \"Question\",\n\t\t\t\t\"name\": \"Jakie us\u0142ugi wykonujecie?\",\n\t\t\t\t\"acceptedAnswer\": {\n\t\t\t\t\t\"@type\": \"Answer\",\n\t\t\t\t\t\"text\": \"<p>Nasza oferta, opr\u00f3cz diagnostyki oraz serwisowania maszyn UDT, zawiera tak\u017ce mo\u017cliwo\u015b\u0107 wynajmu, jak i zakupu urz\u0105dze\u0144 do u\u017cytku wewn\u0119trznego b\u0105d\u017a te\u017c zewn\u0119trznego.<\/p>\"\n\t\t\t\t\t\t\t\t\t}\n\t\t\t}\n\t\t\t\t\t\t]\n\t}\n<\/script>\n","protected":false},"excerpt":{"rendered":"<p>Sprzeda\u017c u\u017cywanych oraz nowych w\u00f3zk\u00f3w wid\u0142owych UDT&nbsp; Naprawa urz\u0105dze\u0144 typu w\u00f3zki wid\u0142owe to niezwykle odpowiedzialne zadanie, kt\u00f3re powinno by\u0107 powierzone profesjonalistom w dziedzinie serwisowania. \u015awiadczymy us\u0142ugi takie jak stacjonarna naprawa w\u00f3zk\u00f3w wid\u0142owych, kt\u00f3ra mo\u017cliwa jest r\u00f3wnie\u017c mobilnie w miejscu wskazanym przez zamawiaj\u0105cego. Zlecaj\u0105c nam napraw\u0119 swojego urz\u0105dzenia, mo\u017cesz mie\u0107 pewno\u015b\u0107 trafnie postawionej diagnozy, sprawnej pomocy [&hellip;]<\/p>\n","protected":false},"author":3,"featured_media":2796,"parent":2842,"menu_order":0,"comment_status":"closed","ping_status":"closed","template":"","meta":{"footnotes":""},"class_list":["post-2794","page","type-page","status-publish","has-post-thumbnail","hentry"],"aioseo_notices":[],"_links":{"self":[{"href":"https:\/\/oso.edu.pl\/es\/wp-json\/wp\/v2\/pages\/2794","targetHints":{"allow":["GET"]}}],"collection":[{"href":"https:\/\/oso.edu.pl\/es\/wp-json\/wp\/v2\/pages"}],"about":[{"href":"https:\/\/oso.edu.pl\/es\/wp-json\/wp\/v2\/types\/page"}],"author":[{"embeddable":true,"href":"https:\/\/oso.edu.pl\/es\/wp-json\/wp\/v2\/users\/3"}],"replies":[{"embeddable":true,"href":"https:\/\/oso.edu.pl\/es\/wp-json\/wp\/v2\/comments?post=2794"}],"version-history":[{"count":4,"href":"https:\/\/oso.edu.pl\/es\/wp-json\/wp\/v2\/pages\/2794\/revisions"}],"predecessor-version":[{"id":2816,"href":"https:\/\/oso.edu.pl\/es\/wp-json\/wp\/v2\/pages\/2794\/revisions\/2816"}],"up":[{"embeddable":true,"href":"https:\/\/oso.edu.pl\/es\/wp-json\/wp\/v2\/pages\/2842"}],"wp:featuredmedia":[{"embeddable":true,"href":"https:\/\/oso.edu.pl\/es\/wp-json\/wp\/v2\/media\/2796"}],"wp:attachment":[{"href":"https:\/\/oso.edu.pl\/es\/wp-json\/wp\/v2\/media?parent=2794"}],"curies":[{"name":"wp","href":"https:\/\/api.w.org\/{rel}","templated":true}]}}