{"id":3217,"date":"2023-09-04T13:19:59","date_gmt":"2023-09-04T11:19:59","guid":{"rendered":"https:\/\/oso.edu.pl\/?page_id=3217"},"modified":"2023-09-04T15:59:56","modified_gmt":"2023-09-04T13:59:56","slug":"training-world-certified-gwo","status":"publish","type":"page","link":"https:\/\/oso.edu.pl\/es\/szkolenia\/gwo\/szkolenia-wiatrowe-certyfikowane-gwo\/","title":{"rendered":"Formaci\u00f3n e\u00f3lica certificada por GWO\u00a0"},"content":{"rendered":"<figure class=\"alignleft wp-block-post-featured-image\"><img decoding=\"async\" width=\"550\" height=\"469\" src=\"https:\/\/oso.edu.pl\/wp-content\/uploads\/2023\/09\/canva-MAE4iQgHZco.jpg\" class=\"attachment-post-thumbnail size-post-thumbnail wp-post-image\" alt=\"\" style=\"object-fit:cover;\" srcset=\"https:\/\/oso.edu.pl\/wp-content\/uploads\/2023\/09\/canva-MAE4iQgHZco.jpg 550w, https:\/\/oso.edu.pl\/wp-content\/uploads\/2023\/09\/canva-MAE4iQgHZco-300x256.jpg 300w, https:\/\/oso.edu.pl\/wp-content\/uploads\/2023\/09\/canva-MAE4iQgHZco-14x12.jpg 14w\" sizes=\"(max-width: 550px) 100vw, 550px\" \/><\/figure>\n\n\n<p>La Organizaci\u00f3n GWO fue fundada por empresas l\u00edderes que colectivamente poseen casi 90% de cuota del mercado mundial de la energ\u00eda e\u00f3lica, como Siemens Gamesa, Vestas, GE e Innogy. El objetivo de la Organizaci\u00f3n GWO es desarrollar normas de formaci\u00f3n que identifiquen eficazmente los riesgos potenciales asociados al trabajo en este campo. Unas normas uniformes garantizan un alto nivel de seguridad tanto durante el desempe\u00f1o de las tareas profesionales como en las obras de construcci\u00f3n. Los empleadores de todo el mundo reconocen los certificados de la GWO como garant\u00eda de protecci\u00f3n en el lugar de trabajo.<\/p>\n\n\n\n<h2 class=\"wp-block-heading\">Formaci\u00f3n b\u00e1sica en seguridad GWO de cinco m\u00f3dulos&nbsp;<\/h2>\n\n\n\n<p>La formaci\u00f3n obligatoria que debe recibir cualquier persona que trabaje en aerogeneradores es el curso <strong><a href=\"https:\/\/oso.edu.pl\/es\/szkolenia\/gwo\/global-wind-organization-pytania-i-odpowiedzi\/\">GWO Formaci\u00f3n b\u00e1sica en seguridad<\/a> (BST)<\/strong>. Dependiendo de d\u00f3nde trabaje, puede elegir entre dos opciones:&nbsp;<\/p>\n\n\n\n<p>Capacitaci\u00f3n <strong>GWO Basic Safety Training Onshore <\/strong>que consta de 4 m\u00f3dulos, es una formaci\u00f3n obligatoria para los operadores de <a href=\"https:\/\/oso.edu.pl\/es\/szkolenia\/gwo\/manual-handling-warszawa-i-cala-polska\/\">turbinas e\u00f3licas<\/a> en tierra.&nbsp;<\/p>\n\n\n\n<ul class=\"wp-block-list\">\n<li>Trabajo en altura&nbsp;<\/li>\n\n\n\n<li>Concienciaci\u00f3n sobre incendios&nbsp;<\/li>\n\n\n\n<li>Manipulaci\u00f3n manual&nbsp;<\/li>\n\n\n\n<li>Primeros auxilios&nbsp;<\/li>\n<\/ul>\n\n\n\n<p>Capacitaci\u00f3n<strong> GWO Basic Safety Training Offshore <\/strong>compuesto por<strong> <\/strong>Los 5 m\u00f3dulos son de formaci\u00f3n obligatoria para los operadores de aerogeneradores marinos.&nbsp;<\/p>\n\n\n\n<ul class=\"wp-block-list\">\n<li>Trabajo en altura&nbsp;<\/li>\n\n\n\n<li>Concienciaci\u00f3n sobre incendios&nbsp;<\/li>\n\n\n\n<li>Manipulaci\u00f3n manual&nbsp;<\/li>\n\n\n\n<li>&nbsp;Primeros auxilios&nbsp;<\/li>\n\n\n\n<li>&nbsp;Supervivencia en el mar&nbsp;<\/li>\n<\/ul>\n\n\n\n<p>La participaci\u00f3n en estos cursos de formaci\u00f3n garantiza que est\u00e9 plenamente preparado para desempe\u00f1ar sus funciones profesionales. Durante el curso, el participante adquiere las habilidades necesarias para responder a situaciones de emergencia e imprevisibles, incluida la participaci\u00f3n en cursos de formaci\u00f3n en primeros auxilios, manejo de la manipulaci\u00f3n manual, actuaci\u00f3n ante posibles incendios en la turbina, mantenimiento de las normas de seguridad al trabajar a gran altura y habilidades de supervivencia mar\u00edtima.&nbsp;<\/p>\n\n\n\n<h2 class=\"wp-block-heading\">GWO Formaci\u00f3n en supervivencia en el mar&nbsp;<\/h2>\n\n\n\n<p>Para enriquecer sus conocimientos, tambi\u00e9n le recomendamos asistir a un curso de formaci\u00f3n <strong>Supervivencia en el mar.<\/strong> Este m\u00f3dulo cumple las normas m\u00e1s recientes<strong> GWO Formaci\u00f3n b\u00e1sica en seguridad<\/strong>. La formaci\u00f3n se divide en partes pr\u00e1cticas y te\u00f3ricas. Incluye t\u00e9cnicas de rescate individual, aprender a reconocer diferentes tipos de alarmas y diagnosticar la hipotermia y el riesgo de ahogamiento secundario. La parte pr\u00e1ctica de la formaci\u00f3n tiene lugar en una piscina caliente, donde los participantes tienen la oportunidad de simular la transici\u00f3n de una embarcaci\u00f3n de transferencia de tripulaci\u00f3n (CTV) a una escalera de rescate.&nbsp;<\/p>\n\n\n\n<h2 class=\"wp-block-heading\">Curso de formaci\u00f3n t\u00e9cnica b\u00e1sica (BTT) de GWO&nbsp;<\/h2>\n\n\n\n<p>Formaci\u00f3n t\u00e9cnica <strong>GWO Formaci\u00f3n T\u00e9cnica B\u00e1sica (BTT)<\/strong> se ha creado para las personas que no tienen una formaci\u00f3n t\u00e9cnica o que desean sistematizar sus conocimientos existentes en el contexto del entorno de las turbinas e\u00f3licas.&nbsp;<\/p>\n\n\n\n<p>La construcci\u00f3n, instalaci\u00f3n y mantenimiento de aerogeneradores requiere que los t\u00e9cnicos tengan conocimientos t\u00e9cnicos b\u00e1sicos, que se imparten mediante formaci\u00f3n <strong>GWO Formaci\u00f3n T\u00e9cnica B\u00e1sica (BTT)<\/strong>. Su objetivo es dar a conocer el entorno espec\u00edfico de una turbina e\u00f3lica y el \u00e1mbito de trabajo del t\u00e9cnico. El curso explica las normas de seguridad para los trabajos el\u00e9ctricos, mec\u00e1nicos y de instalaci\u00f3n, as\u00ed como la capacidad para manejar herramientas el\u00e9ctricas hidr\u00e1ulicas.&nbsp;&nbsp;<\/p>\n\n\n\n<p>Como parte del curso completo <strong>GWO FULL BTT<\/strong> El participante recibe 3 m\u00f3dulos clave: el\u00e9ctrico, hidr\u00e1ulico y mec\u00e1nico, as\u00ed como un paquete de instalaci\u00f3n que incluye dos m\u00f3dulos: mec\u00e1nico e instalaci\u00f3n. La finalizaci\u00f3n de esta formaci\u00f3n en BTT allana el camino hacia oportunidades laborales en el sector de la energ\u00eda e\u00f3lica, tanto en tierra como en alta mar.&nbsp;<\/p>\n\n\n\n<p>Importante Algunas empresas pueden exigir certificaciones adicionales o normas de competencia internas. <strong><a href=\"https:\/\/oso.edu.pl\/es\/szkolenia\/gwo\/\">Certificados GWO BST<\/a><\/strong> tienen una validez de 2 a\u00f1os, transcurridos los cuales se recomienda completar los conocimientos mediante el curso GWO BST Ref.&nbsp;<\/p>\n\n\n\n<h2 class=\"wp-block-heading\">Lugar de ense\u00f1anza&nbsp;&nbsp;<\/h2>\n\n\n\n<p>Impartimos formaci\u00f3n en varios lugares, entre ellos Varsovia y en nuestras sucursales regionales de todo el pa\u00eds. Tambi\u00e9n ofrecemos formaci\u00f3n in situ, incluido el desplazamiento al cliente.&nbsp;&nbsp;<\/p>\n\n\n\n<p>Toda la informaci\u00f3n relativa a los cursos abiertos est\u00e1 disponible en nuestro sitio web. Si est\u00e1 interesado en una formaci\u00f3n cerrada, p\u00f3ngase en contacto con nosotros: nuestro centro le preparar\u00e1 una oferta personalizada.&nbsp;<\/p>\n\n\n\n<p>Si necesita m\u00e1s informaci\u00f3n, estamos a su disposici\u00f3n para responder a todas sus preguntas sobre nuestros cursos. No dude en ponerse en contacto con nosotros por tel\u00e9fono o correo electr\u00f3nico, o visite nuestro Centro, donde estaremos encantados de presentarle nuestra oferta, ayudarle a aclarar cualquier duda y prepararle un presupuesto de formaci\u00f3n.&nbsp;<\/p>\n\n\n\n<p>Le invitamos a <a href=\"https:\/\/oso.edu.pl\/es\/o-firmie\/\">Centro de Formaci\u00f3n de Operadores de SPA<\/a> para la formaci\u00f3n <strong>GWO <\/strong><strong>-<\/strong><strong> <\/strong><strong>Varsovia y toda Polonia<\/strong>&nbsp;<\/p>\n\n\n\n<p><\/p>","protected":false},"excerpt":{"rendered":"<p>Organizacja GWO zosta\u0142a za\u0142o\u017cona przez czo\u0142owe przedsi\u0119biorstwa, kt\u00f3re \u0142\u0105cznie posiadaj\u0105 niemal 90% udzia\u0142u na \u015bwiatowym rynku energetyki wiatrowej, takie jak Siemens Gamesa, Vestas, GE czy Innogy. Celem Organizacji GWO jest opracowywanie norm szkoleniowych, kt\u00f3re skutecznie identyfikuj\u0105 potencjalne zagro\u017cenia zwi\u0105zane z prac\u0105 w tej dziedzinie. Jednolite standardy zapewniaj\u0105 wysoki poziom bezpiecze\u0144stwa zar\u00f3wno w trakcie wykonywania obowi\u0105zk\u00f3w [&hellip;]<\/p>\n","protected":false},"author":3,"featured_media":3218,"parent":3148,"menu_order":0,"comment_status":"closed","ping_status":"closed","template":"","meta":{"footnotes":""},"class_list":["post-3217","page","type-page","status-publish","has-post-thumbnail","hentry"],"aioseo_notices":[],"_links":{"self":[{"href":"https:\/\/oso.edu.pl\/es\/wp-json\/wp\/v2\/pages\/3217","targetHints":{"allow":["GET"]}}],"collection":[{"href":"https:\/\/oso.edu.pl\/es\/wp-json\/wp\/v2\/pages"}],"about":[{"href":"https:\/\/oso.edu.pl\/es\/wp-json\/wp\/v2\/types\/page"}],"author":[{"embeddable":true,"href":"https:\/\/oso.edu.pl\/es\/wp-json\/wp\/v2\/users\/3"}],"replies":[{"embeddable":true,"href":"https:\/\/oso.edu.pl\/es\/wp-json\/wp\/v2\/comments?post=3217"}],"version-history":[{"count":4,"href":"https:\/\/oso.edu.pl\/es\/wp-json\/wp\/v2\/pages\/3217\/revisions"}],"predecessor-version":[{"id":3352,"href":"https:\/\/oso.edu.pl\/es\/wp-json\/wp\/v2\/pages\/3217\/revisions\/3352"}],"up":[{"embeddable":true,"href":"https:\/\/oso.edu.pl\/es\/wp-json\/wp\/v2\/pages\/3148"}],"wp:featuredmedia":[{"embeddable":true,"href":"https:\/\/oso.edu.pl\/es\/wp-json\/wp\/v2\/media\/3218"}],"wp:attachment":[{"href":"https:\/\/oso.edu.pl\/es\/wp-json\/wp\/v2\/media?parent=3217"}],"curies":[{"name":"wp","href":"https:\/\/api.w.org\/{rel}","templated":true}]}}