{"id":2801,"date":"2023-03-21T17:41:23","date_gmt":"2023-03-21T16:41:23","guid":{"rendered":"https:\/\/oso.edu.pl\/?page_id=2801"},"modified":"2023-03-22T15:29:06","modified_gmt":"2023-03-22T14:29:06","slug":"%d1%80%d0%b5%d0%bc%d0%be%d0%bd%d1%82-%d0%be%d0%b1%d0%be%d1%80%d1%83%d0%b4%d0%be%d0%b2%d0%b0%d0%bd%d0%b8%d1%8f-%d0%ba%d1%80%d0%b0%d0%bd%d0%b0","status":"publish","type":"page","link":"https:\/\/oso.edu.pl\/ru\/uslugi\/naprawa-i-konserwacja-maszyn-udt\/naprawa-urzadzen-dzwigowych\/","title":{"rendered":"\u0420\u0435\u043c\u043e\u043d\u0442 \u0433\u0440\u0443\u0437\u043e\u043f\u043e\u0434\u044a\u0435\u043c\u043d\u043e\u0433\u043e \u043e\u0431\u043e\u0440\u0443\u0434\u043e\u0432\u0430\u043d\u0438\u044f"},"content":{"rendered":"\n<h2 class=\"wp-block-heading\">Serwis urz\u0105dze\u0144 UDT&nbsp;<\/h2>\n\n\n<div class=\"wp-block-image\">\n<figure class=\"alignleft size-large is-resized\"><a href=\"https:\/\/oso.edu.pl\/wp-content\/uploads\/2023\/03\/s2-2023-03-08T122400.229.jpg\"><img decoding=\"async\" src=\"https:\/\/oso.edu.pl\/wp-content\/uploads\/2023\/03\/s2-2023-03-08T122400.229-1024x683.jpg\" alt=\"w\u00f3zek wid\u0142owy w warsztacie\" class=\"wp-image-2838\" width=\"512\" height=\"342\" srcset=\"https:\/\/oso.edu.pl\/wp-content\/uploads\/2023\/03\/s2-2023-03-08T122400.229-1024x683.jpg 1024w, https:\/\/oso.edu.pl\/wp-content\/uploads\/2023\/03\/s2-2023-03-08T122400.229-300x200.jpg 300w, https:\/\/oso.edu.pl\/wp-content\/uploads\/2023\/03\/s2-2023-03-08T122400.229-768x512.jpg 768w, https:\/\/oso.edu.pl\/wp-content\/uploads\/2023\/03\/s2-2023-03-08T122400.229-1536x1024.jpg 1536w, https:\/\/oso.edu.pl\/wp-content\/uploads\/2023\/03\/s2-2023-03-08T122400.229-18x12.jpg 18w, https:\/\/oso.edu.pl\/wp-content\/uploads\/2023\/03\/s2-2023-03-08T122400.229.jpg 1600w\" sizes=\"(max-width: 512px) 100vw, 512px\" \/><\/a><\/figure>\n<\/div>\n\n\n<p>Firma \u201cOSO\u201d posiada wieloletnie do\u015bwiadczenie w przeprowadzaniu serwisu maszyn d\u017awigowych. Prowadzimy czynno\u015bci zwi\u0105zane z konserwacj\u0105, regeneracj\u0105, modernizacj\u0105 i napraw\u0105. Wykonujemy tak\u017ce przegl\u0105dy okresowe i wype\u0142niamy niezb\u0119dne formalno\u015bci z tym zwi\u0105zane. Ekspresowo zajmujemy si\u0119 usterkami jakie zosta\u0142y przez nas wykryte.&nbsp;<\/p>\n\n\n\n<p>Urz\u0105dzenia te ze wzgl\u0119du na cz\u0119ste wykorzystanie podlegaj\u0105 mocnej eksploatacji. Wi\u0119c regularne wykonywanie przegl\u0105d\u00f3w okresowych mo\u017ce zagwarantowa\u0107 znaczne bezpiecze\u0144stwo oraz zoptymalizuj\u0105 czas pracy.&nbsp;&nbsp;<\/p>\n\n\n\n<h2 class=\"wp-block-heading\">Us\u0142ugi serwisowe&nbsp;<\/h2>\n\n\n\n<p>W naszym serwisie wykonujemy:&nbsp;<\/p>\n\n\n\n<div class=\"wp-block-columns is-layout-flex wp-container-core-columns-is-layout-9d6595d7 wp-block-columns-is-layout-flex\">\n<div class=\"wp-block-column is-layout-flow wp-block-column-is-layout-flow\">\n<ul class=\"wp-block-list\">\n<li>audyty,&nbsp;<\/li>\n\n\n\n<li>usuwamy wykryte awarie i usterki,&nbsp;<\/li>\n\n\n\n<li>diagnostyk\u0119 uk\u0142adu hydraulicznego oraz elektronicznego,&nbsp;<\/li>\n\n\n\n<li>konserwacj\u0119 maszyn,&nbsp;<\/li>\n<\/ul>\n<\/div>\n\n\n\n<div class=\"wp-block-column is-layout-flow wp-block-column-is-layout-flow\">\n<ul class=\"wp-block-list\">\n<li>dokumentacje serwisowe,&nbsp;<\/li>\n\n\n\n<li>modernizacj\u0119 sprz\u0119tu,&nbsp;<\/li>\n\n\n\n<li>regeneracje sprz\u0119tu i wymiana cz\u0119\u015bci,&nbsp;<\/li>\n\n\n\n<li>ca\u0142kowite naprawy urz\u0105dze\u0144.&nbsp;<\/li>\n<\/ul>\n<\/div>\n<\/div>\n\n\n\n<p><\/p>\n\n\n<div class=\"wp-block-image\">\n<figure class=\"alignright size-large is-resized\"><a href=\"https:\/\/oso.edu.pl\/wp-content\/uploads\/2023\/03\/s2-2023-03-08T125604.832-1.jpg\"><img decoding=\"async\" src=\"https:\/\/oso.edu.pl\/wp-content\/uploads\/2023\/03\/s2-2023-03-08T125604.832-1-1024x768.jpg\" alt=\"podesty ruchome Haulotte\" class=\"wp-image-2840\" width=\"512\" height=\"384\" srcset=\"https:\/\/oso.edu.pl\/wp-content\/uploads\/2023\/03\/s2-2023-03-08T125604.832-1-1024x768.jpg 1024w, https:\/\/oso.edu.pl\/wp-content\/uploads\/2023\/03\/s2-2023-03-08T125604.832-1-300x225.jpg 300w, https:\/\/oso.edu.pl\/wp-content\/uploads\/2023\/03\/s2-2023-03-08T125604.832-1-768x576.jpg 768w, https:\/\/oso.edu.pl\/wp-content\/uploads\/2023\/03\/s2-2023-03-08T125604.832-1-1536x1152.jpg 1536w, https:\/\/oso.edu.pl\/wp-content\/uploads\/2023\/03\/s2-2023-03-08T125604.832-1-16x12.jpg 16w, https:\/\/oso.edu.pl\/wp-content\/uploads\/2023\/03\/s2-2023-03-08T125604.832-1-135x100.jpg 135w, https:\/\/oso.edu.pl\/wp-content\/uploads\/2023\/03\/s2-2023-03-08T125604.832-1.jpg 1600w\" sizes=\"(max-width: 512px) 100vw, 512px\" \/><\/a><\/figure>\n<\/div>\n\n\n<h2 class=\"wp-block-heading\">Urz\u0105dzenia UDT \u2013 czym s\u0105?&nbsp;<\/h2>\n\n\n\n<p>Maszyny UDT s\u0105 potocznie nazywane \u201cpojazdami ci\u0119\u017ckimi\u201d i podlegaj\u0105 pod Urz\u0105d Dozoru Technicznego. Osoby, kt\u00f3re chc\u0105 wykonywa\u0107 z nimi prace musz\u0105 posiada\u0107 uprawnienia, kt\u00f3re wydawane s\u0105 przez UDT. Urz\u0105dzenia te wykorzystywane s\u0105 zazwyczaj przy pracach transportowych, budowlanych czy roz\u0142adunkowych i za\u0142adunkowych. Podzia\u0142 urz\u0105dze\u0144 UDT prezentuj\u0119 si\u0119 nast\u0119puj\u0105co:&nbsp;&nbsp;<\/p>\n\n\n\n<ul class=\"wp-block-list\">\n<li>urz\u0105dzenia do odzyskiwania par paliwa,&nbsp;<\/li>\n\n\n\n<li>urz\u0105dzenia ci\u015bnieniowe,&nbsp;<\/li>\n\n\n\n<li>urz\u0105dzenia bezci\u015bnieniowe,&nbsp;<\/li>\n\n\n\n<li>urz\u0105dzenia transportu bliskiego.&nbsp;<\/li>\n<\/ul>\n\n\n\n<h2 class=\"wp-block-heading\">Rutynowe przegl\u0105dy&nbsp;<\/h2>\n\n\n\n<p>Urz\u0105d Dozoru Technicznego wed\u0142ug ustalonych przepis\u00f3w wymaga od osoby posiadaj\u0105cej dan\u0105 maszyn\u0119 najpierw zarejestrowania jej, a p\u00f3\u017aniej r\u00f3wnie\u017c przeprowadzania regularnych kontroli. Ka\u017cda osoba posiadaj\u0105ca takie urz\u0105dzenie jest zobowi\u0105zana wed\u0142ug obowi\u0105zuj\u0105cych przepis\u00f3w przeprowadza\u0107 jego kontrol\u0119 w terminie wcze\u015bniej wyznaczonym przez UDT. Je\u015bli dana osoba nie stawi si\u0119 w terminie w celu wykonania przegl\u0105du mo\u017ce otrzyma\u0107 kar\u0119 finansow\u0105. Przeprowadzenie kontroli jest potwierdzane przez o\u015bwiadczenie, kt\u00f3re wydaje UDT. W naszej firmie przegl\u0105dy wykonywane s\u0105 w szybkim tempie, poniewa\u017c zale\u017cy nam, aby klient nie musia\u0142 zbyt d\u0142ugo wstrzymywa\u0107 prac w zak\u0142adzie.&nbsp;&nbsp;<\/p>\n\n\n\n<h2 class=\"wp-block-heading\">Zakres prac serwisu&nbsp;<\/h2>\n\n\n\n<p>Nasz warsztat serwisowy podejmuje si\u0119 g\u0142\u00f3wnie prac z urz\u0105dzeniami transportu bliskiego, a zaliczaj\u0105 si\u0119 do nich:&nbsp;<\/p>\n\n\n\n<div class=\"wp-block-columns is-layout-flex wp-container-core-columns-is-layout-9d6595d7 wp-block-columns-is-layout-flex\">\n<div class=\"wp-block-column is-layout-flow wp-block-column-is-layout-flow\">\n<ul class=\"wp-block-list\">\n<li>suwnice,&nbsp;<\/li>\n\n\n\n<li>\u017curawie r\u00f3\u017cnego rodzaju,&nbsp;<\/li>\n\n\n\n<li>podesty ruchome,<\/li>\n<\/ul>\n<\/div>\n\n\n\n<div class=\"wp-block-column is-layout-flow wp-block-column-is-layout-flow\">\n<ul class=\"wp-block-list\">\n<li>d\u017awigi\u2013windy,&nbsp;<\/li>\n\n\n\n<li>\u0142adowarki teleskopowe,&nbsp;<\/li>\n\n\n\n<li>w\u00f3zki wid\u0142owe.&nbsp;<\/li>\n<\/ul>\n<\/div>\n<\/div>\n\n\n\n<p><\/p>\n\n\n<div class=\"wp-block-image\">\n<figure class=\"alignleft size-large is-resized\"><a href=\"https:\/\/oso.edu.pl\/wp-content\/uploads\/2023\/03\/s2-2023-03-07T151756.229.jpg\"><img decoding=\"async\" src=\"https:\/\/oso.edu.pl\/wp-content\/uploads\/2023\/03\/s2-2023-03-07T151756.229-1024x767.jpg\" alt=\"suwnica podczas naprawy\" class=\"wp-image-2805\" width=\"512\" height=\"384\" srcset=\"https:\/\/oso.edu.pl\/wp-content\/uploads\/2023\/03\/s2-2023-03-07T151756.229-1024x767.jpg 1024w, https:\/\/oso.edu.pl\/wp-content\/uploads\/2023\/03\/s2-2023-03-07T151756.229-300x225.jpg 300w, https:\/\/oso.edu.pl\/wp-content\/uploads\/2023\/03\/s2-2023-03-07T151756.229-768x576.jpg 768w, https:\/\/oso.edu.pl\/wp-content\/uploads\/2023\/03\/s2-2023-03-07T151756.229-1536x1151.jpg 1536w, https:\/\/oso.edu.pl\/wp-content\/uploads\/2023\/03\/s2-2023-03-07T151756.229-16x12.jpg 16w, https:\/\/oso.edu.pl\/wp-content\/uploads\/2023\/03\/s2-2023-03-07T151756.229-135x100.jpg 135w, https:\/\/oso.edu.pl\/wp-content\/uploads\/2023\/03\/s2-2023-03-07T151756.229.jpg 1600w\" sizes=\"(max-width: 512px) 100vw, 512px\" \/><\/a><\/figure>\n<\/div>\n\n\n<h2 class=\"wp-block-heading\">Serwis mobilny&nbsp;<\/h2>\n\n\n\n<p><a href=\"https:\/\/oso.edu.pl\/ru\/o-firmie\/\">Nasza firma<\/a> oferuje profesjonalny serwis mobilny maszyn d\u017awigowych, kt\u00f3ry dostosowujemy do indywidualnych potrzeb klient\u00f3w. Posiadamy wykwalifikowany zesp\u00f3\u0142 technik\u00f3w, kt\u00f3rzy s\u0105 gotowi do szybkiego i skutecznego dzia\u0142ania na miejscu, aby przywr\u00f3ci\u0107 Twoje maszyny do pe\u0142nej sprawno\u015bci.&nbsp;<\/p>\n\n\n\n<h2 class=\"wp-block-heading\">Us\u0142uga szkoleniowa&nbsp;<\/h2>\n\n\n\n<p>Prowadzimy szkolenia dla os\u00f3b ch\u0119tnych podj\u0105\u0107 si\u0119 wykonywania pracy z urz\u0105dzeniami UDT. Oferta skierowana jest dla ludzi, kt\u00f3rzy chc\u0105 zosta\u0107 operatorem lub konserwatorem. Kursy prowadzi profesjonalna grupa wyk\u0142adowc\u00f3w, kt\u00f3rzy starannie Pa\u0144stwa przygotuj\u0105 do egzaminu pa\u0144stwowego.&nbsp;<\/p>\n\n\n\n<h2 class=\"wp-block-heading\">PYTANIA KURSANT\u00d3W<\/h2>\n\n\n\t\t<details\t\thelp class=\"sc_fs_faq sc_card    \"\n\t\topen\t\t>\n\t\t\t\t\t<summary>\n\t\t\t\t<h3>Czy przegl\u0105d okresowy jest obowi\u0105zkowy?<\/h3>\t\t\t\t\t<\/summary>\n\t\t\t\t<div>\n\t\t\t\t\t\t<div class=\"sc_fs_faq__content\">\n\t\t\t\t\n\n<p>Tak, osoby posiadaj\u0105ce maszyn\u0119 UDT s\u0105 zobowi\u0105zane do wykonania kontroli w terminie wyznaczonym przez Urz\u0105d Dozoru Technicznego.<\/p>\n\n\t\t\t<\/div>\n\t\t<\/div>\n\t\t<\/details>\n\t\t\t\t<details\t\thelp class=\"sc_fs_faq sc_card    \"\n\t\t\t\t>\n\t\t\t\t\t<summary>\n\t\t\t\t<h3>Czy prowadz\u0105 Pa\u0144stwo inne us\u0142ugi opr\u00f3cz serwisu?<\/h3>\t\t\t\t\t<\/summary>\n\t\t\t\t<div>\n\t\t\t\t\t\t<div class=\"sc_fs_faq__content\">\n\t\t\t\t\n\n<p>Oczywi\u015bcie. Prowadzimy inne us\u0142ugi takie jak szkolenia dla os\u00f3b zainteresowanych podj\u0119ciem si\u0119 pracy jako konserwator lub operator maszyn UDT.<\/p>\n\n\t\t\t<\/div>\n\t\t<\/div>\n\t\t<\/details>\n\t\t\n<script type=\"application\/ld+json\">\n\t{\n\t\t\"@context\": \"https:\/\/schema.org\",\n\t\t\"@type\": \"FAQPage\",\n\t\t\"mainEntity\": [\n\t\t\t\t\t{\n\t\t\t\t\"@type\": \"Question\",\n\t\t\t\t\"name\": \"Czy przegl\u0105d okresowy jest obowi\u0105zkowy?\",\n\t\t\t\t\"acceptedAnswer\": {\n\t\t\t\t\t\"@type\": \"Answer\",\n\t\t\t\t\t\"text\": \"<p>Tak, osoby posiadaj\u0105ce maszyn\u0119 UDT s\u0105 zobowi\u0105zane do wykonania kontroli w terminie wyznaczonym przez Urz\u0105d Dozoru Technicznego.<\/p>\"\n\t\t\t\t\t\t\t\t\t}\n\t\t\t}\n\t\t\t,\t\t\t\t{\n\t\t\t\t\"@type\": \"Question\",\n\t\t\t\t\"name\": \"Czy prowadz\u0105 Pa\u0144stwo inne us\u0142ugi opr\u00f3cz serwisu?\",\n\t\t\t\t\"acceptedAnswer\": {\n\t\t\t\t\t\"@type\": \"Answer\",\n\t\t\t\t\t\"text\": \"<p>Oczywi\u015bcie. Prowadzimy inne us\u0142ugi takie jak szkolenia dla os\u00f3b zainteresowanych podj\u0119ciem si\u0119 pracy jako konserwator lub operator maszyn UDT.<\/p>\"\n\t\t\t\t\t\t\t\t\t}\n\t\t\t}\n\t\t\t\t\t\t]\n\t}\n<\/script>\n","protected":false},"excerpt":{"rendered":"<p>Serwis urz\u0105dze\u0144 UDT&nbsp; Firma \u201cOSO\u201d posiada wieloletnie do\u015bwiadczenie w przeprowadzaniu serwisu maszyn d\u017awigowych. Prowadzimy czynno\u015bci zwi\u0105zane z konserwacj\u0105, regeneracj\u0105, modernizacj\u0105 i napraw\u0105. Wykonujemy tak\u017ce przegl\u0105dy okresowe i wype\u0142niamy niezb\u0119dne formalno\u015bci z tym zwi\u0105zane. Ekspresowo zajmujemy si\u0119 usterkami jakie zosta\u0142y przez nas wykryte.&nbsp; Urz\u0105dzenia te ze wzgl\u0119du na cz\u0119ste wykorzystanie podlegaj\u0105 mocnej eksploatacji. Wi\u0119c regularne wykonywanie [&hellip;]<\/p>\n","protected":false},"author":3,"featured_media":2839,"parent":2842,"menu_order":0,"comment_status":"closed","ping_status":"closed","template":"","meta":{"footnotes":""},"class_list":["post-2801","page","type-page","status-publish","has-post-thumbnail","hentry"],"aioseo_notices":[],"_links":{"self":[{"href":"https:\/\/oso.edu.pl\/ru\/wp-json\/wp\/v2\/pages\/2801","targetHints":{"allow":["GET"]}}],"collection":[{"href":"https:\/\/oso.edu.pl\/ru\/wp-json\/wp\/v2\/pages"}],"about":[{"href":"https:\/\/oso.edu.pl\/ru\/wp-json\/wp\/v2\/types\/page"}],"author":[{"embeddable":true,"href":"https:\/\/oso.edu.pl\/ru\/wp-json\/wp\/v2\/users\/3"}],"replies":[{"embeddable":true,"href":"https:\/\/oso.edu.pl\/ru\/wp-json\/wp\/v2\/comments?post=2801"}],"version-history":[{"count":9,"href":"https:\/\/oso.edu.pl\/ru\/wp-json\/wp\/v2\/pages\/2801\/revisions"}],"predecessor-version":[{"id":2989,"href":"https:\/\/oso.edu.pl\/ru\/wp-json\/wp\/v2\/pages\/2801\/revisions\/2989"}],"up":[{"embeddable":true,"href":"https:\/\/oso.edu.pl\/ru\/wp-json\/wp\/v2\/pages\/2842"}],"wp:featuredmedia":[{"embeddable":true,"href":"https:\/\/oso.edu.pl\/ru\/wp-json\/wp\/v2\/media\/2839"}],"wp:attachment":[{"href":"https:\/\/oso.edu.pl\/ru\/wp-json\/wp\/v2\/media?parent=2801"}],"curies":[{"name":"wp","href":"https:\/\/api.w.org\/{rel}","templated":true}]}}