{"id":1271,"date":"2014-11-19T18:23:37","date_gmt":"2014-11-19T18:23:37","guid":{"rendered":"http:\/\/oso.edu.pl\/?page_id=1271"},"modified":"2021-07-04T23:43:32","modified_gmt":"2021-07-04T23:43:32","slug":"inspektor-bozp","status":"publish","type":"page","link":"https:\/\/oso.edu.pl\/sk\/baza-wiedzy\/inspektor-bhp\/","title":{"rendered":"In\u0161pektor BOZP"},"content":{"rendered":"<div style=\"float: left; padding-right: 10px;\"><div id=\"metaslider-id-1331\" style=\"max-width: 300px;\" class=\"ml-slider-3-109-0 metaslider metaslider-flex metaslider-1331 ml-slider ms-theme-default nav-hidden\" role=\"region\" aria-label=\"in\u0161pektor BOZP\" data-height=\"225\" data-width=\"300\">\n    <div id=\"metaslider_container_1331\">\n        <div id=\"metaslider_1331\">\n            <ul class='slides'>\n                <li style=\"display: block; width: 100%;\" class=\"slide-1323 ms-image\" aria-roledescription=\"slide\" data-date=\"2014-11-19 19:53:53\" data-filename=\"fire_pro_service_sept2012_01_small.jpg\" data-slide-type=\"image\"><img decoding=\"async\" src=\"https:\/\/oso.edu.pl\/wp-content\/uploads\/2014\/11\/fire_pro_service_sept2012_01_small.jpg\" height=\"225\" width=\"300\" alt=\"\" class=\"slider-1331 slide-1323 msDefaultImage\" \/><\/li>\n                <li style=\"display: none; width: 100%;\" class=\"slide-1447 ms-image\" aria-roledescription=\"slide\" data-date=\"2014-11-20 09:13:59\" data-filename=\"rsz_spec_bhp.jpg\" data-slide-type=\"image\"><img decoding=\"async\" src=\"https:\/\/oso.edu.pl\/wp-content\/uploads\/2014\/11\/rsz_spec_bhp.jpg\" height=\"225\" width=\"300\" alt=\"\" class=\"slider-1331 slide-1447 msDefaultImage\" \/><\/li>\n                <li style=\"display: none; width: 100%;\" class=\"slide-1445 ms-image\" aria-roledescription=\"slide\" data-date=\"2014-11-20 09:12:28\" data-filename=\"spec_bhp2.jpg\" data-slide-type=\"image\"><img decoding=\"async\" src=\"https:\/\/oso.edu.pl\/wp-content\/uploads\/2014\/11\/spec_bhp2.jpg\" height=\"225\" width=\"300\" alt=\"\" class=\"slider-1331 slide-1445 msDefaultImage\" \/><\/li>\n                <li style=\"display: none; width: 100%;\" class=\"slide-1393 ms-image\" aria-roledescription=\"slide\" data-date=\"2014-11-20 06:27:31\" data-filename=\"hak5.jpg\" data-slide-type=\"image\"><img decoding=\"async\" src=\"https:\/\/oso.edu.pl\/wp-content\/uploads\/2014\/11\/hak5.jpg\" height=\"225\" width=\"300\" alt=\"\" class=\"slider-1331 slide-1393 msDefaultImage\" \/><\/li>\n                <li style=\"display: none; width: 100%;\" class=\"slide-1446 ms-image\" aria-roledescription=\"slide\" data-date=\"2014-11-20 09:12:28\" data-filename=\"spec_bhp3.jpg\" data-slide-type=\"image\"><img decoding=\"async\" src=\"https:\/\/oso.edu.pl\/wp-content\/uploads\/2014\/11\/spec_bhp3.jpg\" height=\"225\" width=\"300\" alt=\"\" class=\"slider-1331 slide-1446 msDefaultImage\" \/><\/li>\n            <\/ul>\n        <\/div>\n        \n    <\/div>\n<\/div><\/div>\n<div class=\"wyjustuj\">Osoby zodpovedn\u00e9 za bezpe\u010dnos\u0165 a ochranu zdravia pri pr\u00e1ci s\u00fa in\u0161pektori BOZP. \u00dalohou \u010dloveka pracuj\u00faceho na takejto poz\u00edcii je vykon\u00e1va\u0165 v\u0161etky potrebn\u00e9 \u010dinnosti na zabezpe\u010denie optim\u00e1lnej \u00farovne BOZP na pracovisku.<\/div>\n<div class=\"wyjustuj\"><strong>Medzi \u00falohy in\u0161pektora patr\u00ed okrem in\u00e9ho:<\/strong><\/div>\n<ul>\n<li>vykon\u00e1vanie auditov<\/li>\n<li>koordin\u00e1cia spr\u00e1vnosti pravidiel BOZP<\/li>\n<li>neust\u00e1ly doh\u013ead<\/li>\n<li>vykon\u00e1vanie po\u010diato\u010dn\u00e9ho a pravideln\u00e9ho \u0161kolenia<\/li>\n<li>pr\u00edprava dokument\u00e1cie, napr\u00edklad anal\u00fdz <a href=\"https:\/\/oso.edu.pl\/sk\/uslugi-bhp\/ocena-ryzyka-zawodowego\/\">pracovn\u00e9 riziko<\/a><\/li>\n<li>vedenie pohavarijn\u00fdch konan\u00ed<\/li>\n<li>implement\u00e1cia servisn\u00fdch odpor\u00fa\u010dan\u00ed<\/li>\n<li>a \u010fal\u0161ie \u010dinnosti pod veden\u00edm<\/li>\n<\/ul>\n<p>In\u0161pektormi BOZP m\u00f4\u017eu by\u0165 osoby s primeran\u00fdm vzdelan\u00edm a odbornou praxou. Na to, aby sa \u010dlovek mohol sta\u0165 in\u0161pektorom, mus\u00ed absolvova\u0165 minim\u00e1lne technick\u00fa \u0161kolu v pr\u00edslu\u0161nom odbore alebo vysoko\u0161kolsk\u00e9 \u0161t\u00fadium v \u0161pecializ\u00e1cii opr\u00e1v\u0148uj\u00facej na udelenie titulu.<\/p>\n<ul>\n<li>in\u0161pektor - ukon\u010den\u00e1 stredn\u00e1 odborn\u00e1 \u0161kola technick\u00e1 v odbore<\/li>\n<li>vrchn\u00fd in\u0161pektor - ukon\u010den\u00e9 stredn\u00e9 odborn\u00e9 u\u010dili\u0161te v odbore a 3 roky praxe na pracovisku alebo ukon\u010den\u00e9 vy\u0161\u0161ie alebo nadstavbov\u00e9 \u0161t\u00fadium<\/li>\n<\/ul>\n<p>V s\u00fa\u010dasnosti firmy nemusia zamestn\u00e1va\u0165 vlastn\u00fdch \u0161pecialistov v oblasti BOZP. M\u00f4\u017eete vyu\u017ei\u0165 extern\u00e9 slu\u017eby poskytovan\u00e9 spolo\u010dnos\u0165ami p\u00f4sobiacimi v odvetv\u00ed. Pri ich v\u00fdbere sa oplat\u00ed venova\u0165 pozornos\u0165 pr\u00e1vam, ktor\u00e9 m\u00e1te. V pr\u00edpade pracov\u00edsk zamestn\u00e1vaj\u00facich najmenej 100 \u013eud\u00ed je potrebn\u00e9 ur\u010di\u0165 slu\u017ebu BOZP. Za vykon\u00e1vanie takejto \u010dinnosti zodpoved\u00e1 aj opr\u00e1vnen\u00e1 osoba BOZP. Po\u017eiadavky sa m\u00f4\u017eu l\u00ed\u0161i\u0165 aj v pr\u00edpade \u0161peci\u00e1lnych nebezpe\u010denstiev na pracovisku.<\/p>","protected":false},"excerpt":{"rendered":"<p>Osoby odpowiedzialne za stan bezpiecze\u0144stwa i higieny pracy to inspektorowie BHP. Zadaniem osoby pracuj\u0105cej na takim stanowisku jest prowadzenie wszystkich niezb\u0119dnych czynno\u015bci, aby poziom bezpiecze\u0144stwa i higieny pracy w zak\u0142adach pracy by\u0142 optymalny. W\u015br\u00f3d zada\u0144 inspektora znajduj\u0105 si\u0119 mi\u0119dzy innymi: prowadzenie audyt\u00f3w koordynacja poprawno\u015bci zasad BHP sta\u0142y nadz\u00f3r prowadzenie szkole\u0144 wst\u0119pnych i okresowych przygotowywanie dokumentacji, [&hellip;]<\/p>\n","protected":false},"author":3,"featured_media":0,"parent":1253,"menu_order":0,"comment_status":"closed","ping_status":"closed","template":"","meta":{"footnotes":""},"class_list":["post-1271","page","type-page","status-publish","hentry"],"aioseo_notices":[],"_links":{"self":[{"href":"https:\/\/oso.edu.pl\/sk\/wp-json\/wp\/v2\/pages\/1271","targetHints":{"allow":["GET"]}}],"collection":[{"href":"https:\/\/oso.edu.pl\/sk\/wp-json\/wp\/v2\/pages"}],"about":[{"href":"https:\/\/oso.edu.pl\/sk\/wp-json\/wp\/v2\/types\/page"}],"author":[{"embeddable":true,"href":"https:\/\/oso.edu.pl\/sk\/wp-json\/wp\/v2\/users\/3"}],"replies":[{"embeddable":true,"href":"https:\/\/oso.edu.pl\/sk\/wp-json\/wp\/v2\/comments?post=1271"}],"version-history":[{"count":2,"href":"https:\/\/oso.edu.pl\/sk\/wp-json\/wp\/v2\/pages\/1271\/revisions"}],"predecessor-version":[{"id":1865,"href":"https:\/\/oso.edu.pl\/sk\/wp-json\/wp\/v2\/pages\/1271\/revisions\/1865"}],"up":[{"embeddable":true,"href":"https:\/\/oso.edu.pl\/sk\/wp-json\/wp\/v2\/pages\/1253"}],"wp:attachment":[{"href":"https:\/\/oso.edu.pl\/sk\/wp-json\/wp\/v2\/media?parent=1271"}],"curies":[{"name":"wp","href":"https:\/\/api.w.org\/{rel}","templated":true}]}}