{"id":2327,"date":"2022-06-28T10:01:56","date_gmt":"2022-06-28T10:01:56","guid":{"rendered":"https:\/\/oso.edu.pl\/?page_id=2327"},"modified":"2023-03-15T00:28:49","modified_gmt":"2023-03-14T23:28:49","slug":"udt-opravnenia-2","status":"publish","type":"page","link":"https:\/\/oso.edu.pl\/sk\/szkolenia\/uprawnienia-udt-wdt-tdt\/uprawnienia-udt\/","title":{"rendered":"Kurz pre mobiln\u00e9 platformy \u2013 z\u00edskajte kvalifik\u00e1ciu UDT!"},"content":{"rendered":"<div class=\"wp-block-image\">\n<figure class=\"alignright size-large is-resized\"><img decoding=\"async\" src=\"https:\/\/oso.edu.pl\/wp-content\/uploads\/2022\/06\/100_0196-1024x768-1.jpg\" alt=\"Pracovn\u00edk v predajni\" width=\"353\" height=\"265\"\/><\/figure>\n<\/div>\n\n\n<p>Sta\u0148te sa certifikovan\u00fdm oper\u00e1torom mobilnej platformy a roz\u0161\u00edrte si svoju odborn\u00fa kvalifik\u00e1ciu.&nbsp;<\/p>\n\n\n\n<h2 class=\"wp-block-heading\"><strong>\u010co sa nau\u010d\u00edm po\u010das kurzu?<\/strong>&nbsp;<\/h2>\n\n\n\n<ul class=\"wp-block-list\">\n<li>\u010co presne s\u00fa mobiln\u00e9 platformy a kde sa daj\u00fa pou\u017ei\u0165,&nbsp;<\/li>\n\n\n\n<li>Eskal\u00e1tory a ich typy,&nbsp;<\/li>\n\n\n\n<li>Spr\u00e1vy o technickom doh\u013eade nad zariaden\u00edm,&nbsp;<\/li>\n\n\n\n<li>Povinnosti oper\u00e1tora na pracovisku - pred, po\u010das a po pr\u00e1ci,&nbsp;<\/li>\n\n\n\n<li>Z\u00e1sady ochrany zdravia a bezpe\u010dnosti.&nbsp;<\/li>\n<\/ul>\n\n\n\n<h2 class=\"wp-block-heading\"><strong>Pre\u010do sa oplat\u00ed vybra\u0165 si n\u00e1s?<\/strong>&nbsp;<\/h2>\n\n\n\n<ul class=\"wp-block-list\">\n<li>Umo\u017en\u00edme v\u00e1m z\u00edska\u0165 potrebn\u00e9 znalosti a kvalifik\u00e1ciu,&nbsp;<\/li>\n\n\n\n<li>U\u010d\u00edme pou\u017e\u00edva\u0165 viacero zariaden\u00ed,&nbsp;<\/li>\n\n\n\n<li>Sp\u00e1jame te\u00f3riu s praxou,&nbsp;<\/li>\n\n\n\n<li>Zamestn\u00e1vame len profesion\u00e1lov.&nbsp;<\/li>\n<\/ul>\n\n\n\n<figure class=\"wp-block-embed is-type-video is-provider-youtube wp-block-embed-youtube wp-embed-aspect-16-9 wp-has-aspect-ratio\"><div class=\"wp-block-embed__wrapper\">\n<iframe title=\"KURZ OPER\u00c1TORA UDT PRE MOBILN\u00c9 PLATFORMY\" width=\"750\" height=\"422\" src=\"https:\/\/www.youtube.com\/embed\/MRm9OZ8kDhU?feature=oembed\" frameborder=\"0\" allow=\"accelerometer; autoplay; clipboard-write; encrypted-media; gyroscope; picture-in-picture; web-share\" allowfullscreen><\/iframe>\n<\/div><\/figure>\n\n\n\n<h2 class=\"wp-block-heading\"><strong>Kde bude kurz pre mobiln\u00e9 platformy prebieha\u0165?<\/strong>&nbsp;<\/h2>\n\n\n\n<p>V r\u00e1mci n\u00e1\u0161ho kurzu v\u00e1m pon\u00fakame nau\u010di\u0165 sa teoretick\u00fa \u010das\u0165 aj v re\u017eime <strong>DIA\u013dKOV\u00dd<\/strong>! U\u010dte sa, kde a kedy chcete! Okrem toho z\u00edskate pr\u00edstup k \u017eiv\u00fdm webin\u00e1rom na na\u0161ej e-learningovej platforme s mo\u017enos\u0165ou ich opakovan\u00e9ho prehr\u00e1vania. Na praktick\u00fa \u010das\u0165 v\u00e1s poz\u00fdvame do \u0161koliacej haly na\u0161ej spolo\u010dnosti, ktor\u00e1 sa nach\u00e1dza vo Var\u0161ave. Klientovi pon\u00fakame aj cestovanie, tak\u017ee \u0161kol\u00edme odborn\u00edkov po celom Po\u013esku.&nbsp;<\/p>\n\n\n\n<figure class=\"wp-block-image size-large is-resized\"><img decoding=\"async\" src=\"https:\/\/oso.edu.pl\/wp-content\/uploads\/2022\/06\/operatorzy.edu_.pl-0013-skyjack-4632-electric-scissor-lift.jpg\" alt=\"Certifik\u00e1t UDT\" width=\"840\" height=\"421\"\/><\/figure>\n\n\n\n<h2 class=\"wp-block-heading\"><strong>Typy mobiln\u00fdch platforiem<\/strong>&nbsp;<\/h2>\n\n\n\n<p>Eskal\u00e1tory s\u00fa zdv\u00edhacie zariadenia pou\u017e\u00edvan\u00e9 pri stavebn\u00fdch a mont\u00e1\u017enych pr\u00e1cach vo v\u00fd\u0161kach. Pou\u017e\u00edvaj\u00fa sa najm\u00e4 na zdv\u00edhanie os\u00f4b a materi\u00e1lov na konkr\u00e9tne pracovisko, a to vo vertik\u00e1lnom aj horizont\u00e1lnom smere. Z\u00e1kladn\u00fdmi prvkami s\u00fa v\u00fdlo\u017en\u00edk a pracovn\u00e1 plo\u0161ina. Z h\u013eadiska kon\u0161truk\u010dn\u00fdch vlastnost\u00ed mo\u017eno tieto zariadenia rozdeli\u0165 do troch skup\u00edn:&nbsp;<\/p>\n\n\n\n<figure class=\"wp-block-table\"><table><tbody><tr><td><strong>&nbsp;<\/strong>&nbsp;<\/td><td><strong>Sto\u017eiarov\u00e9 st\u00fapacie plo\u0161iny<\/strong>&nbsp;<\/td><td><strong>Z\u00e1vesn\u00e9 mobiln\u00e9 plo\u0161iny<\/strong>&nbsp;<\/td><td><strong>Mobiln\u00e9 mobiln\u00e9 platformy<\/strong>&nbsp;<\/td><\/tr><tr><td><strong>Osud<\/strong>&nbsp;<\/td><td>pohyb os\u00f4b na plo\u0161ine zdvihnutej na sto\u017eiari namontovanom na podvozku, ktor\u00fd umo\u017e\u0148uje prejazd zariadenia.&nbsp;<\/td><td>premiest\u0148ovanie os\u00f4b pomocou pracovn\u00fdch plo\u0161\u00edn (ko\u0161ov) spusten\u00fdch na lan\u00e1ch a zavesen\u00fdch na \u0161peci\u00e1lnych nosn\u00edkoch umiestnen\u00fdch na streche budovy.&nbsp;<\/td><td>pohyb os\u00f4b vykon\u00e1vaj\u00facich pr\u00e1cu z pracovnej plo\u0161iny za predpokladu, \u017ee osoby vstupuj\u00fa na plo\u0161inu a vystupuj\u00fa z nej v jednej definovanej pr\u00edstupovej polohe.&nbsp;<\/td><\/tr><\/tbody><\/table><\/figure>\n\n\n<div style=\"width: 640px;\" class=\"wp-video\"><video id=\"video-2327-1\" width=\"640\" height=\"360\" poster=\"https:\/\/oso.edu.pl\/wp-content\/uploads\/2023\/03\/okladka-podnosnik-OSO.jpg\" preload=\"metadata\" controls=\"controls\"><source type=\"video\/mp4\" src=\"https:\/\/oso.edu.pl\/wp-content\/uploads\/2023\/03\/podnosnik-OSO.EDU_.PL-OSO-1-1.mp4?_=1\" \/><a href=\"https:\/\/oso.edu.pl\/wp-content\/uploads\/2023\/03\/podnosnik-OSO.EDU_.PL-OSO-1-1.mp4\">https:\/\/oso.edu.pl\/wp-content\/uploads\/2023\/03\/podnosnik-OSO.EDU_.PL-OSO-1-1.mp4<\/a><\/video><\/div>\n\n\n<h2 class=\"wp-block-heading\"><strong>Ak\u00e1 je cena kurzu?<\/strong>&nbsp;<\/h2>\n\n\n\n<p>Ak chcete zisti\u0165 cenu kurzu, kontaktujte n\u00e1s telefonicky alebo prostredn\u00edctvom formul\u00e1ra.&nbsp;&nbsp;<\/p>\n\n\n\n<figure class=\"wp-block-image size-large is-resized\"><img decoding=\"async\" src=\"https:\/\/oso.edu.pl\/wp-content\/uploads\/2022\/06\/DSC01004.png\" alt=\"kontroly r\u00f4znymi typmi mobiln\u00fdch platforiem s podpisom\" width=\"830\" height=\"516\"\/><\/figure>\n\n\n\n<h2 class=\"wp-block-heading\"><strong>O n\u00e1s<\/strong>&nbsp;<\/h2>\n\n\n\n<p>U\u017e viac ako 15 rokov poskytujeme komplexn\u00e9 \u0161koliace slu\u017eby pre r\u00f4zne profesijn\u00e9 skupiny. Pou\u017e\u00edvame modern\u00e9 \u0161koliace techniky a prepracovan\u00e9 u\u010debn\u00e9 osnovy. Na\u0161a ponuka zah\u0155\u0148a \u0161kolenia, ako s\u00fa: UDT, energetika - G1, tepeln\u00e1 technika G2, plyn G3, HDS, ako aj. <a href=\"https:\/\/oso.edu.pl\/sk\/szkolenia\/bhp\/\">bezpe\u010dnostn\u00e9 \u0161kolenie<\/a>, <a href=\"https:\/\/oso.edu.pl\/sk\/szkolenia\/ppoz\/\">Ohe\u0148<\/a> a prv\u00e1 pomoc, nadmorsk\u00e1 v\u00fd\u0161ka, zv\u00e1ranie a mnoh\u00e9 \u010fal\u0161ie.&nbsp;&nbsp;&nbsp;<\/p>\n\n\n\n<p><strong>M\u00e1te e\u0161te nejak\u00e9 ot\u00e1zky? <a href=\"https:\/\/oso.edu.pl\/sk\/kontakt\/\">Nev\u00e1hajte a zavolajte n\u00e1m!<\/a><\/strong><\/p>\n\n\n\n<figure class=\"wp-block-image size-large is-resized\"><img decoding=\"async\" src=\"https:\/\/oso.edu.pl\/wp-content\/uploads\/2022\/06\/oso.edu_.pl-0013-opublikowany-Podesty-ruchome-konserwacja.jpg\" alt=\"Mobiln\u00e9 platformy\" width=\"823\" height=\"686\"\/><\/figure>","protected":false},"excerpt":{"rendered":"<p>Zosta\u0144 certyfikowanym operatorem podest\u00f3w ruchomych i rozszerz swoje kwalifikacje zawodowe.&nbsp; Czego dowiem si\u0119 w trakcie kursu?&nbsp; Dlaczego warto wybra\u0107 w\u0142a\u015bnie nas?&nbsp; Gdzie odb\u0119dzie si\u0119 kurs na podesty ruchome?&nbsp; W ramach naszego kursu proponujemy Ci nauk\u0119 cz\u0119\u015bci teoretycznej r\u00f3wnie\u017c w trybie ZDALNYM! Ucz si\u0119, gdzie i kiedy chcesz! Dodatkowo, na naszej platformie e\u2013learningowej otrzymasz dost\u0119p do [&hellip;]<\/p>\n","protected":false},"author":3,"featured_media":2330,"parent":1739,"menu_order":0,"comment_status":"closed","ping_status":"closed","template":"","meta":{"footnotes":""},"class_list":["post-2327","page","type-page","status-publish","has-post-thumbnail","hentry"],"aioseo_notices":[],"_links":{"self":[{"href":"https:\/\/oso.edu.pl\/sk\/wp-json\/wp\/v2\/pages\/2327","targetHints":{"allow":["GET"]}}],"collection":[{"href":"https:\/\/oso.edu.pl\/sk\/wp-json\/wp\/v2\/pages"}],"about":[{"href":"https:\/\/oso.edu.pl\/sk\/wp-json\/wp\/v2\/types\/page"}],"author":[{"embeddable":true,"href":"https:\/\/oso.edu.pl\/sk\/wp-json\/wp\/v2\/users\/3"}],"replies":[{"embeddable":true,"href":"https:\/\/oso.edu.pl\/sk\/wp-json\/wp\/v2\/comments?post=2327"}],"version-history":[{"count":5,"href":"https:\/\/oso.edu.pl\/sk\/wp-json\/wp\/v2\/pages\/2327\/revisions"}],"predecessor-version":[{"id":2933,"href":"https:\/\/oso.edu.pl\/sk\/wp-json\/wp\/v2\/pages\/2327\/revisions\/2933"}],"up":[{"embeddable":true,"href":"https:\/\/oso.edu.pl\/sk\/wp-json\/wp\/v2\/pages\/1739"}],"wp:featuredmedia":[{"embeddable":true,"href":"https:\/\/oso.edu.pl\/sk\/wp-json\/wp\/v2\/media\/2330"}],"wp:attachment":[{"href":"https:\/\/oso.edu.pl\/sk\/wp-json\/wp\/v2\/media?parent=2327"}],"curies":[{"name":"wp","href":"https:\/\/api.w.org\/{rel}","templated":true}]}}