{"id":2648,"date":"2023-01-12T11:05:12","date_gmt":"2023-01-12T11:05:12","guid":{"rendered":"https:\/\/oso.edu.pl\/?page_id=2648"},"modified":"2023-01-13T10:39:06","modified_gmt":"2023-01-13T10:39:06","slug":"service-uno","status":"publish","type":"page","link":"https:\/\/oso.edu.pl\/sk\/szkolenia\/uprawnienia-udt-wdt-tdt\/obsluga-uno\/","title":{"rendered":"\u00a0Prev\u00e1dzka zariaden\u00ed na plnenie a vypr\u00e1zd\u0148ovanie prepravn\u00fdch n\u00e1dr\u017e\u00ed"},"content":{"rendered":"<p><a href=\"https:\/\/oso.edu.pl\/wp-content\/uploads\/2023\/01\/2.jpeg\"><img decoding=\"async\" class=\"alignright wp-image-2657\" src=\"https:\/\/oso.edu.pl\/wp-content\/uploads\/2023\/01\/2-300x169.jpeg\" alt=\"cysterna do mleka.\" width=\"400\" height=\"225\" srcset=\"https:\/\/oso.edu.pl\/wp-content\/uploads\/2023\/01\/2-300x169.jpeg 300w, https:\/\/oso.edu.pl\/wp-content\/uploads\/2023\/01\/2-1024x576.jpeg 1024w, https:\/\/oso.edu.pl\/wp-content\/uploads\/2023\/01\/2-768x432.jpeg 768w, https:\/\/oso.edu.pl\/wp-content\/uploads\/2023\/01\/2-1536x864.jpeg 1536w, https:\/\/oso.edu.pl\/wp-content\/uploads\/2023\/01\/2-18x10.jpeg 18w, https:\/\/oso.edu.pl\/wp-content\/uploads\/2023\/01\/2.jpeg 1600w\" sizes=\"(max-width: 400px) 100vw, 400px\" \/><\/a>Specjalizujemy si\u0119 w przeprowadzaniu szkole\u0144 zawodowych, szkolimy specjalist\u00f3w na terenie ca\u0142ej Polski. Zapraszamy do udzia\u0142u w szkoleniu na urz\u0105dzenia do nape\u0142niania i opr\u00f3\u017cniania zbiornik\u00f3w transportowych do materia\u0142\u00f3w niezaliczanych jako niebezpieczne, kt\u00f3re s\u0105 pod ci\u015bnieniem nape\u0142niane, opr\u00f3\u017cniane lub przewo\u017cone. Od ponad kilkunastu lat przeprowadzamy szkolenia w ca\u0142ym kraju. Dajemy gwarancj\u0119 na zdobycie nowych umiej\u0119tno\u015bci i uprawnie\u0144 do wykonywania zawodu. Posiadamy tysi\u0105ce zadowolonych klient\u00f3w.<\/p>\r\n<h2><strong>Program szkoleniowy<\/strong><\/h2>\r\n<p>Zaj\u0119cia w naszym o\u015brodku s\u0105 podzielone na trzy etapy, kursant zaczyna od zaj\u0119\u0107 teoretycznych. Podczas wyk\u0142ad\u00f3w, uczestnik zapozna si\u0119 z najwa\u017cniejszymi zagadnieniami, po czym podejdzie do wykonywania zada\u0144 praktycznych, pod okiem naszych specjalist\u00f3w. Ostatni etap to egzamin w naszym o\u015brodku szkoleniowym. Tak przygotowany uczestnik po zako\u0144czonym szkoleniu podchodzi do egzaminu pa\u0144stwowego przed komisj\u0105 powo\u0142an\u0105 przez Transportowy Doz\u00f3r Techniczny<\/p>\r\n<h3><strong>Najwa\u017cniejsze zagadnienia realizowane podczas zaj\u0119\u0107 to m.in.:<\/strong><\/h3>\r\n<ul>\r\n<li>eksploatacja urz\u0105dze\u0144<\/li>\r\n<li><a href=\"https:\/\/oso.edu.pl\/wp-content\/uploads\/2023\/01\/3.jpeg\"><img decoding=\"async\" class=\"size-medium wp-image-2658 alignright\" src=\"https:\/\/oso.edu.pl\/wp-content\/uploads\/2023\/01\/3-291x300.jpeg\" alt=\"nape\u0142nianie cysterny spo\u017cywczej.\" width=\"291\" height=\"300\" srcset=\"https:\/\/oso.edu.pl\/wp-content\/uploads\/2023\/01\/3-291x300.jpeg 291w, https:\/\/oso.edu.pl\/wp-content\/uploads\/2023\/01\/3-995x1024.jpeg 995w, https:\/\/oso.edu.pl\/wp-content\/uploads\/2023\/01\/3-768x791.jpeg 768w, https:\/\/oso.edu.pl\/wp-content\/uploads\/2023\/01\/3-1492x1536.jpeg 1492w, https:\/\/oso.edu.pl\/wp-content\/uploads\/2023\/01\/3-12x12.jpeg 12w, https:\/\/oso.edu.pl\/wp-content\/uploads\/2023\/01\/3.jpeg 1554w\" sizes=\"(max-width: 291px) 100vw, 291px\" \/><\/a>zasady dzia\u0142ania i obs\u0142ugi zbiornik\u00f3w transportowych<\/li>\r\n<li>warunki techniczne dozoru technicznego<\/li>\r\n<li>budowa urz\u0105dze\u0144 i ich zastosowanie<\/li>\r\n<li>zasady bezpiecze\u0144stwa oraz udzielania pierwszej pomocy<\/li>\r\n<li>urz\u0105dzenia do nape\u0142niania i opr\u00f3\u017cniania zbiornik\u00f3w transportowych<\/li>\r\n<li>obowi\u0105zuj\u0105ce przepisy prawne<\/li>\r\n<li>prace serwisowe i naprawcze<\/li>\r\n<li>dokumentacja techniczna<\/li>\r\n<li>zasady i wymagania bezpiecze\u0144stwa pracy<\/li>\r\n<li>przygotowanie plan\u00f3w awaryjnych<\/li>\r\n<li>zasady post\u0119powania w razie awarii, po\u017caru lub innego zagro\u017cenia.<\/li>\r\n<\/ul>\r\n<h2><strong>Egzamin i uprawnienia<\/strong><\/h2>\r\n<p>Po uko\u0144czonym szkoleniu w naszym o\u015brodku, uczestnik mo\u017ce podej\u015b\u0107 do egzaminu pa\u0144stwowego przed komisj\u0105 powo\u0142an\u0105 przez TDT. Pozytywny wynik egzaminu nadaje uprawnienia do wykonywania zawodu w postaci za\u015bwiadczenia kwalifikacyjnego. Okres wa\u017cno\u015bci uprawnie\u0144 wynosi 10 lat.<\/p>\r\n<h2><strong>Gdzie szkolimy?<\/strong><\/h2>\r\n<p>Nasza g\u0142\u00f3wna siedziba szkoleniowa znajduj\u0119 si\u0119 w Warszawie, ale szkolimy specjalist\u00f3w na terenie ca\u0142ej Polski. Jeste\u015bmy posiadaczami specjalnych pojazd\u00f3w, dzi\u0119ki kt\u00f3rym mo\u017cemy podjecha\u0107 pod wskazany adres przez naszego klienta.<\/p>\r\n<h2><strong>Warunki uczestnictwa <\/strong><\/h2>\r\n<p><a href=\"https:\/\/oso.edu.pl\/wp-content\/uploads\/2023\/01\/4.jpeg\"><img decoding=\"async\" class=\"size-medium wp-image-2659 alignright\" src=\"https:\/\/oso.edu.pl\/wp-content\/uploads\/2023\/01\/4-300x201.jpeg\" alt=\"za\u015bwiadczenie kwalifikacyjne.\" width=\"300\" height=\"201\" srcset=\"https:\/\/oso.edu.pl\/wp-content\/uploads\/2023\/01\/4-300x201.jpeg 300w, https:\/\/oso.edu.pl\/wp-content\/uploads\/2023\/01\/4-1024x685.jpeg 1024w, https:\/\/oso.edu.pl\/wp-content\/uploads\/2023\/01\/4-768x514.jpeg 768w, https:\/\/oso.edu.pl\/wp-content\/uploads\/2023\/01\/4-1536x1028.jpeg 1536w, https:\/\/oso.edu.pl\/wp-content\/uploads\/2023\/01\/4-18x12.jpeg 18w, https:\/\/oso.edu.pl\/wp-content\/uploads\/2023\/01\/4.jpeg 1600w\" sizes=\"(max-width: 300px) 100vw, 300px\" \/><\/a>Aby wzi\u0105\u0107 udzia\u0142 w kursie zawodowym, nale\u017cy uko\u0144czy\u0107 18 lat i, posiada\u0107 wykszta\u0142cenie przynajmniej podstawowe i dostarczy\u0107 za\u015bwiadczenie lekarskie o braku przeciwskaza\u0144 do wykonywania zawodu.<\/p>\r\n<h3><strong>Inne kursy zawodowe, przeprowadzane w naszym o\u015brodku:<\/strong><\/h3>\r\n<ul>\r\n<li>kurs na prace wysoko\u015bciowe<\/li>\r\n<li>kurs operatora UDT<\/li>\r\n<li>kursy G1, G2, G3<\/li>\r\n<li><a href=\"https:\/\/oso.edu.pl\/sk\/szkolenia\/uprawnienia-udt-wdt-tdt\/wozki-widlowe\/\">kurs na operatora w\u00f3zka wid\u0142owego<\/a><\/li>\r\n<li>kurs na konserwatora rusztowa\u0144.<\/li>\r\n<\/ul>\r\n<h2>Pytania i odpowiedzi:<\/h2>\r\n\t\t<details\t\thelp class=\"sc_fs_faq sc_card    \"\n\t\t\t\t>\n\t\t\t\t\t<summary>\n\t\t\t\t<h3>Kto jest jednostk\u0105 egzaminacyjn\u0105 podczas egzaminu na urz\u0105dzenia do nape\u0142niania i opr\u00f3\u017cniania zbiornik\u00f3w transportowych niezaliczanych jako niebezpieczne?<\/h3>\t\t\t\t\t<\/summary>\n\t\t\t\t<div>\n\t\t\t\t\t\t<div class=\"sc_fs_faq__content\">\n\t\t\t\t\r\n\r\n\r\n<p>Jednostk\u0105 egzaminacyjn\u0105 podczas szkolenia jest Transportowy Doz\u00f3r Techniczny.<\/p>\r\n\t\t\t<\/div>\n\t\t<\/div>\n\t\t<\/details>\n\t\t\t\t<details\t\thelp class=\"sc_fs_faq sc_card    \"\n\t\t\t\t>\n\t\t\t\t\t<summary>\n\t\t\t\t<h3>Na jak d\u0142ugo s\u0105 przyznawane uprawnienia?<\/h3>\t\t\t\t\t<\/summary>\n\t\t\t\t<div>\n\t\t\t\t\t\t<div class=\"sc_fs_faq__content\">\n\t\t\t\t\r\n\r\n\r\n<p>Uprawnienia s\u0105 wydawane na 10 lat, po czym mo\u017cna je odnowi\u0107.<\/p>\r\n\t\t\t<\/div>\n\t\t<\/div>\n\t\t<\/details>\n\t\t\t\t<details\t\thelp class=\"sc_fs_faq sc_card    \"\n\t\t\t\t>\n\t\t\t\t\t<summary>\n\t\t\t\t<h3>Gdzie s\u0105 przeprowadzane szkolenia?<\/h3>\t\t\t\t\t<\/summary>\n\t\t\t\t<div>\n\t\t\t\t\t\t<div class=\"sc_fs_faq__content\">\n\t\t\t\t\r\n\r\n\r\n<p>Szkolimy specjalist\u00f3w w naszym o\u015brodku, kt\u00f3ry znajduje si\u0119 w Warszawie, ale tak\u017ce posiadamy ofert\u0119 mobilna z dojazdem do klienta.\u00a0<\/p>\r\n\t\t\t<\/div>\n\t\t<\/div>\n\t\t<\/details>\n\t\t\n<script type=\"application\/ld+json\">\n\t{\n\t\t\"@context\": \"https:\/\/schema.org\",\n\t\t\"@type\": \"FAQPage\",\n\t\t\"mainEntity\": [\n\t\t\t\t\t{\n\t\t\t\t\"@type\": \"Question\",\n\t\t\t\t\"name\": \"\",\n\t\t\t\t\"acceptedAnswer\": {\n\t\t\t\t\t\"@type\": \"Answer\",\n\t\t\t\t\t\"text\": \"\"\n\t\t\t\t\t\t\t\t\t}\n\t\t\t}\n\t\t\t,\t\t\t\t{\n\t\t\t\t\"@type\": \"Question\",\n\t\t\t\t\"name\": \"Kto jest jednostk\u0105 egzaminacyjn\u0105 podczas egzaminu na urz\u0105dzenia do nape\u0142niania i opr\u00f3\u017cniania zbiornik\u00f3w transportowych niezaliczanych jako niebezpieczne?\",\n\t\t\t\t\"acceptedAnswer\": {\n\t\t\t\t\t\"@type\": \"Answer\",\n\t\t\t\t\t\"text\": \"<p>Jednostk\u0105 egzaminacyjn\u0105 podczas szkolenia jest Transportowy Doz\u00f3r Techniczny.<\/p>\"\n\t\t\t\t\t\t\t\t\t}\n\t\t\t}\n\t\t\t,\t\t\t\t{\n\t\t\t\t\"@type\": \"Question\",\n\t\t\t\t\"name\": \"Na jak d\u0142ugo s\u0105 przyznawane uprawnienia?\",\n\t\t\t\t\"acceptedAnswer\": {\n\t\t\t\t\t\"@type\": \"Answer\",\n\t\t\t\t\t\"text\": \"<p>Uprawnienia s\u0105 wydawane na 10 lat, po czym mo\u017cna je odnowi\u0107.<\/p>\"\n\t\t\t\t\t\t\t\t\t}\n\t\t\t}\n\t\t\t,\t\t\t\t{\n\t\t\t\t\"@type\": \"Question\",\n\t\t\t\t\"name\": \"Gdzie s\u0105 przeprowadzane szkolenia?\",\n\t\t\t\t\"acceptedAnswer\": {\n\t\t\t\t\t\"@type\": \"Answer\",\n\t\t\t\t\t\"text\": \"<p>Szkolimy specjalist\u00f3w w naszym o\u015brodku, kt\u00f3ry znajduje si\u0119 w Warszawie, ale tak\u017ce posiadamy ofert\u0119 mobilna z dojazdem do klienta.\u00a0<\/p>\"\n\t\t\t\t\t\t\t\t\t}\n\t\t\t}\n\t\t\t\t\t\t]\n\t}\n<\/script>\n","protected":false},"excerpt":{"rendered":"<p>Specjalizujemy si\u0119 w przeprowadzaniu szkole\u0144 zawodowych, szkolimy specjalist\u00f3w na terenie ca\u0142ej Polski. Zapraszamy do udzia\u0142u w szkoleniu na urz\u0105dzenia do nape\u0142niania i opr\u00f3\u017cniania zbiornik\u00f3w transportowych do materia\u0142\u00f3w niezaliczanych jako niebezpieczne, kt\u00f3re s\u0105 pod ci\u015bnieniem nape\u0142niane, opr\u00f3\u017cniane lub przewo\u017cone. Od ponad kilkunastu lat przeprowadzamy szkolenia w ca\u0142ym kraju. Dajemy gwarancj\u0119 na zdobycie nowych umiej\u0119tno\u015bci i uprawnie\u0144 [&hellip;]<\/p>\n","protected":false},"author":5,"featured_media":2659,"parent":1739,"menu_order":0,"comment_status":"closed","ping_status":"closed","template":"","meta":{"footnotes":""},"class_list":["post-2648","page","type-page","status-publish","has-post-thumbnail","hentry"],"aioseo_notices":[],"_links":{"self":[{"href":"https:\/\/oso.edu.pl\/sk\/wp-json\/wp\/v2\/pages\/2648","targetHints":{"allow":["GET"]}}],"collection":[{"href":"https:\/\/oso.edu.pl\/sk\/wp-json\/wp\/v2\/pages"}],"about":[{"href":"https:\/\/oso.edu.pl\/sk\/wp-json\/wp\/v2\/types\/page"}],"author":[{"embeddable":true,"href":"https:\/\/oso.edu.pl\/sk\/wp-json\/wp\/v2\/users\/5"}],"replies":[{"embeddable":true,"href":"https:\/\/oso.edu.pl\/sk\/wp-json\/wp\/v2\/comments?post=2648"}],"version-history":[{"count":11,"href":"https:\/\/oso.edu.pl\/sk\/wp-json\/wp\/v2\/pages\/2648\/revisions"}],"predecessor-version":[{"id":2663,"href":"https:\/\/oso.edu.pl\/sk\/wp-json\/wp\/v2\/pages\/2648\/revisions\/2663"}],"up":[{"embeddable":true,"href":"https:\/\/oso.edu.pl\/sk\/wp-json\/wp\/v2\/pages\/1739"}],"wp:featuredmedia":[{"embeddable":true,"href":"https:\/\/oso.edu.pl\/sk\/wp-json\/wp\/v2\/media\/2659"}],"wp:attachment":[{"href":"https:\/\/oso.edu.pl\/sk\/wp-json\/wp\/v2\/media?parent=2648"}],"curies":[{"name":"wp","href":"https:\/\/api.w.org\/{rel}","templated":true}]}}