{"id":1263,"date":"2014-11-19T18:21:07","date_gmt":"2014-11-19T18:21:07","guid":{"rendered":"http:\/\/oso.edu.pl\/?page_id=1263"},"modified":"2021-07-04T23:45:42","modified_gmt":"2021-07-04T23:45:42","slug":"brandskyddsbestammelser","status":"publish","type":"page","link":"https:\/\/oso.edu.pl\/sv\/baza-wiedzy\/ppoz-przepisy\/","title":{"rendered":"Brandskydd - f\u00f6reskrifter"},"content":{"rendered":"<div style=\"float: left; padding-right: 10px;\"><div id=\"metaslider-id-1333\" style=\"max-width: 300px;\" class=\"ml-slider-3-107-0 metaslider metaslider-flex metaslider-1333 ml-slider ms-theme-default nav-hidden\" role=\"region\" aria-label=\"ppoz-best\u00e4mmelser\" data-height=\"225\" data-width=\"300\">\n    <div id=\"metaslider_container_1333\">\n        <div id=\"metaslider_1333\">\n            <ul class='slides'>\n                <li style=\"display: block; width: 100%;\" class=\"slide-1424 ms-image\" aria-roledescription=\"slide\" data-date=\"2014-11-20 08:17:58\" data-filename=\"ppoz21.jpg\" data-slide-type=\"image\"><img decoding=\"async\" src=\"https:\/\/oso.edu.pl\/wp-content\/uploads\/2014\/11\/ppoz21.jpg\" height=\"225\" width=\"300\" alt=\"\" class=\"slider-1333 slide-1424 msDefaultImage\" \/><\/li>\n            <\/ul>\n        <\/div>\n        \n    <\/div>\n<\/div><\/div>\n<div class=\"wyjustuj\">\n<p>Efterlevnad av brandf\u00f6reskrifter \u00e4r avg\u00f6rande f\u00f6r s\u00e4kerheten f\u00f6r anl\u00e4ggningar, byggnader, platser och anst\u00e4llda. Recept <a href=\"https:\/\/oso.edu.pl\/sv\/szkolenia\/ppoz\/\">Brand<\/a> de r\u00f6r grundl\u00e4ggande och specifika fr\u00e5gor som r\u00f6r arbete och anst\u00e4lldas s\u00e4kerhet.<\/p>\n<p><strong>De viktigaste best\u00e4mmelserna f\u00f6r brandskydd inkluderar:<\/strong><\/p>\n<ul>\n<li>Lag av den 24 augusti 1991 om brandskydd. (Journal of Laws of 1991, nr 81, punkt 351, med \u00e4ndringar)<\/li>\n<li>Inrikes- och f\u00f6rvaltningsministerns f\u00f6reskrift den 7 juni 2010 om brandskydd av byggnader, andra konstruktioner och omr\u00e5den (2010 \u00e5rs lagtidning, nr 109, punkt 719)<\/li>\n<li>Inrikes- och f\u00f6rvaltningsministerns f\u00f6reskrift den 24 juli 2009 om brandvattenf\u00f6rs\u00f6rjning och brandv\u00e4gar. (Journal of Laws of 2009, nr 124, punkt 1030)<\/li>\n<li>Infrastrukturministerns f\u00f6reskrift av den 12 april 2002 om tekniska villkor som ska uppfyllas av byggnader och deras placering (2002 \u00e5rs lagtidning, nr 75, punkt 690, med \u00e4ndringar)<\/li>\n<\/ul>\n<p><strong>Dessutom \u00e4r polska standarder till\u00e4mpliga:<\/strong><\/p>\n<ul>\n<li>PN-N-01256-5 i \u00e4mnet S\u00e4kerhetsskyltar. Regler f\u00f6r placering av s\u00e4kerhetsskyltar p\u00e5 utrymningsv\u00e4gar och brandv\u00e4gar<\/li>\n<li>PN-B-02852: 2001 med titeln Ber\u00e4kning av brandlastdensiteten och best\u00e4mning av den relativa brandtiden.<\/li>\n<li>PN-92 \/ N-01256\/02 p\u00e5 s\u00e4kerhetsskyltar. Evakuering<\/li>\n<li>PN-92\/N-01256\/01 om s\u00e4kerhetsskyltar. <a href=\"https:\/\/oso.edu.pl\/sv\/uslugi-ppoz\/ochrona-przeciwpozarowa\/\">Brandskydd<\/a><\/li>\n<\/ul>\n<p>I f\u00f6retag, anl\u00e4ggningar, byggnader och i lokaler \u00e4r arbetsgivare, chefer och \u00e4gare skyldiga att implementera brandskyddsl\u00f6sningar i enlighet med f\u00f6reskrifternas krav.<\/p>\n<\/div>","protected":false},"excerpt":{"rendered":"<p>Przestrzeganie przepis\u00f3w przeciwpo\u017carowych jest kluczowe dla bezpiecze\u0144stwa obiekt\u00f3w, budynk\u00f3w, teren\u00f3w oraz pracownik\u00f3w. Przepisy PPO\u017b dotycz\u0105 kwestii podstawowych i szczeg\u00f3\u0142owych zwi\u0105zanych z bezpiecze\u0144stwem pracy i pracownik\u00f3w. W\u015br\u00f3d najwa\u017cniejszych przepis\u00f3w w ramach PPO\u017b znajduj\u0105 si\u0119: ustawa z dnia 24 sierpnia 1991 r. o ochronie przeciwpo\u017carowej. (Dz. U. 1991 nr 81 poz. 351 ze. zm.) rozporz\u0105dzenie Ministra Spraw [&hellip;]<\/p>\n","protected":false},"author":3,"featured_media":0,"parent":1253,"menu_order":0,"comment_status":"closed","ping_status":"closed","template":"","meta":{"footnotes":""},"class_list":["post-1263","page","type-page","status-publish","hentry"],"aioseo_notices":[],"_links":{"self":[{"href":"https:\/\/oso.edu.pl\/sv\/wp-json\/wp\/v2\/pages\/1263","targetHints":{"allow":["GET"]}}],"collection":[{"href":"https:\/\/oso.edu.pl\/sv\/wp-json\/wp\/v2\/pages"}],"about":[{"href":"https:\/\/oso.edu.pl\/sv\/wp-json\/wp\/v2\/types\/page"}],"author":[{"embeddable":true,"href":"https:\/\/oso.edu.pl\/sv\/wp-json\/wp\/v2\/users\/3"}],"replies":[{"embeddable":true,"href":"https:\/\/oso.edu.pl\/sv\/wp-json\/wp\/v2\/comments?post=1263"}],"version-history":[{"count":2,"href":"https:\/\/oso.edu.pl\/sv\/wp-json\/wp\/v2\/pages\/1263\/revisions"}],"predecessor-version":[{"id":1869,"href":"https:\/\/oso.edu.pl\/sv\/wp-json\/wp\/v2\/pages\/1263\/revisions\/1869"}],"up":[{"embeddable":true,"href":"https:\/\/oso.edu.pl\/sv\/wp-json\/wp\/v2\/pages\/1253"}],"wp:attachment":[{"href":"https:\/\/oso.edu.pl\/sv\/wp-json\/wp\/v2\/media?parent=1263"}],"curies":[{"name":"wp","href":"https:\/\/api.w.org\/{rel}","templated":true}]}}