{"id":1554,"date":"2017-12-06T16:17:32","date_gmt":"2017-12-06T16:17:32","guid":{"rendered":"http:\/\/oso.edu.pl\/?page_id=1554"},"modified":"2022-06-10T12:45:02","modified_gmt":"2022-06-10T12:45:02","slug":"g2","status":"publish","type":"page","link":"https:\/\/oso.edu.pl\/sv\/szkolenia\/sep-g1-g2-g3\/g2\/","title":{"rendered":"G2-kurs - anm\u00e4l dig nu!"},"content":{"rendered":"<h2><strong>G2 kurser<\/strong><\/h2>\n<p><a href=\"https:\/\/oso.edu.pl\/wp-content\/uploads\/2017\/12\/SEP_G3_2-495x400.jpg\"><img decoding=\"async\" class=\"size-medium wp-image-1651 alignleft\" src=\"https:\/\/oso.edu.pl\/wp-content\/uploads\/2017\/12\/SEP_G3_2-495x400-300x242.jpg\" alt=\"\" width=\"300\" height=\"242\" srcset=\"https:\/\/oso.edu.pl\/wp-content\/uploads\/2017\/12\/SEP_G3_2-495x400-300x242.jpg 300w, https:\/\/oso.edu.pl\/wp-content\/uploads\/2017\/12\/SEP_G3_2-495x400.jpg 495w\" sizes=\"(max-width: 300px) 100vw, 300px\" \/><\/a>Vi bjuder in dig till G2 - termisk kurs, riktad till personer som arbetar med enheter, installationer och n\u00e4tverk som genererar, bearbetar, \u00f6verf\u00f6r och f\u00f6rbrukar v\u00e4rme som en del av deras drift, underh\u00e5ll, reparationer, montering och kontroll- och m\u00e4tarbeten.<\/p>\n<p>I v\u00e5rt Operat\u00f6rsutbildningscenter erbjuder vi en omfattande och professionell service till v\u00e5ra kunder - vi har m\u00e5nga \u00e5rs erfarenhet inom utbildningsomr\u00e5det och vi hoppas att vi ocks\u00e5 ska kunna m\u00f6ta dina krav.<\/p>\n<p>G2-utbildningen syftar till att ge kunskap om de f\u00f6reskrifter och krav som r\u00f6r drift och tillsyn av apparater, installationer och v\u00e4rmen\u00e4t. Efter att ha tr\u00e4nat och klarat provet kan du erh\u00e5lla de s\u00e5 kallade beh\u00f6righeterna, det vill s\u00e4ga beh\u00f6righetsbeviset.<\/p>\n<h3><strong>G2-beh\u00f6righeter beh\u00f6vs f\u00f6r: <\/strong><\/h3>\n<ul>\n<li>\u00e5ng- och vattenpannor f\u00f6r fasta, flytande och gasformiga br\u00e4nslen, med en effekt \u00f6ver 50 kW, med hj\u00e4lputrustning<\/li>\n<li>industriugnar med en effekt \u00f6ver 50 kW<\/li>\n<li>ventilations-, luftkonditionerings- och kylutrustning med en kapacitet p\u00e5 mer \u00e4n 50 kW<\/li>\n<li>pumpar, sugmunstycken, fl\u00e4ktar och fl\u00e4ktar med en effekt \u00f6ver 50 kW<\/li>\n<li>anordningar f\u00f6r lagring, lagring och lossning av br\u00e4nsle, med en lagringskapacitet p\u00e5 \u00f6ver 100 Mg<\/li>\n<li>\u00e5ng- och vattenturbiner med en effekt \u00f6ver 50 kW med hj\u00e4lpanordningar<\/li>\n<li>kompressorer med en effekt \u00f6ver 20 kW och trycklufts- och tekniska gasinstallationer<\/li>\n<li>v\u00e4rmen\u00e4t och installationer med hj\u00e4lpanordningar, med v\u00e4rme\u00f6verf\u00f6ring \u00f6ver 50 kW<\/li>\n<li>industriella \u00e5ng- och hetvattenmottagande anordningar med en effekt st\u00f6rre \u00e4n 50 kW<\/li>\n<li>styr- och m\u00e4tapparater samt anordningar och installationer f\u00f6r automatisk reglering, styrning och skydd av ovan n\u00e4mnda anordningar och installationer<\/li>\n<\/ul>\n<p>Vi arbetar p\u00e5 ett modernt s\u00e4tt i v\u00e5rt Centrum - vi anv\u00e4nder oss av bepr\u00f6vade undervisningsmetoder, l\u00e4romedel och rika intressanta program. Tillsammans med oss, en tentamen eller inf\u00f6r SEP-kommitt\u00e9er, <a href=\"https:\/\/oso.edu.pl\/sv\/szkolenia\/sep-g1-g2-g3\/lista-komisji\/\">PSE<\/a>, SIMP, SITPS \u00e4r \u00e4nnu enklare, vilket bekr\u00e4ftas av m\u00e5nga av v\u00e5ra kunder.<\/p>\n<h3><strong>Antagningskrav: <\/strong><\/h3>\n<ul>\n<li>18 \u00e5r eller \u00e4ldre<\/li>\n<li>\u00e5tminstone grundl\u00e4ggande utbildning<\/li>\n<\/ul>\n<h3><strong>Var verkar vi<\/strong><\/h3>\n<p>Vi h\u00e5ller klasser i st\u00e4derna Warszawa, Krakow, Katowice och Bielsko-Bia\u0142a. Vi kan \u00e4ven n\u00e5 v\u00e5ra kunder p\u00e5 andra platser i Polen - v\u00e4nligen kontakta oss f\u00f6r ytterligare information.<\/p>\n<p><a href=\"https:\/\/oso.edu.pl\/sv\/kontakt\/\">Vi v\u00e4lkomnar dig hj\u00e4rtligt<\/a> att v\u00e4lja utbildning p\u00e5 SPA Operators Training Center!<\/p>","protected":false},"excerpt":{"rendered":"<p>Kursy G2 Zapraszamy na kurs G2 \u2013 cieplny skierowany do os\u00f3b pracuj\u0105cych z urz\u0105dzeniami, instalacjami i sieciami wytwarzaj\u0105cymi, przetwarzaj\u0105cymi, przesy\u0142aj\u0105cymi i zu\u017cywaj\u0105cymi ciep\u0142o w ramach ich obs\u0142ugi, konserwacji, remont\u00f3w, monta\u017cu oraz prac kontrolno-pomiarowych. W naszym O\u015brodku Szkolenia Operator\u00f3w oferujemy klientom kompleksow\u0105 i profesjonaln\u0105 obs\u0142ug\u0119 \u2013 posiadamy wieloletnie do\u015bwiadczenie w zakresie szkole\u0144 i mamy nadziej\u0119, \u017ce [&hellip;]<\/p>\n","protected":false},"author":3,"featured_media":1651,"parent":1550,"menu_order":0,"comment_status":"closed","ping_status":"closed","template":"","meta":{"footnotes":""},"class_list":["post-1554","page","type-page","status-publish","has-post-thumbnail","hentry"],"aioseo_notices":[],"_links":{"self":[{"href":"https:\/\/oso.edu.pl\/sv\/wp-json\/wp\/v2\/pages\/1554","targetHints":{"allow":["GET"]}}],"collection":[{"href":"https:\/\/oso.edu.pl\/sv\/wp-json\/wp\/v2\/pages"}],"about":[{"href":"https:\/\/oso.edu.pl\/sv\/wp-json\/wp\/v2\/types\/page"}],"author":[{"embeddable":true,"href":"https:\/\/oso.edu.pl\/sv\/wp-json\/wp\/v2\/users\/3"}],"replies":[{"embeddable":true,"href":"https:\/\/oso.edu.pl\/sv\/wp-json\/wp\/v2\/comments?post=1554"}],"version-history":[{"count":2,"href":"https:\/\/oso.edu.pl\/sv\/wp-json\/wp\/v2\/pages\/1554\/revisions"}],"predecessor-version":[{"id":2283,"href":"https:\/\/oso.edu.pl\/sv\/wp-json\/wp\/v2\/pages\/1554\/revisions\/2283"}],"up":[{"embeddable":true,"href":"https:\/\/oso.edu.pl\/sv\/wp-json\/wp\/v2\/pages\/1550"}],"wp:featuredmedia":[{"embeddable":true,"href":"https:\/\/oso.edu.pl\/sv\/wp-json\/wp\/v2\/media\/1651"}],"wp:attachment":[{"href":"https:\/\/oso.edu.pl\/sv\/wp-json\/wp\/v2\/media?parent=1554"}],"curies":[{"name":"wp","href":"https:\/\/api.w.org\/{rel}","templated":true}]}}