{"id":1231,"date":"2014-11-19T18:04:43","date_gmt":"2014-11-19T18:04:43","guid":{"rendered":"http:\/\/oso.edu.pl\/?page_id=1231"},"modified":"2021-07-04T23:27:25","modified_gmt":"2021-07-04T23:27:25","slug":"%d0%be%d1%86%d1%96%d0%bd%d0%ba%d0%b0-%d1%80%d0%b8%d0%b7%d0%b8%d0%ba%d1%83","status":"publish","type":"page","link":"https:\/\/oso.edu.pl\/ua\/uslugi-bhp\/ocena-ryzyka-zawodowego\/","title":{"rendered":"\u041e\u0446\u0456\u043d\u043a\u0430 \u0440\u0438\u0437\u0438\u043a\u0443"},"content":{"rendered":"<div style=\"float: left; padding-right: 10px;\"><div id=\"metaslider-id-629\" style=\"max-width: 300px;\" class=\"ml-slider-3-107-0 metaslider metaslider-flex metaslider-629 ml-slider ms-theme-default nav-hidden\" role=\"region\" aria-label=\"\u043e\u0446\u0456\u043d\u043a\u0430 \u0440\u0438\u0437\u0438\u043a\u0443\" data-height=\"225\" data-width=\"300\">\n    <div id=\"metaslider_container_629\">\n        <div id=\"metaslider_629\">\n            <ul class='slides'>\n                <li style=\"display: block; width: 100%;\" class=\"slide-1439 ms-image\" aria-roledescription=\"slide\" data-date=\"2014-11-20 09:10:27\" data-filename=\"ryzyko2.jpg\" data-slide-type=\"image\"><img decoding=\"async\" src=\"https:\/\/oso.edu.pl\/wp-content\/uploads\/2014\/11\/ryzyko2.jpg\" height=\"225\" width=\"300\" alt=\"\" class=\"slider-629 slide-1439 msDefaultImage\" \/><\/li>\n                <li style=\"display: none; width: 100%;\" class=\"slide-1441 ms-image\" aria-roledescription=\"slide\" data-date=\"2014-11-20 09:10:28\" data-filename=\"ryzyko4.jpg\" data-slide-type=\"image\"><img decoding=\"async\" src=\"https:\/\/oso.edu.pl\/wp-content\/uploads\/2014\/11\/ryzyko4.jpg\" height=\"225\" width=\"300\" alt=\"\" class=\"slider-629 slide-1441 msDefaultImage\" \/><\/li>\n                <li style=\"display: none; width: 100%;\" class=\"slide-1438 ms-image\" aria-roledescription=\"slide\" data-date=\"2014-11-20 09:10:26\" data-filename=\"ryzyko1.jpg\" data-slide-type=\"image\"><img decoding=\"async\" src=\"https:\/\/oso.edu.pl\/wp-content\/uploads\/2014\/11\/ryzyko1.jpg\" height=\"225\" width=\"300\" alt=\"\" class=\"slider-629 slide-1438 msDefaultImage\" \/><\/li>\n                <li style=\"display: none; width: 100%;\" class=\"slide-1440 ms-image\" aria-roledescription=\"slide\" data-date=\"2014-11-20 09:10:27\" data-filename=\"ryzyko3.jpg\" data-slide-type=\"image\"><img decoding=\"async\" src=\"https:\/\/oso.edu.pl\/wp-content\/uploads\/2014\/11\/ryzyko3.jpg\" height=\"225\" width=\"300\" alt=\"\" class=\"slider-629 slide-1440 msDefaultImage\" \/><\/li>\n                <li style=\"display: none; width: 100%;\" class=\"slide-1437 ms-image\" aria-roledescription=\"slide\" data-date=\"2014-11-20 09:08:31\" data-filename=\"podesty3a.jpg\" data-slide-type=\"image\"><img decoding=\"async\" src=\"https:\/\/oso.edu.pl\/wp-content\/uploads\/2014\/11\/podesty3a.jpg\" height=\"225\" width=\"300\" alt=\"\" class=\"slider-629 slide-1437 msDefaultImage\" \/><\/li>\n            <\/ul>\n        <\/div>\n        \n    <\/div>\n<\/div><\/div>\n<div class=\"wyjustuj\">\n<p>\u041f\u0440\u043e\u0444\u0435\u0441\u0456\u0439\u043d\u0438\u0439 \u0440\u0438\u0437\u0438\u043a - \u0446\u0435 \u0456\u043d\u0430\u043a\u0448\u0435 \u0439\u043c\u043e\u0432\u0456\u0440\u043d\u0456\u0441\u0442\u044c \u0432\u0438\u043d\u0438\u043a\u043d\u0435\u043d\u043d\u044f \u0437\u0430\u0433\u0440\u043e\u0437 - \u043d\u0435\u0441\u043f\u0440\u0438\u044f\u0442\u043b\u0438\u0432\u0438\u0445 \u043f\u043e\u0434\u0456\u0439. \u0412\u043e\u043d\u0438 \u043c\u043e\u0436\u0443\u0442\u044c \u0432\u043f\u043b\u0438\u0432\u0430\u0442\u0438 \u043d\u0430 \u043f\u0440\u0430\u0446\u0456\u0432\u043d\u0438\u043a\u0456\u0432, \u0443 \u0442\u043e\u043c\u0443 \u0447\u0438\u0441\u043b\u0456 \u043d\u0430 \u0457\u0445\u043d\u0454 \u0436\u0438\u0442\u0442\u044f, \u0443 \u0432\u0438\u0433\u043b\u044f\u0434\u0456 \u043d\u0435\u0449\u0430\u0441\u043d\u0438\u0445 \u0432\u0438\u043f\u0430\u0434\u043a\u0456\u0432 \u0430\u0431\u043e \u043f\u0440\u043e\u0444\u0435\u0441\u0456\u0439\u043d\u0438\u0445 \u0437\u0430\u0445\u0432\u043e\u0440\u044e\u0432\u0430\u043d\u044c. \u0412\u0456\u0434\u043f\u043e\u0432\u0456\u0434\u043d\u043e \u0434\u043e \u043d\u043e\u0440\u043c\u0430\u0442\u0438\u0432\u043d\u0438\u0445 \u0430\u043a\u0442\u0456\u0432 \u0440\u043e\u0431\u043e\u0442\u043e\u0434\u0430\u0432\u0435\u0446\u044c \u043f\u043e\u0432\u0438\u043d\u0435\u043d \u043f\u0456\u0434\u0433\u043e\u0442\u0443\u0432\u0430\u0442\u0438 \u043e\u0446\u0456\u043d\u043a\u0443 \u0440\u0438\u0437\u0438\u043a\u0443 \u0434\u043b\u044f \u0432\u0441\u0456\u0445 \u0440\u043e\u0431\u043e\u0447\u0438\u0445 \u043c\u0456\u0441\u0446\u044c \u0456 \u043f\u043e\u0432\u0456\u0434\u043e\u043c\u0438\u0442\u0438 \u043f\u0440\u0430\u0446\u0456\u0432\u043d\u0438\u043a\u0456\u0432 \u043f\u0440\u043e \u0446\u0435\u0439 \u0440\u0438\u0437\u0438\u043a.<\/p>\n<p>\u041c\u0438 \u043d\u0430\u0434\u0430\u0454\u043c\u043e \u0432\u0441\u0435\u0431\u0456\u0447\u043d\u0443 \u0434\u043e\u043f\u043e\u043c\u043e\u0433\u0443 \u0443 \u0441\u0444\u0435\u0440\u0456 \u0433\u0456\u0433\u0456\u0454\u043d\u0438 \u0442\u0430 \u0431\u0435\u0437\u043f\u0435\u043a\u0438 \u043f\u0440\u0430\u0446\u0456 \u2013 \u043e\u0434\u043d\u0456\u0454\u044e \u0437 \u043d\u0430\u0448\u0438\u0445 \u0441\u043f\u0435\u0446\u0456\u0430\u043b\u044c\u043d\u043e\u0441\u0442\u0435\u0439 \u0443 \u0446\u0456\u0439 \u0441\u0444\u0435\u0440\u0456 \u0454 \u0440\u043e\u0437\u0440\u043e\u0431\u043a\u0430 \u043e\u0446\u0456\u043d\u043e\u043a \u043f\u0440\u043e\u0444\u0435\u0441\u0456\u0439\u043d\u0438\u0445 \u0440\u0438\u0437\u0438\u043a\u0456\u0432, \u0434\u043b\u044f \u0447\u043e\u0433\u043e \u043c\u0438 \u0432\u0438\u043a\u043e\u0440\u0438\u0441\u0442\u043e\u0432\u0443\u0454\u043c\u043e \u0440\u0456\u0437\u043d\u0456 \u043c\u0435\u0442\u043e\u0434\u0438\u043a\u0438. \u0417\u0430\u0432\u0434\u044f\u043a\u0438 \u043f\u0440\u0430\u0432\u0438\u043b\u044c\u043d\u043e \u043f\u0456\u0434\u0456\u0431\u0440\u0430\u043d\u0456\u0439 \u043c\u0435\u0442\u043e\u0434\u043e\u043b\u043e\u0433\u0456\u0457 \u043c\u043e\u0436\u043d\u0430 \u0435\u0444\u0435\u043a\u0442\u0438\u0432\u043d\u043e \u0442\u0430 \u0442\u043e\u0447\u043d\u043e \u0432\u0438\u0437\u043d\u0430\u0447\u0438\u0442\u0438 \u0440\u0438\u0437\u0438\u043a\u0438 \u043d\u0430 \u0440\u043e\u0431\u043e\u0447\u043e\u043c\u0443 \u043c\u0456\u0441\u0446\u0456.<\/p>\n<p><strong>\u0423 \u0441\u0432\u043e\u0457\u0439 \u0440\u043e\u0431\u043e\u0442\u0456 \u043c\u0438 \u0432\u0438\u043a\u043e\u0440\u0438\u0441\u0442\u043e\u0432\u0443\u0454\u043c\u043e \u043d\u0430\u0441\u0442\u0443\u043f\u043d\u0456 \u043c\u0435\u0442\u043e\u0434\u0438\u043a\u0438:<\/strong><\/p>\n<ul>\n<li>PHA - Preliminary Hazard Analysis - \u043c\u0435\u0442\u043e\u0434 \u043f\u043e\u043f\u0435\u0440\u0435\u0434\u043d\u044c\u043e\u0433\u043e \u0430\u043d\u0430\u043b\u0456\u0437\u0443 \u043d\u0435\u0431\u0435\u0437\u043f\u0435\u043a\u0438<\/li>\n<li>\u043c\u0430\u0442\u0440\u0438\u0446\u044f \u0440\u0438\u0437\u0438\u043a\u0443 \u0437\u0430 \u0441\u0442\u0430\u043d\u0434\u0430\u0440\u0442\u043e\u043c PN-N-18002 \u0437\u0430 \u043f\u2019\u044f\u0442\u0438\u0431\u0430\u043b\u044c\u043d\u043e\u044e \u0448\u043a\u0430\u043b\u043e\u044e<\/li>\n<li>RISK SCORE - \u043f\u043e\u043a\u0430\u0437\u043d\u0438\u043a \u0440\u0438\u0437\u0438\u043a\u0443 - \u044f\u043a\u0456\u0441\u043d\u0438\u0439 \u043c\u0435\u0442\u043e\u0434 \u043e\u0446\u0456\u043d\u043a\u0438 \u043f\u0440\u043e\u0444\u0435\u0441\u0456\u0439\u043d\u043e\u0433\u043e \u0440\u0438\u0437\u0438\u043a\u0443<\/li>\n<li>KIM \u2013 \u0434\u043b\u044f \u0440\u0443\u0447\u043d\u043e\u0433\u043e \u043a\u0440\u0435\u0434\u0438\u0442\u043d\u043e\u0433\u043e \u043f\u043b\u0435\u0447\u0430 \u2013 \u043c\u0435\u0442\u043e\u0434 \u043a\u043b\u044e\u0447\u043e\u0432\u0438\u0445 \u0456\u043d\u0434\u0438\u043a\u0430\u0442\u043e\u0440\u0456\u0432<\/li>\n<li>FMEA - Failure Mode and Effect Analysis - \u0430\u043d\u0430\u043b\u0456\u0437 \u0442\u0438\u043f\u0456\u0432 \u0456 \u043d\u0430\u0441\u043b\u0456\u0434\u043a\u0456\u0432 \u043c\u043e\u0436\u043b\u0438\u0432\u0438\u0445 \u043f\u043e\u043c\u0438\u043b\u043e\u043a<\/li>\n<li>REBA - Rapid Entire Body Assessment - \u0448\u0432\u0438\u0434\u043a\u0430 \u0437\u0430\u0433\u0430\u043b\u044c\u043d\u0430 \u043e\u0446\u0456\u043d\u043a\u0430 \u043f\u043e\u0441\u0442\u0430\u0432\u0438 \u0442\u0456\u043b\u0430 \u043f\u0456\u0434 \u0447\u0430\u0441 \u0440\u043e\u0431\u043e\u0442\u0438<\/li>\n<li>HAZOP - Hazard and Operability Study - \u0430\u043d\u0430\u043b\u0456\u0437 \u0437\u0430\u0433\u0440\u043e\u0437 \u0456 \u043e\u043f\u0435\u0440\u0430\u0442\u0438\u0432\u043d\u0438\u0445 \u043c\u043e\u0436\u043b\u0438\u0432\u043e\u0441\u0442\u0435\u0439<\/li>\n<li>OWAS - Ovako Working Posture Analysis System - \u043c\u0435\u0442\u043e\u0434 \u0430\u043d\u0430\u043b\u0456\u0437\u0443 \u0441\u0442\u0430\u0442\u0438\u0447\u043d\u043e\u0433\u043e \u043d\u0430\u0432\u0430\u043d\u0442\u0430\u0436\u0435\u043d\u043d\u044f<\/li>\n<li>\u0456\u043d\u0448\u0456 \u043c\u0435\u0442\u043e\u0434\u0438 \u0434\u043b\u044f \u0432\u0438\u0437\u043d\u0430\u0447\u0435\u043d\u043d\u044f \u0448\u043a\u0456\u0434\u043b\u0438\u0432\u0438\u0445 \u0444\u0430\u043a\u0442\u043e\u0440\u0456\u0432, \u0434\u043b\u044f \u044f\u043a\u0438\u0445 \u043f\u0440\u043e\u0432\u043e\u0434\u0438\u043b\u0438\u0441\u044f \u0432\u0438\u043c\u0456\u0440\u044e\u0432\u0430\u043d\u043d\u044f<\/li>\n<\/ul>\n<p>\u042f\u043a\u0449\u043e \u0432\u0438 \u0445\u043e\u0447\u0435\u0442\u0435 \u0437\u0430\u0431\u0435\u0437\u043f\u0435\u0447\u0438\u0442\u0438 \u0432\u0438\u0441\u043e\u043a\u0438\u0439 \u0440\u0456\u0432\u0435\u043d\u044c \u0431\u0435\u0437\u043f\u0435\u043a\u0438 \u0442\u0430 \u0433\u0456\u0433\u0456\u0454\u043d\u0438 \u043f\u0440\u0430\u0446\u0456 \u043d\u0430 \u0441\u0432\u043e\u0454\u043c\u0443 \u0440\u043e\u0431\u043e\u0447\u043e\u043c\u0443 \u043c\u0456\u0441\u0446\u0456, \u043e\u0431\u0438\u0440\u0430\u0439\u0442\u0435 <a href=\"https:\/\/oso.edu.pl\/ua\/szkolenia\/\">\u041d\u0430\u0448\u0456 \u041f\u043e\u0441\u043b\u0443\u0433\u0438<\/a>!<\/p>\n<\/div>","protected":false},"excerpt":{"rendered":"<p>Ryzyko zawodowe jest inaczej prawdopodobie\u0144stwem wyst\u0119powania zagro\u017ce\u0144 \u2013 zdarze\u0144 niepo\u017c\u0105danych. Mog\u0105 one oddzia\u0142ywa\u0107 na pracownik\u00f3w, w tym na ich \u017cycie w postaci wypadk\u00f3w czy chor\u00f3b zawodowych. Zgodnie z przepisami pracodawca musi przygotowa\u0107 ocen\u0119 ryzyka dla wszystkich stanowisk pracy i poinformowa\u0107 o tym ryzyku pracownik\u00f3w. S\u0142u\u017cymy kompleksow\u0105 pomoc\u0105 w zakresie bezpiecze\u0144stwa i higieny pracy \u2013 jedn\u0105 [&hellip;]<\/p>\n","protected":false},"author":3,"featured_media":0,"parent":1139,"menu_order":0,"comment_status":"closed","ping_status":"closed","template":"","meta":{"footnotes":""},"class_list":["post-1231","page","type-page","status-publish","hentry"],"aioseo_notices":[],"_links":{"self":[{"href":"https:\/\/oso.edu.pl\/ua\/wp-json\/wp\/v2\/pages\/1231","targetHints":{"allow":["GET"]}}],"collection":[{"href":"https:\/\/oso.edu.pl\/ua\/wp-json\/wp\/v2\/pages"}],"about":[{"href":"https:\/\/oso.edu.pl\/ua\/wp-json\/wp\/v2\/types\/page"}],"author":[{"embeddable":true,"href":"https:\/\/oso.edu.pl\/ua\/wp-json\/wp\/v2\/users\/3"}],"replies":[{"embeddable":true,"href":"https:\/\/oso.edu.pl\/ua\/wp-json\/wp\/v2\/comments?post=1231"}],"version-history":[{"count":1,"href":"https:\/\/oso.edu.pl\/ua\/wp-json\/wp\/v2\/pages\/1231\/revisions"}],"predecessor-version":[{"id":1856,"href":"https:\/\/oso.edu.pl\/ua\/wp-json\/wp\/v2\/pages\/1231\/revisions\/1856"}],"up":[{"embeddable":true,"href":"https:\/\/oso.edu.pl\/ua\/wp-json\/wp\/v2\/pages\/1139"}],"wp:attachment":[{"href":"https:\/\/oso.edu.pl\/ua\/wp-json\/wp\/v2\/media?parent=1231"}],"curies":[{"name":"wp","href":"https:\/\/api.w.org\/{rel}","templated":true}]}}