{"id":1261,"date":"2014-11-19T18:20:20","date_gmt":"2014-11-19T18:20:20","guid":{"rendered":"http:\/\/oso.edu.pl\/?page_id=1261"},"modified":"2021-07-04T23:44:20","modified_gmt":"2021-07-04T23:44:20","slug":"%d0%b2%d0%b8%d0%bc%d0%be%d0%b3%d0%b8-%d0%b4%d0%be-%d0%bd%d0%b0%d0%b4%d0%b0%d0%bd%d0%bd%d1%8f-%d0%bf%d0%b5%d1%80%d1%88%d0%be%d1%97-%d0%b4%d0%be%d0%bf%d0%be%d0%bc%d0%be%d0%b3%d0%b8","status":"publish","type":"page","link":"https:\/\/oso.edu.pl\/ua\/baza-wiedzy\/pierwsza-pomoc-wymagania\/","title":{"rendered":"\u041f\u0435\u0440\u0448\u0430 \u0434\u043e\u043f\u043e\u043c\u043e\u0433\u0430 \u2013 \u0432\u0438\u043c\u043e\u0433\u0438"},"content":{"rendered":"<div style=\"float: left; padding-right: 10px;\"><div id=\"metaslider-id-1332\" style=\"max-width: 300px;\" class=\"ml-slider-3-108-0 metaslider metaslider-flex metaslider-1332 ml-slider ms-theme-default nav-hidden\" role=\"region\" aria-label=\"\u041f\u043e\u0442\u0440\u0435\u0431\u0438 \u0432 \u0434\u043e\u043f\u043e\u043c\u043e\u0437\u0456\" data-height=\"225\" data-width=\"300\">\n    <div id=\"metaslider_container_1332\">\n        <div id=\"metaslider_1332\">\n            <ul class='slides'>\n                <li style=\"display: block; width: 100%;\" class=\"slide-1321 ms-image\" aria-roledescription=\"slide\" data-date=\"2014-11-19 19:45:35\" data-filename=\"rsz_pierwsza-pomoc-oparzenia.jpg\" data-slide-type=\"image\"><img decoding=\"async\" src=\"https:\/\/oso.edu.pl\/wp-content\/uploads\/2014\/11\/rsz_pierwsza-pomoc-oparzenia.jpg\" height=\"225\" width=\"300\" alt=\"\" class=\"slider-1332 slide-1321 msDefaultImage\" \/><\/li>\n            <\/ul>\n        <\/div>\n        \n    <\/div>\n<\/div><\/div>\n<div class=\"wyjustuj\">\n<p>\u041a\u0417\u043f\u041f, \u0430 \u0442\u043e\u0447\u043d\u0456\u0448\u0435 \u0417\u0430\u043a\u043e\u043d \u043f\u0440\u043e \u0432\u043d\u0435\u0441\u0435\u043d\u043d\u044f \u0437\u043c\u0456\u043d \u0434\u043e \u0417\u0430\u043a\u043e\u043d\u0443 \u0432\u0456\u0434 21.11.2008 \u0440. (\u0417\u0430\u043a\u043e\u043d\u043e\u0434\u0430\u0432\u0447\u0438\u0439 \u0436\u0443\u0440\u043d\u0430\u043b \u2116 223, \u0441\u0442. 1460), \u0441\u0442. 2091 \u0432\u0438\u0437\u043d\u0430\u0447\u0435\u043d\u043e \u0432\u0438\u043c\u043e\u0433\u0438 \u0434\u043e \u0440\u043e\u0431\u043e\u0442\u043e\u0434\u0430\u0432\u0446\u0456\u0432 \u0443 \u0441\u0444\u0435\u0440\u0456 \u043d\u0430\u0434\u0430\u043d\u043d\u044f \u043f\u0435\u0440\u0448\u043e\u0457 \u043c\u0435\u0434\u0438\u0447\u043d\u043e\u0457 \u0434\u043e\u043f\u043e\u043c\u043e\u0433\u0438. \u0423\u0441\u0456 \u0440\u043e\u0431\u043e\u0442\u043e\u0434\u0430\u0432\u0446\u0456 \u0437\u043e\u0431\u043e\u0432\u2019\u044f\u0437\u0430\u043d\u0456 \u0434\u043e\u0442\u0440\u0438\u043c\u0443\u0432\u0430\u0442\u0438\u0441\u044f \u0432\u0438\u043c\u043e\u0433 \u0449\u043e\u0434\u043e \u043d\u0430\u0434\u0430\u043d\u043d\u044f \u043f\u0435\u0440\u0448\u043e\u0457 \u0434\u043e\u043f\u043e\u043c\u043e\u0433\u0438.<\/p>\n<p><strong>\u041d\u043e\u0440\u043c\u0438 \u0437\u043e\u0431\u043e\u0432\u2019\u044f\u0437\u0443\u044e\u0442\u044c \u0440\u043e\u0431\u043e\u0442\u043e\u0434\u0430\u0432\u0446\u0456\u0432:<\/strong><\/p>\n<ul>\n<li>\u0437\u0430\u0431\u0435\u0437\u043f\u0435\u0447\u0435\u043d\u043d\u044f \u0440\u0435\u0441\u0443\u0440\u0441\u0430\u043c\u0438, \u043d\u0435\u043e\u0431\u0445\u0456\u0434\u043d\u0438\u043c\u0438 \u0434\u043b\u044f \u043d\u0430\u0434\u0430\u043d\u043d\u044f \u043f\u0435\u0440\u0448\u043e\u0457 \u0434\u043e\u043f\u043e\u043c\u043e\u0433\u0438 \u0443 \u0440\u0430\u0437\u0456 \u043f\u043e\u0436\u0435\u0436\u0456, \u0435\u0432\u0430\u043a\u0443\u0430\u0446\u0456\u0457 \u0447\u0438 \u0456\u043d\u0448\u0438\u0445 \u043d\u0430\u0434\u0437\u0432\u0438\u0447\u0430\u0439\u043d\u0438\u0445 \u0441\u0438\u0442\u0443\u0430\u0446\u0456\u0439<\/li>\n<li>\u0437\u0430\u0437\u043d\u0430\u0447\u0435\u043d\u043d\u044f \u0441\u0435\u0440\u0435\u0434 \u043f\u0440\u0430\u0446\u0456\u0432\u043d\u0438\u043a\u0456\u0432 \u043e\u0441\u043e\u0431\u0438, \u044f\u043a\u0430 \u0432\u0456\u0434\u043f\u043e\u0432\u0456\u0434\u0430\u0442\u0438\u043c\u0435 \u0437\u0430 \u0457\u0457 \u0437\u0430\u0431\u0435\u0437\u043f\u0435\u0447\u0435\u043d\u043d\u044f<\/li>\n<li>\u0437\u0430\u0431\u0435\u0437\u043f\u0435\u0447\u0438\u0442\u0438 \u0437\u0432&#039;\u044f\u0437\u043e\u043a \u0437 \u0430\u0432\u0430\u0440\u0456\u0439\u043d\u0438\u043c\u0438 \u0441\u043b\u0443\u0436\u0431\u0430\u043c\u0438<\/li>\n<\/ul>\n<p>\u041d\u0430 \u0440\u043e\u0431\u043e\u0447\u043e\u043c\u0443 \u043c\u0456\u0441\u0446\u0456 \u0440\u043e\u0431\u043e\u0442\u043e\u0434\u0430\u0432\u0435\u0446\u044c \u043f\u043e\u0432\u0438\u043d\u0435\u043d \u0432\u043a\u0430\u0437\u0430\u0442\u0438 \u043f\u0440\u0430\u0446\u0456\u0432\u043d\u0438\u043a\u0430, \u044f\u043a\u0438\u0439 \u0437\u0430\u0439\u043c\u0430\u0442\u0438\u043c\u0435\u0442\u044c\u0441\u044f \u043d\u0430\u0434\u0430\u043d\u043d\u044f\u043c \u043f\u0435\u0440\u0448\u043e\u0457 \u0434\u043e\u043f\u043e\u043c\u043e\u0433\u0438. \u0414\u043b\u044f \u0446\u0456\u0454\u0457 \u043c\u0435\u0442\u0438 \u043c\u043e\u0436\u043d\u0430 \u0432\u0438\u043a\u043e\u0440\u0438\u0441\u0442\u043e\u0432\u0443\u0432\u0430\u0442\u0438 <a href=\"https:\/\/oso.edu.pl\/ua\/szkolenia\/pierwsza-pomoc\/\">\u043a\u0443\u0440\u0441 \u043f\u0435\u0440\u0448\u043e\u0457 \u0434\u043e\u043f\u043e\u043c\u043e\u0433\u0438<\/a> \u0434\u043e\u043b\u0456\u043a\u0430\u0440\u0441\u044c\u043a\u0438\u0439, \u044f\u043a\u0438\u0439 \u0432\u043a\u043b\u044e\u0447\u0430\u0454 \u0442\u0435\u043e\u0440\u0435\u0442\u0438\u0447\u043d\u0456 \u0432\u0456\u0434\u043e\u043c\u043e\u0441\u0442\u0456 \u0442\u0430 \u043f\u0440\u0430\u043a\u0442\u0438\u0447\u043d\u0456 \u0432\u043f\u0440\u0430\u0432\u0438. \u0420\u043e\u0431\u043e\u0442\u043e\u0434\u0430\u0432\u0435\u0446\u044c \u0442\u0430\u043a\u043e\u0436 \u043c\u043e\u0436\u0435 \u043d\u0430\u043a\u0430\u0437\u0430\u0442\u0438 \u0432\u0441\u0456\u043c \u043f\u0440\u0430\u0446\u0456\u0432\u043d\u0438\u043a\u0430\u043c \u043f\u0440\u043e\u0439\u0442\u0438 \u0456\u043d\u0441\u0442\u0440\u0443\u043a\u0442\u0430\u0436 \u0437 \u043d\u0430\u0434\u0430\u043d\u043d\u044f \u043f\u0435\u0440\u0448\u043e\u0457 \u0434\u043e\u043f\u043e\u043c\u043e\u0433\u0438. \u041f\u0456\u0441\u043b\u044f \u0437\u0430\u0432\u0435\u0440\u0448\u0435\u043d\u043d\u044f \u043d\u0430\u0432\u0447\u0430\u043d\u043d\u044f \u0439\u043e\u0433\u043e \u0443\u0447\u0430\u0441\u043d\u0438\u043a\u0438 \u043e\u0442\u0440\u0438\u043c\u0443\u044e\u0442\u044c \u0432\u0456\u0434\u043f\u043e\u0432\u0456\u0434\u043d\u0456 \u0441\u0435\u0440\u0442\u0438\u0444\u0456\u043a\u0430\u0442\u0438.<\/p>\n<p>\u0417\u0430\u0445\u043e\u0434\u0438 \u043f\u0435\u0440\u0448\u043e\u0457 \u043c\u0435\u0434\u0438\u0447\u043d\u043e\u0457 \u0434\u043e\u043f\u043e\u043c\u043e\u0433\u0438 \u043d\u0430 \u0440\u043e\u0431\u043e\u0447\u043e\u043c\u0443 \u043c\u0456\u0441\u0446\u0456 \u043f\u043e\u0432\u0438\u043d\u043d\u0456 \u0431\u0443\u0442\u0438 \u0456\u043d\u0434\u0438\u0432\u0456\u0434\u0443\u0430\u043b\u044c\u043d\u043e \u043f\u0456\u0434\u0456\u0431\u0440\u0430\u043d\u0456 \u0437 \u0443\u0440\u0430\u0445\u0443\u0432\u0430\u043d\u043d\u044f\u043c \u043f\u0440\u043e\u0444\u0456\u043b\u044e \u0434\u0456\u044f\u043b\u044c\u043d\u043e\u0441\u0442\u0456 \u043a\u043e\u043c\u043f\u0430\u043d\u0456\u0457, \u0430 \u0442\u0430\u043a\u043e\u0436 \u043a\u0456\u043b\u044c\u043a\u043e\u0441\u0442\u0456 \u0441\u043f\u0456\u0432\u0440\u043e\u0431\u0456\u0442\u043d\u0438\u043a\u0456\u0432 \u0456 \u0442\u0438\u043f\u0443 \u0440\u0438\u0437\u0438\u043a\u0456\u0432. \u0414\u043b\u044f \u0446\u044c\u043e\u0433\u043e \u0440\u043e\u0431\u043e\u0442\u043e\u0434\u0430\u0432\u0435\u0446\u044c \u043c\u043e\u0436\u0435 \u0441\u043a\u043e\u0440\u0438\u0441\u0442\u0430\u0442\u0438\u0441\u044f \u043a\u043e\u043d\u0441\u0443\u043b\u044c\u0442\u0430\u0442\u0438\u0432\u043d\u0438\u043c\u0438 \u043f\u043e\u0441\u043b\u0443\u0433\u0430\u043c\u0438, \u043d\u0430\u0434\u0430\u043d\u0438\u043c\u0438 \u0441\u043f\u0435\u0446\u0456\u0430\u043b\u0456\u0441\u0442\u0430\u043c\u0438. \u0420\u043e\u0431\u043e\u0442\u043e\u0434\u0430\u0432\u0446\u044f\u043c, \u044f\u043a\u0456 \u043d\u0435 \u0434\u043e\u0442\u0440\u0438\u043c\u0443\u044e\u0442\u044c\u0441\u044f \u043f\u043e\u043b\u043e\u0436\u0435\u043d\u044c \u041a\u043e\u0434\u0435\u043a\u0441\u0443 \u0437\u0430\u043a\u043e\u043d\u0456\u0432 \u0442\u0430 \u0456\u043d\u0448\u0438\u0445 \u043f\u043e\u043b\u043e\u0436\u0435\u043d\u044c \u0449\u043e\u0434\u043e \u043d\u0430\u0434\u0430\u043d\u043d\u044f \u043f\u0435\u0440\u0448\u043e\u0457 \u043c\u0435\u0434\u0438\u0447\u043d\u043e\u0457 \u0434\u043e\u043f\u043e\u043c\u043e\u0433\u0438, \u043c\u043e\u0436\u0443\u0442\u044c \u0437\u0430\u0433\u0440\u043e\u0436\u0443\u0432\u0430\u0442\u0438 \u0444\u0456\u043d\u0430\u043d\u0441\u043e\u0432\u0456 \u0441\u0430\u043d\u043a\u0446\u0456\u0457.<\/p>\n<p>\u0423\u0441\u0456\u043c, \u0445\u0442\u043e \u0446\u0456\u043a\u0430\u0432\u0438\u0442\u044c\u0441\u044f \u0446\u0438\u043c \u0432\u0438\u0434\u043e\u043c \u043f\u043e\u0441\u043b\u0443\u0433 <a href=\"https:\/\/oso.edu.pl\/ua\/kontakt\/\">\u0441\u0435\u0440\u0434\u0435\u0447\u043d\u043e \u0437\u0430\u043f\u0440\u043e\u0448\u0443\u0454\u043c\u043e<\/a> \u043a\u043e\u0440\u0438\u0441\u0442\u0443\u0432\u0430\u0442\u0438\u0441\u044f \u043f\u043e\u0441\u043b\u0443\u0433\u0430\u043c\u0438 \u043d\u0430\u0448\u043e\u0433\u043e \u0426\u0435\u043d\u0442\u0440\u0443!<\/p>\n<\/div>","protected":false},"excerpt":{"rendered":"<p>Kodeks pracy, a dok\u0142adnie ustawa o zmianie ustawy z dnia 21 listopada 2008 r. (Dz. U. Nr 223, poz. 1460) art. 2091 okre\u015bla wymagania wobec pracodawc\u00f3w w zakresie pierwszej pomocy. Do przestrzegania wymog\u00f3w zwi\u0105zanych z pierwsz\u0105 pomoc\u0105 zobowi\u0105zani s\u0105 wszyscy pracodawcy. Przepisy zobowi\u0105zuj\u0105 pracodawc\u00f3w do: dostarczenia \u015brodk\u00f3w koniecznych do udzielenia pierwszej pomocy w przypadku po\u017car\u00f3w, [&hellip;]<\/p>\n","protected":false},"author":3,"featured_media":0,"parent":1253,"menu_order":0,"comment_status":"closed","ping_status":"closed","template":"","meta":{"footnotes":""},"class_list":["post-1261","page","type-page","status-publish","hentry"],"aioseo_notices":[],"_links":{"self":[{"href":"https:\/\/oso.edu.pl\/ua\/wp-json\/wp\/v2\/pages\/1261","targetHints":{"allow":["GET"]}}],"collection":[{"href":"https:\/\/oso.edu.pl\/ua\/wp-json\/wp\/v2\/pages"}],"about":[{"href":"https:\/\/oso.edu.pl\/ua\/wp-json\/wp\/v2\/types\/page"}],"author":[{"embeddable":true,"href":"https:\/\/oso.edu.pl\/ua\/wp-json\/wp\/v2\/users\/3"}],"replies":[{"embeddable":true,"href":"https:\/\/oso.edu.pl\/ua\/wp-json\/wp\/v2\/comments?post=1261"}],"version-history":[{"count":2,"href":"https:\/\/oso.edu.pl\/ua\/wp-json\/wp\/v2\/pages\/1261\/revisions"}],"predecessor-version":[{"id":1867,"href":"https:\/\/oso.edu.pl\/ua\/wp-json\/wp\/v2\/pages\/1261\/revisions\/1867"}],"up":[{"embeddable":true,"href":"https:\/\/oso.edu.pl\/ua\/wp-json\/wp\/v2\/pages\/1253"}],"wp:attachment":[{"href":"https:\/\/oso.edu.pl\/ua\/wp-json\/wp\/v2\/media?parent=1261"}],"curies":[{"name":"wp","href":"https:\/\/api.w.org\/{rel}","templated":true}]}}