{"id":1267,"date":"2014-11-19T18:22:30","date_gmt":"2014-11-19T18:22:30","guid":{"rendered":"http:\/\/oso.edu.pl\/?page_id=1267"},"modified":"2021-07-04T23:52:12","modified_gmt":"2021-07-04T23:52:12","slug":"osh-%d0%b4%d0%be%d0%b7%d0%b2%d0%be%d0%bb%d0%b8","status":"publish","type":"page","link":"https:\/\/oso.edu.pl\/ua\/baza-wiedzy\/uprawnienia-bhp\/","title":{"rendered":"\u041f\u043e\u0432\u043d\u043e\u0432\u0430\u0436\u0435\u043d\u043d\u044f \u0449\u043e\u0434\u043e \u043e\u0445\u043e\u0440\u043e\u043d\u0438 \u043f\u0440\u0430\u0446\u0456"},"content":{"rendered":"<div style=\"float: left; padding-right: 10px;\"><div id=\"metaslider-id-1341\" style=\"max-width: 300px;\" class=\"ml-slider-3-109-0 metaslider metaslider-flex metaslider-1341 ml-slider ms-theme-default nav-hidden\" role=\"region\" aria-label=\"\u043a\u0432\u0430\u043b\u0456\u0444\u0456\u043a\u0430\u0446\u0456\u044e \u0437 \u043e\u0445\u043e\u0440\u043e\u043d\u0438 \u043f\u0440\u0430\u0446\u0456 \u0442\u0430 \u0442\u0435\u0445\u043d\u0456\u043a\u0438 \u0431\u0435\u0437\u043f\u0435\u043a\u0438\" data-height=\"225\" data-width=\"300\">\n    <div id=\"metaslider_container_1341\">\n        <div id=\"metaslider_1341\">\n            <ul class='slides'>\n                <li style=\"display: block; width: 100%;\" class=\"slide-1396 ms-image\" aria-roledescription=\"slide\" data-date=\"2014-11-20 06:38:10\" data-filename=\"bhp55.jpg\" data-slide-type=\"image\"><img decoding=\"async\" src=\"https:\/\/oso.edu.pl\/wp-content\/uploads\/2014\/11\/bhp55.jpg\" height=\"225\" width=\"300\" alt=\"\" class=\"slider-1341 slide-1396 msDefaultImage\" \/><\/li>\n            <\/ul>\n        <\/div>\n        \n    <\/div>\n<\/div><\/div>\n<div class=\"wyjustuj\">\n<p>\u0420\u043e\u0431\u043e\u0442\u0438 \u0432 \u0433\u0430\u043b\u0443\u0437\u0456 \u043e\u0445\u043e\u0440\u043e\u043d\u0438 \u043f\u0440\u0430\u0446\u0456 \u0432\u0438\u043a\u043e\u043d\u0443\u044e\u0442\u044c \u043e\u0441\u043e\u0431\u0438, \u044f\u043a\u0456 \u043c\u0430\u044e\u0442\u044c \u0434\u043b\u044f \u0446\u044c\u043e\u0433\u043e \u0432\u0456\u0434\u043f\u043e\u0432\u0456\u0434\u043d\u0443 \u043f\u0456\u0434\u0433\u043e\u0442\u043e\u0432\u043a\u0443 \u0442\u0430 \u0434\u043e\u043f\u0443\u0441\u043a. \u041b\u044e\u0434\u0438, \u044f\u043a\u0456 \u043f\u0440\u0430\u0446\u044e\u044e\u0442\u044c \u0437\u0430 \u043f\u0440\u043e\u0444\u0435\u0441\u0456\u0454\u044e \u0456\u043d\u0441\u043f\u0435\u043a\u0442\u043e\u0440\u0430 \u0430\u0431\u043e <a href=\"https:\/\/oso.edu.pl\/ua\/baza-wiedzy\/specjalista-bhp\/\">\u0441\u043f\u0435\u0446\u0456\u0430\u043b\u0456\u0441\u0442 \u0437 \u043e\u0445\u043e\u0440\u043e\u043d\u0438 \u043f\u0440\u0430\u0446\u0456<\/a> \u0434\u043b\u044f \u0446\u044c\u043e\u0433\u043e \u0432\u043e\u043d\u0438 \u043f\u043e\u0432\u0438\u043d\u043d\u0456 \u043f\u0440\u043e\u0439\u0442\u0438 \u043d\u0430\u0432\u0447\u0430\u043d\u043d\u044f, \u043d\u0430\u0432\u0447\u0430\u043d\u043d\u044f \u0447\u0438 \u043a\u0443\u0440\u0441, \u0430 \u0442\u0430\u043a\u043e\u0436 \u043d\u0430\u0431\u0443\u0442\u0438 \u0434\u043e\u0441\u0432\u0456\u0434\u0443 \u0440\u043e\u0431\u043e\u0442\u0438. \u041d\u0430\u0440\u0430\u0437\u0456 \u043e\u0441\u0432\u0456\u0442\u0443 \u043c\u043e\u0436\u043d\u0430 \u043e\u0442\u0440\u0438\u043c\u0430\u0442\u0438 \u0432 \u0431\u0430\u0433\u0430\u0442\u044c\u043e\u0445 \u0437\u0430\u043a\u043b\u0430\u0434\u0430\u0445, \u0442\u043e\u043c\u0443 \u0432\u0438\u0431\u0456\u0440 \u043a\u043e\u043c\u043f\u0430\u043d\u0456\u0439 \u0443 \u0441\u0444\u0435\u0440\u0456 \u043e\u0445\u043e\u0440\u043e\u043d\u0438 \u043f\u0440\u0430\u0446\u0456 \u0442\u0430\u043a\u043e\u0436 \u0434\u043e\u0441\u0438\u0442\u044c \u0432\u0435\u043b\u0438\u043a\u0438\u0439.<\/p>\n<p><strong>\u041d\u0435\u043e\u0431\u0445\u0456\u0434\u043d\u0456 \u0432\u0438\u043c\u043e\u0433\u0438 \u0434\u043e \u0440\u043e\u0431\u043e\u0442\u0438 \u043d\u0430 \u043f\u043e\u0441\u0430\u0434\u0430\u0445, \u043f\u043e\u0432&#039;\u044f\u0437\u0430\u043d\u0438\u0445 \u0437 \u043e\u0445\u043e\u0440\u043e\u043d\u043e\u044e \u043f\u0440\u0430\u0446\u0456:<\/strong><\/p>\n<ul>\n<li>\u0456\u043d\u0441\u043f\u0435\u043a\u0442\u043e\u0440 - \u043f\u0440\u043e\u0444\u0435\u0441\u0456\u044f \u0442\u0435\u0445\u043d\u0456\u043a \u0437 \u043e\u0445\u043e\u0440\u043e\u043d\u0438 \u043f\u0440\u0430\u0446\u0456<\/li>\n<li>\u0441\u0442\u0430\u0440\u0448\u0438\u0439 \u0456\u043d\u0441\u043f\u0435\u043a\u0442\u043e\u0440 - \u043f\u0440\u043e\u0444\u0435\u0441\u0456\u044f \u0442\u0435\u0445\u043d\u0456\u043a\u0430 \u0442\u0430 \u0441\u0442\u0430\u0436 \u0440\u043e\u0431\u043e\u0442\u0438 \u043d\u0435 \u043c\u0435\u043d\u0448\u0435 3 \u0440\u043e\u043a\u0456\u0432, \u0432\u0438\u0449\u0430 \u043e\u0441\u0432\u0456\u0442\u0430 \u0430\u0431\u043e \u0430\u0441\u043f\u0456\u0440\u0430\u043d\u0442\u0443\u0440\u0443<\/li>\n<li>\u0441\u043f\u0435\u0446\u0456\u0430\u043b\u0456\u0441\u0442 - \u0432\u0438\u0449\u0430 \u043e\u0441\u0432\u0456\u0442\u0430 \u0437\u0430 \u0444\u0430\u0445\u043e\u043c \u0430\u0431\u043e \u0430\u0441\u043f\u0456\u0440\u0430\u043d\u0442\u0443\u0440\u0443, \u0441\u0442\u0430\u0436\u0443\u0432\u0430\u043d\u043d\u044f \u0432 \u0441\u043b\u0443\u0436\u0431\u0456 \u043e\u0445\u043e\u0440\u043e\u043d\u0438 \u043f\u0440\u0430\u0446\u0456 \u043d\u0435 \u043c\u0435\u043d\u0448\u0435 1 \u0440\u043e\u043a\u0443<\/li>\n<li>\u0441\u0442\u0430\u0440\u0448\u0438\u0439 \u0441\u043f\u0435\u0446\u0456\u0430\u043b\u0456\u0441\u0442 - \u043d\u0435 \u043c\u0435\u043d\u0448\u0435 \u0432\u0438\u0449\u0430 \u043e\u0441\u0432\u0456\u0442\u0430 \u0437\u0430 \u0444\u0430\u0445\u043e\u043c \u0430\u0431\u043e \u0430\u0441\u043f\u0456\u0440\u0430\u043d\u0442\u0443\u0440\u0443, \u0441\u0442\u0430\u0436 \u0440\u043e\u0431\u043e\u0442\u0438 \u0437\u0430 \u043f\u0440\u043e\u0444\u0435\u0441\u0456\u0454\u044e \u043d\u0435 \u043c\u0435\u043d\u0448\u0435 3 \u0440\u043e\u043a\u0456\u0432<\/li>\n<li>\u0433\u043e\u043b\u043e\u0432\u043d\u0438\u0439 \u0441\u043f\u0435\u0446\u0456\u0430\u043b\u0456\u0441\u0442 - \u0432\u0438\u0449\u0430 \u043e\u0441\u0432\u0456\u0442\u0430 \u0437\u0430 \u0434\u0430\u043d\u0438\u043c \u043d\u0430\u043f\u0440\u044f\u043c\u043e\u043c \u043d\u0430\u0432\u0447\u0430\u043d\u043d\u044f \u0430\u0431\u043e \u0441\u043f\u0435\u0446\u0456\u0430\u043b\u0456\u0437\u0430\u0446\u0456\u0457, \u043d\u0430\u0432\u0447\u0430\u043d\u043d\u044f \u0432 \u0430\u0441\u043f\u0456\u0440\u0430\u043d\u0442\u0443\u0440\u0456 \u0442\u0430 \u0441\u0442\u0430\u0436\u0443\u0432\u0430\u043d\u043d\u044f \u0437\u0430 \u0444\u0430\u0445\u043e\u043c \u043d\u0435 \u043c\u0435\u043d\u0448\u0435 5 \u0440\u043e\u043a\u0456\u0432<\/li>\n<\/ul>\n<p>\u041d\u0430 \u0434\u0430\u043d\u0438\u0439 \u043c\u043e\u043c\u0435\u043d\u0442 \u043d\u0430 \u043f\u0456\u0434\u043f\u0440\u0438\u0454\u043c\u0441\u0442\u0432\u0456 \u043d\u0435\u043c\u0430\u0454 \u043d\u0435\u043e\u0431\u0445\u0456\u0434\u043d\u043e\u0441\u0442\u0456 \u043d\u0430\u0439\u043c\u0430\u0442\u0438 \u043b\u044e\u0434\u0435\u0439, \u0432\u0456\u0434\u043f\u043e\u0432\u0456\u0434\u0430\u043b\u044c\u043d\u0438\u0445 \u0437\u0430 \u043e\u0445\u043e\u0440\u043e\u043d\u0443 \u043f\u0440\u0430\u0446\u0456. \u0414\u043b\u044f \u0446\u044c\u043e\u0433\u043e \u043c\u043e\u0436\u0443\u0442\u044c \u0432\u0438\u043a\u043e\u0440\u0438\u0441\u0442\u043e\u0432\u0443\u0432\u0430\u0442\u0438\u0441\u044f \u0437\u043e\u0432\u043d\u0456\u0448\u043d\u0456 \u0430\u0443\u0442\u0441\u043e\u0440\u0441\u0438\u043d\u0433\u043e\u0432\u0456 \u043f\u043e\u0441\u043b\u0443\u0433\u0438, \u0449\u043e \u043d\u0430\u0434\u0430\u044e\u0442\u044c\u0441\u044f \u043a\u043e\u043c\u043f\u0435\u0442\u0435\u043d\u0442\u043d\u0438\u043c\u0438 \u043a\u043e\u043c\u043f\u0430\u043d\u0456\u044f\u043c\u0438.<\/p>\n<p>\u041f\u0440\u0438 \u0432\u0438\u0431\u043e\u0440\u0456 \u043a\u043e\u043c\u043f\u0430\u043d\u0456\u0457 \u0442\u0430\u043a\u043e\u0433\u043e \u0442\u0438\u043f\u0443, \u044f\u043a\u0430 \u043c\u0430\u0454 \u043d\u0430\u0434\u0430\u0432\u0430\u0442\u0438 \u043f\u043e\u0441\u043b\u0443\u0433\u0438 \u0437 \u043e\u0445\u043e\u0440\u043e\u043d\u0438 \u043f\u0440\u0430\u0446\u0456, \u0432\u0430\u0440\u0442\u043e \u0437\u0432\u0435\u0440\u043d\u0443\u0442\u0438 \u0443\u0432\u0430\u0433\u0443 \u043d\u0430 \u0442\u0435, \u0447\u0438 \u043c\u0430\u044e\u0442\u044c \u0457\u0457 \u0441\u043f\u0456\u0432\u0440\u043e\u0431\u0456\u0442\u043d\u0438\u043a\u0438 \u0432\u0456\u0434\u043f\u043e\u0432\u0456\u0434\u043d\u0456 \u0434\u043e\u0437\u0432\u043e\u043b\u0438. \u041f\u0440\u0438 \u0439\u043e\u0433\u043e \u0432\u0438\u0431\u043e\u0440\u0456 \u0442\u0430\u043a\u043e\u0436 \u0432\u0430\u0440\u0442\u043e \u0437\u0432\u0435\u0440\u043d\u0443\u0442\u0438 \u0443\u0432\u0430\u0433\u0443 \u043d\u0430 \u0434\u043e\u0441\u0432\u0456\u0434 \u0456 \u0440\u0435\u043a\u043e\u043c\u0435\u043d\u0434\u0430\u0446\u0456\u0457.<\/p>\n<\/div>","protected":false},"excerpt":{"rendered":"<p>Prace w zakresie bezpiecze\u0144stwa i higieny pracy realizuj\u0105 osoby posiadaj\u0105ce do tego celu odpowiednie przeszkolenie oraz uprawnienia. Osoby, kt\u00f3re pracuj\u0105 w zawodzie inspektora lub specjalisty BHP musz\u0105 odby\u0107 w tym celu studia, studium lub kurs, a tak\u017ce uzyska\u0107 do\u015bwiadczenie w pracy na stanowisku. Aktualnie wykszta\u0142cenie zdoby\u0107 mo\u017cna w wielu plac\u00f3wkach, dlatego wyb\u00f3r firm w dziedzinie [&hellip;]<\/p>\n","protected":false},"author":3,"featured_media":0,"parent":1253,"menu_order":0,"comment_status":"closed","ping_status":"closed","template":"","meta":{"footnotes":""},"class_list":["post-1267","page","type-page","status-publish","hentry"],"aioseo_notices":[],"_links":{"self":[{"href":"https:\/\/oso.edu.pl\/ua\/wp-json\/wp\/v2\/pages\/1267","targetHints":{"allow":["GET"]}}],"collection":[{"href":"https:\/\/oso.edu.pl\/ua\/wp-json\/wp\/v2\/pages"}],"about":[{"href":"https:\/\/oso.edu.pl\/ua\/wp-json\/wp\/v2\/types\/page"}],"author":[{"embeddable":true,"href":"https:\/\/oso.edu.pl\/ua\/wp-json\/wp\/v2\/users\/3"}],"replies":[{"embeddable":true,"href":"https:\/\/oso.edu.pl\/ua\/wp-json\/wp\/v2\/comments?post=1267"}],"version-history":[{"count":2,"href":"https:\/\/oso.edu.pl\/ua\/wp-json\/wp\/v2\/pages\/1267\/revisions"}],"predecessor-version":[{"id":1880,"href":"https:\/\/oso.edu.pl\/ua\/wp-json\/wp\/v2\/pages\/1267\/revisions\/1880"}],"up":[{"embeddable":true,"href":"https:\/\/oso.edu.pl\/ua\/wp-json\/wp\/v2\/pages\/1253"}],"wp:attachment":[{"href":"https:\/\/oso.edu.pl\/ua\/wp-json\/wp\/v2\/media?parent=1267"}],"curies":[{"name":"wp","href":"https:\/\/api.w.org\/{rel}","templated":true}]}}