{"id":2849,"date":"2023-03-21T17:45:26","date_gmt":"2023-03-21T16:45:26","guid":{"rendered":"https:\/\/oso.edu.pl\/?page_id=2849"},"modified":"2023-03-22T15:24:28","modified_gmt":"2023-03-22T14:24:28","slug":"sales-machinery-udt","status":"publish","type":"page","link":"https:\/\/oso.edu.pl\/ua\/uslugi\/sprzedaz-maszyn-udt\/","title":{"rendered":"\u041f\u0440\u043e\u0434\u0430\u0436 \u043c\u0430\u0448\u0438\u043d UDT"},"content":{"rendered":"\n<h2 class=\"wp-block-heading\">Prowadzimy kompleksow\u0105 sprzeda\u017c urz\u0105dze\u0144 UDT&nbsp;<\/h2>\n\n\n<div class=\"wp-block-image\">\n<figure class=\"alignright size-large is-resized\"><a href=\"https:\/\/oso.edu.pl\/wp-content\/uploads\/2023\/03\/s2-2023-03-08T170454.317.jpg\"><img decoding=\"async\" src=\"https:\/\/oso.edu.pl\/wp-content\/uploads\/2023\/03\/s2-2023-03-08T170454.317-1024x681.jpg\" alt=\"podesty ruchome u\u017cywane\" class=\"wp-image-2852\" width=\"512\" height=\"341\" srcset=\"https:\/\/oso.edu.pl\/wp-content\/uploads\/2023\/03\/s2-2023-03-08T170454.317-1024x681.jpg 1024w, https:\/\/oso.edu.pl\/wp-content\/uploads\/2023\/03\/s2-2023-03-08T170454.317-300x200.jpg 300w, https:\/\/oso.edu.pl\/wp-content\/uploads\/2023\/03\/s2-2023-03-08T170454.317-768x511.jpg 768w, https:\/\/oso.edu.pl\/wp-content\/uploads\/2023\/03\/s2-2023-03-08T170454.317-1536x1021.jpg 1536w, https:\/\/oso.edu.pl\/wp-content\/uploads\/2023\/03\/s2-2023-03-08T170454.317-18x12.jpg 18w, https:\/\/oso.edu.pl\/wp-content\/uploads\/2023\/03\/s2-2023-03-08T170454.317.jpg 1600w\" sizes=\"(max-width: 512px) 100vw, 512px\" \/><\/a><\/figure>\n<\/div>\n\n\n<p>Charakteryzujemy si\u0119 dobr\u0105 cen\u0105 oraz ukierunkowaniem na potrzeby klienta. Dzi\u0119ki temu, nasi klienci wiedz\u0105, \u017ce mog\u0105 liczy\u0107 na nasz\u0105 pomoc ka\u017cdej sytuacji. Dlatego ch\u0119tnie wracaj\u0105 do nas po latach oraz korzystaj\u0105 z dodatkowych us\u0142ug takich jak szkolenia czy serwis.&nbsp;<\/p>\n\n\n\n<h2 class=\"wp-block-heading\">Oferowane przez nas maszyny UDT&nbsp;<\/h2>\n\n\n\n<p><strong>Oferujemy sprzeda\u017c nowych oraz u\u017cywanych:&nbsp;<\/strong><\/p>\n\n\n\n<ul class=\"wp-block-list\">\n<li>suwnic,&nbsp;<\/li>\n\n\n\n<li>w\u00f3zk\u00f3w wid\u0142owych,&nbsp;<\/li>\n\n\n\n<li>podno\u015bnik\u00f3w koszowych,&nbsp;<\/li>\n\n\n\n<li>\u0142adowarek teleskopowych,&nbsp;<\/li>\n\n\n\n<li>podno\u015bnik\u00f3w no\u017cycowych,&nbsp;<\/li>\n\n\n\n<li>\u017curawi HDS.&nbsp;<\/li>\n<\/ul>\n\n\n\n<h2 class=\"wp-block-heading\">Maszyny u\u017cywane&nbsp;<\/h2>\n\n\n\n<p>Wszystkie u\u017cywane urz\u0105dzenia sprzedawane przez nas, posiadaj\u0105 aktualne badania oraz przegl\u0105dy. Wszelkich napraw, kt\u00f3rych wymaga\u0142y urz\u0105dzenia dokonujemy jeszcze przed wystawieniem ich na sprzeda\u017c. Dok\u0142adamy wszelkich stara\u0144, aby cz\u0119\u015bci, kt\u00f3re wymieniamy by\u0142y oryginalne. Maszyny, kt\u00f3re by\u0142y ju\u017c eksploatowane maj\u0105 ni\u017csz\u0105 cen\u0119 od fabrycznie nowych modeli. Sprawia to, \u017ce s\u0105 one bardziej osi\u0105galne r\u00f3wnie\u017c dla przedsi\u0119biorstw z ograniczonym bud\u017cetem.&nbsp;<\/p>\n\n\n\n<h2 class=\"wp-block-heading\">Najlepsi producenci&nbsp;<\/h2>\n\n\n\n<ul class=\"wp-block-list\">\n<li><strong>dla \u017curawi HDS<\/strong>: Palfinger, Atlas, Hiab, HMF, Fassi, Befard, HYVA, PM,&nbsp;<\/li>\n\n\n\n<li><strong>dla w\u00f3zk\u00f3w wid\u0142owych<\/strong>: Linde, Still, Hyster, Nissan, Manitou, Jungheinrich, Bu\u0142gar, Toyota,&nbsp;<\/li>\n\n\n\n<li><strong>dla \u0142adowarek teleskopowych<\/strong>: Bobacat, Kramer, Clas, Massey ferguson, New Holland, Faresin, JCB, Manitou, Merlo, Caterpilla,&nbsp;<\/li>\n\n\n\n<li><strong>dla suwnic<\/strong>: Zbud, Rialex Crane Systems, DHC Systems, Przedsi\u0119biostwo ZAK, ABUS, Schimalz, Konecranes,&nbsp;<\/li>\n\n\n\n<li><strong>dla podest\u00f3w ruchomych<\/strong>: Tecchio, Haulotte, GSR, Multitel Pagliero, France Elevateur, Ruthmann, Wumag, Bocker, Bronto, BST, Cella, Oil &amp; Steel, Colombo, RAM, Skyjack, Omme, Bizzocchi.&nbsp;<\/li>\n<\/ul>\n\n\n<div class=\"wp-block-image\">\n<figure class=\"alignleft size-large is-resized\"><a href=\"https:\/\/oso.edu.pl\/wp-content\/uploads\/2023\/03\/maxresdefault-1.jpg\"><img decoding=\"async\" src=\"https:\/\/oso.edu.pl\/wp-content\/uploads\/2023\/03\/maxresdefault-1-edited.jpg\" alt=\"\u0142adowarka teleskopowa podczas za\u0142adunku\" class=\"wp-image-2854\" width=\"480\" height=\"360\" srcset=\"https:\/\/oso.edu.pl\/wp-content\/uploads\/2023\/03\/maxresdefault-1-edited.jpg 960w, https:\/\/oso.edu.pl\/wp-content\/uploads\/2023\/03\/maxresdefault-1-edited-300x225.jpg 300w, https:\/\/oso.edu.pl\/wp-content\/uploads\/2023\/03\/maxresdefault-1-edited-768x576.jpg 768w, https:\/\/oso.edu.pl\/wp-content\/uploads\/2023\/03\/maxresdefault-1-edited-16x12.jpg 16w, https:\/\/oso.edu.pl\/wp-content\/uploads\/2023\/03\/maxresdefault-1-edited-135x100.jpg 135w\" sizes=\"(max-width: 480px) 100vw, 480px\" \/><\/a><\/figure>\n<\/div>\n\n\n<h2 class=\"wp-block-heading\">Dostarczanie urz\u0105dze\u0144 UDT&nbsp;<\/h2>\n\n\n\n<p>Mo\u017cemy dostarczy\u0107 wybran\u0105 maszyn\u0119 pod dowolny adres na terenie ca\u0142ego kraju. Posiadamy w zasobach specjalistyczny sprz\u0119t transportowy. To rozwi\u0105zanie umo\u017cliwia przewiezienie urz\u0105dze\u0144 transportu bliskiego w bezpieczny i sprawny spos\u00f3b. &nbsp;<\/p>\n\n\n\n<h2 class=\"wp-block-heading\">O nas &nbsp;<\/h2>\n\n\n\n<p>Zapewniamy kompleksow\u0105 obs\u0142ug\u0119 przy zakupie urz\u0105dze\u0144 obj\u0119tych dozorem technicznym. Troszczymy si\u0119 o naszych klient\u00f3w na ka\u017cdym etapie zakupu. Grono naszych do\u015bwiadczonych specjalist\u00f3w z pewno\u015bci\u0105 znajdzie dla Ciebie odpowiednie urz\u0105dzenie, spe\u0142niaj\u0105ce Twoje kryteria.&nbsp;<\/p>\n\n\n\n<p>Na rynku jeste\u015bmy od ponad 15 lat i posiadamy tysi\u0105ce zadowolonych klient\u00f3w na terenie ca\u0142ej Polski. &nbsp;&nbsp;<\/p>\n\n\n\n<h2 class=\"wp-block-heading\">Inne oferowane przez nas us\u0142ugi&nbsp;<\/h2>\n\n\n\n<p>Oferujemy r\u00f3wnie\u017c serwis stacjonarny oraz mobilny, maszyn obj\u0119tych dozorem technicznym. Przeprowadzamy szkolenie dla operator\u00f3w i konserwator\u00f3w urz\u0105dze\u0144 transportu bliskiego jak i dalszego.&nbsp;<\/p>\n\n\n\n<h2 class=\"wp-block-heading\">Oferta naszego o\u015brodka szkoleniowego.&nbsp;<\/h2>\n\n\n\n<p>W naszej bogatej ofercie szkoleniowej posiadamy kursy na operator\u00f3w oraz konserwator\u00f3w:&nbsp;&nbsp;<\/p>\n\n\n\n<ul class=\"wp-block-list\">\n<li>\u017curawi pok\u0142adowych,&nbsp;&nbsp;<\/li>\n\n\n\n<li>podno\u015bnik\u00f3w no\u017cycowych,&nbsp;&nbsp;<\/li>\n\n\n\n<li>\u017curawi przewo\u017anych i przeno\u015bnych,&nbsp;&nbsp;<\/li>\n\n\n\n<li>\u0142adowarek teleskopowych,&nbsp;&nbsp;<\/li>\n\n\n\n<li>\u017curawi stacjonarnych,&nbsp;&nbsp;<\/li>\n\n\n\n<li>suwnic,&nbsp;&nbsp;<\/li>\n\n\n\n<li>\u017curawi wie\u017cowych i szybko montuj\u0105cych, &nbsp;<\/li>\n\n\n\n<li>\u017curawi szynowych,&nbsp;&nbsp;<\/li>\n\n\n\n<li>podno\u015bnik\u00f3w koszowych oraz kolejowych i na pojazdach kolejowych.&nbsp;&nbsp;<\/li>\n<\/ul>\n\n\n<div class=\"wp-block-image\">\n<figure class=\"alignright size-large is-resized\"><a href=\"https:\/\/oso.edu.pl\/wp-content\/uploads\/2023\/03\/s2-2023-03-08T170857.570.jpg\"><img decoding=\"async\" src=\"https:\/\/oso.edu.pl\/wp-content\/uploads\/2023\/03\/s2-2023-03-08T170857.570-1024x657.jpg\" alt=\"w\u00f3zki wid\u0142owe przed magazynem\" class=\"wp-image-2855\" width=\"512\" height=\"329\" srcset=\"https:\/\/oso.edu.pl\/wp-content\/uploads\/2023\/03\/s2-2023-03-08T170857.570-1024x657.jpg 1024w, https:\/\/oso.edu.pl\/wp-content\/uploads\/2023\/03\/s2-2023-03-08T170857.570-300x192.jpg 300w, https:\/\/oso.edu.pl\/wp-content\/uploads\/2023\/03\/s2-2023-03-08T170857.570-768x492.jpg 768w, https:\/\/oso.edu.pl\/wp-content\/uploads\/2023\/03\/s2-2023-03-08T170857.570-1536x985.jpg 1536w, https:\/\/oso.edu.pl\/wp-content\/uploads\/2023\/03\/s2-2023-03-08T170857.570-18x12.jpg 18w, https:\/\/oso.edu.pl\/wp-content\/uploads\/2023\/03\/s2-2023-03-08T170857.570.jpg 1600w\" sizes=\"(max-width: 512px) 100vw, 512px\" \/><\/a><\/figure>\n<\/div>\n\n\n<p><strong>Oferujemy r\u00f3wnie\u017c szkolenia:&nbsp;<\/strong><\/p>\n\n\n\n<ul class=\"wp-block-list\">\n<li>spawalnicze, &nbsp;<\/li>\n\n\n\n<li>zgrzewania,&nbsp;&nbsp;<\/li>\n\n\n\n<li>wysoko\u015bciowe,&nbsp;&nbsp;<\/li>\n\n\n\n<li>na uprawnienia elektryczne, energetyczne i gazowe,&nbsp;<\/li>\n\n\n\n<li>na montera po\u0142\u0105czeni ko\u0142nierzowych.&nbsp;<\/li>\n<\/ul>\n\n\n\n<p>Dobry kontakt z klientem, fachowa obs\u0142uga oraz doradztwo, to dla nas podstawy budowania dobrych relacji. Dzi\u0119ki nim klienci wiedz\u0105, i\u017c mog\u0105 liczy\u0107 na nasz\u0105 pomoc w zakresie zakupu oraz naprawy maszyn UDT, dlatego ch\u0119tnie wracaj\u0105 do nas po latach oraz korzystaj\u0105 z dodatkowych us\u0142ug takich jak serwis czy szkolenia na operator\u00f3w b\u0105d\u017a konserwator\u00f3w.&nbsp;<\/p>\n\n\n\n<p>Je\u017celi jeste\u015b zainteresowany nasz\u0105 ofert\u0105 b\u0105d\u017a masz jakiekolwiek pytania skontaktuj si\u0119 z nami.&nbsp;<\/p>\n\n\n\n<h2 class=\"wp-block-heading\">PYTANIA KURSANT\u00d3W<\/h2>\n\n\n\t\t<details\t\thelp class=\"sc_fs_faq sc_card    \"\n\t\topen\t\t>\n\t\t\t\t\t<summary>\n\t\t\t\t<h3>Czy oferujecie mo\u017cliwo\u015b\u0107 dostarczenia urz\u0105dze\u0144?<\/h3>\t\t\t\t\t<\/summary>\n\t\t\t\t<div>\n\t\t\t\t\t\t<div class=\"sc_fs_faq__content\">\n\t\t\t\t\n\n<p>Oferujemy mo\u017cliwo\u015b\u0107 dostarczenia urz\u0105dze\u0144 na terenie ca\u0142ego kraju.&nbsp;<\/p>\n\n\t\t\t<\/div>\n\t\t<\/div>\n\t\t<\/details>\n\t\t\t\t<details\t\thelp class=\"sc_fs_faq sc_card    \"\n\t\t\t\t>\n\t\t\t\t\t<summary>\n\t\t\t\t<h3>Jakie urz\u0105dzenia UDT posiadacie w ofercie? <\/h3>\t\t\t\t\t<\/summary>\n\t\t\t\t<div>\n\t\t\t\t\t\t<div class=\"sc_fs_faq__content\">\n\t\t\t\t\n\n<p>Sprzedajemy nowe oraz u\u017cywane: w\u00f3zki wid\u0142owe, suwnice, \u0142adowarki teleskopowe, podno\u015bniki no\u017cycowe, koszowe oraz \u017curawie HDS. &nbsp;<\/p>\n\n\t\t\t<\/div>\n\t\t<\/div>\n\t\t<\/details>\n\t\t\t\t<details\t\thelp class=\"sc_fs_faq sc_card    \"\n\t\t\t\t>\n\t\t\t\t\t<summary>\n\t\t\t\t<h3>Czy oferujecie sprawdzenie urz\u0105dzenia przed zakupem?<\/h3>\t\t\t\t\t<\/summary>\n\t\t\t\t<div>\n\t\t\t\t\t\t<div class=\"sc_fs_faq__content\">\n\t\t\t\t\n\n<p>Tak, nasi specjali\u015bci pomog\u0105 Ci w doborze urz\u0105dzenia a nawet przeprowadz\u0105 pe\u0142n\u0105 diagnostyk\u0119 czy serwis.<\/p>\n\n\t\t\t<\/div>\n\t\t<\/div>\n\t\t<\/details>\n\t\t\n<script type=\"application\/ld+json\">\n\t{\n\t\t\"@context\": \"https:\/\/schema.org\",\n\t\t\"@type\": \"FAQPage\",\n\t\t\"mainEntity\": [\n\t\t\t\t\t{\n\t\t\t\t\"@type\": \"Question\",\n\t\t\t\t\"name\": \"Czy oferujecie mo\u017cliwo\u015b\u0107 dostarczenia urz\u0105dze\u0144?\",\n\t\t\t\t\"acceptedAnswer\": {\n\t\t\t\t\t\"@type\": \"Answer\",\n\t\t\t\t\t\"text\": \"<p>Oferujemy mo\u017cliwo\u015b\u0107 dostarczenia urz\u0105dze\u0144 na terenie ca\u0142ego kraju.&nbsp;<\/p>\"\n\t\t\t\t\t\t\t\t\t}\n\t\t\t}\n\t\t\t,\t\t\t\t{\n\t\t\t\t\"@type\": \"Question\",\n\t\t\t\t\"name\": \"Jakie urz\u0105dzenia UDT posiadacie w ofercie? \",\n\t\t\t\t\"acceptedAnswer\": {\n\t\t\t\t\t\"@type\": \"Answer\",\n\t\t\t\t\t\"text\": \"<p>Sprzedajemy nowe oraz u\u017cywane: w\u00f3zki wid\u0142owe, suwnice, \u0142adowarki teleskopowe, podno\u015bniki no\u017cycowe, koszowe oraz \u017curawie HDS. &nbsp;<\/p>\"\n\t\t\t\t\t\t\t\t\t}\n\t\t\t}\n\t\t\t,\t\t\t\t{\n\t\t\t\t\"@type\": \"Question\",\n\t\t\t\t\"name\": \"Czy oferujecie sprawdzenie urz\u0105dzenia przed zakupem?\",\n\t\t\t\t\"acceptedAnswer\": {\n\t\t\t\t\t\"@type\": \"Answer\",\n\t\t\t\t\t\"text\": \"<p>Tak, nasi specjali\u015bci pomog\u0105 Ci w doborze urz\u0105dzenia a nawet przeprowadz\u0105 pe\u0142n\u0105 diagnostyk\u0119 czy serwis.<\/p>\"\n\t\t\t\t\t\t\t\t\t}\n\t\t\t}\n\t\t\t\t\t\t]\n\t}\n<\/script>\n","protected":false},"excerpt":{"rendered":"<p>Prowadzimy kompleksow\u0105 sprzeda\u017c urz\u0105dze\u0144 UDT&nbsp; Charakteryzujemy si\u0119 dobr\u0105 cen\u0105 oraz ukierunkowaniem na potrzeby klienta. Dzi\u0119ki temu, nasi klienci wiedz\u0105, \u017ce mog\u0105 liczy\u0107 na nasz\u0105 pomoc ka\u017cdej sytuacji. Dlatego ch\u0119tnie wracaj\u0105 do nas po latach oraz korzystaj\u0105 z dodatkowych us\u0142ug takich jak szkolenia czy serwis.&nbsp; Oferowane przez nas maszyny UDT&nbsp; Oferujemy sprzeda\u017c nowych oraz u\u017cywanych:&nbsp; Maszyny [&hellip;]<\/p>\n","protected":false},"author":3,"featured_media":2852,"parent":2995,"menu_order":0,"comment_status":"closed","ping_status":"closed","template":"","meta":{"footnotes":""},"class_list":["post-2849","page","type-page","status-publish","has-post-thumbnail","hentry"],"aioseo_notices":[],"_links":{"self":[{"href":"https:\/\/oso.edu.pl\/ua\/wp-json\/wp\/v2\/pages\/2849","targetHints":{"allow":["GET"]}}],"collection":[{"href":"https:\/\/oso.edu.pl\/ua\/wp-json\/wp\/v2\/pages"}],"about":[{"href":"https:\/\/oso.edu.pl\/ua\/wp-json\/wp\/v2\/types\/page"}],"author":[{"embeddable":true,"href":"https:\/\/oso.edu.pl\/ua\/wp-json\/wp\/v2\/users\/3"}],"replies":[{"embeddable":true,"href":"https:\/\/oso.edu.pl\/ua\/wp-json\/wp\/v2\/comments?post=2849"}],"version-history":[{"count":5,"href":"https:\/\/oso.edu.pl\/ua\/wp-json\/wp\/v2\/pages\/2849\/revisions"}],"predecessor-version":[{"id":2992,"href":"https:\/\/oso.edu.pl\/ua\/wp-json\/wp\/v2\/pages\/2849\/revisions\/2992"}],"up":[{"embeddable":true,"href":"https:\/\/oso.edu.pl\/ua\/wp-json\/wp\/v2\/pages\/2995"}],"wp:featuredmedia":[{"embeddable":true,"href":"https:\/\/oso.edu.pl\/ua\/wp-json\/wp\/v2\/media\/2852"}],"wp:attachment":[{"href":"https:\/\/oso.edu.pl\/ua\/wp-json\/wp\/v2\/media?parent=2849"}],"curies":[{"name":"wp","href":"https:\/\/api.w.org\/{rel}","templated":true}]}}